{"id":26986,"date":"2025-08-08T12:46:32","date_gmt":"2025-08-08T10:46:32","guid":{"rendered":"https:\/\/huskybearpoppers.eu\/product\/play-hard-popprs-25-ml\/"},"modified":"2025-08-08T12:46:32","modified_gmt":"2025-08-08T10:46:32","slug":"play-hard-popprs-25-ml","status":"publish","type":"product","link":"https:\/\/huskybearpoppers.eu\/fr\/produit\/play-hard-popprs-25-ml\/","title":{"rendered":"Play Hard Popprs 25 ml"},"content":{"rendered":"","protected":false},"excerpt":{"rendered":"<p>25ml pour les joueurs qui n&rsquo;abandonnent jamais. Ce nettoyant pour cuir pour sextoys, c&rsquo;est pour ceux qui y vont \u00e0 fond. Apr\u00e8s avoir nettoy\u00e9 tes jouets, pr\u00e9pare-toi \u00e0 des sessions o\u00f9 les limites sont test\u00e9es, les fronti\u00e8res repouss\u00e9es, et jouer dur devient ton truc.  <\/p>\n","protected":false},"featured_media":16746,"comment_status":"open","ping_status":"closed","template":"","meta":[],"product_brand":[],"product_cat":[1393,1426,10099,1491,10016,10101,1241,10043,9904],"product_tag":[5961,3228,5981,5890,10284,5184,5891,5182,4775,5892],"class_list":{"0":"post-26986","1":"product","2":"type-product","3":"status-publish","4":"has-post-thumbnail","6":"product_cat-5-5-exceptionnellement-fort-poppers","7":"product_cat-amyle-nitrite-poppers","8":"product_cat-edge-and-hypno-poppers","9":"product_cat-grands-poppers","10":"product_cat-leather-pride-poppers","11":"product_cat-poppers-fete-club","12":"product_cat-poppers-funline-fr","13":"product_cat-poppers-profonds-et-puissants","14":"product_cat-qjyt-29pr-9003-8akx","15":"product_tag-5-sur-5-de-puissance","16":"product_tag-amyle-poppers","17":"product_tag-arome-dambiance","18":"product_tag-flacon-de-25-ml","19":"product_tag-marque-play-hard","20":"product_tag-nettoyant-cuir","21":"product_tag-poppers-flacon-moyen","22":"product_tag-poppers-francais","23":"product_tag-poppers-funline-fr","24":"product_tag-sessions-prolongees","26":"first","27":"instock","28":"taxable","29":"shipping-taxable","30":"purchasable","31":"product-type-simple"},"_links":{"self":[{"href":"https:\/\/huskybearpoppers.eu\/fr\/wp-json\/wp\/v2\/product\/26986","targetHints":{"allow":["GET"]}}],"collection":[{"href":"https:\/\/huskybearpoppers.eu\/fr\/wp-json\/wp\/v2\/product"}],"about":[{"href":"https:\/\/huskybearpoppers.eu\/fr\/wp-json\/wp\/v2\/types\/product"}],"replies":[{"embeddable":true,"href":"https:\/\/huskybearpoppers.eu\/fr\/wp-json\/wp\/v2\/comments?post=26986"}],"version-history":[{"count":0,"href":"https:\/\/huskybearpoppers.eu\/fr\/wp-json\/wp\/v2\/product\/26986\/revisions"}],"wp:featuredmedia":[{"embeddable":true,"href":"https:\/\/huskybearpoppers.eu\/fr\/wp-json\/wp\/v2\/media\/16746"}],"wp:attachment":[{"href":"https:\/\/huskybearpoppers.eu\/fr\/wp-json\/wp\/v2\/media?parent=26986"}],"wp:term":[{"taxonomy":"product_brand","embeddable":true,"href":"https:\/\/huskybearpoppers.eu\/fr\/wp-json\/wp\/v2\/product_brand?post=26986"},{"taxonomy":"product_cat","embeddable":true,"href":"https:\/\/huskybearpoppers.eu\/fr\/wp-json\/wp\/v2\/product_cat?post=26986"},{"taxonomy":"product_tag","embeddable":true,"href":"https:\/\/huskybearpoppers.eu\/fr\/wp-json\/wp\/v2\/product_tag?post=26986"}],"curies":[{"name":"wp","href":"https:\/\/api.w.org\/{rel}","templated":true}]}}