{"id":26976,"date":"2025-08-08T12:46:32","date_gmt":"2025-08-08T10:46:32","guid":{"rendered":"https:\/\/huskybearpoppers.eu\/product\/poppers-play-hard-10-ml\/"},"modified":"2025-08-08T12:46:32","modified_gmt":"2025-08-08T10:46:32","slug":"poppers-play-hard-10-ml","status":"publish","type":"product","link":"https:\/\/huskybearpoppers.eu\/fr\/produit\/poppers-play-hard-10-ml\/","title":{"rendered":"Poppers Play Hard 10 ml"},"content":{"rendered":"","protected":false},"excerpt":{"rendered":"<p>Joue \u00e0 fond ou ne joue pas du tout &#8211; 10ml d&rsquo;intensit\u00e9 pure. Ce nettoyant cuir pour sex toys est \u00e0 ton niveau. Du nitrite d&rsquo;amyle ultra-puissant, ce qui veut dire que ton matos nettoy\u00e9 t&rsquo;aide \u00e0 y aller \u00e0 fond &#8211; coups plus violents, jeu plus brutal, sessions sans piti\u00e9 qui te laissent sans souffle.  <\/p>\n","protected":false},"featured_media":16547,"comment_status":"open","ping_status":"closed","template":"","meta":[],"product_brand":[],"product_cat":[1393,1426,10099,10016,1502,10101,1241,10043,9904],"product_tag":[5961,5964,3228,5981,5962,10284,5184,5963,5182,4775],"class_list":{"0":"post-26976","1":"product","2":"type-product","3":"status-publish","4":"has-post-thumbnail","6":"product_cat-5-5-exceptionnellement-fort-poppers","7":"product_cat-amyle-nitrite-poppers","8":"product_cat-edge-and-hypno-poppers","9":"product_cat-leather-pride-poppers","10":"product_cat-petits-poppers","11":"product_cat-poppers-fete-club","12":"product_cat-poppers-funline-fr","13":"product_cat-poppers-profonds-et-puissants","14":"product_cat-qjyt-29pr-9003-8akx","15":"product_tag-5-sur-5-de-puissance","16":"product_tag-adapte-aux-voyages","17":"product_tag-amyle-poppers","18":"product_tag-arome-dambiance","19":"product_tag-bouteille-10-ml","20":"product_tag-marque-play-hard","21":"product_tag-nettoyant-cuir","22":"product_tag-poppers-format-poche","23":"product_tag-poppers-francais","24":"product_tag-poppers-funline-fr","26":"first","27":"instock","28":"taxable","29":"shipping-taxable","30":"purchasable","31":"product-type-simple"},"_links":{"self":[{"href":"https:\/\/huskybearpoppers.eu\/fr\/wp-json\/wp\/v2\/product\/26976","targetHints":{"allow":["GET"]}}],"collection":[{"href":"https:\/\/huskybearpoppers.eu\/fr\/wp-json\/wp\/v2\/product"}],"about":[{"href":"https:\/\/huskybearpoppers.eu\/fr\/wp-json\/wp\/v2\/types\/product"}],"replies":[{"embeddable":true,"href":"https:\/\/huskybearpoppers.eu\/fr\/wp-json\/wp\/v2\/comments?post=26976"}],"version-history":[{"count":0,"href":"https:\/\/huskybearpoppers.eu\/fr\/wp-json\/wp\/v2\/product\/26976\/revisions"}],"wp:featuredmedia":[{"embeddable":true,"href":"https:\/\/huskybearpoppers.eu\/fr\/wp-json\/wp\/v2\/media\/16547"}],"wp:attachment":[{"href":"https:\/\/huskybearpoppers.eu\/fr\/wp-json\/wp\/v2\/media?parent=26976"}],"wp:term":[{"taxonomy":"product_brand","embeddable":true,"href":"https:\/\/huskybearpoppers.eu\/fr\/wp-json\/wp\/v2\/product_brand?post=26976"},{"taxonomy":"product_cat","embeddable":true,"href":"https:\/\/huskybearpoppers.eu\/fr\/wp-json\/wp\/v2\/product_cat?post=26976"},{"taxonomy":"product_tag","embeddable":true,"href":"https:\/\/huskybearpoppers.eu\/fr\/wp-json\/wp\/v2\/product_tag?post=26976"}],"curies":[{"name":"wp","href":"https:\/\/api.w.org\/{rel}","templated":true}]}}