{"id":26968,"date":"2025-08-08T12:46:33","date_gmt":"2025-08-08T10:46:33","guid":{"rendered":"https:\/\/huskybearpoppers.eu\/product\/poppers-top-twink-10-ml\/"},"modified":"2025-08-08T12:46:33","modified_gmt":"2025-08-08T10:46:33","slug":"poppers-top-twink-10-ml","status":"publish","type":"product","link":"https:\/\/huskybearpoppers.eu\/fr\/produit\/poppers-top-twink-10-ml\/","title":{"rendered":"Poppers Top Twink 10 ml"},"content":{"rendered":"","protected":false},"excerpt":{"rendered":"<p>Les twinks actifs changent la donne avec 10ml de puissance au nitrite d&rsquo;amyle. Ce nettoyant pour cuir et sextoys aide les mecs minces \u00e0 dominer. La formule ultra-forte signifie que tes jouets nettoy\u00e9s t&rsquo;aident \u00e0 prendre le dessus comme un chef &#8211; coups profonds, contr\u00f4le total, et une endurance qui surprend tout le monde.  <\/p>\n","protected":false},"featured_media":16464,"comment_status":"open","ping_status":"closed","template":"","meta":[],"product_brand":[],"product_cat":[1393,1426,1502,1241,10090,10100,10080,10023,9904],"product_tag":[5961,5964,3228,5981,5962,5184,5963,5182,4775,9679],"class_list":{"0":"post-26968","1":"product","2":"type-product","3":"status-publish","4":"has-post-thumbnail","6":"product_cat-5-5-exceptionnellement-fort-poppers","7":"product_cat-amyle-nitrite-poppers","8":"product_cat-petits-poppers","9":"product_cat-poppers-funline-fr","10":"product_cat-poppers-soiree-en-couple","11":"product_cat-poppers-pour-debutants","12":"product_cat-poppers-rapides-et-directs","13":"product_cat-pup-play-poppers","14":"product_cat-qjyt-29pr-9003-8akx","15":"product_tag-5-sur-5-de-puissance","16":"product_tag-adapte-aux-voyages","17":"product_tag-amyle-poppers","18":"product_tag-arome-dambiance","19":"product_tag-bouteille-10-ml","20":"product_tag-nettoyant-cuir","21":"product_tag-poppers-format-poche","22":"product_tag-poppers-francais","23":"product_tag-poppers-funline-fr","24":"product_tag-top-twink-marque","26":"first","27":"instock","28":"taxable","29":"shipping-taxable","30":"purchasable","31":"product-type-simple"},"_links":{"self":[{"href":"https:\/\/huskybearpoppers.eu\/fr\/wp-json\/wp\/v2\/product\/26968","targetHints":{"allow":["GET"]}}],"collection":[{"href":"https:\/\/huskybearpoppers.eu\/fr\/wp-json\/wp\/v2\/product"}],"about":[{"href":"https:\/\/huskybearpoppers.eu\/fr\/wp-json\/wp\/v2\/types\/product"}],"replies":[{"embeddable":true,"href":"https:\/\/huskybearpoppers.eu\/fr\/wp-json\/wp\/v2\/comments?post=26968"}],"version-history":[{"count":0,"href":"https:\/\/huskybearpoppers.eu\/fr\/wp-json\/wp\/v2\/product\/26968\/revisions"}],"wp:featuredmedia":[{"embeddable":true,"href":"https:\/\/huskybearpoppers.eu\/fr\/wp-json\/wp\/v2\/media\/16464"}],"wp:attachment":[{"href":"https:\/\/huskybearpoppers.eu\/fr\/wp-json\/wp\/v2\/media?parent=26968"}],"wp:term":[{"taxonomy":"product_brand","embeddable":true,"href":"https:\/\/huskybearpoppers.eu\/fr\/wp-json\/wp\/v2\/product_brand?post=26968"},{"taxonomy":"product_cat","embeddable":true,"href":"https:\/\/huskybearpoppers.eu\/fr\/wp-json\/wp\/v2\/product_cat?post=26968"},{"taxonomy":"product_tag","embeddable":true,"href":"https:\/\/huskybearpoppers.eu\/fr\/wp-json\/wp\/v2\/product_tag?post=26968"}],"curies":[{"name":"wp","href":"https:\/\/api.w.org\/{rel}","templated":true}]}}