{"id":20292,"date":"2025-09-23T12:17:36","date_gmt":"2025-09-23T10:17:36","guid":{"rendered":"https:\/\/huskybearpoppers.eu\/product\/lubrifiant-a-base-deau-durex-hot-50-ml\/"},"modified":"2025-09-23T12:17:36","modified_gmt":"2025-09-23T10:17:36","slug":"lubrifiant-a-base-deau-durex-hot-50-ml","status":"publish","type":"product","link":"https:\/\/huskybearpoppers.eu\/fr\/produit\/lubrifiant-a-base-deau-durex-hot-50-ml\/","title":{"rendered":"Lubrifiant \u00e0 Base d&rsquo;Eau Durex Hot &#8211; 50 ml"},"content":{"rendered":"<h2>Pourquoi choisir le Lubrifiant Durex Hot 50 ml?<\/h2>\n<p>Si vous souhaitez que les moments intimes deviennent plus intenses, excitants et sensuels, le Lubrifiant Durex Hot est exactement ce que vous recherchez. Au lieu de simplement \u00ab hydrater \u00bb, ce gel ajoute une sensation de chaleur qui \u00e9veille la sensualit\u00e9, augmente l&rsquo;excitation et approfondit l&rsquo;exp\u00e9rience intime pour les deux partenaires. <\/p>\n<h3>Principaux avantages que vous ressentirez<\/h3>\n<ul>\n<li><strong>Sensualit\u00e9 accrue<\/strong> \u2013 la chaleur amplifie la sensation du toucher, m\u00eame sur les zones autrement moins sensibles.<\/li>\n<li><strong>Plus de plaisir<\/strong> \u2013 lorsque le gel r\u00e9chauffe la peau, chaque baiser, toucher et mouvement devient plus intense.<\/li>\n<li><strong>Application facile <\/strong>\u2013 quelques gouttes suffisent, le gel s&rsquo;\u00e9tale facilement et agit rapidement.<\/li>\n<li><strong>Moins de friction <\/strong>\u2013 contact plus fluide, moins d&rsquo;irritation, plus de d\u00e9tente et moins d&rsquo;interruptions de l&rsquo;intimit\u00e9.<\/li>\n<li><strong>Amusement et exp\u00e9rimentation<\/strong> \u2013 la chaleur peut \u00eatre intensifi\u00e9e par une pression plus forte ou un souffle d\u00e9licat \u2013 la sensation devient encore plus intense.<\/li>\n<li><strong>Produit polyvalent <\/strong>\u2013 utilisable dans diverses situations : vaginale, anale, orale ; convient \u00e9galement pour une utilisation avec des pr\u00e9servatifs et des jouets intimes.<\/li>\n<\/ul>\n<h3>Comment transformera-t-il vos moments intimes?<\/h3>\n<p>Au lieu que les moments intimes soient une inqui\u00e9tude inutile en raison d&rsquo;une \u00ab froideur \u00bb ind\u00e9sirable ou de la monotonie, le Lubrifiant Durex Hot introduit un nouveau niveau de sensations \u2013 une chaleur qui \u00e9veille les sens, et une d\u00e9tente qui vous permet de vous l\u00e2cher, de cultiver la proximit\u00e9 et de cr\u00e9er des souvenirs sans souci.<\/p>\n<p>Avertissement : N&rsquo;est pas un contraceptif et ne contient pas de spermicides. \u00c9viter le contact avec les yeux, la peau ab\u00eem\u00e9e ou les plaies. En cas d&rsquo;irritation, cesser l&rsquo;utilisation. Pour une s\u00e9cheresse vaginale persistante, consulter un m\u00e9decin.   <\/p>\n","protected":false},"excerpt":{"rendered":"<p>Lubrifiant Durex Hot 50 ml \u2013 <strong>gel \u00e0 effet chauffant qui am\u00e9liore les sensations et augmente la proximit\u00e9 intime.<\/strong> <\/p>\n<p><strong>Apporte de la chaleur au contact de la peau, <\/strong>r\u00e9duit la friction et permet des moments plus sensuels sans irritation. Emballage rapide et discret. <\/p>\n","protected":false},"featured_media":18967,"comment_status":"open","ping_status":"closed","template":"","meta":[],"product_brand":[],"product_cat":[8585,9882],"product_tag":[8887,8885,8882,8883,8886,8888,8880,8881,8884],"class_list":{"0":"post-20292","1":"product","2":"type-product","3":"status-publish","4":"has-post-thumbnail","6":"product_cat-lubrifiant-preservatifs-et-plus","7":"product_cat-lubrifiants","8":"product_tag-durex-hot-gel-fr","9":"product_tag-gel-chauffant-intime","10":"product_tag-gel-intime-chauffant","11":"product_tag-lubrifiant-chauffant-durex","12":"product_tag-lubrifiant-chauffant-personnel","13":"product_tag-lubrifiant-chauffant-pour-couples","14":"product_tag-lubrifiant-durex-hot","15":"product_tag-lubrifiant-personnel-chauffant","16":"product_tag-lubrifiant-sensation-chaude","18":"first","19":"instock","20":"taxable","21":"shipping-taxable","22":"purchasable","23":"product-type-simple"},"_links":{"self":[{"href":"https:\/\/huskybearpoppers.eu\/fr\/wp-json\/wp\/v2\/product\/20292","targetHints":{"allow":["GET"]}}],"collection":[{"href":"https:\/\/huskybearpoppers.eu\/fr\/wp-json\/wp\/v2\/product"}],"about":[{"href":"https:\/\/huskybearpoppers.eu\/fr\/wp-json\/wp\/v2\/types\/product"}],"replies":[{"embeddable":true,"href":"https:\/\/huskybearpoppers.eu\/fr\/wp-json\/wp\/v2\/comments?post=20292"}],"version-history":[{"count":0,"href":"https:\/\/huskybearpoppers.eu\/fr\/wp-json\/wp\/v2\/product\/20292\/revisions"}],"wp:featuredmedia":[{"embeddable":true,"href":"https:\/\/huskybearpoppers.eu\/fr\/wp-json\/wp\/v2\/media\/18967"}],"wp:attachment":[{"href":"https:\/\/huskybearpoppers.eu\/fr\/wp-json\/wp\/v2\/media?parent=20292"}],"wp:term":[{"taxonomy":"product_brand","embeddable":true,"href":"https:\/\/huskybearpoppers.eu\/fr\/wp-json\/wp\/v2\/product_brand?post=20292"},{"taxonomy":"product_cat","embeddable":true,"href":"https:\/\/huskybearpoppers.eu\/fr\/wp-json\/wp\/v2\/product_cat?post=20292"},{"taxonomy":"product_tag","embeddable":true,"href":"https:\/\/huskybearpoppers.eu\/fr\/wp-json\/wp\/v2\/product_tag?post=20292"}],"curies":[{"name":"wp","href":"https:\/\/api.w.org\/{rel}","templated":true}]}}