{"id":18406,"date":"2025-05-17T19:04:27","date_gmt":"2025-05-17T17:04:27","guid":{"rendered":"https:\/\/huskybearpoppers.eu\/product\/porte-poppers-en-cuir\/"},"modified":"2025-05-17T19:04:27","modified_gmt":"2025-05-17T17:04:27","slug":"porte-poppers-en-cuir","status":"publish","type":"product","link":"https:\/\/huskybearpoppers.eu\/fr\/produit\/porte-poppers-en-cuir\/","title":{"rendered":"Porte-Poppers en Cuir"},"content":{"rendered":"<p>Gardez votre flacon de poppers exactement l\u00e0 o\u00f9 vous en avez besoin avec ce porte-poppers en cuir fait main \u2014 un moyen fiable et discret de transporter votre petit ou grand flacon sans aucun probl\u00e8me. Que vous alliez \u00e0 une f\u00eate, vous pr\u00e9pariez, ou vouliez simplement un acc\u00e8s rapide sans complications, ce porte-poppers est con\u00e7u pour le confort, la commodit\u00e9 et la tranquillit\u00e9 d&rsquo;esprit. <\/p>\n<p>Con\u00e7u pour une utilisation r\u00e9elle, le porte-flacon se fixe facilement \u00e0 votre pantalon, passant de ceinture, ou harnais, gardant votre flacon droit et s\u00e9curis\u00e9. Plus besoin de fouiller dans les poches, pas d&rsquo;encombrement inutile \u2014 juste un acc\u00e8s fluide et pr\u00eat quand vous en avez besoin. <\/p>\n<p>Fabriqu\u00e9 en cuir r\u00e9sistant et renforc\u00e9 avec des rivets subtils pour une durabilit\u00e9 suppl\u00e9mentaire, ce porte-flacon est con\u00e7u pour durer sans attirer l&rsquo;attention.<\/p>\n<p><strong>Disponible en deux tailles :<\/strong><\/p>\n<ul>\n<li>Porte-Flacon Petit \u2013 s&rsquo;adapte aux flacons de poppers standard<\/li>\n<li>Porte-Flacon Grand \u2013 maintient les types de flacons plus grands en s\u00e9curit\u00e9<\/li>\n<\/ul>\n<p><strong>Pourquoi c&rsquo;est utile :<\/strong><\/p>\n<ul>\n<li>Garde votre flacon s\u00e9curis\u00e9 et toujours \u00e0 port\u00e9e de main<\/li>\n<li>Se fixe facilement aux pantalons, passants de ceinture, ou harnais<\/li>\n<li>Design \u00e9l\u00e9gant et discret avec une construction en cuir solide<\/li>\n<li>Structure durable et renforc\u00e9e sans encombrement<\/li>\n<li>Parfait pour les f\u00eates, les voyages, ou l&rsquo;utilisation quotidienne<\/li>\n<\/ul>\n<p>Choisissez la taille qui convient \u00e0 votre flacon et profitez de la libert\u00e9 mains libres sans compromis.<\/p>\n","protected":false},"excerpt":{"rendered":"<p>Ce porte-poppers en cuir garde votre flacon proche, s\u00e9curis\u00e9 et facile d&rsquo;acc\u00e8s.<\/p>\n<p>Disponible pour petits et grands flacons, il est con\u00e7u pour une utilisation facile et nomade.<\/p>\n","protected":false},"featured_media":28648,"comment_status":"open","ping_status":"closed","template":"","meta":[],"product_brand":[],"product_cat":[1220],"product_tag":[6600,6597,6601,6598,6596,6595,6599,6594],"class_list":{"0":"post-18406","1":"product","2":"type-product","3":"status-publish","4":"has-post-thumbnail","6":"product_cat-accessoires-poppers","7":"product_tag-accessoire-poppers-harnais","8":"product_tag-clip-poppers-discret","9":"product_tag-equipement-poppers-pratique","10":"product_tag-etui-poppers-cuir","11":"product_tag-porte-flacon-poppers-grand","12":"product_tag-porte-flacon-poppers-petit","13":"product_tag-porte-poppers-a-clip","14":"product_tag-porte-poppers-cuir","16":"first","17":"instock","18":"sale","19":"taxable","20":"shipping-taxable","21":"purchasable","22":"product-type-variable"},"_links":{"self":[{"href":"https:\/\/huskybearpoppers.eu\/fr\/wp-json\/wp\/v2\/product\/18406","targetHints":{"allow":["GET"]}}],"collection":[{"href":"https:\/\/huskybearpoppers.eu\/fr\/wp-json\/wp\/v2\/product"}],"about":[{"href":"https:\/\/huskybearpoppers.eu\/fr\/wp-json\/wp\/v2\/types\/product"}],"replies":[{"embeddable":true,"href":"https:\/\/huskybearpoppers.eu\/fr\/wp-json\/wp\/v2\/comments?post=18406"}],"version-history":[{"count":0,"href":"https:\/\/huskybearpoppers.eu\/fr\/wp-json\/wp\/v2\/product\/18406\/revisions"}],"wp:featuredmedia":[{"embeddable":true,"href":"https:\/\/huskybearpoppers.eu\/fr\/wp-json\/wp\/v2\/media\/28648"}],"wp:attachment":[{"href":"https:\/\/huskybearpoppers.eu\/fr\/wp-json\/wp\/v2\/media?parent=18406"}],"wp:term":[{"taxonomy":"product_brand","embeddable":true,"href":"https:\/\/huskybearpoppers.eu\/fr\/wp-json\/wp\/v2\/product_brand?post=18406"},{"taxonomy":"product_cat","embeddable":true,"href":"https:\/\/huskybearpoppers.eu\/fr\/wp-json\/wp\/v2\/product_cat?post=18406"},{"taxonomy":"product_tag","embeddable":true,"href":"https:\/\/huskybearpoppers.eu\/fr\/wp-json\/wp\/v2\/product_tag?post=18406"}],"curies":[{"name":"wp","href":"https:\/\/api.w.org\/{rel}","templated":true}]}}