{"id":28468,"date":"2026-03-22T16:04:31","date_gmt":"2026-03-22T14:04:31","guid":{"rendered":"https:\/\/huskybearpoppers.eu\/quiz-de-recommandation-poppers-trouve-ton-match-parfait\/"},"modified":"2026-04-28T08:06:14","modified_gmt":"2026-04-28T06:06:14","slug":"quiz-de-recommandation-poppers-trouve-ton-match-parfait","status":"publish","type":"page","link":"https:\/\/huskybearpoppers.eu\/fr\/quiz-de-recommandation-poppers-trouve-ton-match-parfait\/","title":{"rendered":"Quiz de recommandation Poppers \u2013 Trouve ton match parfait"},"content":{"rendered":"\n<div class=\"wp-block-group is-layout-constrained wp-block-group-is-layout-constrained\" style=\"margin-top:var(--wp--preset--spacing--30);margin-bottom:var(--wp--preset--spacing--30)\">\n<h1 class=\"wp-block-heading has-text-align-center\">Quiz de recommandation Poppers \u2013 <mark style=\"background-color:rgba(0, 0, 0, 0)\" class=\"has-inline-color has-palette-color-2-color\">Trouve Ton Match Parfait<\/mark><\/h1>\n\n\n\n<p class=\"has-text-align-center\">Tous les poppers ne se valent pas &#8211; et choisir le mauvais peut g\u00e2cher l&rsquo;exp\u00e9rience.<\/p>\n\n\n\n<p class=\"has-text-align-center\">C&rsquo;est pourquoi nous avons cr\u00e9\u00e9 ce quiz rapide.<\/p>\n\n\n\n<p class=\"has-text-align-center\">En moins de 60 secondes, tu obtiendras une recommandation personnalis\u00e9e bas\u00e9e sur ton niveau d&rsquo;exp\u00e9rience, tes pr\u00e9f\u00e9rences et le type d&rsquo;effet que tu recherches vraiment. Que tu veuilles quelque chose de doux et l\u00e9ger ou de fort et intense, ce quiz coupe court au bruit et te dit exactement par o\u00f9 commencer. <\/p>\n\n\n\n<p class=\"has-text-align-center\"><strong>Pas de devinettes. Pas d&rsquo;argent gaspill\u00e9. Juste le bon produit pour toi.  <\/strong><\/p>\n\n\n\n<div class=\"wp-block-buttons is-content-justification-center is-layout-flex wp-container-core-buttons-is-layout-241c0bc1 wp-block-buttons-is-layout-flex\">\n<div class=\"wp-block-button\"><a class=\"wp-block-button__link has-white-color has-palette-color-1-background-color has-text-color has-background has-link-color has-custom-font-size wp-element-button\" href=\"https:\/\/huskybearpoppers.eu\/fr\/quiz-de-recommandation-poppers-trouve-ton-match-parfait\/#quiz-p3HK2oJ\/\" style=\"border-radius:8px;padding-top:15px;padding-right:25px;padding-bottom:15px;padding-left:25px;font-size:clamp(14px, 0.875rem + ((1vw - 3.2px) * 0.313), 18px);font-style:normal;font-weight:600\"> Commence le quiz maintenant \ud83d\udc49<\/a><\/div>\n<\/div>\n<\/div>\n\n<p><\/p>\n","protected":false},"excerpt":{"rendered":"<p>Quiz de recommandation Poppers \u2013 Trouve Ton Match Parfait Tous les poppers ne se valent pas &#8211; et choisir le mauvais peut g\u00e2cher l&rsquo;exp\u00e9rience. C&rsquo;est pourquoi nous avons cr\u00e9\u00e9 ce quiz rapide. En moins de 60 secondes, tu obtiendras une recommandation personnalis\u00e9e bas\u00e9e sur ton niveau d&rsquo;exp\u00e9rience, tes pr\u00e9f\u00e9rences et le type d&rsquo;effet que tu [&hellip;]<\/p>\n","protected":false},"author":1,"featured_media":25772,"parent":0,"menu_order":0,"comment_status":"closed","ping_status":"closed","template":"","meta":{"footnotes":""},"class_list":["post-28468","page","type-page","status-publish","has-post-thumbnail","hentry"],"blocksy_meta":{"content_style_source":"inherit","vertical_spacing_source":"custom","has_hero_section":"disabled","hero_alignment1":"center","styles_descriptor":{"styles":{"desktop":"","tablet":"","mobile":""},"google_fonts":[],"version":6},"pageExcerptColor":{"default":{"color":"var(--theme-palette-color-4)"}}},"_links":{"self":[{"href":"https:\/\/huskybearpoppers.eu\/fr\/wp-json\/wp\/v2\/pages\/28468","targetHints":{"allow":["GET"]}}],"collection":[{"href":"https:\/\/huskybearpoppers.eu\/fr\/wp-json\/wp\/v2\/pages"}],"about":[{"href":"https:\/\/huskybearpoppers.eu\/fr\/wp-json\/wp\/v2\/types\/page"}],"author":[{"embeddable":true,"href":"https:\/\/huskybearpoppers.eu\/fr\/wp-json\/wp\/v2\/users\/1"}],"replies":[{"embeddable":true,"href":"https:\/\/huskybearpoppers.eu\/fr\/wp-json\/wp\/v2\/comments?post=28468"}],"version-history":[{"count":1,"href":"https:\/\/huskybearpoppers.eu\/fr\/wp-json\/wp\/v2\/pages\/28468\/revisions"}],"predecessor-version":[{"id":28469,"href":"https:\/\/huskybearpoppers.eu\/fr\/wp-json\/wp\/v2\/pages\/28468\/revisions\/28469"}],"wp:featuredmedia":[{"embeddable":true,"href":"https:\/\/huskybearpoppers.eu\/fr\/wp-json\/wp\/v2\/media\/25772"}],"wp:attachment":[{"href":"https:\/\/huskybearpoppers.eu\/fr\/wp-json\/wp\/v2\/media?parent=28468"}],"curies":[{"name":"wp","href":"https:\/\/api.w.org\/{rel}","templated":true}]}}