{"id":26985,"date":"2025-08-08T12:46:32","date_gmt":"2025-08-08T10:46:32","guid":{"rendered":"https:\/\/huskybearpoppers.eu\/product\/play-hard-popprs-25-ml\/"},"modified":"2026-03-31T21:36:58","modified_gmt":"2026-03-31T19:36:58","slug":"play-hard-popprs-25-ml","status":"publish","type":"product","link":"https:\/\/huskybearpoppers.eu\/es\/producto\/play-hard-popprs-25-ml\/","title":{"rendered":"Play Hard Popprs 25 ml"},"content":{"rendered":"","protected":false},"excerpt":{"rendered":"<p>25ml para jugadores que nunca se rinden. Este limpiador de cuero para juguetes sexuales va de ir a tope. Despu\u00e9s de limpiar tus juguetes, prep\u00e1rate para sesiones donde los l\u00edmites se ponen a prueba, las barreras se empujan, y jugar duro se convierte en lo tuyo.  <\/p>\n","protected":false},"featured_media":16746,"comment_status":"open","ping_status":"closed","template":"","meta":[],"product_brand":[],"product_cat":[1400,902,10054,10021,10056,901,1498,10048,9909],"product_tag":[5976,3258,5935,5898,3763,3764,3766,10283,5899,5900],"class_list":{"0":"post-26985","1":"product","2":"type-product","3":"status-publish","4":"has-post-thumbnail","6":"product_cat-5-5-excepcionalmente-fuerte-poppers","7":"product_cat-nitrito-de-amilo-poppers","8":"product_cat-edge-and-hypno-poppers","9":"product_cat-leather-pride-poppers","10":"product_cat-poppers-fiesta-y-club","11":"product_cat-poppers-funline-es","12":"product_cat-grandes-poppers-es","13":"product_cat-poppers-profundos-y-potentes","14":"product_cat-qjyt-29pr-9003-8akx","15":"product_tag-5-de-5-potencia","16":"product_tag-amilo-poppers-es","17":"product_tag-aroma-para-habitacion","18":"product_tag-botella-de-25-ml","19":"product_tag-french-poppers-es","20":"product_tag-funline-poppers-es","21":"product_tag-limpiador-de-cuero","22":"product_tag-play-hard-brand","23":"product_tag-poppers-botella-mediana","24":"product_tag-sesiones-prolongadas","26":"first","27":"instock","28":"taxable","29":"shipping-taxable","30":"purchasable","31":"product-type-simple"},"_links":{"self":[{"href":"https:\/\/huskybearpoppers.eu\/es\/wp-json\/wp\/v2\/product\/26985","targetHints":{"allow":["GET"]}}],"collection":[{"href":"https:\/\/huskybearpoppers.eu\/es\/wp-json\/wp\/v2\/product"}],"about":[{"href":"https:\/\/huskybearpoppers.eu\/es\/wp-json\/wp\/v2\/types\/product"}],"replies":[{"embeddable":true,"href":"https:\/\/huskybearpoppers.eu\/es\/wp-json\/wp\/v2\/comments?post=26985"}],"version-history":[{"count":1,"href":"https:\/\/huskybearpoppers.eu\/es\/wp-json\/wp\/v2\/product\/26985\/revisions"}],"predecessor-version":[{"id":26995,"href":"https:\/\/huskybearpoppers.eu\/es\/wp-json\/wp\/v2\/product\/26985\/revisions\/26995"}],"wp:featuredmedia":[{"embeddable":true,"href":"https:\/\/huskybearpoppers.eu\/es\/wp-json\/wp\/v2\/media\/16746"}],"wp:attachment":[{"href":"https:\/\/huskybearpoppers.eu\/es\/wp-json\/wp\/v2\/media?parent=26985"}],"wp:term":[{"taxonomy":"product_brand","embeddable":true,"href":"https:\/\/huskybearpoppers.eu\/es\/wp-json\/wp\/v2\/product_brand?post=26985"},{"taxonomy":"product_cat","embeddable":true,"href":"https:\/\/huskybearpoppers.eu\/es\/wp-json\/wp\/v2\/product_cat?post=26985"},{"taxonomy":"product_tag","embeddable":true,"href":"https:\/\/huskybearpoppers.eu\/es\/wp-json\/wp\/v2\/product_tag?post=26985"}],"curies":[{"name":"wp","href":"https:\/\/api.w.org\/{rel}","templated":true}]}}