{"id":18579,"date":"2024-03-21T19:01:02","date_gmt":"2024-03-21T17:01:02","guid":{"rendered":"https:\/\/huskybearpoppers.eu\/product\/preservativos-con-sabor-a-platano-pamitex-paquete-de-144\/"},"modified":"2024-03-21T19:01:02","modified_gmt":"2024-03-21T17:01:02","slug":"preservativos-con-sabor-a-platano-pamitex-paquete-de-144","status":"publish","type":"product","link":"https:\/\/huskybearpoppers.eu\/es\/producto\/preservativos-con-sabor-a-platano-pamitex-paquete-de-144\/","title":{"rendered":"Preservativos con Sabor a Pl\u00e1tano Pamitex &#8211; Paquete de 144"},"content":{"rendered":"<h2>Preservativos con Sabor a Pl\u00e1tano Pamitex &#8211; Paquete de 144<\/h2>\n<p>No te pierdas nuestro producto m\u00e1s popular: Preservativos con Sabor a Pl\u00e1tano Pamitex, dise\u00f1ados para a\u00f1adir un toque afrutado a tus momentos \u00edntimos. Este paquete de 144 preservativos garantiza que est\u00e9s preparado para innumerables encuentros placenteros, mientras disfrutas de la esencia ex\u00f3tica del pl\u00e1tano. <\/p>\n<h3>\u00bfPor qu\u00e9 elegir los Preservativos con Sabor a Pl\u00e1tano Pamitex?<\/h3>\n<p>Cuando se trata de intimidad, la seguridad y el placer van de la mano. Los Preservativos con Sabor a Pl\u00e1tano Pamitex ofrecen ambos: <\/p>\n<ul>\n<li><strong>A\u00f1ade sabor a tu placer:<\/strong> El sabor a pl\u00e1tano aporta un toque divertido y sabroso a tus momentos \u00edntimos.<\/li>\n<li><strong>Protecci\u00f3n fiable: <\/strong>Fabricados con l\u00e1tex natural de alta calidad, estos preservativos proporcionan una protecci\u00f3n eficaz contra las infecciones de transmisi\u00f3n sexual (ITS) y embarazos no deseados.<\/li>\n<li><strong>Ajuste c\u00f3modo:<\/strong> Con talla mediana, 200 mm de longitud y 53 mm de anchura, est\u00e1n dise\u00f1ados para ajustarse c\u00f3modamente, permitiendo el movimiento natural.<\/li>\n<li><strong>Larga vida \u00fatil:<\/strong> Con una vida \u00fatil de <strong>hasta 4 a\u00f1os<\/strong>, puedes estar seguro de su durabilidad y disponibilidad en cualquier momento.<\/li>\n<li><strong>Calidad certificada:<\/strong> Estos preservativos est\u00e1n <strong>homologados por la CE 0120 y la FDA<\/strong>, lo que garantiza que cumplen altos est\u00e1ndares de seguridad y calidad.<\/li>\n<\/ul>\n<h2><strong data-start=\"116\" data-end=\"152\">\u00bfPor qu\u00e9 elegir nuestro paquete de 144 preservativos?<\/strong><\/h2>\n<ul>\n<li data-start=\"527\" data-end=\"554\"><strong data-start=\"527\" data-end=\"552\">La misma calidad que Durex: <\/strong>Obtienes preservativos de la misma alta calidad con nuestro producto, solo que a un precio mucho mejor.<\/li>\n<\/ul>\n<ul>\n<li data-start=\"649\" data-end=\"666\"><strong data-start=\"649\" data-end=\"664\">Comodidad: <\/strong>\u00a1No necesitas comprar mensualmente \u2013 el suministro de un a\u00f1o todo en un paquete!<\/li>\n<\/ul>\n<p class=\"\" data-start=\"731\" data-end=\"780\"><strong data-start=\"731\" data-end=\"780\">\u00a1Ahorra dinero, disfruta de calidad y nunca te quedes sin existencias!<\/strong><\/p>\n<h3>Embalaje discreto y seguro<\/h3>\n<p>Tu privacidad es nuestra prioridad. Cuando pides los Preservativos con Sabor a Pl\u00e1tano Pamitex, llegan en un embalaje 100% discreto, para que puedas sentirte confiado y seguro en tu compra. <\/p>\n<h3>Cuidado con los productos falsificados de Preservativos con Sabor a Pl\u00e1tano Pamitex<\/h3>\n<p>Es importante ser cauteloso al comprar preservativos, ya que hay productos falsificados en el mercado. Con Pamitex, puedes confiar en que est\u00e1s obteniendo el producto aut\u00e9ntico, garantizando tu seguridad y satisfacci\u00f3n. <\/p>\n<h3>Opciones ilimitadas con preservativos con sabor a pl\u00e1tano<\/h3>\n<p>Si el pl\u00e1tano no es tu sabor preferido o buscas variar, considera probar los<a href=\"https:\/\/huskybearpoppers.eu\/es\/producto\/condones-de-fresa-silhouette-paquete-de-144\/\"> Preservativos de Fresa Silhouette &#8211; Paquete de 144.<\/a> Este atrevido sabor a fresa siempre quiere ser la estrella del espect\u00e1culo, ofreciendo una experiencia diferente pero igualmente placentera. <\/p>\n","protected":false},"excerpt":{"rendered":"<p>Eleva tus momentos \u00edntimos con los <strong>Preservativos con Sabor a Pl\u00e1tano Pamitex.<\/strong><\/p>\n<p><strong>Fabricados con l\u00e1tex de primera calidad<\/strong>, estos preservativos suaves y transparentes ofrecen un delicioso <strong>sabor a pl\u00e1tano<\/strong>, a\u00f1adiendo un toque juguet\u00f3n a tu experiencia.<\/p>\n<p>Cada preservativo mide <strong>200 mm de longitud y 53 mm de anchura,<\/strong> garantizando un ajuste c\u00f3modo.<\/p>\n<p>Con un generoso <strong>paquete de 144<\/strong>, siempre est\u00e1s preparado para la diversi\u00f3n espont\u00e1nea. Adem\u00e1s, nuestro embalaje discreto garantiza tu privacidad. <\/p>\n<p><strong>Elige Pamitex para una experiencia dulce y satisfactoria.<\/strong><\/p>\n","protected":false},"featured_media":12191,"comment_status":"open","ping_status":"closed","template":"","meta":[],"product_brand":[],"product_cat":[8590,9901],"product_tag":[7176,7171,7166,7043,6403,7165,7029,7164,7167,7173,7177,7172,7168,6398,6400,7170,7163,7178,7162,7161,7174,7169,7175],"class_list":{"0":"post-18579","1":"product","2":"type-product","3":"status-publish","4":"has-post-thumbnail","6":"product_cat-lubricante-condones-y-mas","7":"product_cat-preservativos","8":"product_tag-paquete-variado-de-preservativos","9":"product_tag-preservativos-a-granel","10":"product_tag-preservativos-aprobados-fda","11":"product_tag-preservativos-certificados-ce","12":"product_tag-preservativos-con-sabor","13":"product_tag-preservativos-con-sabor-a-platano","14":"product_tag-preservativos-de-latex","15":"product_tag-preservativos-de-latex-natural","16":"product_tag-preservativos-de-platano","17":"product_tag-preservativos-embalaje-discreto","18":"product_tag-preservativos-exoticos","19":"product_tag-preservativos-larga-vida-util","20":"product_tag-preservativos-lisos","21":"product_tag-preservativos-pack-144-unidades","22":"product_tag-preservativos-pamitex","23":"product_tag-preservativos-premium","24":"product_tag-preservativos-seguros","25":"product_tag-preservativos-sensacion-real","26":"product_tag-preservativos-talla-mediana","27":"product_tag-preservativos-transparentes","28":"product_tag-productos-de-bienestar-sexual","29":"product_tag-productos-de-sexo-seguro","30":"product_tag-proteccion-con-sabor","32":"first","33":"instock","34":"taxable","35":"shipping-taxable","36":"purchasable","37":"product-type-simple"},"_links":{"self":[{"href":"https:\/\/huskybearpoppers.eu\/es\/wp-json\/wp\/v2\/product\/18579","targetHints":{"allow":["GET"]}}],"collection":[{"href":"https:\/\/huskybearpoppers.eu\/es\/wp-json\/wp\/v2\/product"}],"about":[{"href":"https:\/\/huskybearpoppers.eu\/es\/wp-json\/wp\/v2\/types\/product"}],"replies":[{"embeddable":true,"href":"https:\/\/huskybearpoppers.eu\/es\/wp-json\/wp\/v2\/comments?post=18579"}],"version-history":[{"count":0,"href":"https:\/\/huskybearpoppers.eu\/es\/wp-json\/wp\/v2\/product\/18579\/revisions"}],"wp:featuredmedia":[{"embeddable":true,"href":"https:\/\/huskybearpoppers.eu\/es\/wp-json\/wp\/v2\/media\/12191"}],"wp:attachment":[{"href":"https:\/\/huskybearpoppers.eu\/es\/wp-json\/wp\/v2\/media?parent=18579"}],"wp:term":[{"taxonomy":"product_brand","embeddable":true,"href":"https:\/\/huskybearpoppers.eu\/es\/wp-json\/wp\/v2\/product_brand?post=18579"},{"taxonomy":"product_cat","embeddable":true,"href":"https:\/\/huskybearpoppers.eu\/es\/wp-json\/wp\/v2\/product_cat?post=18579"},{"taxonomy":"product_tag","embeddable":true,"href":"https:\/\/huskybearpoppers.eu\/es\/wp-json\/wp\/v2\/product_tag?post=18579"}],"curies":[{"name":"wp","href":"https:\/\/api.w.org\/{rel}","templated":true}]}}