{"id":16924,"date":"2024-03-21T19:01:02","date_gmt":"2024-03-21T17:01:02","guid":{"rendered":"https:\/\/huskybearpoppers.eu\/product\/pamitex-lubricante-base-agua-100-ml\/"},"modified":"2024-03-21T19:01:02","modified_gmt":"2024-03-21T17:01:02","slug":"pamitex-lubricante-base-agua-100-ml","status":"publish","type":"product","link":"https:\/\/huskybearpoppers.eu\/es\/producto\/pamitex-lubricante-base-agua-100-ml\/","title":{"rendered":"Pamitex Lubricante Base Agua 100 ml"},"content":{"rendered":"<h2><strong>Pamitex Lubricante Base Agua 100 ml &#8211; M\u00e1ximo Confort y Placer<\/strong><\/h2>\n<p><strong>Cuando la pasi\u00f3n se apodera de ti, te mereces un lubricante que mejore tu experiencia sin distracciones. <\/strong>El Lubricante de Base Acuosa Pamitex est\u00e1 dise\u00f1ado para un deslizamiento suave como la seda que garantiza un placer natural y una comodidad sin esfuerzo. Tanto si est\u00e1s disfrutando de un juego en solitario como compartiendo momentos \u00edntimos con tu pareja, este lubricante garantiza que te sientas bien en cada caricia, en cada movimiento, en cada segundo. <strong>Es el mejor compa\u00f1ero para tus momentos m\u00e1s apasionados.<\/strong>  <\/p>\n<h3><strong> Por qu\u00e9<\/strong> <strong>utilizar Lubricante de base acuosa Pamitex<\/strong><strong>?<\/strong><\/h3>\n<p><strong>Los lubricantes cambian las reglas del juego para mejorar tus momentos \u00edntimos. <\/strong>Reducen la fricci\u00f3n, lo que aumenta el placer y la comodidad sexual. <strong>Si alguna vez has tenido la desafortunada experiencia de que la fricci\u00f3n interrumpa tu flujo, sabes cu\u00e1nto puede afectar a tu disfrute<\/strong>. El Lubricante de Base Acuosa Pamitex est\u00e1 aqu\u00ed para eliminar ese problema y proporcionar un placer suave e ininterrumpido. Adem\u00e1s, reduce el riesgo de ITS al garantizar que el preservativo funcione de forma \u00f3ptima, y mejora la eficacia del preservativo al evitar que se rompa.    <\/p>\n<p><strong>\u00bfY lo mejor?<\/strong> Este lubricante tambi\u00e9n <strong>puede utilizarse de forma segura<\/strong> con vibradores y otros juguetes sexuales, ofreci\u00e9ndote infinitas<strong> opciones para explorar nuevas cotas de placer.<\/strong><\/p>\n<h2><strong>\u00bfPor qu\u00e9 elegir un lubricante de base acuosa?<\/strong><\/h2>\n<p><strong>Cuando se trata de lubricaci\u00f3n, la base acuosa suele ser la opci\u00f3n preferida<\/strong>. \u00bfPor qu\u00e9? <strong>Porque no es pegajosa y se lava f\u00e1cilmente, sin dejar residuos.<\/strong> Tambi\u00e9n es seguro para el cuerp<strong>o y tiene un pH equilibrado, por lo que es<\/strong> suave para la piel y respeta el equilibrio \u00edntimo. <strong>Gracias a su uso vers\u00e1til, es perfecto para el j<\/strong>uego vaginal, oral y anal. <strong>Tanto si vas al grano como si quieres darle un toque picante, el Lubricante de Base Acuosa Pamitex<\/strong> te cubre las espaldas.    <\/p>\n<p>No s\u00f3lo proporciona una <strong>hidrataci\u00f3n duradera<\/strong> que ayuda a reducir la sequedad y aumenta el confort, sino que tambi\u00e9n es inodoro y <strong>sin sabor, para que puedas disfrutar de una experiencia sin distracciones que se centre puramente en el placer. <\/strong>La ligera textura de gel del lubricante garantiza una f\u00e1cil aplicaci\u00f3n y proporciona una sensaci\u00f3n naturalmente suave, por lo que no tienes que preocuparte de ninguna pegajosidad inc\u00f3moda ni de un exceso de residuos. S\u00f3lo sois t\u00fa y tu pareja, con el deslizamiento perfecto para que el calor siga subiendo.  <\/p>\n<h3><strong>Placer sin esfuerzo en cualquier momento<\/strong><\/h3>\n<p>Tanto si disfrutas de momentos en solitario como si exploras con tu pareja, el Lubricante de Base Acuosa Pamitex proporciona el deslizamiento perfecto para aumentar el placer.<\/p>\n<p>Es suave, sedoso y hace que todo parezca un viaje sin esfuerzo hacia el placer. Su f\u00e1cil aplicaci\u00f3n garantiza que puedas concentrarte por completo en el momento, sin distracciones. S\u00f3lo unas gotas y estar\u00e1s lista para empezar, tanto si est\u00e1s experimentando con nuevos juguetes, explorando distintas posturas o simplemente disfrutando de un poco m\u00e1s de comodidad. Pamitex te garantiza la sensaci\u00f3n de deslizarte hacia un nuevo nivel de intimidad.   <\/p>\n<h3><strong>El Lubricante de Base Acuosa Pamitex Te Ofrecer\u00e1 Seguridad Y Compatibilidad<\/strong><\/h3>\n<p>Cuando se trata de juegos \u00edntimos, la seguridad no es negociable. <strong>El Lubricante de Base Acuosa Pamitex es compatible con preservativos y juguetes, y funciona perfectamente con preservativos de l\u00e1tex y todo tipo de juguetes sexuales.<\/strong> Esto significa que no tienes que preocuparte por la compatibilidad: simplemente coge tus juguetes o preservativos favoritos y listo. Adem\u00e1s, es incre\u00edblemente f\u00e1cil de limpiar. La f\u00f3rmula hidrosoluble se aclara f\u00e1cilmente, <strong>sin dejar residuos pegajosos, para que puedas relajarte y disfrutar sin pens\u00e1rtelo dos veces.<\/strong>  <\/p>\n<p>Y lo que es a\u00fan mejor, el Lubricante de Base Acuosa Pamitex no contiene aditivos agresivos como parabenos, glicerina ni fragancias artificiales, lo que garantiza que nada m\u00e1s que puro placer toque tu piel. Esto significa que, tanto si participas en sesiones largas como si s\u00f3lo tienes momentos r\u00e1pidos de intimidad, siempre puedes confiar en que Pamitex te proporcionar\u00e1 un deslizamiento perfecto y seguro. <\/p>\n<p>La intimidad debe ser siempre una experiencia placentera y sin preocupaciones, y los lubricantes de base acuosa son una opci\u00f3n perfecta para garantizarlo. A diferencia de los productos a base de silicona o aceite, los lubricantes a base de agua proporcionan una sensaci\u00f3n suave y natural que no te dejar\u00e1 pegajosa despu\u00e9s. No s\u00f3lo hacen que disfrutes m\u00e1s en la cama, sino que, con sus beneficios hidratantes a\u00f1adidos, \u00a1tu piel tambi\u00e9n te lo agradecer\u00e1!  <\/p>\n<p>As\u00ed que la pr\u00f3xima vez que quieras intimar con tu pareja, considera optar por el Lubricante de Base Acuosa Pamitex: seguro que mejora la experiencia. <strong>Y para una experiencia a\u00fan mejor, te recomendamos que pruebes nuestro lubricante con unos preservativos especiales para mayor placer y protecci\u00f3n:<\/strong> <\/p>\n<ul>\n<li><a href=\"https:\/\/huskybearpoppers.eu\/product\/pamitex-super-red-condoms-144-pack\/\" target=\"_blank\" rel=\"noopener\">Preservativos Pamitex Super Rojos &#8211; Paquete de 144<\/a><\/li>\n<li><a href=\"https:\/\/huskybearpoppers.eu\/es\/producto\/condones-con-sabor-a-frutas-pamitex-paquete-de-144\/\" target=\"_blank\" rel=\"noopener\">Preservativos Pamitex Sabor Fruta &#8211; Paquete de 144<\/a><\/li>\n<li><a href=\"https:\/\/huskybearpoppers.eu\/es\/producto\/preservativos-con-sabor-a-platano-pamitex-paquete-de-144\/\" target=\"_blank\" rel=\"noopener\">Preservativos Pamitex Sabor Pl\u00e1tano &#8211; Paquete de 144<\/a><\/li>\n<\/ul>\n","protected":false},"excerpt":{"rendered":"<p data-pm-slice=\"1 1 []\">Libera tus sue\u00f1os m\u00e1s salvajes con el <strong>Lubricante de Base Acuosa Pamitex.<\/strong><\/p>\n<p data-pm-slice=\"1 1 []\"><strong>Este lubricante no pegajoso, inodoro y sin sabor aumenta <\/strong>el placer a la vez que garantiza el m\u00e1ximo confort.<\/p>\n<p data-pm-slice=\"1 1 []\"><strong>Perfecto para el juego vaginal<\/strong>, oral y anal, mantiene cada momento \u00edntimo suave y sensual.<\/p>\n","protected":false},"featured_media":15780,"comment_status":"open","ping_status":"closed","template":"","meta":[],"product_brand":[],"product_cat":[8590,9902],"product_tag":[4650,4642,4639,4644,4646,4640,4651,4653,4654,4636,4652,4637,4638,4643,4649,4641,4647,4648,4645],"class_list":{"0":"post-16924","1":"product","2":"type-product","3":"status-publish","4":"has-post-thumbnail","6":"product_cat-lubricante-condones-y-mas","7":"product_cat-lubricantes","8":"product_tag-alivio-de-la-sequedad-vaginal","9":"product_tag-amigo-de-los-juguetes","10":"product_tag-cuidado-intimo","11":"product_tag-intimidad-comoda","12":"product_tag-juego-en-pareja","13":"product_tag-juego-suave","14":"product_tag-lavado-facil","15":"product_tag-lubricante","16":"product_tag-lubricante-clasico","17":"product_tag-lubricante-de-base-acuosa","18":"product_tag-lubricante-de-base-acuosa-pamitex","19":"product_tag-lubricante-pamitex","20":"product_tag-lubricante-personal","21":"product_tag-lubricante-seguro","22":"product_tag-no-pegajoso","23":"product_tag-ph-equilibrado","24":"product_tag-placer-en-solitario","25":"product_tag-sin-perfume","26":"product_tag-tacto-sedoso","28":"first","29":"instock","30":"sale","31":"taxable","32":"shipping-taxable","33":"purchasable","34":"product-type-simple"},"_links":{"self":[{"href":"https:\/\/huskybearpoppers.eu\/es\/wp-json\/wp\/v2\/product\/16924","targetHints":{"allow":["GET"]}}],"collection":[{"href":"https:\/\/huskybearpoppers.eu\/es\/wp-json\/wp\/v2\/product"}],"about":[{"href":"https:\/\/huskybearpoppers.eu\/es\/wp-json\/wp\/v2\/types\/product"}],"replies":[{"embeddable":true,"href":"https:\/\/huskybearpoppers.eu\/es\/wp-json\/wp\/v2\/comments?post=16924"}],"version-history":[{"count":0,"href":"https:\/\/huskybearpoppers.eu\/es\/wp-json\/wp\/v2\/product\/16924\/revisions"}],"wp:featuredmedia":[{"embeddable":true,"href":"https:\/\/huskybearpoppers.eu\/es\/wp-json\/wp\/v2\/media\/15780"}],"wp:attachment":[{"href":"https:\/\/huskybearpoppers.eu\/es\/wp-json\/wp\/v2\/media?parent=16924"}],"wp:term":[{"taxonomy":"product_brand","embeddable":true,"href":"https:\/\/huskybearpoppers.eu\/es\/wp-json\/wp\/v2\/product_brand?post=16924"},{"taxonomy":"product_cat","embeddable":true,"href":"https:\/\/huskybearpoppers.eu\/es\/wp-json\/wp\/v2\/product_cat?post=16924"},{"taxonomy":"product_tag","embeddable":true,"href":"https:\/\/huskybearpoppers.eu\/es\/wp-json\/wp\/v2\/product_tag?post=16924"}],"curies":[{"name":"wp","href":"https:\/\/api.w.org\/{rel}","templated":true}]}}