{"id":14786,"date":"2025-05-08T18:38:59","date_gmt":"2025-05-08T16:38:59","guid":{"rendered":"https:\/\/huskybearpoppers.eu\/product\/el-toro-popper-paquete-mixto\/"},"modified":"2026-05-01T12:43:38","modified_gmt":"2026-05-01T10:43:38","slug":"el-toro-popper-paquete-mixto","status":"publish","type":"product","link":"https:\/\/huskybearpoppers.eu\/es\/producto\/el-toro-popper-paquete-mixto\/","title":{"rendered":"Paquete Mix El Toro Poppers"},"content":{"rendered":"<p><a href=\"https:\/\/huskybearpoppers.eu\/wp-content\/uploads\/2025\/05\/EL-Toro-Pack-850x250-1-300x88.jpg\"><img loading=\"lazy\" decoding=\"async\" class=\"alignnone wp-image-13479\" src=\"https:\/\/huskybearpoppers.eu\/wp-content\/uploads\/2025\/05\/EL-Toro-Pack-850x250-1-300x88.jpg\" alt=\"\" width=\"1387\" height=\"407\" srcset=\"https:\/\/huskybearpoppers.eu\/wp-content\/uploads\/2025\/05\/EL-Toro-Pack-850x250-1-300x88.jpg 300w, https:\/\/huskybearpoppers.eu\/wp-content\/uploads\/2025\/05\/EL-Toro-Pack-850x250-1-800x235.jpg 800w, https:\/\/huskybearpoppers.eu\/wp-content\/uploads\/2025\/05\/EL-Toro-Pack-850x250-1-768x226.jpg 768w, https:\/\/huskybearpoppers.eu\/wp-content\/uploads\/2025\/05\/EL-Toro-Pack-850x250-1.jpg 850w\" sizes=\"auto, (max-width: 1387px) 100vw, 1387px\" \/><\/a><\/p>\n","protected":false},"excerpt":{"rendered":"<p><strong>Un tr\u00edo poderoso de limpiadores de cuero premium para intensidad, resistencia y pureza \u2013 Solo para ti.<\/strong><\/p>\n<p>Creamos este pack de tres limpiadores El Toro justo para ti, porque creemos que te lo mereces. El Toro Poppers Mix Pack es la elecci\u00f3n perfecta para usuarios con experiencia que buscan variedad y efectos fuertes y duraderos. Producido en Francia bajo la reconocida marca Funline, cada botella ofrece un rendimiento de alta calidad, potencia fiable y car\u00e1cter distintivo.  <\/p>\n<p>Ya sea que busques una experiencia de limpieza extra fuerte o una f\u00f3rmula nueva, atrevida y profunda, este El Toro Poppers Mix Pack lo tiene todo.<\/p>\n<p><strong>Incluye:<\/strong><\/p>\n<ul>\n<li><a href=\"https:\/\/huskybearpoppers.eu\/es\/producto\/el-toro-premium-poppers-25ml\/\">1x El Toro Premium Poppers 25ml <\/a>&#8211; <strong>Nitrito de Pentilo<\/strong>. Esta f\u00f3rmula premium cl\u00e1sica ofrece una limpieza suave e intensa, ideal para usuarios habituales que aprecian una potencia constante. <\/li>\n<li><a href=\"https:\/\/huskybearpoppers.eu\/es\/producto\/el-toro-fuerte-poppers-25ml\/\">1x El Toro Strong Poppers 25ml<\/a> &#8211; <strong>Mezcla de Nitrito de Amilo y Propilo<\/strong>. Una f\u00f3rmula robusta creada para quienes quieren un efecto m\u00e1s fuerte y duradero. <\/li>\n<li><a href=\"https:\/\/huskybearpoppers.eu\/product\/el-toro-black-label-poppers-25ml\/\">1x El Toro Black Label Poppers 25ml<\/a> &#8211; <strong>Nitrito de Pentilo<\/strong>. La \u00faltima incorporaci\u00f3n a la gama El Toro, Black Label ofrece una limpieza atrevida con una f\u00f3rmula m\u00e1s refinada. Est\u00e1 dise\u00f1ada para usuarios avanzados que buscan algo extra potente y sin compromisos.  <\/li>\n<\/ul>\n<p>Los tres limpiadores de este pack est\u00e1n <strong>fabricados en Francia<\/strong> bajo la reputada <strong>marca Funline<\/strong>, garantizando est\u00e1ndares de producci\u00f3n premium y pureza qu\u00edmica. <strong>Cada botella contiene 25ml de f\u00f3rmula potente<\/strong>, ideal para m\u00faltiples sesiones de limpieza o uso compartido. <strong>La intensidad en toda la gama est\u00e1 valorada con 5\/5<\/strong>, lo que refleja sus fuertes efectos y consistencia. Aunque cada variante ofrece su f\u00f3rmula \u00fanica, todas est\u00e1n dise\u00f1adas para ofrecer experiencias de limpieza satisfactorias para juguetes sexuales. Este mix pack es una forma excelente de explorar diferentes intensidades y efectos manteni\u00e9ndose dentro de la confiable marca El Toro.   <\/p>\n","protected":false},"featured_media":13526,"comment_status":"open","ping_status":"closed","template":"","meta":[],"product_brand":[],"product_cat":[9869,1290,1301,10125,9968],"product_tag":[3767,2117,3773,3774,3770,3772,3763,3210,3764,3768,3766,3777,3775,3761,3762,3769,3771,3765,3776],"class_list":{"0":"post-14786","1":"product","2":"type-product","3":"status-publish","4":"has-post-thumbnail","6":"product_cat-3x-poppers-mix-paquetes","7":"product_cat-packs-de-poppers","8":"product_cat-paquetes-mixtos-poppers","9":"product_cat-qndc-qapf-5107-awq7","10":"product_cat-uqka-7jqn-t109-3x2j","11":"product_tag-25ml-poppers-es","12":"product_tag-alta-de-fuerza-poppers","13":"product_tag-el-toro-fuerte","14":"product_tag-el-toro-negro-label","15":"product_tag-el-toro-poppers-es","16":"product_tag-el-toro-premium-es","17":"product_tag-french-poppers-es","18":"product_tag-fuerte-poppers","19":"product_tag-funline-poppers-es","20":"product_tag-intenso-poppers","21":"product_tag-limpiador-de-cuero","22":"product_tag-limpiadores-de-aromaterapia","23":"product_tag-mixto-poppers-paquete","24":"product_tag-negro-label-poppers","25":"product_tag-nitrito-de-amilo","26":"product_tag-nitrito-de-pentilo","27":"product_tag-poppers-paquete-mixto","28":"product_tag-premium-poppers-es","29":"product_tag-room-odorizer-es","31":"first","32":"instock","33":"sale","34":"taxable","35":"shipping-taxable","36":"purchasable","37":"product-type-simple"},"_links":{"self":[{"href":"https:\/\/huskybearpoppers.eu\/es\/wp-json\/wp\/v2\/product\/14786","targetHints":{"allow":["GET"]}}],"collection":[{"href":"https:\/\/huskybearpoppers.eu\/es\/wp-json\/wp\/v2\/product"}],"about":[{"href":"https:\/\/huskybearpoppers.eu\/es\/wp-json\/wp\/v2\/types\/product"}],"replies":[{"embeddable":true,"href":"https:\/\/huskybearpoppers.eu\/es\/wp-json\/wp\/v2\/comments?post=14786"}],"version-history":[{"count":0,"href":"https:\/\/huskybearpoppers.eu\/es\/wp-json\/wp\/v2\/product\/14786\/revisions"}],"wp:featuredmedia":[{"embeddable":true,"href":"https:\/\/huskybearpoppers.eu\/es\/wp-json\/wp\/v2\/media\/13526"}],"wp:attachment":[{"href":"https:\/\/huskybearpoppers.eu\/es\/wp-json\/wp\/v2\/media?parent=14786"}],"wp:term":[{"taxonomy":"product_brand","embeddable":true,"href":"https:\/\/huskybearpoppers.eu\/es\/wp-json\/wp\/v2\/product_brand?post=14786"},{"taxonomy":"product_cat","embeddable":true,"href":"https:\/\/huskybearpoppers.eu\/es\/wp-json\/wp\/v2\/product_cat?post=14786"},{"taxonomy":"product_tag","embeddable":true,"href":"https:\/\/huskybearpoppers.eu\/es\/wp-json\/wp\/v2\/product_tag?post=14786"}],"curies":[{"name":"wp","href":"https:\/\/api.w.org\/{rel}","templated":true}]}}