{"id":12568,"date":"2023-05-30T19:15:04","date_gmt":"2023-05-30T17:15:04","guid":{"rendered":"https:\/\/huskybearpoppers.eu\/product\/gape-boy-color-super-mezcla-poppers-30ml\/"},"modified":"2025-12-02T10:21:49","modified_gmt":"2025-12-02T08:21:49","slug":"gape-boy-color-super-mezcla-poppers-30ml","status":"publish","type":"product","link":"https:\/\/huskybearpoppers.eu\/es\/producto\/gape-boy-color-super-mezcla-poppers-30ml\/","title":{"rendered":"Gape Boy Color Super Mezcla Poppers 30ml"},"content":{"rendered":"<h2>Gape Boy Color Super Mezcla Poppers \u2013 Un Limpiador De Cuero Premium para Juguetes Sexuales<\/h2>\n<p>Cuando se trata de mantener tus <strong>juguetes sexuales de cuer<\/strong>o favoritos, s\u00f3lo lo mejor te servir\u00e1. <strong>Gape Boy Color Super Mezcla Poppers<\/strong> es un <strong>limpiador de cuero<\/strong> premium de 30ml dise\u00f1ado para mantener tus juguetes \u00edntimos en perfectas condiciones, garantizando siempre una experiencia fresca e higi\u00e9nica.<\/p>\n<h3>Potente F\u00f3rmula Limpiadora En La Que Puedes Confiar<\/h3>\n<p>Fabricada por <strong>PWD\u00ae Never Fake It<\/strong>, esta <strong>Mezcla de Nitrito de Amilo y Propilo<\/strong> es conocida por sus propiedades limpiadoras superiores, que hacen frente incluso a las manchas y acumulaciones m\u00e1s dif\u00edciles. Tanto si te est\u00e1s preparando para una noche inolvidable como si simplemente est\u00e1s dando a tus juguetes de piel unos cuidados bien merecidos, esta potente f\u00f3rmula hace el trabajo sin esfuerzo <\/p>\n<h2>\u00bfPor Qu\u00e9 Elegir Gape Boy Color Super Mezcla Poppers?<\/h2>\n<ul>\n<li><strong>Potente y Eficaz<\/strong> \u2013 Con una <strong>potencia de 4\/5<\/strong>, este limpiador funciona r\u00e1pida y eficazmente.<\/li>\n<li><strong>Ingredientes de Alta Calidad<\/strong> \u2013 Elaborado con una equilibrada <strong>Mezcla de Amil Propil Nitrito<\/strong> para un rendimiento \u00f3ptimo.<\/li>\n<li><strong>Botella M\u00e1s Grande de 30ml<\/strong>\u2013 M\u00e1s producto significa resultados m\u00e1s duraderos.<\/li>\n<li><strong>Fabricado en Luxemburgo<\/strong> \u2013 calidad Europea en la que puedes confiar.<\/li>\n<\/ul>\n<h3>C\u00f3mo Utilizarlo para Obtener los Mejores Resultados<\/h3>\n<ol>\n<li><strong>Aplica una peque\u00f1a cantidad<\/strong> de <strong>Gape Boy Color Super Mezcla Poppers<\/strong> en un pa\u00f1o suave.<\/li>\n<li><strong>Limpia suavemente tu juguete de cuero<\/strong>, asegur\u00e1ndote de cubrirlo bien.<\/li>\n<li><strong>Deja que se airee<\/strong> en un espacio bien ventilado antes de usarla.<\/li>\n<li>Una vez fresco y listo, <strong>disfruta de tus juguetes sexuales de cuero favoritos<\/strong> con tu pareja.<\/li>\n<\/ol>\n<p>Limpiar tus juguetes \u00edntimos no es s\u00f3lo cuesti\u00f3n de higiene, sino de mejorar cada experiencia. Un juguete bien mantenido se siente m\u00e1s suave, m\u00e1s fresco y siempre est\u00e1 listo para proporcionar el m\u00e1ximo placer. Con <strong>Gape Boy Color Super Mezcla Poppers<\/strong>, no s\u00f3lo limpias, sino que te preparas para momentos de pasi\u00f3n inolvidables.  <\/p>\n<p>Y si buscas otro <strong>potente limpiador de cuero<\/strong>, echa un vistazo a la <strong><a href=\"https:\/\/huskybearpoppers.eu\/es\/producto\/gold-skull-poppers-24ml\/\">Golden Skull Poppers 24ml<\/a> &#8211;<\/strong> imprescindible para los que quieren mantener su colecci\u00f3n en plena forma.<\/p>\n<p>Da rienda suelta a tus deseos m\u00e1s profundos con confianza. Limpia, ventila y deja volar tu imaginaci\u00f3n. <strong>Gape Boy Color Super Mezcla Poppers<\/strong> est\u00e1 aqu\u00ed para mantener tus juguetes de cuero en perfectas condiciones, para que puedas centrarte en el placer puro y desinhibido. <\/p>\n","protected":false},"excerpt":{"rendered":"<p><strong>\u00a1Da rienda suelta a tus fantas\u00edas m\u00e1s salvajes con Gape Boy Color Super Mezcla!<\/strong> Este <strong>limpiador de cuero de 30ml para juguetes sexuales<\/strong> est\u00e1 fabricado por <strong>PWD\u00ae Never Fake It<\/strong>, y proporciona una potente <strong>Mezcla de Amil Propil Nitrito<\/strong> para una experiencia de limpieza intensa. Con una <strong>potencia de 4\/5<\/strong>, garantiza que tus juguetes sexuales de cuero se mantengan frescos y listos para usar. <\/p>\n<p>Fabricada en <strong>Luxemburgo<\/strong>, esta f\u00f3rmula de primera calidad goza de la confianza de entusiastas de todo el mundo. Limpia, ventila y deja volar tu imaginaci\u00f3n\u2014 explora nuevas profundidades de placer con tus juguetes sexuales favoritos. Experimenta la diferencia con <strong>Gape Boy Color Super Mezcla<\/strong> y eleva tus momentos \u00edntimos como nunca antes.  <\/p>\n","protected":false},"featured_media":11817,"comment_status":"open","ping_status":"closed","template":"","meta":[],"product_brand":[9794],"product_cat":[899,1389,10014,10021,9825,1498,1422],"product_tag":[3505,3506,3211,3207,3503,3281,3280],"class_list":{"0":"post-12568","1":"product","2":"type-product","3":"status-publish","4":"has-post-thumbnail","6":"product_brand-twisted-beast-poppers","7":"product_cat-poppers-pwd-es","8":"product_cat-4-5-muy-fuerte-poppers","9":"product_cat-bear-brotherhood-poppers","10":"product_cat-leather-pride-poppers","11":"product_cat-p4qe-fmu0-v20w-txhm","12":"product_cat-grandes-poppers-es","13":"product_cat-propilo-amilo-mix-poppers-es","14":"product_tag-gape-boy-color-es","15":"product_tag-mezcla-de-amil-propil-nitrito","16":"product_tag-popper-es","17":"product_tag-poppers-es","18":"product_tag-poppers-de-colores","19":"product_tag-twisted-beast-es","20":"product_tag-twisted-beast-poppers-es","22":"first","23":"outofstock","24":"taxable","25":"shipping-taxable","26":"purchasable","27":"product-type-simple"},"_links":{"self":[{"href":"https:\/\/huskybearpoppers.eu\/es\/wp-json\/wp\/v2\/product\/12568","targetHints":{"allow":["GET"]}}],"collection":[{"href":"https:\/\/huskybearpoppers.eu\/es\/wp-json\/wp\/v2\/product"}],"about":[{"href":"https:\/\/huskybearpoppers.eu\/es\/wp-json\/wp\/v2\/types\/product"}],"replies":[{"embeddable":true,"href":"https:\/\/huskybearpoppers.eu\/es\/wp-json\/wp\/v2\/comments?post=12568"}],"version-history":[{"count":0,"href":"https:\/\/huskybearpoppers.eu\/es\/wp-json\/wp\/v2\/product\/12568\/revisions"}],"wp:featuredmedia":[{"embeddable":true,"href":"https:\/\/huskybearpoppers.eu\/es\/wp-json\/wp\/v2\/media\/11817"}],"wp:attachment":[{"href":"https:\/\/huskybearpoppers.eu\/es\/wp-json\/wp\/v2\/media?parent=12568"}],"wp:term":[{"taxonomy":"product_brand","embeddable":true,"href":"https:\/\/huskybearpoppers.eu\/es\/wp-json\/wp\/v2\/product_brand?post=12568"},{"taxonomy":"product_cat","embeddable":true,"href":"https:\/\/huskybearpoppers.eu\/es\/wp-json\/wp\/v2\/product_cat?post=12568"},{"taxonomy":"product_tag","embeddable":true,"href":"https:\/\/huskybearpoppers.eu\/es\/wp-json\/wp\/v2\/product_tag?post=12568"}],"curies":[{"name":"wp","href":"https:\/\/api.w.org\/{rel}","templated":true}]}}