{"id":5205,"date":"2024-07-25T14:16:34","date_gmt":"2024-07-25T12:16:34","guid":{"rendered":"https:\/\/huskybearpoppers.eu\/envase-discreto\/"},"modified":"2026-04-03T11:44:26","modified_gmt":"2026-04-03T09:44:26","slug":"envase-discreto","status":"publish","type":"page","link":"https:\/\/huskybearpoppers.eu\/es\/envase-discreto\/","title":{"rendered":"Envase Discreto"},"content":{"rendered":"\n<p><strong>Tu Privacidad es Nuestra Prioridad<\/strong><\/p>\n\n<p>En Husky Bear Poppers, comprendemos la importancia de la discreci\u00f3n al comprar poppers. Sabemos que la privacidad importa, y por eso hemos dise\u00f1ado un paquete discreto que garantiza la confidencialidad de tus preferencias personales. Con nuestro paquete discreto, puedes comprar con confianza, sabiendo que tu pedido llegar\u00e1 seguro y sin revelar su contenido.  <\/p>\n\n<div class=\"wp-block-rank-math-toc-block\" id=\"rank-math-toc\"><h2>Table of Contents<\/h2><nav><ul><li><a href=\"#1-why-choose-our-discrete-package\">1. \u00bfPor Qu\u00e9 Elegir Nuestro Paquete Discreto?<\/a><\/li><li><a href=\"#2-detailed-packaging-process\">2. Proceso Detallado de Embalaje<\/a><ul><li><a href=\"#2-1-unmarked-brown-boxes\">2.1 Cajas Marrones Sin Marca<\/a><\/li><li><a href=\"#2-2-secure-and-tamper-evident-sealing\">2.2 Sellado Seguro y Antimanipulaci\u00f3n<\/a><\/li><\/ul><\/li><li><a href=\"#3-labeling-and-privacy\">3. Etiquetado y Privacidad<\/a><ul><li><a href=\"#3-1-non-descriptive-shipping-labels\">3.1 Etiquetas de Env\u00edo No Descriptivas<\/a><\/li><li><a href=\"#3-2-generic-return-address\">3.2 Direcci\u00f3n de Devoluci\u00f3n Gen\u00e9rica<\/a><\/li><\/ul><\/li><li><a href=\"#4-shipping-across-europe\">4. Env\u00edo a Toda Europa<\/a><ul><li><a href=\"#4-1-fast-and-reliable-delivery\">4.1 Entrega R\u00e1pida y Fiable<\/a><\/li><li><a href=\"#4-2-expedited-shipping-options\">4.2 Opciones de Env\u00edo Acelerado<\/a><\/li><li><a href=\"#4-3-wide-european-coverage\">4.3 Amplia Cobertura Europea<\/a><\/li><li><a href=\"#4-4-shipping-partners\">4.4 Socios de Env\u00edo<\/a><\/li><\/ul><\/li><li><a href=\"#5-customer-privacy-assurance\">5. Garant\u00eda de Privacidad del Cliente<\/a><ul><li><a href=\"#5-1-secure-payment-methods\">5.1 M\u00e9todos de Pago Seguros<\/a><\/li><li><a href=\"#5-2-data-protection-policies\">5.2 Pol\u00edticas de Protecci\u00f3n de Datos<\/a><\/li><\/ul><\/li><li><a href=\"#6-packaging-standards\">6. Est\u00e1ndares de Embalaje<\/a><\/li><li><a href=\"#7-conclusion\">7. Conclusi\u00f3n<\/a><\/li><\/ul><\/nav><\/div>\n\n<h2 class=\"wp-block-heading\" id=\"1-why-choose-our-discrete-package\">1. \u00bfPor qu\u00e9 elegir nuestro Paquete Discreto?<\/h2>\n\n<p>Cuando eliges Husky Bear Poppers, est\u00e1s eligiendo privacidad, seguridad y tranquilidad. Nuestro discreto paquete ofrece varias ventajas para garantizar tu satisfacci\u00f3n: <\/p>\n\n<ol class=\"wp-block-list\">\n<li><strong>Embalaje Sin Marcar:<\/strong>\n<ul class=\"wp-block-list\">\n<li><strong>Cajas Marrones Lisas:<\/strong> Todos los pedidos se env\u00edan en cajas marrones sencillas y sin marcar. No hay logotipos, nombres de empresas ni detalles del producto en el exterior. <\/li>\n\n\n\n<li><strong>Etiquetas No Descriptivas:<\/strong> La direcci\u00f3n del remitente del paquete reza \u00abInternational Scalpers l.l.c.\u00bb, lo que garantiza la confidencialidad del contenido.<\/li>\n<\/ul>\n<\/li>\n\n\n\n<li><strong>Sin Indicaci\u00f3n del Contenido:<\/strong>\n<ul class=\"wp-block-list\">\n<li><strong>Sin Descripciones de Productos:<\/strong> En el interior no hay descripciones ni nombres de los productos, lo que garantiza una total privacidad.<\/li>\n\n\n\n<li><strong>Direcci\u00f3n De Devoluci\u00f3n Gen\u00e9rica:<\/strong> Nuestra direcci\u00f3n de devoluci\u00f3n es gen\u00e9rica y no indica la naturaleza de tu compra.<\/li>\n<\/ul>\n<\/li>\n\n\n\n<li><strong>Sellado Seguro:<\/strong>\n<ul class=\"wp-block-list\">\n<li><strong>Precinto a Prueba De Manipulaciones:<\/strong> Utilizamos m\u00e9todos de sellado inviolable de alta calidad para garantizar que tu paquete llegue intacto y sin abrir.<\/li>\n\n\n\n<li><strong>Prevenci\u00f3n De Da\u00f1os:<\/strong> Cada botella est\u00e1 cuidadosamente envuelta y acolchada para evitar roturas o fugas durante el transporte.<\/li>\n<\/ul>\n<\/li>\n<\/ol>\n\n<figure class=\"wp-block-gallery has-nested-images columns-3 is-cropped wp-block-gallery-1 is-layout-flex wp-block-gallery-is-layout-flex\">\n<figure class=\"wp-block-image size-large\"><img loading=\"lazy\" decoding=\"async\" width=\"576\" height=\"1024\" data-id=\"1607\" src=\"https:\/\/huskybearpoppers.eu\/wp-content\/uploads\/2024\/07\/Discreet-package-example-1-576x1024.jpg\" alt=\"\" class=\"wp-image-1607\" srcset=\"https:\/\/huskybearpoppers.eu\/wp-content\/uploads\/2024\/07\/Discreet-package-example-1-576x1024.jpg 576w, https:\/\/huskybearpoppers.eu\/wp-content\/uploads\/2024\/07\/Discreet-package-example-1-800x1422.jpg 800w, https:\/\/huskybearpoppers.eu\/wp-content\/uploads\/2024\/07\/Discreet-package-example-1-169x300.jpg 169w, https:\/\/huskybearpoppers.eu\/wp-content\/uploads\/2024\/07\/Discreet-package-example-1-768x1365.jpg 768w, https:\/\/huskybearpoppers.eu\/wp-content\/uploads\/2024\/07\/Discreet-package-example-1-864x1536.jpg 864w, https:\/\/huskybearpoppers.eu\/wp-content\/uploads\/2024\/07\/Discreet-package-example-1.jpg 900w\" sizes=\"auto, (max-width: 576px) 100vw, 576px\" \/><\/figure>\n\n\n\n<figure class=\"wp-block-image size-large\"><img loading=\"lazy\" decoding=\"async\" width=\"576\" height=\"1024\" data-id=\"1606\" src=\"https:\/\/huskybearpoppers.eu\/wp-content\/uploads\/2024\/07\/Discreet-package-example-2-576x1024.jpg\" alt=\"\" class=\"wp-image-1606\" srcset=\"https:\/\/huskybearpoppers.eu\/wp-content\/uploads\/2024\/07\/Discreet-package-example-2-576x1024.jpg 576w, https:\/\/huskybearpoppers.eu\/wp-content\/uploads\/2024\/07\/Discreet-package-example-2-800x1422.jpg 800w, https:\/\/huskybearpoppers.eu\/wp-content\/uploads\/2024\/07\/Discreet-package-example-2-169x300.jpg 169w, https:\/\/huskybearpoppers.eu\/wp-content\/uploads\/2024\/07\/Discreet-package-example-2-768x1365.jpg 768w, https:\/\/huskybearpoppers.eu\/wp-content\/uploads\/2024\/07\/Discreet-package-example-2-864x1536.jpg 864w, https:\/\/huskybearpoppers.eu\/wp-content\/uploads\/2024\/07\/Discreet-package-example-2.jpg 900w\" sizes=\"auto, (max-width: 576px) 100vw, 576px\" \/><\/figure>\n\n\n\n<figure class=\"wp-block-image size-large\"><img loading=\"lazy\" decoding=\"async\" width=\"576\" height=\"1024\" data-id=\"1605\" src=\"https:\/\/huskybearpoppers.eu\/wp-content\/uploads\/2024\/07\/Discreet-package-example-3-576x1024.jpg\" alt=\"\" class=\"wp-image-1605\" srcset=\"https:\/\/huskybearpoppers.eu\/wp-content\/uploads\/2024\/07\/Discreet-package-example-3-576x1024.jpg 576w, https:\/\/huskybearpoppers.eu\/wp-content\/uploads\/2024\/07\/Discreet-package-example-3-800x1422.jpg 800w, https:\/\/huskybearpoppers.eu\/wp-content\/uploads\/2024\/07\/Discreet-package-example-3-169x300.jpg 169w, https:\/\/huskybearpoppers.eu\/wp-content\/uploads\/2024\/07\/Discreet-package-example-3-768x1365.jpg 768w, https:\/\/huskybearpoppers.eu\/wp-content\/uploads\/2024\/07\/Discreet-package-example-3-864x1536.jpg 864w, https:\/\/huskybearpoppers.eu\/wp-content\/uploads\/2024\/07\/Discreet-package-example-3.jpg 900w\" sizes=\"auto, (max-width: 576px) 100vw, 576px\" \/><\/figure>\n<\/figure>\n\n<h2 class=\"wp-block-heading\" id=\"2-detailed-packaging-process\">2. Proceso Detallado de Embalaje<\/h2>\n\n<p>Nuestro detallado proceso de embalaje garantiza la seguridad y privacidad de tu pedido. Cada pedido se embala cuidadosamente en cajas marrones resistentes. Utilizamos materiales de embalaje de alta calidad para asegurar tus art\u00edculos y evitar cualquier da\u00f1o durante el transporte. El embalaje est\u00e1 dise\u00f1ado para ser inviolable, lo que significa que cualquier intento de abrir el paquete ser\u00e1 perceptible, garantizando que tu pedido permanezca intacto y confidencial.   <\/p>\n\n<h3 class=\"wp-block-heading\" id=\"2-1-unmarked-brown-boxes\">2.1 Cajas Marrones Sin Marca<\/h3>\n\n<p>Comprendemos la importancia de la discreci\u00f3n, por eso utilizamos cajas marrones lisas y sin marcar para todos nuestros env\u00edos. Estas cajas no llevan ning\u00fan logotipo, nombre de empresa ni detalles del producto en el exterior. Esto garantiza que tu privacidad se mantiene desde el momento en que tu pedido sale de nuestras instalaciones hasta que llega a tu puerta.  <\/p>\n\n<h3 class=\"wp-block-heading\" id=\"2-2-secure-and-tamper-evident-sealing\">2.2 Sellado Seguro y Antimanipulaci\u00f3n<\/h3>\n\n<p>Para garantizar a\u00fan m\u00e1s tu privacidad y la integridad de tu pedido, utilizamos m\u00e9todos de sellado a prueba de manipulaciones. Nuestros paquetes est\u00e1n sellados de forma segura, y cualquier intento de abrirlos ser\u00e1 evidente. Esto te proporciona la seguridad de que tu pedido no ha sido manipulado durante el env\u00edo.  <\/p>\n\n<h2 class=\"wp-block-heading\" id=\"3-labeling-and-privacy\">3. Etiquetado y Privacidad<\/h2>\n\n<p>Tomamos medidas adicionales para garantizar tu privacidad. La etiqueta de env\u00edo no es descriptiva y s\u00f3lo incluye la informaci\u00f3n de entrega necesaria. El nombre del remitente figura como \u00abInternational Scalpers l.l.c.\u00bb, sin ninguna referencia a Husky Bear Poppers ni a los productos que contiene. De este modo, se mantiene tu privacidad desde el momento en que tu pedido sale de nuestras instalaciones hasta que llega a tu puerta.   <\/p>\n\n<figure class=\"wp-block-image size-full\"><img loading=\"lazy\" decoding=\"async\" width=\"582\" height=\"693\" src=\"https:\/\/huskybearpoppers.eu\/wp-content\/uploads\/2024\/08\/dhl-shipping-lable.png\" alt=\"\" class=\"wp-image-2990\" srcset=\"https:\/\/huskybearpoppers.eu\/wp-content\/uploads\/2024\/08\/dhl-shipping-lable.png 582w, https:\/\/huskybearpoppers.eu\/wp-content\/uploads\/2024\/08\/dhl-shipping-lable-252x300.png 252w\" sizes=\"auto, (max-width: 582px) 100vw, 582px\" \/><\/figure>\n\n<h3 class=\"wp-block-heading\" id=\"3-1-non-descriptive-shipping-labels\">3.1 Etiquetas de Env\u00edo No Descriptivas<\/h3>\n\n<p>Nuestras etiquetas de env\u00edo est\u00e1n dise\u00f1adas para ser lo m\u00e1s discretas posible. S\u00f3lo incluyen la informaci\u00f3n de entrega necesaria, y el remitente figura como \u00abInternational Scalpers l.l.c.\u00bb. No se menciona a Husky Bear Poppers ni la naturaleza de los productos que contiene el paquete. Esto garantiza la protecci\u00f3n de tu privacidad durante todo el proceso de env\u00edo.   <\/p>\n\n<h3 class=\"wp-block-heading\" id=\"3-2-generic-return-address\">3.2 Direcci\u00f3n de Devoluci\u00f3n Gen\u00e9rica<\/h3>\n\n<p>Para garantizar a\u00fan m\u00e1s tu privacidad, utilizamos una direcci\u00f3n de devoluci\u00f3n gen\u00e9rica en todos nuestros paquetes. Esta direcci\u00f3n no indica la naturaleza de tu compra, lo que proporciona una capa adicional de discreci\u00f3n. Tanto si recibes el paquete en casa, en la oficina o en cualquier otro lugar, puedes estar seguro de que su contenido es confidencial.  <\/p>\n\n<h2 class=\"wp-block-heading\" id=\"4-shipping-across-europe\">4. Env\u00edo a Toda Europa<\/h2>\n\n<p>Ofrecemos env\u00edos r\u00e1pidos y fiables a toda Europa. Nuestros plazos de entrega est\u00e1ndar son r\u00e1pidos, y tambi\u00e9n ofrecemos opciones de env\u00edo urgente para quienes necesiten sus pedidos antes. Independientemente de tu ubicaci\u00f3n en Europa, puedes esperar que tu discreto paquete llegue r\u00e1pido y seguro.<strong> Obt\u00e9n m\u00e1s informaci\u00f3n sobre d\u00f3nde realizamos los env\u00edos en nuestra p\u00e1gina <a href=\"https:\/\/huskybearpoppers.eu\/es\/informacion-de-envio\/\">Informaci\u00f3n Sobre Env\u00edos<\/a>.<\/strong>  <\/p>\n\n<h3 class=\"wp-block-heading\" id=\"4-1-fast-and-reliable-delivery\">4.1 Entrega R\u00e1pida y Fiable<\/h3>\n\n<p>Entendemos que quieres tus productos lo antes posible. Por eso ofrecemos env\u00edos r\u00e1pidos y fiables en toda Europa. Nuestros plazos de entrega est\u00e1ndar est\u00e1n dise\u00f1ados para que recibas tu pedido r\u00e1pidamente, sin comprometer la privacidad y seguridad de tu discreto paquete.  <\/p>\n\n<h3 class=\"wp-block-heading\" id=\"4-2-expedited-shipping-options\">4.2 Opciones de Env\u00edo Acelerado<\/h3>\n\n<p>Para quienes necesiten sus pedidos a\u00fan m\u00e1s r\u00e1pido, ofrecemos opciones de env\u00edo acelerado. Estas opciones garantizan que tu discreto paquete llegue lo antes posible, manteniendo los m\u00e1s altos niveles de privacidad y seguridad. Tanto si eliges el env\u00edo est\u00e1ndar como el acelerado, puedes confiar en que tu pedido se tratar\u00e1 con cuidado y discreci\u00f3n.  <\/p>\n\n<h3 class=\"wp-block-heading\" id=\"4-3-wide-european-coverage\">4.3 Amplia Cobertura Europea<\/h3>\n\n<p>Est\u00e9s donde est\u00e9s en Europa, Husky Bear Poppers puede entregarte tu pedido. Nuestros servicios de env\u00edo cubren una amplia gama de ubicaciones en todo el continente, garantizando que tu discreto paquete te llegue de forma r\u00e1pida y segura. Desde las principales ciudades hasta las zonas m\u00e1s remotas, nos comprometemos a proporcionar servicios de entrega fiables a todos nuestros clientes.  <\/p>\n\n<h3 class=\"wp-block-heading\" id=\"4-4-shipping-partners\">4.4 Socios de Env\u00edo<\/h3>\n\n<p>Nos asociamos con transportistas de confianza como DHL, GLS y DPD para garantizar que tu discreto paquete se entrega de forma segura y puntual. Estos transportistas son conocidos por su fiabilidad y profesionalidad, lo que garantiza a\u00fan m\u00e1s que tu pedido llegue en perfectas condiciones. <\/p>\n\n<figure class=\"wp-block-image size-large\"><img loading=\"lazy\" decoding=\"async\" width=\"1024\" height=\"134\" src=\"https:\/\/huskybearpoppers.eu\/wp-content\/uploads\/2024\/07\/Shipping-Partners-1024x134.jpg\" alt=\"\" class=\"wp-image-1603\" srcset=\"https:\/\/huskybearpoppers.eu\/wp-content\/uploads\/2024\/07\/Shipping-Partners-1024x134.jpg 1024w, https:\/\/huskybearpoppers.eu\/wp-content\/uploads\/2024\/07\/Shipping-Partners-1000x131.jpg 1000w, https:\/\/huskybearpoppers.eu\/wp-content\/uploads\/2024\/07\/Shipping-Partners-300x39.jpg 300w, https:\/\/huskybearpoppers.eu\/wp-content\/uploads\/2024\/07\/Shipping-Partners-768x101.jpg 768w, https:\/\/huskybearpoppers.eu\/wp-content\/uploads\/2024\/07\/Shipping-Partners-1536x202.jpg 1536w, https:\/\/huskybearpoppers.eu\/wp-content\/uploads\/2024\/07\/Shipping-Partners.jpg 1920w\" sizes=\"auto, (max-width: 1024px) 100vw, 1024px\" \/><\/figure>\n\n<h2 class=\"wp-block-heading\" id=\"5-customer-privacy-assurance\">5. Garant\u00eda de Privacidad del Cliente<\/h2>\n\n<p>M\u00e1s all\u00e1 del embalaje, nos comprometemos a proteger tu privacidad durante todo el proceso de pedido. Nuestro sitio web utiliza m\u00e9todos de pago seguros y contamos con estrictas pol\u00edticas de protecci\u00f3n de datos. Tu informaci\u00f3n personal se trata siempre con el m\u00e1ximo cuidado y confidencialidad.  <\/p>\n\n<h3 class=\"wp-block-heading\" id=\"5-1-secure-payment-methods\">5.1 M\u00e9todos de Pago Seguros<\/h3>\n\n<p>En Husky Bear Poppers, entendemos la importancia de las transacciones seguras. Ofrecemos una variedad de m\u00e9todos de pago seguros para garantizar que tu informaci\u00f3n financiera est\u00e1 protegida. Tanto si eliges pagar con tarjeta de cr\u00e9dito, contra reembolso u otro m\u00e9todo, puedes confiar en que tus datos de pago est\u00e1n seguros con nosotros.  <\/p>\n\n<h3 class=\"wp-block-heading\" id=\"5-2-data-protection-policies\">5.2 Pol\u00edticas de Protecci\u00f3n de Datos<\/h3>\n\n<p>Nos tomamos muy en serio la protecci\u00f3n de datos. Nuestro sitio web est\u00e1 equipado con medidas de seguridad avanzadas para proteger tu informaci\u00f3n personal. Nos adherimos a estrictas pol\u00edticas de protecci\u00f3n de datos, garantizando que tu informaci\u00f3n nunca se comparta con terceros sin tu consentimiento. Tu privacidad es nuestra m\u00e1xima prioridad, tanto durante como despu\u00e9s de tu compra.   <\/p>\n\n<h2 class=\"wp-block-heading\" id=\"6-packaging-standards\">6. Est\u00e1ndares de Embalaje<\/h2>\n\n<p>Cumplimos las normas de embalaje de la International Air Transport Association (IATA). Esto garantiza que tu pedido no s\u00f3lo sea discreto, sino que tambi\u00e9n cumpla la normativa internacional sobre env\u00edos. Nuestra adhesi\u00f3n a estas normas garantiza que tu discreto paquete se manipule de forma segura y responsable durante el tr\u00e1nsito.  <\/p>\n\n<figure class=\"wp-block-image size-full is-resized is-style-default\"><a href=\"https:\/\/www.iata.org\/en\/publications\/manuals-standards-regulations\/\" target=\"_blank\" rel=\"noreferrer noopener\"><img loading=\"lazy\" decoding=\"async\" width=\"378\" height=\"396\" src=\"https:\/\/huskybearpoppers.eu\/wp-content\/uploads\/2024\/07\/iata-certificat.jpg\" alt=\"\" class=\"wp-image-1604\" style=\"width:161px;height:auto\" srcset=\"https:\/\/huskybearpoppers.eu\/wp-content\/uploads\/2024\/07\/iata-certificat.jpg 378w, https:\/\/huskybearpoppers.eu\/wp-content\/uploads\/2024\/07\/iata-certificat-286x300.jpg 286w\" sizes=\"auto, (max-width: 378px) 100vw, 378px\" \/><\/a><\/figure>\n\n<h2 class=\"wp-block-heading\" id=\"7-conclusion\">7. Conclusi\u00f3n<\/h2>\n\n<p>En resumen, nuestro paquete discreto est\u00e1 dise\u00f1ado para proporcionarte el m\u00e1ximo nivel de privacidad y seguridad. Desde el momento en que haces tu pedido hasta que llega a tu puerta, nos aseguramos de que tus preferencias personales sigan siendo confidenciales. Elige Husky Bear Poppers para disfrutar de una experiencia de compra fiable y discreta.  <\/p>\n\n<p>Con nuestro discreto embalaje, puedes comprar con confianza, sabiendo que tu intimidad est\u00e1 protegida en todo momento. Experimenta la tranquilidad de nuestro embalaje seguro y discreto, y disfruta de tu compra sin preocupaciones. <\/p>\n","protected":false},"excerpt":{"rendered":"<p>Tu Privacidad es Nuestra Prioridad En Husky Bear Poppers, comprendemos la importancia de la discreci\u00f3n al comprar poppers. Sabemos que la privacidad importa, y por eso hemos dise\u00f1ado un paquete discreto que garantiza la confidencialidad de tus preferencias personales. Con nuestro paquete discreto, puedes comprar con confianza, sabiendo que tu pedido llegar\u00e1 seguro y sin [&hellip;]<\/p>\n","protected":false},"author":1,"featured_media":25770,"parent":0,"menu_order":0,"comment_status":"closed","ping_status":"closed","template":"","meta":{"footnotes":""},"class_list":["post-5205","page","type-page","status-publish","has-post-thumbnail","hentry"],"blocksy_meta":[],"_links":{"self":[{"href":"https:\/\/huskybearpoppers.eu\/es\/wp-json\/wp\/v2\/pages\/5205","targetHints":{"allow":["GET"]}}],"collection":[{"href":"https:\/\/huskybearpoppers.eu\/es\/wp-json\/wp\/v2\/pages"}],"about":[{"href":"https:\/\/huskybearpoppers.eu\/es\/wp-json\/wp\/v2\/types\/page"}],"author":[{"embeddable":true,"href":"https:\/\/huskybearpoppers.eu\/es\/wp-json\/wp\/v2\/users\/1"}],"replies":[{"embeddable":true,"href":"https:\/\/huskybearpoppers.eu\/es\/wp-json\/wp\/v2\/comments?post=5205"}],"version-history":[{"count":0,"href":"https:\/\/huskybearpoppers.eu\/es\/wp-json\/wp\/v2\/pages\/5205\/revisions"}],"wp:featuredmedia":[{"embeddable":true,"href":"https:\/\/huskybearpoppers.eu\/es\/wp-json\/wp\/v2\/media\/25770"}],"wp:attachment":[{"href":"https:\/\/huskybearpoppers.eu\/es\/wp-json\/wp\/v2\/media?parent=5205"}],"curies":[{"name":"wp","href":"https:\/\/api.w.org\/{rel}","templated":true}]}}