{"id":28477,"date":"2026-03-22T16:04:31","date_gmt":"2026-03-22T14:04:31","guid":{"rendered":"https:\/\/huskybearpoppers.eu\/quiz-de-recomendacion-de-poppers-encuentra-tu-eleccion-perfecta\/"},"modified":"2026-04-28T08:16:12","modified_gmt":"2026-04-28T06:16:12","slug":"quiz-de-recomendacion-de-poppers-encuentra-tu-eleccion-perfecta","status":"publish","type":"page","link":"https:\/\/huskybearpoppers.eu\/es\/quiz-de-recomendacion-de-poppers-encuentra-tu-eleccion-perfecta\/","title":{"rendered":"Quiz de recomendaci\u00f3n de Poppers \u2013 Encuentra tu elecci\u00f3n perfecta"},"content":{"rendered":"\n<div class=\"wp-block-group is-layout-constrained wp-block-group-is-layout-constrained\" style=\"margin-top:var(--wp--preset--spacing--30);margin-bottom:var(--wp--preset--spacing--30)\">\n<h1 class=\"wp-block-heading has-text-align-center\">Quiz de recomendaci\u00f3n de Poppers \u2013<mark style=\"background-color:rgba(0, 0, 0, 0)\" class=\"has-inline-color has-palette-color-2-color\"> Encuentra tu elecci\u00f3n perfecta<\/mark><\/h1>\n\n\n\n<p class=\"has-text-align-center\">No todos los poppers son iguales &#8211; y elegir el equivocado puede arruinar la experiencia.<\/p>\n\n\n\n<p class=\"has-text-align-center\">Por eso hemos creado este quiz r\u00e1pido.<\/p>\n\n\n\n<p class=\"has-text-align-center\">En menos de 60 segundos, obtendr\u00e1s una recomendaci\u00f3n personalizada basada en tu nivel de experiencia, preferencias y qu\u00e9 tipo de efecto est\u00e1s buscando realmente. Ya sea que quieras algo suave y ligero o fuerte e intenso, este quiz corta el ruido y te dice exactamente por d\u00f3nde empezar. <\/p>\n\n\n\n<p class=\"has-text-align-center\"><strong>Sin adivinanzas. Sin dinero desperdiciado. Solo el producto adecuado para ti.  <\/strong><\/p>\n\n\n\n<div class=\"wp-block-buttons is-content-justification-center is-layout-flex wp-container-core-buttons-is-layout-241c0bc1 wp-block-buttons-is-layout-flex\">\n<div class=\"wp-block-button\"><a class=\"wp-block-button__link has-white-color has-palette-color-1-background-color has-text-color has-background has-link-color has-custom-font-size wp-element-button\" href=\"https:\/\/huskybearpoppers.eu\/es\/quiz-de-recomendacion-de-poppers-encuentra-tu-eleccion-perfecta\/#quiz-p3HK2oJ\/\" style=\"border-radius:8px;padding-top:15px;padding-right:25px;padding-bottom:15px;padding-left:25px;font-size:clamp(14px, 0.875rem + ((1vw - 3.2px) * 0.313), 18px);font-style:normal;font-weight:600\"> Empieza el quiz ahora \ud83d\udc49<\/a><\/div>\n<\/div>\n<\/div>\n\n<p><\/p>\n","protected":false},"excerpt":{"rendered":"<p>Quiz de recomendaci\u00f3n de Poppers \u2013 Encuentra tu elecci\u00f3n perfecta No todos los poppers son iguales &#8211; y elegir el equivocado puede arruinar la experiencia. Por eso hemos creado este quiz r\u00e1pido. En menos de 60 segundos, obtendr\u00e1s una recomendaci\u00f3n personalizada basada en tu nivel de experiencia, preferencias y qu\u00e9 tipo de efecto est\u00e1s buscando [&hellip;]<\/p>\n","protected":false},"author":1,"featured_media":25770,"parent":0,"menu_order":0,"comment_status":"closed","ping_status":"closed","template":"","meta":{"footnotes":""},"class_list":["post-28477","page","type-page","status-publish","has-post-thumbnail","hentry"],"blocksy_meta":{"content_style_source":"inherit","vertical_spacing_source":"custom","has_hero_section":"disabled","hero_alignment1":"center","styles_descriptor":{"styles":{"desktop":"","tablet":"","mobile":""},"google_fonts":[],"version":6},"pageExcerptColor":{"default":{"color":"var(--theme-palette-color-4)"}}},"_links":{"self":[{"href":"https:\/\/huskybearpoppers.eu\/es\/wp-json\/wp\/v2\/pages\/28477","targetHints":{"allow":["GET"]}}],"collection":[{"href":"https:\/\/huskybearpoppers.eu\/es\/wp-json\/wp\/v2\/pages"}],"about":[{"href":"https:\/\/huskybearpoppers.eu\/es\/wp-json\/wp\/v2\/types\/page"}],"author":[{"embeddable":true,"href":"https:\/\/huskybearpoppers.eu\/es\/wp-json\/wp\/v2\/users\/1"}],"replies":[{"embeddable":true,"href":"https:\/\/huskybearpoppers.eu\/es\/wp-json\/wp\/v2\/comments?post=28477"}],"version-history":[{"count":1,"href":"https:\/\/huskybearpoppers.eu\/es\/wp-json\/wp\/v2\/pages\/28477\/revisions"}],"predecessor-version":[{"id":28478,"href":"https:\/\/huskybearpoppers.eu\/es\/wp-json\/wp\/v2\/pages\/28477\/revisions\/28478"}],"wp:featuredmedia":[{"embeddable":true,"href":"https:\/\/huskybearpoppers.eu\/es\/wp-json\/wp\/v2\/media\/25770"}],"wp:attachment":[{"href":"https:\/\/huskybearpoppers.eu\/es\/wp-json\/wp\/v2\/media?parent=28477"}],"curies":[{"name":"wp","href":"https:\/\/api.w.org\/{rel}","templated":true}]}}