{"id":28257,"date":"2026-04-18T13:21:07","date_gmt":"2026-04-18T11:21:07","guid":{"rendered":"https:\/\/huskybearpoppers.eu\/?page_id=28257"},"modified":"2026-04-25T16:04:45","modified_gmt":"2026-04-25T14:04:45","slug":"nuestros-patrocinadores-y-socios","status":"publish","type":"page","link":"https:\/\/huskybearpoppers.eu\/es\/nuestros-patrocinadores-y-socios\/","title":{"rendered":"Nuestros patrocinadores y socios"},"content":{"rendered":"\n<style>\n.pt-wrap *, .pt-wrap *::before, .pt-wrap *::after { box-sizing: border-box; margin: 0; padding: 0; }\n.pt-wrap { max-width: 1200px; margin: 0 auto; padding: 40px 16px 80px; font-family: -apple-system, BlinkMacSystemFont, 'Segoe UI', sans-serif; color: #1a1a1a; }\n\n.pt-hero { text-align: center; margin-bottom: 56px; }\n.pt-hero-eyebrow { display: inline-block; font-size: 0.72rem; font-weight: 700; letter-spacing: 0.14em; text-transform: uppercase; color: #7600CA; background: #f3e8ff; padding: 5px 14px; border-radius: 20px; margin-bottom: 16px; }\n.pt-hero-title { font-size: 2.4rem; font-weight: 800; color: #1a1a1a; line-height: 1.15; margin-bottom: 14px; }\n.pt-hero-title span { background: linear-gradient(135deg, #7600CA, #feca57); -webkit-background-clip: text; -webkit-text-fill-color: transparent; background-clip: text; }\n.pt-hero-sub { font-size: 1rem; color: #666; max-width: 540px; margin: 0 auto; line-height: 1.65; }\n\n.pt-section-label { font-size: 0.72rem; font-weight: 700; letter-spacing: 0.14em; text-transform: uppercase; color: #7600CA; margin-bottom: 8px; }\n.pt-section-title { font-size: 1.7rem; font-weight: 800; color: #1a1a1a; margin-bottom: 6px; }\n.pt-section-sub { font-size: 0.9rem; color: #777; margin-bottom: 28px; }\n\n\/* \u2500\u2500 PARTNER CARDS \u2500\u2500 *\/\n.pt-grid { display: grid; grid-template-columns: 1fr; gap: 24px; margin-bottom: 72px; }\n.pt-card { background: #fff; border: 1.5px solid #ebebeb; border-radius: 18px; overflow: hidden; display: flex; flex-direction: column; }\n.pt-card-img-wrap { width: 100%; aspect-ratio: 16\/9; background: #f8f8f8; display: flex; align-items: center; justify-content: center; overflow: hidden; border-bottom: 1.5px solid #ebebeb; }\n.pt-card-img-wrap img { width: 100%; height: 100%; object-fit: cover; }\n.pt-card-body { padding: 20px 20px 24px; display: flex; flex-direction: column; flex: 1; }\n.pt-card-meta { display: flex; align-items: center; gap: 8px; margin-bottom: 10px; }\n.pt-card-location { font-size: 0.72rem; color: #999; font-weight: 600; letter-spacing: 0.06em; text-transform: uppercase; display: flex; align-items: center; gap: 4px; }\n.pt-card-location::before { content: ''; display: inline-block; width: 6px; height: 6px; border-radius: 50%; background: #7600CA; flex-shrink: 0; }\n.pt-card-category { font-size: 0.68rem; font-weight: 700; color: #7600CA; background: #f3e8ff; padding: 2px 8px; border-radius: 10px; text-transform: uppercase; letter-spacing: 0.05em; }\n.pt-card-title { font-size: 1.2rem; font-weight: 800; color: #1a1a1a; margin-bottom: 8px; line-height: 1.2; }\n.pt-card-desc { font-size: 0.875rem; color: #666; line-height: 1.6; margin-bottom: 18px; flex: 1; }\n.pt-code-box { border: 1.5px dashed #c084fc; border-radius: 10px; padding: 12px 14px; margin-bottom: 14px; background: #fdf8ff; display: flex; align-items: center; justify-content: space-between; gap: 10px; }\n.pt-code-label { font-size: 0.7rem; font-weight: 700; color: #9333ea; text-transform: uppercase; letter-spacing: 0.07em; margin-bottom: 3px; }\n.pt-code-value { font-size: 1rem; font-weight: 800; color: #4c1d95; letter-spacing: 0.1em; }\n.pt-code-copy { background: none; border: 1.5px solid #c084fc; border-radius: 7px; padding: 5px 10px; font-size: 0.72rem; font-weight: 700; color: #7600CA; cursor: pointer; white-space: nowrap; }\n.pt-card-btn { display: block; text-align: center; background: linear-gradient(135deg, #7600CA, #feca57); color: #fff !important; font-size: 0.9rem; font-weight: 700; padding: 12px 20px; border-radius: 10px; text-decoration: none; }\n.pt-card-btn:visited { color: #fff !important; }\n\n\/* \u2500\u2500 B2B PARTNER PROGRAMME SECTION \u2500\u2500 *\/\n.pt-b2b { background: #fff; border: 2px solid #7600CA; border-radius: 20px; padding: 36px 28px; margin-bottom: 72px; }\n.pt-b2b-eyebrow { display: inline-block; font-size: 0.7rem; font-weight: 700; letter-spacing: 0.14em; text-transform: uppercase; color: #7600CA; background: #f3e8ff; padding: 4px 12px; border-radius: 20px; margin-bottom: 14px; }\n.pt-b2b-title { font-size: 1.6rem; font-weight: 800; color: #1a1a1a; margin-bottom: 10px; line-height: 1.2; }\n.pt-b2b-sub { font-size: 0.92rem; color: #666; line-height: 1.7; margin-bottom: 24px; max-width: 700px; }\n\n.pt-b2b-perks { display: grid; grid-template-columns: 1fr; gap: 12px; margin-bottom: 28px; }\n.pt-b2b-perk { background: #f9f9f9; border: 1.5px solid #ebebeb; border-radius: 12px; padding: 16px 18px; display: flex; align-items: flex-start; gap: 12px; }\n.pt-b2b-perk-icon { width: 36px; height: 36px; border-radius: 9px; background: #f3e8ff; display: flex; align-items: center; justify-content: center; font-size: 1rem; flex-shrink: 0; }\n.pt-b2b-perk-title { font-size: 0.9rem; font-weight: 700; color: #1a1a1a; margin-bottom: 2px; }\n.pt-b2b-perk-text { font-size: 0.82rem; color: #666; line-height: 1.5; }\n\n\/* \u2500\u2500 MILESTONE TABLE \u2500\u2500 *\/\n.pt-milestone-wrap { margin-bottom: 24px; }\n.pt-milestone-title { font-size: 1rem; font-weight: 700; color: #1a1a1a; margin-bottom: 14px; }\n.pt-milestone-table { width: 100%; border-collapse: collapse; }\n.pt-milestone-table th { background: #1a1a1a; color: #feca57; font-size: 0.75rem; font-weight: 700; text-transform: uppercase; letter-spacing: 0.07em; padding: 10px 14px; text-align: left; }\n.pt-milestone-table th:last-child { text-align: right; }\n.pt-milestone-table td { padding: 10px 14px; font-size: 0.88rem; border-bottom: 1px solid #f0f0f0; }\n.pt-milestone-table tr:last-child td { border-bottom: none; }\n.pt-milestone-table tr:nth-child(even) td { background: #f9f9f9; }\n.pt-milestone-sales { font-weight: 700; color: #1a1a1a; }\n.pt-milestone-bonus { font-weight: 800; color: #7600CA; text-align: right; }\n.pt-milestone-bar-wrap { flex: 1; background: #f0f0f0; border-radius: 4px; height: 6px; margin: 0 12px; overflow: hidden; }\n.pt-milestone-bar { height: 6px; background: linear-gradient(90deg, #7600CA, #feca57); border-radius: 4px; }\n\n.pt-b2b-cta { text-align: center; }\n.pt-b2b-cta-text { font-size: 0.88rem; color: #777; margin-bottom: 14px; }\n.pt-b2b-btn { display: inline-block; background: linear-gradient(135deg, #7600CA, #feca57); color: #fff !important; font-size: 0.95rem; font-weight: 700; padding: 13px 30px; border-radius: 50px; text-decoration: none; }\n.pt-b2b-btn:visited { color: #fff !important; }\n\n\/* \u2500\u2500 SPONSORSHIP CARDS \u2500\u2500 *\/\n.pt-divider { height: 1px; background: #ebebeb; margin: 0 0 56px; }\n.pt-sp-grid { display: grid; grid-template-columns: 1fr; gap: 24px; margin-bottom: 72px; }\n.pt-sp-card { background: #fff; border: 1.5px solid #ebebeb; border-radius: 18px; overflow: hidden; display: flex; flex-direction: column; }\n.pt-sp-img-wrap { width: 100%; aspect-ratio: 16\/9; background: #f8f8f8; display: flex; align-items: center; justify-content: center; overflow: hidden; border-bottom: 1.5px solid #ebebeb; position: relative; }\n.pt-sp-img-wrap img { width: 100%; height: 100%; object-fit: cover; }\n.pt-sp-badge { position: absolute; top: 12px; left: 12px; background: #1a1a1a; color: #feca57; font-size: 0.65rem; font-weight: 800; letter-spacing: 0.1em; text-transform: uppercase; padding: 4px 10px; border-radius: 20px; }\n.pt-sp-body { padding: 20px 20px 24px; display: flex; flex-direction: column; flex: 1; }\n.pt-sp-meta { display: flex; align-items: center; gap: 8px; margin-bottom: 10px; }\n.pt-sp-location { font-size: 0.72rem; color: #999; font-weight: 600; letter-spacing: 0.06em; text-transform: uppercase; display: flex; align-items: center; gap: 4px; }\n.pt-sp-location::before { content: ''; display: inline-block; width: 6px; height: 6px; border-radius: 50%; background: #feca57; flex-shrink: 0; }\n.pt-sp-type { font-size: 0.68rem; font-weight: 700; color: #92400e; background: #fffbeb; padding: 2px 8px; border-radius: 10px; text-transform: uppercase; letter-spacing: 0.05em; }\n.pt-sp-title { font-size: 1.2rem; font-weight: 800; color: #1a1a1a; margin-bottom: 8px; line-height: 1.2; }\n.pt-sp-desc { font-size: 0.875rem; color: #666; line-height: 1.6; margin-bottom: 18px; flex: 1; }\n.pt-sp-socials { display: flex; flex-wrap: wrap; gap: 8px; margin-bottom: 16px; }\n.pt-sp-social { display: inline-flex; align-items: center; gap: 6px; font-size: 0.78rem; font-weight: 700; color: #555; background: #f5f5f5; border: 1.5px solid #e5e5e5; border-radius: 8px; padding: 6px 12px; text-decoration: none; }\n.pt-sp-social:visited { color: #555; }\n.pt-sp-btn { display: block; text-align: center; background: #1a1a1a; color: #fff !important; font-size: 0.9rem; font-weight: 700; padding: 12px 20px; border-radius: 10px; text-decoration: none; }\n.pt-sp-btn:visited { color: #fff !important; }\n\n\/* \u2500\u2500 SEO \u2500\u2500 *\/\n.pt-seo { border-top: 1.5px solid #ebebeb; padding-top: 56px; margin-bottom: 56px; }\n.pt-seo-title { font-size: 1.5rem; font-weight: 800; color: #1a1a1a; margin-bottom: 16px; }\n.pt-seo-text { font-size: 0.9rem; color: #666; line-height: 1.8; max-width: 860px; }\n.pt-seo-text p { margin-bottom: 14px; }\n.pt-seo-text p:last-child { margin-bottom: 0; }\n\n\/* \u2500\u2500 JOIN \u2500\u2500 *\/\n.pt-join { background: linear-gradient(135deg, #1a1a1a 0%, #2d1052 100%); border-radius: 20px; padding: 40px 28px; text-align: center; color: #fff; }\n.pt-join-eyebrow { display: inline-block; font-size: 0.7rem; font-weight: 700; letter-spacing: 0.14em; text-transform: uppercase; color: #feca57; margin-bottom: 14px; }\n.pt-join-title { font-size: 1.7rem; font-weight: 800; color: #fff; margin-bottom: 12px; line-height: 1.2; }\n.pt-join-text { font-size: 0.9rem; color: rgba(255,255,255,0.7); line-height: 1.7; max-width: 560px; margin: 0 auto 28px; }\n.pt-join-btns { display: flex; flex-direction: column; gap: 12px; align-items: center; }\n.pt-join-btn { display: inline-flex; align-items: center; gap: 9px; padding: 13px 26px; border-radius: 50px; font-size: 0.95rem; font-weight: 700; text-decoration: none; min-width: 220px; justify-content: center; }\n.pt-join-btn.whatsapp { background: #25D366; color: #fff !important; }\n.pt-join-btn.email { background: rgba(255,255,255,0.12); color: #fff !important; border: 1.5px solid rgba(255,255,255,0.25); }\n.pt-join-btn:visited { color: #fff !important; }\n.pt-join-note { font-size: 0.75rem; color: rgba(255,255,255,0.4); margin-top: 18px; }\n\n@media (min-width: 600px) {\n  .pt-grid { grid-template-columns: repeat(2, 1fr); }\n  .pt-sp-grid { grid-template-columns: repeat(2, 1fr); }\n  .pt-b2b-perks { grid-template-columns: repeat(2, 1fr); }\n  .pt-join-btns { flex-direction: row; justify-content: center; }\n}\n@media (min-width: 1024px) {\n  .pt-grid { grid-template-columns: repeat(3, 1fr); }\n  .pt-sp-grid { grid-template-columns: repeat(3, 1fr); }\n  .pt-b2b-perks { grid-template-columns: repeat(3, 1fr); }\n  .pt-hero-title { font-size: 3rem; }\n  .pt-join { padding: 60px 40px; }\n  .pt-join-title { font-size: 2.2rem; }\n}\n<\/style>\n\n<div class=\"pt-wrap\">\n\n  <!-- HERO -->\n  <div class=\"pt-hero\">\n    <div class=\"pt-hero-eyebrow\">Nuestros patrocinadores y socios<\/div>\n    <h1 class=\"pt-hero-title\">Marcas en las que <span>confiamos y apoyamos<\/span><\/h1>\n    <p class=\"pt-hero-sub\">Desde c\u00f3digos de descuento exclusivos con nuestros socios comerciales hasta eventos comunitarios y organizaciones que patrocinamos con orgullo \u2014 aqu\u00ed est\u00e1 todo el mundo al que respaldamos.<\/p>\n  <\/div>\n\n  <!-- \u2500\u2500 SOCIOS COMERCIALES \u2500\u2500 -->\n  <div class=\"pt-section-label\">Socios comerciales<\/div>\n  <div class=\"pt-section-title\">Nuestros socios<\/div>\n  <p class=\"pt-section-sub\">Utiliza los c\u00f3digos exclusivos de abajo para ahorrar en tu pr\u00f3ximo pedido con nuestros socios de confianza.<\/p>\n\n  <div class=\"pt-grid\">\n    <div class=\"pt-card\">\n      <div class=\"pt-card-img-wrap\">\n        <img decoding=\"async\" src=\"https:\/\/huskybearpoppers.eu\/wp-content\/uploads\/2026\/04\/Logo-Three-Judgement-Sisters.jpg\" alt=\"Three Judgement Sisters\">\n      <\/div>\n      <div class=\"pt-card-body\">\n        <div class=\"pt-card-meta\">\n          <span class=\"pt-card-location\">Praga, CZ<\/span>\n          <span class=\"pt-card-category\">Estilo de vida<\/span>\n        <\/div>\n        <div class=\"pt-card-title\">Three Judgement Sisters<\/div>\n        <p class=\"pt-card-desc\">Three Judgement Sisters est\u00e1 especializada en ropa de calle y productos de estilo de vida LGBTQ+ con actitud, desde prendas provocadoras de las subculturas Bear y Puppy hasta jabones artesanales y accesorios. Destacan por sus dise\u00f1os aut\u00e9nticos y p\u00edcaros, su compromiso con la identidad comunitaria y su \u00abOops Collection\u00bb para compras sostenibles.<\/p>\n        <a href=\"https:\/\/www.tsjudgement.com\/\" target=\"_blank\" rel=\"noopener\" class=\"pt-card-btn\">Visitar tienda \u2192<\/a>\n      <\/div>\n    <\/div>\n  <\/div>\n\n  <div class=\"pt-divider\"><\/div>\n\n  <!-- \u2500\u2500 PATROCINIOS \u2500\u2500 -->\n  <div class=\"pt-section-label\">Patrocinios<\/div>\n  <div class=\"pt-section-title\">A qui\u00e9n patrocinamos<\/div>\n  <p class=\"pt-section-sub\">Nos enorgullece apoyar a comunidades, eventos y organizaciones que comparten nuestros valores en toda Europa.<\/p>\n\n  <div class=\"pt-sp-grid\">\n    <div class=\"pt-sp-card\">\n      <div class=\"pt-sp-img-wrap\">\n        <img decoding=\"async\" src=\"https:\/\/huskybearpoppers.eu\/wp-content\/uploads\/2026\/04\/MrBear-Czechia-Logo.jpg\" alt=\"Mr Bear Czechia Logo\">\n        <span class=\"pt-sp-badge\">Patrocinador oficial<\/span>\n      <\/div>\n      <div class=\"pt-sp-body\">\n        <div class=\"pt-sp-meta\">\n          <span class=\"pt-sp-location\">Rep\u00fablica Checa<\/span>\n          <span class=\"pt-sp-type\">Evento comunitario<\/span>\n        <\/div>\n        <div class=\"pt-sp-title\">Mr Bear Czechia<\/div>\n        <p class=\"pt-sp-desc\">Mr Bear Czechia es uno de los eventos m\u00e1s queridos de la comunidad bear en la Rep\u00fablica Checa, que celebra la positividad corporal, la amistad y el orgullo bear. Estamos orgullosos de ser su patrocinador oficial, apoyando el evento y la comunidad que re\u00fane a\u00f1o tras a\u00f1o.<\/p>\n        <div class=\"pt-sp-socials\">\n          <a href=\"https:\/\/mrbear.cz\/\" target=\"_blank\" rel=\"noopener\" class=\"pt-sp-social\">\ud83c\udf10 Sitio web<\/a>\n          <a href=\"https:\/\/www.facebook.com\/Mr.Bear.Czechia\/\" target=\"_blank\" rel=\"noopener\" class=\"pt-sp-social\">Facebook<\/a>\n          <a href=\"https:\/\/www.instagram.com\/mrbearczechiaofficial\" target=\"_blank\" rel=\"noopener\" class=\"pt-sp-social\">Instagram<\/a>\n        <\/div>\n        <a href=\"https:\/\/mrbear.cz\/\" target=\"_blank\" rel=\"noopener\" class=\"pt-sp-btn\">Saber m\u00e1s sobre ellos \u2192<\/a>\n      <\/div>\n    <\/div>\n  <\/div>\n\n  <!-- TEXTO SEO -->\n  <div class=\"pt-seo\">\n    <h2 class=\"pt-seo-title\">Sobre nuestros socios y patrocinios<\/h2>\n    <div class=\"pt-seo-text\">\n      <p>En Husky Bear, los socios y los patrocinios no son un ejercicio de marketing \u2014 son un reflejo de qui\u00e9nes somos y de la comunidad que queremos apoyar. Cada marca y organizaci\u00f3n que aparece en esta p\u00e1gina ha sido elegida personalmente por nuestro equipo porque creemos en lo que hacen y respaldamos el valor que aportan a nuestra comunidad.<\/p>\n      <p>Nuestros socios comerciales ofrecen productos y servicios complementarios a nuestros clientes. Trabajamos con marcas de toda Europa que comparten nuestro compromiso con la calidad, la inclusividad y la confianza. Los socios empresariales que se unen a nuestro programa B2B se benefician de una configuraci\u00f3n de afiliados completa que incluye comisiones, c\u00f3digos de descuento, presencia en el sitio web y bonificaciones por hitos de ventas a medida que crecen.<\/p>\n      <p>Nuestros patrocinios van m\u00e1s all\u00e1 del negocio. Apoyamos activamente eventos LGBTQ+, encuentros de la comunidad bear y organizaciones que marcan la diferencia para las personas que m\u00e1s nos importan. Mr Bear Czechia es un ejemplo del tipo de iniciativas centradas en la comunidad de las que nos enorgullece ser parte.<\/p>\n      <p>Revisamos nuestros socios y patrocinios de forma continua y siempre estamos abiertos a nuevas colaboraciones que encajen de verdad con los valores de nuestra marca.<\/p>\n    <\/div>\n  <\/div>\n\n  <!-- \u2500\u2500 PROGRAMA DE SOCIOS B2B \u2500\u2500 -->\n  <div class=\"pt-b2b\">\n    <div class=\"pt-b2b-eyebrow\">Programa de asociaci\u00f3n empresarial<\/div>\n    <h2 class=\"pt-b2b-title\">\u00bfEres una empresa? Crezcamos juntos.<\/h2>\n    <p class=\"pt-b2b-sub\">Ofrecemos un programa B2B dedicado a tiendas, distribuidores y empresas que quieran promocionar Husky Bear a su audiencia. Gana un 10% de comisi\u00f3n en cada venta referida, ofrece a tus clientes un c\u00f3digo de descuento del 10% y desbloquea bonificaciones por hitos de ventas a medida que creces.<\/p>\n\n    <div class=\"pt-b2b-perks\">\n      <div class=\"pt-b2b-perk\">\n        <div class=\"pt-b2b-perk-icon\">\ud83d\udcb8<\/div>\n        <div>\n          <div class=\"pt-b2b-perk-title\">10% de comisi\u00f3n<\/div>\n          <div class=\"pt-b2b-perk-text\">Gana un 10% en cada venta generada a trav\u00e9s de tu enlace de referido personal.<\/div>\n        <\/div>\n      <\/div>\n      <div class=\"pt-b2b-perk\">\n        <div class=\"pt-b2b-perk-icon\">\ud83c\udff7\ufe0f<\/div>\n        <div>\n          <div class=\"pt-b2b-perk-title\">C\u00f3digo de descuento del 10%<\/div>\n          <div class=\"pt-b2b-perk-text\">Comparte tu c\u00f3digo personal \u2014 tus clientes ahorran un 10% y t\u00fa ganas un 10%.<\/div>\n        <\/div>\n      <\/div>\n      <div class=\"pt-b2b-perk\">\n        <div class=\"pt-b2b-perk-icon\">\ud83c\udf10<\/div>\n        <div>\n          <div class=\"pt-b2b-perk-title\">Presencia en nuestra web<\/div>\n          <div class=\"pt-b2b-perk-text\">Tu marca en nuestra p\u00e1gina de inicio, p\u00e1gina de socios, p\u00e1gina de agradecimiento y pie de p\u00e1gina.<\/div>\n        <\/div>\n      <\/div>\n      <div class=\"pt-b2b-perk\">\n        <div class=\"pt-b2b-perk-icon\">\ud83d\udce7<\/div>\n        <div>\n          <div class=\"pt-b2b-perk-title\">Menci\u00f3n en email mensual<\/div>\n          <div class=\"pt-b2b-perk-text\">Promocionamos tu marca a nuestra base de clientes activos una vez al mes.<\/div>\n        <\/div>\n      <\/div>\n      <div class=\"pt-b2b-perk\">\n        <div class=\"pt-b2b-perk-icon\">\ud83c\udfc6<\/div>\n        <div>\n          <div class=\"pt-b2b-perk-title\">Bonificaciones por hitos de ventas<\/div>\n          <div class=\"pt-b2b-perk-text\">Alcanza hitos de ventas acumuladas y recibe bonificaciones en efectivo \u00fanicas adem\u00e1s de tus comisiones habituales.<\/div>\n        <\/div>\n      <\/div>\n      <div class=\"pt-b2b-perk\">\n        <div class=\"pt-b2b-perk-icon\">\ud83d\udd17<\/div>\n        <div>\n          <div class=\"pt-b2b-perk-title\">Enlaces de afiliado mutuos<\/div>\n          <div class=\"pt-b2b-perk-text\">Nos unimos tambi\u00e9n a tu programa de afiliados \u2014 promocion\u00e1ndote a nuestra audiencia a cambio.<\/div>\n        <\/div>\n      <\/div>\n    <\/div>\n\n    <div class=\"pt-milestone-wrap\">\n      <div class=\"pt-milestone-title\">\ud83d\udc8e Estructura de bonificaciones por hitos de ventas<\/div>\n      <table class=\"pt-milestone-table\">\n        <thead>\n          <tr>\n            <th>Ventas referidas acumuladas<\/th>\n            <th style=\"text-align:right;\">Bonificaci\u00f3n \u00fanica<\/th>\n          <\/tr>\n        <\/thead>\n        <tbody>\n          <tr>\n            <td><span class=\"pt-milestone-sales\">5.000 \u20ac<\/span><\/td>\n            <td class=\"pt-milestone-bonus\">100 \u20ac<\/td>\n          <\/tr>\n          <tr>\n            <td><span class=\"pt-milestone-sales\">10.000 \u20ac<\/span><\/td>\n            <td class=\"pt-milestone-bonus\">300 \u20ac<\/td>\n          <\/tr>\n          <tr>\n            <td><span class=\"pt-milestone-sales\">20.000 \u20ac<\/span><\/td>\n            <td class=\"pt-milestone-bonus\">800 \u20ac<\/td>\n          <\/tr>\n          <tr>\n            <td><span class=\"pt-milestone-sales\">30.000 \u20ac<\/span><\/td>\n            <td class=\"pt-milestone-bonus\">1.500 \u20ac<\/td>\n          <\/tr>\n          <tr>\n            <td><span class=\"pt-milestone-sales\">50.000 \u20ac<\/span><\/td>\n            <td class=\"pt-milestone-bonus\">3.000 \u20ac<\/td>\n          <\/tr>\n          <tr>\n            <td><span class=\"pt-milestone-sales\">75.000 \u20ac<\/span><\/td>\n            <td class=\"pt-milestone-bonus\">5.000 \u20ac<\/td>\n          <\/tr>\n          <tr>\n            <td><span class=\"pt-milestone-sales\">100.000 \u20ac<\/span><\/td>\n            <td class=\"pt-milestone-bonus\">8.000 \u20ac<\/td>\n          <\/tr>\n        <\/tbody>\n      <\/table>\n    <\/div>\n\n    <div class=\"pt-b2b-cta\">\n      <p class=\"pt-b2b-cta-text\">\u00bfListo para convertirte en socio empresarial de Husky Bear? Consulta todos los detalles de nuestro programa de socios y empieza hoy.<\/p>\n      <a href=\"https:\/\/huskybearpoppers.eu\/es\/husky-bear-programa-de-afiliados\/\" target=\"_blank\" rel=\"noopener\" class=\"pt-b2b-btn\">Ver el programa de socios completo \u2192<\/a>\n    <\/div>\n  <\/div>\n\n  <!-- UNIRSE -->\n  <div class=\"pt-join\">\n    <div class=\"pt-join-eyebrow\">Trabaja con nosotros<\/div>\n    <h2 class=\"pt-join-title\">\u00bfQuieres aparecer aqu\u00ed?<\/h2>\n    <p class=\"pt-join-text\">Tanto si eres una marca que busca una asociaci\u00f3n comercial como un evento, comunidad u organizaci\u00f3n que busca patrocinio \u2014 nos encantar\u00eda saber de ti. Ponte en contacto y cu\u00e9ntanos sobre ti.<\/p>\n    <div class=\"pt-join-btns\">\n      <a href=\"https:\/\/wa.me\/38668660990\" target=\"_blank\" rel=\"noopener\" class=\"pt-join-btn whatsapp\">Escr\u00edbenos por WhatsApp<\/a>\n      <a href=\"mailto:partners@huskybearpoppers.eu\" class=\"pt-join-btn email\">Env\u00edanos un correo<\/a>\n    <\/div>\n    <p class=\"pt-join-note\">Solo consultas empresariales. Respondemos personalmente en un plazo de 24-48 horas.<\/p>\n  <\/div>\n\n<\/div>\n<script>\nfunction copyCode(btn, code) {\n  navigator.clipboard.writeText(code).then(function() {\n    btn.textContent = 'Copied!';\n    setTimeout(function() { btn.textContent = 'Copy'; }, 2000);\n  });\n}\n<\/script>\n\n\n\n<p><\/p>\n","protected":false},"excerpt":{"rendered":"<p>Nuestros patrocinadores y socios Marcas en las que confiamos y apoyamos Desde c\u00f3digos de descuento exclusivos con nuestros socios comerciales hasta eventos comunitarios y organizaciones que patrocinamos con orgullo \u2014 aqu\u00ed est\u00e1 todo el mundo al que respaldamos. Socios comerciales Nuestros socios Utiliza los c\u00f3digos exclusivos de abajo para ahorrar en tu pr\u00f3ximo pedido con [&hellip;]<\/p>\n","protected":false},"author":1,"featured_media":25770,"parent":0,"menu_order":0,"comment_status":"closed","ping_status":"closed","template":"","meta":{"footnotes":""},"class_list":["post-28257","page","type-page","status-publish","has-post-thumbnail","hentry"],"blocksy_meta":{"has_hero_section":"disabled","styles_descriptor":{"styles":{"desktop":"","tablet":"","mobile":""},"google_fonts":[],"version":6}},"_links":{"self":[{"href":"https:\/\/huskybearpoppers.eu\/es\/wp-json\/wp\/v2\/pages\/28257","targetHints":{"allow":["GET"]}}],"collection":[{"href":"https:\/\/huskybearpoppers.eu\/es\/wp-json\/wp\/v2\/pages"}],"about":[{"href":"https:\/\/huskybearpoppers.eu\/es\/wp-json\/wp\/v2\/types\/page"}],"author":[{"embeddable":true,"href":"https:\/\/huskybearpoppers.eu\/es\/wp-json\/wp\/v2\/users\/1"}],"replies":[{"embeddable":true,"href":"https:\/\/huskybearpoppers.eu\/es\/wp-json\/wp\/v2\/comments?post=28257"}],"version-history":[{"count":2,"href":"https:\/\/huskybearpoppers.eu\/es\/wp-json\/wp\/v2\/pages\/28257\/revisions"}],"predecessor-version":[{"id":28259,"href":"https:\/\/huskybearpoppers.eu\/es\/wp-json\/wp\/v2\/pages\/28257\/revisions\/28259"}],"wp:featuredmedia":[{"embeddable":true,"href":"https:\/\/huskybearpoppers.eu\/es\/wp-json\/wp\/v2\/media\/25770"}],"wp:attachment":[{"href":"https:\/\/huskybearpoppers.eu\/es\/wp-json\/wp\/v2\/media?parent=28257"}],"curies":[{"name":"wp","href":"https:\/\/api.w.org\/{rel}","templated":true}]}}