{"id":26987,"date":"2025-08-08T12:46:32","date_gmt":"2025-08-08T10:46:32","guid":{"rendered":"https:\/\/huskybearpoppers.eu\/product\/play-hard-popprs-25-ml\/"},"modified":"2025-08-08T12:46:32","modified_gmt":"2025-08-08T10:46:32","slug":"play-hard-popprs-25-ml","status":"publish","type":"product","link":"https:\/\/huskybearpoppers.eu\/de\/produkt\/play-hard-popprs-25-ml\/","title":{"rendered":"Play Hard Popprs 25 ml"},"content":{"rendered":"","protected":false},"excerpt":{"rendered":"<p>25ml f\u00fcr Spieler, die nie aufgeben. Dieser Lederreiniger f\u00fcr Sextoys ist was f\u00fcr die, die es hart angehen lassen. Nachdem du deine Toys gereinigt hast, mach dich bereit f\u00fcr Sessions, bei denen Grenzen getestet werden, Barrieren verschoben werden und hart spielen zu deinem Ding wird.  <\/p>\n","protected":false},"featured_media":16746,"comment_status":"open","ping_status":"closed","template":"","meta":[],"product_brand":[],"product_cat":[1394,1427,10098,1492,10017,1242,10096,9905,10044],"product_tag":[5907,5967,3232,5197,4737,5199,5908,10287,5983,5909],"class_list":{"0":"post-26987","1":"product","2":"type-product","3":"status-publish","4":"has-post-thumbnail","6":"product_cat-5-5-ausgezeichnet-stark-poppers","7":"product_cat-amyl-nitrit-poppers-de","8":"product_cat-edge-and-hypno-poppers","9":"product_cat-grose-poppers","10":"product_cat-leather-pride-poppers","11":"product_cat-poppers-funline-de","12":"product_cat-poppers-fur-party-club","13":"product_cat-qjyt-29pr-9003-8akx","14":"product_cat-tiefe-kraftvolle-poppers","15":"product_tag-25-ml-flasche","16":"product_tag-5-von-5-starke","17":"product_tag-amyl-poppers-de","18":"product_tag-franzosische-poppers","19":"product_tag-funline-poppers-de","20":"product_tag-lederreiniger","21":"product_tag-mittlere-flasche-poppers","22":"product_tag-play-hard-marke","23":"product_tag-raumaroma","24":"product_tag-verlangerte-sessions","26":"first","27":"instock","28":"taxable","29":"shipping-taxable","30":"purchasable","31":"product-type-simple"},"_links":{"self":[{"href":"https:\/\/huskybearpoppers.eu\/de\/wp-json\/wp\/v2\/product\/26987","targetHints":{"allow":["GET"]}}],"collection":[{"href":"https:\/\/huskybearpoppers.eu\/de\/wp-json\/wp\/v2\/product"}],"about":[{"href":"https:\/\/huskybearpoppers.eu\/de\/wp-json\/wp\/v2\/types\/product"}],"replies":[{"embeddable":true,"href":"https:\/\/huskybearpoppers.eu\/de\/wp-json\/wp\/v2\/comments?post=26987"}],"version-history":[{"count":0,"href":"https:\/\/huskybearpoppers.eu\/de\/wp-json\/wp\/v2\/product\/26987\/revisions"}],"wp:featuredmedia":[{"embeddable":true,"href":"https:\/\/huskybearpoppers.eu\/de\/wp-json\/wp\/v2\/media\/16746"}],"wp:attachment":[{"href":"https:\/\/huskybearpoppers.eu\/de\/wp-json\/wp\/v2\/media?parent=26987"}],"wp:term":[{"taxonomy":"product_brand","embeddable":true,"href":"https:\/\/huskybearpoppers.eu\/de\/wp-json\/wp\/v2\/product_brand?post=26987"},{"taxonomy":"product_cat","embeddable":true,"href":"https:\/\/huskybearpoppers.eu\/de\/wp-json\/wp\/v2\/product_cat?post=26987"},{"taxonomy":"product_tag","embeddable":true,"href":"https:\/\/huskybearpoppers.eu\/de\/wp-json\/wp\/v2\/product_tag?post=26987"}],"curies":[{"name":"wp","href":"https:\/\/api.w.org\/{rel}","templated":true}]}}