{"id":26979,"date":"2025-08-08T12:46:32","date_gmt":"2025-08-08T10:46:32","guid":{"rendered":"https:\/\/huskybearpoppers.eu\/product\/poppers-play-hard-10-ml\/"},"modified":"2025-08-08T12:46:32","modified_gmt":"2025-08-08T10:46:32","slug":"poppers-play-hard-10-ml","status":"publish","type":"product","link":"https:\/\/huskybearpoppers.eu\/de\/produkt\/poppers-play-hard-10-ml\/","title":{"rendered":"Poppers Play Hard 10 ml"},"content":{"rendered":"","protected":false},"excerpt":{"rendered":"<p>Spiel hart oder lass es bleiben &#8211; 10ml pure Intensit\u00e4t. Dieser Lederreiniger f\u00fcr Sexspielzeug passt zu deiner Energy. Ultra-starkes Amylnitrit bedeutet, dass dein gereinigtes Equipment dir hilft, Vollgas zu geben &#8211; h\u00e4rtere St\u00f6\u00dfe, rougheres Spiel, gnadenlose Sessions, die dich atemlos zur\u00fccklassen.  <\/p>\n","protected":false},"featured_media":16547,"comment_status":"open","ping_status":"closed","template":"","meta":[],"product_brand":[],"product_cat":[1394,1427,10098,1503,10017,1242,10096,9905,10044],"product_tag":[5968,5967,3232,5197,4737,5969,5199,10287,5983,5970],"class_list":{"0":"post-26979","1":"product","2":"type-product","3":"status-publish","4":"has-post-thumbnail","6":"product_cat-5-5-ausgezeichnet-stark-poppers","7":"product_cat-amyl-nitrit-poppers-de","8":"product_cat-edge-and-hypno-poppers","9":"product_cat-kleine-poppers-de","10":"product_cat-leather-pride-poppers","11":"product_cat-poppers-funline-de","12":"product_cat-poppers-fur-party-club","13":"product_cat-qjyt-29pr-9003-8akx","14":"product_cat-tiefe-kraftvolle-poppers","15":"product_tag-10-ml-flasche","16":"product_tag-5-von-5-starke","17":"product_tag-amyl-poppers-de","18":"product_tag-franzosische-poppers","19":"product_tag-funline-poppers-de","20":"product_tag-handliche-poppers","21":"product_tag-lederreiniger","22":"product_tag-play-hard-marke","23":"product_tag-raumaroma","24":"product_tag-reisefreundlich","26":"first","27":"instock","28":"taxable","29":"shipping-taxable","30":"purchasable","31":"product-type-simple"},"_links":{"self":[{"href":"https:\/\/huskybearpoppers.eu\/de\/wp-json\/wp\/v2\/product\/26979","targetHints":{"allow":["GET"]}}],"collection":[{"href":"https:\/\/huskybearpoppers.eu\/de\/wp-json\/wp\/v2\/product"}],"about":[{"href":"https:\/\/huskybearpoppers.eu\/de\/wp-json\/wp\/v2\/types\/product"}],"replies":[{"embeddable":true,"href":"https:\/\/huskybearpoppers.eu\/de\/wp-json\/wp\/v2\/comments?post=26979"}],"version-history":[{"count":0,"href":"https:\/\/huskybearpoppers.eu\/de\/wp-json\/wp\/v2\/product\/26979\/revisions"}],"wp:featuredmedia":[{"embeddable":true,"href":"https:\/\/huskybearpoppers.eu\/de\/wp-json\/wp\/v2\/media\/16547"}],"wp:attachment":[{"href":"https:\/\/huskybearpoppers.eu\/de\/wp-json\/wp\/v2\/media?parent=26979"}],"wp:term":[{"taxonomy":"product_brand","embeddable":true,"href":"https:\/\/huskybearpoppers.eu\/de\/wp-json\/wp\/v2\/product_brand?post=26979"},{"taxonomy":"product_cat","embeddable":true,"href":"https:\/\/huskybearpoppers.eu\/de\/wp-json\/wp\/v2\/product_cat?post=26979"},{"taxonomy":"product_tag","embeddable":true,"href":"https:\/\/huskybearpoppers.eu\/de\/wp-json\/wp\/v2\/product_tag?post=26979"}],"curies":[{"name":"wp","href":"https:\/\/api.w.org\/{rel}","templated":true}]}}