{"id":26970,"date":"2025-08-08T12:46:33","date_gmt":"2025-08-08T10:46:33","guid":{"rendered":"https:\/\/huskybearpoppers.eu\/product\/poppers-top-twink-10-ml\/"},"modified":"2025-08-08T12:46:33","modified_gmt":"2025-08-08T10:46:33","slug":"poppers-top-twink-10-ml","status":"publish","type":"product","link":"https:\/\/huskybearpoppers.eu\/de\/produkt\/poppers-top-twink-10-ml\/","title":{"rendered":"Poppers Top Twink 10 ml"},"content":{"rendered":"","protected":false},"excerpt":{"rendered":"<p>Twinks in der aktiven Rolle \u00e4ndern das Spiel mit 10ml Amylnitrit-Power. Dieser Lederreiniger f\u00fcr Sexspielzeug hilft schlanken Typen zu dominieren. Die ultra-starke Formel bedeutet, dass deine gereinigten Toys dir helfen, wie ein Boss zu toppen &#8211; tiefe St\u00f6\u00dfe, totale Kontrolle und Ausdauer, die alle \u00fcberrascht.  <\/p>\n","protected":false},"featured_media":16465,"comment_status":"open","ping_status":"closed","template":"","meta":[],"product_brand":[],"product_cat":[1394,1427,1503,1242,10097,10024,9905,10091,10077],"product_tag":[5968,5967,3232,5197,4737,5969,5199,5983,5970,9680],"class_list":{"0":"post-26970","1":"product","2":"type-product","3":"status-publish","4":"has-post-thumbnail","6":"product_cat-5-5-ausgezeichnet-stark-poppers","7":"product_cat-amyl-nitrit-poppers-de","8":"product_cat-kleine-poppers-de","9":"product_cat-poppers-funline-de","10":"product_cat-poppers-fur-einsteiger","11":"product_cat-pup-play-poppers","12":"product_cat-qjyt-29pr-9003-8akx","13":"product_cat-poppers-fur-zweisamkeit","14":"product_cat-schnelle-direkte-poppers","15":"product_tag-10-ml-flasche","16":"product_tag-5-von-5-starke","17":"product_tag-amyl-poppers-de","18":"product_tag-franzosische-poppers","19":"product_tag-funline-poppers-de","20":"product_tag-handliche-poppers","21":"product_tag-lederreiniger","22":"product_tag-raumaroma","23":"product_tag-reisefreundlich","24":"product_tag-top-twink-marke","26":"first","27":"instock","28":"taxable","29":"shipping-taxable","30":"purchasable","31":"product-type-simple"},"_links":{"self":[{"href":"https:\/\/huskybearpoppers.eu\/de\/wp-json\/wp\/v2\/product\/26970","targetHints":{"allow":["GET"]}}],"collection":[{"href":"https:\/\/huskybearpoppers.eu\/de\/wp-json\/wp\/v2\/product"}],"about":[{"href":"https:\/\/huskybearpoppers.eu\/de\/wp-json\/wp\/v2\/types\/product"}],"replies":[{"embeddable":true,"href":"https:\/\/huskybearpoppers.eu\/de\/wp-json\/wp\/v2\/comments?post=26970"}],"version-history":[{"count":0,"href":"https:\/\/huskybearpoppers.eu\/de\/wp-json\/wp\/v2\/product\/26970\/revisions"}],"wp:featuredmedia":[{"embeddable":true,"href":"https:\/\/huskybearpoppers.eu\/de\/wp-json\/wp\/v2\/media\/16465"}],"wp:attachment":[{"href":"https:\/\/huskybearpoppers.eu\/de\/wp-json\/wp\/v2\/media?parent=26970"}],"wp:term":[{"taxonomy":"product_brand","embeddable":true,"href":"https:\/\/huskybearpoppers.eu\/de\/wp-json\/wp\/v2\/product_brand?post=26970"},{"taxonomy":"product_cat","embeddable":true,"href":"https:\/\/huskybearpoppers.eu\/de\/wp-json\/wp\/v2\/product_cat?post=26970"},{"taxonomy":"product_tag","embeddable":true,"href":"https:\/\/huskybearpoppers.eu\/de\/wp-json\/wp\/v2\/product_tag?post=26970"}],"curies":[{"name":"wp","href":"https:\/\/api.w.org\/{rel}","templated":true}]}}