{"id":26920,"date":"2025-08-08T12:46:34","date_gmt":"2025-08-08T10:46:34","guid":{"rendered":"https:\/\/huskybearpoppers.eu\/product\/poppers-bad-boys-13-ml\/"},"modified":"2025-08-08T12:46:34","modified_gmt":"2025-08-08T10:46:34","slug":"poppers-bad-boys-13-ml","status":"publish","type":"product","link":"https:\/\/huskybearpoppers.eu\/de\/produkt\/poppers-bad-boys-13-ml\/","title":{"rendered":"Poppers Bad Boys 13 ml"},"content":{"rendered":"","protected":false},"excerpt":{"rendered":"<p>Bad Boys kommt in 13ml Flaschen voller purer Attit\u00fcde. Dieser Lederreiniger f\u00fcr Sexspielzeug passt zu deinem Ruf. Ultra-starkes Amylnitrit sorgt daf\u00fcr, dass dein gereinigtes Equipment dir hilft, bad zu bleiben &#8211; hartes Spiel, keine Entschuldigungen, und Vergn\u00fcgen, das Regeln bricht.  <\/p>\n","protected":false},"featured_media":16687,"comment_status":"open","ping_status":"closed","template":"","meta":[],"product_brand":[],"product_cat":[1394,1427,10010,10098,1503,10078,1242,10096,9905],"product_tag":[10257,5967,10259,3232,5197,4737,5199,10260,10258,5983],"class_list":{"0":"post-26920","1":"product","2":"type-product","3":"status-publish","4":"has-post-thumbnail","6":"product_cat-5-5-ausgezeichnet-stark-poppers","7":"product_cat-amyl-nitrit-poppers-de","8":"product_cat-bear-brotherhood-poppers","9":"product_cat-edge-and-hypno-poppers","10":"product_cat-kleine-poppers-de","11":"product_cat-lange-gleichmasige-poppers","12":"product_cat-poppers-funline-de","13":"product_cat-poppers-fur-party-club","14":"product_cat-qjyt-29pr-9003-8akx","15":"product_tag-13-ml-bottle","16":"product_tag-5-von-5-starke","17":"product_tag-adult-products","18":"product_tag-amyl-poppers-de","19":"product_tag-franzosische-poppers","20":"product_tag-funline-poppers-de","21":"product_tag-lederreiniger","22":"product_tag-marke-bad-boys","23":"product_tag-poppers-einheitsgrose","24":"product_tag-raumaroma","26":"first","27":"instock","28":"taxable","29":"shipping-taxable","30":"purchasable","31":"product-type-simple"},"_links":{"self":[{"href":"https:\/\/huskybearpoppers.eu\/de\/wp-json\/wp\/v2\/product\/26920","targetHints":{"allow":["GET"]}}],"collection":[{"href":"https:\/\/huskybearpoppers.eu\/de\/wp-json\/wp\/v2\/product"}],"about":[{"href":"https:\/\/huskybearpoppers.eu\/de\/wp-json\/wp\/v2\/types\/product"}],"replies":[{"embeddable":true,"href":"https:\/\/huskybearpoppers.eu\/de\/wp-json\/wp\/v2\/comments?post=26920"}],"version-history":[{"count":0,"href":"https:\/\/huskybearpoppers.eu\/de\/wp-json\/wp\/v2\/product\/26920\/revisions"}],"wp:featuredmedia":[{"embeddable":true,"href":"https:\/\/huskybearpoppers.eu\/de\/wp-json\/wp\/v2\/media\/16687"}],"wp:attachment":[{"href":"https:\/\/huskybearpoppers.eu\/de\/wp-json\/wp\/v2\/media?parent=26920"}],"wp:term":[{"taxonomy":"product_brand","embeddable":true,"href":"https:\/\/huskybearpoppers.eu\/de\/wp-json\/wp\/v2\/product_brand?post=26920"},{"taxonomy":"product_cat","embeddable":true,"href":"https:\/\/huskybearpoppers.eu\/de\/wp-json\/wp\/v2\/product_cat?post=26920"},{"taxonomy":"product_tag","embeddable":true,"href":"https:\/\/huskybearpoppers.eu\/de\/wp-json\/wp\/v2\/product_tag?post=26920"}],"curies":[{"name":"wp","href":"https:\/\/api.w.org\/{rel}","templated":true}]}}