{"id":23517,"date":"2025-08-08T12:51:22","date_gmt":"2025-08-08T10:51:22","guid":{"rendered":"https:\/\/huskybearpoppers.eu\/?post_type=product&#038;p=23517"},"modified":"2026-01-09T13:15:49","modified_gmt":"2026-01-09T11:15:49","slug":"rush-butanol-poppers-24ml-copy","status":"publish","type":"product","link":"https:\/\/huskybearpoppers.eu\/de\/produkt\/rush-butanol-poppers-24ml-copy\/","title":{"rendered":"Rush Butanol Poppers 25ml"},"content":{"rendered":"","protected":false},"excerpt":{"rendered":"<p><strong>Rush Butanol Poppers 25ml von Funline\u00ae<\/strong>, das anders wirkt als herk\u00f6mmliche Formeln.<\/p>\n<p>Dieser Lederreiniger f\u00fcr Sexspielzeug bereitet Ihre Ausr\u00fcstung auf wilde Sessions vor. Einmal gereinigt und gel\u00fcftet, f\u00fchlen sich Ihre Spielzeuge fantastisch an &#8211; der gro\u00dfe Plug scheint pl\u00f6tzlich leicht zu sein, der dicke Dildo passt perfekt und Sie \u00f6ffnen sich mehr denn je. <\/p>\n<p>Suchen Sie nach der Variante dieses Produkts? Dann schauen Sie sich an <a href=\"https:\/\/huskybearpoppers.eu\/de\/produkt\/rush-butanol-poppers-24ml\/\"><strong>Rush Butanol Poppers 24ml von PWD\u00ae Never Fake it<\/strong><\/a> <\/p>\n","protected":false},"featured_media":23133,"comment_status":"open","ping_status":"closed","template":"","meta":[],"product_brand":[],"product_cat":[10077,1394,1492,1231,1459,1242,10097,1405,1481,8577,1361,10024,10091,10030,10037,10088,10176,9849],"product_tag":[10208,10206,5545,10207,8051,3162],"class_list":{"0":"post-23517","1":"product","2":"type-product","3":"status-publish","4":"has-post-thumbnail","6":"product_cat-schnelle-direkte-poppers","7":"product_cat-5-5-ausgezeichnet-stark-poppers","8":"product_cat-grose-poppers","9":"product_cat-hersteller-poppers","10":"product_cat-pentyl-nitrit-poppers-de","11":"product_cat-poppers-funline-de","12":"product_cat-poppers-fur-einsteiger","13":"product_cat-poppers-nach-formel","14":"product_cat-poppers-nach-grose","15":"product_cat-poppers-shop-de","16":"product_cat-poppers-starke-messgerat","17":"product_cat-pup-play-poppers","18":"product_cat-poppers-fur-zweisamkeit","19":"product_cat-shoppen-nach-community","20":"product_cat-shoppen-nach-erlebnis","21":"product_cat-shoppen-nach-moment","22":"product_cat-ufi-pentylnitrit","23":"product_cat-ufi-lederreiniger","24":"product_tag-aromapoppers","25":"product_tag-butanol-poppers","26":"product_tag-grose-poppers","27":"product_tag-pfeffer","28":"product_tag-rush-poppers-de","29":"product_tag-stark-poppers","31":"first","32":"instock","33":"taxable","34":"shipping-taxable","35":"purchasable","36":"product-type-simple"},"_links":{"self":[{"href":"https:\/\/huskybearpoppers.eu\/de\/wp-json\/wp\/v2\/product\/23517","targetHints":{"allow":["GET"]}}],"collection":[{"href":"https:\/\/huskybearpoppers.eu\/de\/wp-json\/wp\/v2\/product"}],"about":[{"href":"https:\/\/huskybearpoppers.eu\/de\/wp-json\/wp\/v2\/types\/product"}],"replies":[{"embeddable":true,"href":"https:\/\/huskybearpoppers.eu\/de\/wp-json\/wp\/v2\/comments?post=23517"}],"version-history":[{"count":0,"href":"https:\/\/huskybearpoppers.eu\/de\/wp-json\/wp\/v2\/product\/23517\/revisions"}],"wp:featuredmedia":[{"embeddable":true,"href":"https:\/\/huskybearpoppers.eu\/de\/wp-json\/wp\/v2\/media\/23133"}],"wp:attachment":[{"href":"https:\/\/huskybearpoppers.eu\/de\/wp-json\/wp\/v2\/media?parent=23517"}],"wp:term":[{"taxonomy":"product_brand","embeddable":true,"href":"https:\/\/huskybearpoppers.eu\/de\/wp-json\/wp\/v2\/product_brand?post=23517"},{"taxonomy":"product_cat","embeddable":true,"href":"https:\/\/huskybearpoppers.eu\/de\/wp-json\/wp\/v2\/product_cat?post=23517"},{"taxonomy":"product_tag","embeddable":true,"href":"https:\/\/huskybearpoppers.eu\/de\/wp-json\/wp\/v2\/product_tag?post=23517"}],"curies":[{"name":"wp","href":"https:\/\/api.w.org\/{rel}","templated":true}]}}