{"id":20413,"date":"2025-09-23T12:17:36","date_gmt":"2025-09-23T10:17:36","guid":{"rendered":"https:\/\/huskybearpoppers.eu\/product\/durex-pleasure-ring-penisring-fuer-laengere-erektion\/"},"modified":"2025-09-23T12:17:36","modified_gmt":"2025-09-23T10:17:36","slug":"durex-pleasure-ring-penisring-fuer-laengere-erektion","status":"publish","type":"product","link":"https:\/\/huskybearpoppers.eu\/de\/produkt\/durex-pleasure-ring-penisring-fuer-laengere-erektion\/","title":{"rendered":"Durex Pleasure Ring | Penisring f\u00fcr l\u00e4ngere Erektion"},"content":{"rendered":"<h2 class=\"text-lg font-bold text-text-100 mt-1 -mb-1.5\">Verbessern Sie die Intimit\u00e4t mit dem Durex Pleasure Ring<\/h2>\n<p class=\"whitespace-normal break-words\">Der Durex Pleasure Ring verbessert den Sex f\u00fcr Paare. Dieser weiche Silikonring hilft M\u00e4nnern, l\u00e4nger hart zu bleiben. Er intensiviert auch die Lust f\u00fcr beide Partner. Der Ring ist einfach zu verwenden und sehr komfortabel.   <\/p>\n<h3>Was diesen Ring besonders macht<\/h3>\n<ol>\n<li class=\"whitespace-normal break-words\">Hilft Ihnen, l\u00e4nger durchzuhalten &#8211; Der Ring hilft M\u00e4nnern, w\u00e4hrend des Sex l\u00e4nger hart zu bleiben. Er funktioniert, indem er sanft das Blut an Ort und Stelle h\u00e4lt. Das bedeutet l\u00e4ngeren, besseren Sex f\u00fcr beide Partner.  <\/li>\n<li class=\"whitespace-normal break-words\">Mehr Vergn\u00fcgen f\u00fcr beide &#8211; Beide Partner sp\u00fcren mehr beim Sex, wenn sie diesen Ring verwenden. Er f\u00fcgt zus\u00e4tzliche Gef\u00fchle hinzu und macht alles aufregender. Perfekt, um gemeinsam neue Dinge auszuprobieren.  <\/li>\n<li class=\"whitespace-normal break-words\">Aus weichem Silikon hergestellt &#8211; Der Ring ist aus super weichem, dehnbarem Silikon gefertigt. Er passt den meisten M\u00e4nnern bequem. Das glatte Material f\u00fchlt sich gut an und reizt die Haut w\u00e4hrend der Verwendung nicht.  <\/li>\n<li class=\"whitespace-normal break-words\">Funktioniert im Wasser &#8211; Sie k\u00f6nnen diesen Ring in der Badewanne oder Dusche verwenden. Er ist vollst\u00e4ndig wasserdicht. Das bedeutet, Sie k\u00f6nnen \u00fcberall Spa\u00df haben, wo Sie m\u00f6chten.s means you can have fun anywhere you want.  <\/li>\n<li class=\"whitespace-normal break-words\">Mehrfach verwendbar &#8211; Ein Ring kann bis zu 6 Mal verwendet werden. Reinigen Sie ihn einfach nach jedem Gebrauch gr\u00fcndlich. Das spart Geld im Vergleich zu Ringen, die Sie nur einmal verwenden k\u00f6nnen.  <\/li>\n<li class=\"whitespace-normal break-words\">Diskret und komfortabel &#8211; Das klare Silikondesign ist sehr dezent. Er sitzt eng und bequem. Niemand wird bemerken, dass Sie ihn tragen.  <\/li>\n<\/ol>\n<h2 class=\"text-lg font-bold text-text-100 mt-1 -mb-1.5\">So verwenden Sie den Ring<\/h2>\n<ol class=\"[&amp;:not(:last-child)_ul]:pb-1 [&amp;:not(:last-child)_ol]:pb-1 list-decimal space-y-1.5 pl-7\">\n<li class=\"whitespace-normal break-words\">Zuerst lesen: Schauen Sie sich alle Anweisungen an, bevor Sie beginnen<\/li>\n<li class=\"whitespace-normal break-words\">Mit Kondomen: Ziehen Sie zuerst das Kondom an, dann f\u00fcgen Sie den Ring hinzu<\/li>\n<li class=\"whitespace-normal break-words\">Wo anbringen: Platzieren Sie den Ring an der Basis des Penisnis<\/li>\n<li class=\"whitespace-normal break-words\">Genie\u00dfen Sie: Haben Sie Spa\u00df mit Ihrem Partner<\/li>\n<li class=\"whitespace-normal break-words\">Zeitlimit: Nicht l\u00e4nger als 30 Minuten verwenden<\/li>\n<li class=\"whitespace-normal break-words\">Aufr\u00e4umen: Nach Gebrauch mit Seife und warmem Wasser waschen<\/li>\n<\/ol>\n<h3 class=\"text-lg font-bold text-text-100 mt-1 -mb-1.5\">Sicherheitsregeln &#8211; Sehr wichtig<\/h3>\n<ul class=\"[&amp;:not(:last-child)_ul]:pb-1 [&amp;:not(:last-child)_ol]:pb-1 list-disc space-y-1.5 pl-7\">\n<li class=\"whitespace-normal break-words\">Zeitlimits: Niemals l\u00e4nger als 30 Minuten am St\u00fcck verwenden<\/li>\n<li class=\"whitespace-normal break-words\">Pausen einlegen: Warten Sie mindestens 60 Minuten, bevor Sie ihn erneut verwenden<\/li>\n<li class=\"whitespace-normal break-words\">Nicht darin schlafen: Schlafen Sie niemals mit dem Ring ein<\/li>\n<li class=\"whitespace-normal break-words\">Nur f\u00fcr Erwachsene: Von Kindern fernhalten<\/li>\n<li class=\"whitespace-normal break-words\">Keine Verh\u00fctung: Dies verhindert keine Schwangerschaft &#8211; verwenden Sie Kondome zur Sicherheit<\/li>\n<\/ul>\n<h3 class=\"text-lg font-bold text-text-100 mt-1 -mb-1.5\">So reinigen und lagern Sie<\/h3>\n<p class=\"whitespace-normal break-words\">Reinigung: Nach jedem Gebrauch mit milder Seife und warmem Wasser waschen. Gut absp\u00fclen und mit einem sauberen Handtuch trocknen. <\/p>\n<p class=\"whitespace-normal break-words\">Lagerung: Im mitgelieferten Kunststoffetui aufbewahren. An einem k\u00fchlen, trockenen Ort vor Sonnenlicht gesch\u00fctzt lagern. <\/p>\n<p class=\"whitespace-normal break-words\">Nicht verwenden: Niemals mit Alkohol oder scharfen Chemikalien reinigen.<\/p>\n<h2 class=\"text-lg font-bold text-text-100 mt-1 -mb-1.5\">Warum den Durex Pleasure Ring w\u00e4hlen?<\/h2>\n<p class=\"whitespace-normal break-words\">Der Durex Pleasure Ring ist eine gro\u00dfartige Wahl f\u00fcr Paare, die besseren Sex wollen. Er ist aus hochwertigem, weichem Silikon gefertigt, das sich bequem anf\u00fchlt. Das wasserdichte Design bedeutet, dass Sie ihn \u00fcberall verwenden k\u00f6nnen.  <\/p>\n<p class=\"whitespace-normal break-words\">Dieser Ring hilft M\u00e4nnern, l\u00e4nger durchzuhalten und macht den Sex f\u00fcr beide Partner besser. Sie k\u00f6nnen ihn bis zu 6 Mal verwenden, was Geld spart. Durex ist eine vertrauensw\u00fcrdige Marke, die sichere, hochwertige Produkte herstellt.  <\/p>\n<p class=\"whitespace-normal break-words\">Ob Sie l\u00e4nger durchhalten, mehr f\u00fchlen oder einfach etwas Neues ausprobieren m\u00f6chten, dieser Ring liefert. Er ist einfach zu verwenden und sehr effektiv. <\/p>\n<p class=\"whitespace-normal break-words\">Machen Sie Ihre intimen Momente aufregender mit dem Durex Pleasure Ring &#8211; einfach zu verwenden, bequem zu tragen und jedes Mal gro\u00dfartige Ergebnisse.<\/p>\n","protected":false},"excerpt":{"rendered":"<p>Der Durex Pleasure Ring ist ein Premium-Silikon-Penisring, der entwickelt wurde, um festere Erektionen l\u00e4nger aufrechtzuerhalten und gleichzeitig die Lust f\u00fcr beide Partner zu intensivieren.<\/p>\n<p>Hergestellt aus super dehnbarem, weichem Silikonmaterial, kann dieser diskrete wasserdichte Ring bis zu 6 Mal wiederverwendet werden und ist mit Kondomen und Gleitmitteln kompatibel.<\/p>\n","protected":false},"featured_media":19357,"comment_status":"open","ping_status":"closed","template":"","meta":[],"product_brand":[],"product_cat":[8586,8593],"product_tag":[9075,8413,8414,8412,9081,9079,9076,9077,9080,9078],"class_list":{"0":"post-20413","1":"product","2":"type-product","3":"status-publish","4":"has-post-thumbnail","6":"product_cat-gleitmittel-kondome-mehr","7":"product_cat-penisring","8":"product_tag-durex-pleasure-ring-de","9":"product_tag-erektionsverstarkender-penisring","10":"product_tag-nicht-vibrierender-penisring","11":"product_tag-penisring","12":"product_tag-produkte-fur-sexuelle-gesundheit-de","13":"product_tag-sexspielzeug-zur-verbesserung-fur-paare","14":"product_tag-silikon-penisring-de","15":"product_tag-wasserdichter-penisring-fur-vergnugen","16":"product_tag-wellness-zubehor-fur-erwachsene","17":"product_tag-wiederverwendbarer-penisring","19":"first","20":"instock","21":"taxable","22":"shipping-taxable","23":"purchasable","24":"product-type-simple"},"_links":{"self":[{"href":"https:\/\/huskybearpoppers.eu\/de\/wp-json\/wp\/v2\/product\/20413","targetHints":{"allow":["GET"]}}],"collection":[{"href":"https:\/\/huskybearpoppers.eu\/de\/wp-json\/wp\/v2\/product"}],"about":[{"href":"https:\/\/huskybearpoppers.eu\/de\/wp-json\/wp\/v2\/types\/product"}],"replies":[{"embeddable":true,"href":"https:\/\/huskybearpoppers.eu\/de\/wp-json\/wp\/v2\/comments?post=20413"}],"version-history":[{"count":0,"href":"https:\/\/huskybearpoppers.eu\/de\/wp-json\/wp\/v2\/product\/20413\/revisions"}],"wp:featuredmedia":[{"embeddable":true,"href":"https:\/\/huskybearpoppers.eu\/de\/wp-json\/wp\/v2\/media\/19357"}],"wp:attachment":[{"href":"https:\/\/huskybearpoppers.eu\/de\/wp-json\/wp\/v2\/media?parent=20413"}],"wp:term":[{"taxonomy":"product_brand","embeddable":true,"href":"https:\/\/huskybearpoppers.eu\/de\/wp-json\/wp\/v2\/product_brand?post=20413"},{"taxonomy":"product_cat","embeddable":true,"href":"https:\/\/huskybearpoppers.eu\/de\/wp-json\/wp\/v2\/product_cat?post=20413"},{"taxonomy":"product_tag","embeddable":true,"href":"https:\/\/huskybearpoppers.eu\/de\/wp-json\/wp\/v2\/product_tag?post=20413"}],"curies":[{"name":"wp","href":"https:\/\/api.w.org\/{rel}","templated":true}]}}