{"id":20294,"date":"2025-09-23T12:17:36","date_gmt":"2025-09-23T10:17:36","guid":{"rendered":"https:\/\/huskybearpoppers.eu\/product\/durex-hot-gleitmittel-auf-wasserbasis-50-ml\/"},"modified":"2025-09-23T12:17:36","modified_gmt":"2025-09-23T10:17:36","slug":"durex-hot-gleitmittel-auf-wasserbasis-50-ml","status":"publish","type":"product","link":"https:\/\/huskybearpoppers.eu\/de\/produkt\/durex-hot-gleitmittel-auf-wasserbasis-50-ml\/","title":{"rendered":"Durex Hot Gleitmittel auf Wasserbasis &#8211; 50 ml"},"content":{"rendered":"<h2>Warum Durex Hot Gleitmittel 50 ml w\u00e4hlen?<\/h2>\n<p>Wenn Sie m\u00f6chten, dass intime Momente intensiver, aufregender und sinnlicher werden, ist Durex Hot Gleitmittel genau das Richtige f\u00fcr Sie. Anstatt nur zu \u201ebefeuchten&#8220;, f\u00fcgt dieses Gel ein w\u00e4rmendes Gef\u00fchl hinzu, das die Sinnlichkeit weckt, die Erregung steigert und das intime Erlebnis f\u00fcr beide Partner vertieft. <\/p>\n<h3>Hauptvorteile, die Sie erleben werden<\/h3>\n<ul>\n<li><strong>Gesteigerte Sinnlichkeit <\/strong>\u2013 W\u00e4rme verst\u00e4rkt das Gef\u00fchl der Ber\u00fchrung, selbst an sonst weniger empfindlichen Stellen.<\/li>\n<li><strong>Mehr Vergn\u00fcgen<\/strong> \u2013 wenn das Gel die Haut erw\u00e4rmt, wird jeder Kuss, jede Ber\u00fchrung und jede Bewegung intensiver.<\/li>\n<li><strong>Einfache Anwendung<\/strong> \u2013 wenige Tropfen gen\u00fcgen, das Gel l\u00e4sst sich leicht verteilen und wirkt schnell.<\/li>\n<li><strong>Weniger Reibung<\/strong> \u2013 glatterer Kontakt, weniger Reizung, mehr Entspannung und weniger Unterbrechungen der Intimit\u00e4t.<\/li>\n<li><strong>Spa\u00df und Experimentieren<\/strong> \u2013 die W\u00e4rme kann durch st\u00e4rkeren Druck oder sanftes Pusten verst\u00e4rkt werden \u2013 das Gef\u00fchl wird noch intensiver.<\/li>\n<li><strong>Vielseitiges Produkt <\/strong>\u2013 verwendbar in verschiedenen Situationen: vaginal, anal, oral; auch geeignet f\u00fcr die Verwendung mit Kondomen und Sexspielzeug.s and sex toys.<\/li>\n<\/ul>\n<h3>Wie wird es Ihre intimen Momente verwandeln?<\/h3>\n<p>Anstatt dass intime Momente eine unn\u00f6tige Sorge aufgrund unerw\u00fcnschter \u201eK\u00e4lte&#8220; oder Monotonie sind, f\u00fchrt Durex Hot Gleitmittel eine neue Ebene der Empfindungen ein \u2013 W\u00e4rme, die die Sinne weckt, und Entspannung, die es Ihnen erm\u00f6glicht, loszulassen, N\u00e4he zu pflegen und sorgenfrei Erinnerungen zu schaffen.<\/p>\n<p>Warnung: Ist kein Verh\u00fctungsmittel und enth\u00e4lt keine Spermizide. Kontakt mit Augen, verletzter Haut oder Wunden vermeiden. Bei Reizungen die Anwendung abbrechen. Bei anhaltender vaginaler Trockenheit einen Arzt aufsuchen.   <\/p>\n","protected":false},"excerpt":{"rendered":"<p>Durex Hot Gleitmittel 50 ml \u2013 <strong>Gel mit w\u00e4rmendem Effekt, das Empfindungen verst\u00e4rkt und intime N\u00e4he erh\u00f6ht.<\/strong> <\/p>\n<p><strong>Bringt W\u00e4rme bei Kontakt mit der Haut<\/strong>, reduziert Reibung und erm\u00f6glicht sinnlichere Momente ohne Reizung. Schnelle und diskrete Verpackung. <\/p>\n","protected":false},"featured_media":18968,"comment_status":"open","ping_status":"closed","template":"","meta":[],"product_brand":[],"product_cat":[9886,8586],"product_tag":[8896,8889,8892,8893,8894,8895,8897,8891,8890],"class_list":{"0":"post-20294","1":"product","2":"type-product","3":"status-publish","4":"has-post-thumbnail","6":"product_cat-gleitmittel","7":"product_cat-gleitmittel-kondome-mehr","8":"product_tag-durex-hot-gel-de","9":"product_tag-durex-hot-gleitmittel","10":"product_tag-durex-warmendes-gleitmittel","11":"product_tag-gleitmittel-mit-heisem-gefuhl","12":"product_tag-intimes-warmendes-gel","13":"product_tag-personliches-warmendes-gleitmittel","14":"product_tag-warmendes-gleitmittel-fur-paare","15":"product_tag-warmendes-intim-gel","16":"product_tag-warmendes-personliches-gleitmittel","18":"first","19":"instock","20":"taxable","21":"shipping-taxable","22":"purchasable","23":"product-type-simple"},"_links":{"self":[{"href":"https:\/\/huskybearpoppers.eu\/de\/wp-json\/wp\/v2\/product\/20294","targetHints":{"allow":["GET"]}}],"collection":[{"href":"https:\/\/huskybearpoppers.eu\/de\/wp-json\/wp\/v2\/product"}],"about":[{"href":"https:\/\/huskybearpoppers.eu\/de\/wp-json\/wp\/v2\/types\/product"}],"replies":[{"embeddable":true,"href":"https:\/\/huskybearpoppers.eu\/de\/wp-json\/wp\/v2\/comments?post=20294"}],"version-history":[{"count":0,"href":"https:\/\/huskybearpoppers.eu\/de\/wp-json\/wp\/v2\/product\/20294\/revisions"}],"wp:featuredmedia":[{"embeddable":true,"href":"https:\/\/huskybearpoppers.eu\/de\/wp-json\/wp\/v2\/media\/18968"}],"wp:attachment":[{"href":"https:\/\/huskybearpoppers.eu\/de\/wp-json\/wp\/v2\/media?parent=20294"}],"wp:term":[{"taxonomy":"product_brand","embeddable":true,"href":"https:\/\/huskybearpoppers.eu\/de\/wp-json\/wp\/v2\/product_brand?post=20294"},{"taxonomy":"product_cat","embeddable":true,"href":"https:\/\/huskybearpoppers.eu\/de\/wp-json\/wp\/v2\/product_cat?post=20294"},{"taxonomy":"product_tag","embeddable":true,"href":"https:\/\/huskybearpoppers.eu\/de\/wp-json\/wp\/v2\/product_tag?post=20294"}],"curies":[{"name":"wp","href":"https:\/\/api.w.org\/{rel}","templated":true}]}}