{"id":17923,"date":"2024-03-21T19:01:02","date_gmt":"2024-03-21T17:01:02","guid":{"rendered":"https:\/\/huskybearpoppers.eu\/product\/super-silhouette-xl-tutti-frutti-kondome-144er-pack\/"},"modified":"2024-03-21T19:01:02","modified_gmt":"2024-03-21T17:01:02","slug":"super-silhouette-xl-tutti-frutti-kondome-144er-pack","status":"publish","type":"product","link":"https:\/\/huskybearpoppers.eu\/de\/produkt\/super-silhouette-xl-tutti-frutti-kondome-144er-pack\/","title":{"rendered":"Super Silhouette XL Tutti Frutti Kondome \u2013 144er Pack"},"content":{"rendered":"<h2>Super Silhouette XL Tutti Frutti Kondome \u2013 F\u00fcr M\u00e4nner, die gro\u00df spielen<\/h2>\n<p>Wenn es auf die Gr\u00f6\u00dfe ankommt, brauchen Sie ein Kondom, das genau passt. <strong>Super Silhouette XL Tutti Frutti Kondome<\/strong> sind f\u00fcr M\u00e4nner gemacht, die mehr einpacken und ultimativen Komfort, Sicherheit und maximalen Genuss erleben wollen. <strong>Kein Quetschen, kein Unbehagen<\/strong> &#8211; nur ein nat\u00fcrliches Gef\u00fchl und eine lang anhaltende Ausdauer, die Sie so lange genie\u00dfen k\u00f6nnen, wie Sie wollen.  <\/p>\n<h3>Schlag wie ein Hammer \u2013 Keine Grenzen, keine Pausen<\/h3>\n<p>Haben Sie jemals das Unbehagen eines engen Kondoms gesp\u00fcrt, das Sie zur\u00fcckgehalten hat? Mit Super Silhouette XL Tutti Frutti Kondomen ist das Geschichte! <strong>Die spezielle Latexformel dehnt sich aus und passt sich Ihrer Gr\u00f6\u00dfe an,<\/strong> sorgt f\u00fcr kein Kneifen, keine Reibung, nur pures Vergn\u00fcgen. Diese Kondome sind f\u00fcr M\u00e4nner gebaut, die vollen Komfort und volle Leistung fordern.   <\/p>\n<h3>Langanhaltende Ausdauer \u2013 Bleiben Sie im Spiel mit Tutti Frutti Kondomen<\/h3>\n<p>Wenn Sie ins Spiel einsteigen, wollen Sie, dass es andauert. Mit diesen Tutti Frutti Kondomen k\u00f6nnen Sie den Rhythmus so lange halten, wie Sie m\u00f6chten. Der flexible, starke Latex sorgt daf\u00fcr, <strong>dass Sie die ganze Nacht durchmachen k\u00f6nnen, ohne sich eine einzige Sorge zu machen<\/strong>. Das sind Kondome, die f\u00fcr echte M\u00e4nner gemacht sind, <strong>die niemals bei nur einer Runde aufh\u00f6ren.<\/strong>   <\/p>\n<h3>Eine Explosion aus Geschmack und Empfindung<\/h3>\n<p>Warum sich mit dem Gew\u00f6hnlichen zufriedengeben, wenn Sie etwas S\u00fc\u00dfes hinzuf\u00fcgen k\u00f6nnen? <strong>Mit einem subtilen Tutti-Frutti-Aroma wird jeder Moment spielerischer und einladender.<\/strong> Keine \u00fcberw\u00e4ltigenden Geschm\u00e4cker, keine k\u00fcnstlichen Ger\u00fcche \u2013 nur eine leichte, verlockende Note, die Ihren Partner mehr wollen l\u00e4sst.  <\/p>\n<h3>Diskrete Lieferung \u2013 Ihr Geheimnis, Ihre Macht<\/h3>\n<p>Niemand muss wissen, was in Ihrem Schlafzimmer passiert. Deshalb kommen <strong>Super Silhouette XL Tutti Frutti Kondome<\/strong> in v\u00f6llig diskreter Verpackung an. Keine peinlichen Momente, keine unn\u00f6tige Aufmerksamkeit \u2013 nur Sie und Ihre 144 Gr\u00fcnde f\u00fcr unvergessliche N\u00e4chte. Tutti Frutti Kondome k\u00f6nnen das alles bew\u00e4ltigen!   <\/p>\n<h3>Warum Super Silhouette Tutti Frutti Kondome XL w\u00e4hlen?<\/h3>\n<p>Auf die Gr\u00f6\u00dfe kommt es an, und auf das Vergn\u00fcgen auch! Mit einer <strong>extra langen Passform von 210 mm<\/strong> haben Sie mehr Platz f\u00fcr Action, so dass sich nichts eingeschr\u00e4nkt anf\u00fchlt. Das <strong>extrabreite 60 mm<\/strong> Design bedeutet kein unangenehmes Zusammendr\u00fccken &#8211; nur das perfekte, nat\u00fcrliche Gef\u00fchl, damit Sie sich auf den Spa\u00df konzentrieren k\u00f6nnen! Diese Kondome aus <strong>Premium-Latex<\/strong> sind <strong>ultraflexibel und selbst f\u00fcr Ihre wildesten N\u00e4chte geeignet<\/strong>. Die <strong>glatte Textur mit normalem Gleitmittel<\/strong> sorgt daf\u00fcr, dass Sie m\u00fchelos gleiten k\u00f6nnen. Und nicht zu vergessen die s\u00fc\u00dfe Note &#8211; ein<strong>Tutti-Frutti-Aroma<\/strong>, das jede Begegnung noch ein bisschen k\u00f6stlicher macht. Und das Beste ist, dass Sie <strong>144 Kondome in einer Packungerhalten &#8211; denn<\/strong><strong>wer geht schon gerne zur Neige, wenn die Nacht gerade erst begonnen hat?<\/strong>      <\/p>\n<h3>Stellen Sie sich JETZT das vor&#8230;<\/h3>\n<p>Die Leidenschaft steigt. Blicke treffen sich, K\u00f6rper brennen vor Verlangen. Die Hitze intensiviert sich, und es gibt kein Zur\u00fcck mehr. Als es ernst wird, greifen Sie zu Ihren Super Tutti Frutti Kondomen.    <strong>Die Passform ist perfekt, das Gleiten ist m\u00fchelos, und die Empfindung ist explosiv. Ihr Partner st\u00f6hnt vor Vergn\u00fcgen. <\/strong> Sie grinsen \u2013 wissend, dass das eine Nacht zum Erinnern wird.<\/p>\n<h3>Lassen Sie sich nicht vom falschen Kondom zur\u00fcckhalten. W\u00e4hlen Sie Tutti Frutti Kondome! <\/h3>\n<p>Die Gr\u00f6\u00dfe ist wichtig. Komfort ist entscheidend. Ausdauer ist alles. Gehen Sie keine Kompromisse ein, wenn es um Ihr Vergn\u00fcgen geht. <strong>Super Silhouette XL Tutti Frutti Kondome<\/strong> sind f\u00fcr M\u00e4nner wie Sie gemacht &#8211; selbstbewusst, stark und bereit f\u00fcr lange, hei\u00dfe N\u00e4chte. <strong>Der Markt ist voll von gef\u00e4lschten Kondomen, die den Moment ruinieren und Ihre Sicherheit gef\u00e4hrden k\u00f6nnen.<\/strong> Gehen Sie kein Risiko mit billigen Imitationen ein &#8211; entscheiden Sie sich f\u00fcr <strong>zertifizierte Qualit\u00e4t, echten Schutz und ultimativen Genuss.<\/strong> Mit <strong>Super Silhouette XL<\/strong> erhalten Sie <strong>die perfekte Passform, Premium-Latex und ein sorgenfreies Erlebnis<\/strong> &#8211; jedes Mal.   <\/p>\n<h3>Sind Sie bereit? Bestellen Sie jetzt! Und starten Sie das harte Spiel!  <\/h3>\n<p>Entdecken Sie die <strong>Premium Pamitex Silhouette Kondomlinie<\/strong>, entworfen f\u00fcr diejenigen, die sowohl Komfort als auch Qualit\u00e4t fordern. Erkunden Sie unsere <a href=\"https:\/\/huskybearpoppers.eu\/de\/produkt\/silhouette-erdbeer-kondome-144er-pack\/\" target=\"_blank\" rel=\"noopener\">Silhouette Erdbeerkondome \u2013 144er Pack<\/a> und warten Sie nicht auf das Vergn\u00fcgen \u2013 \u00fcbernehmen Sie die Kontrolle! <\/p>\n<p>Holen Sie sich Ihre <strong>Silhouette Kondome<\/strong> jetzt und seien Sie jederzeit und \u00fcberall bereit f\u00fcr Action. <strong>Die richtige Gr\u00f6\u00dfe bedeutet die perfekte Passform, die beste Empfindung und das ultimative Vergn\u00fcgen. <\/strong>Es ist Zeit, Ihr Spiel mit dem richtigen Werkzeug zu verbessern! <\/p>\n","protected":false},"excerpt":{"rendered":"<p class=\"\" data-start=\"122\" data-end=\"191\"><strong data-start=\"122\" data-end=\"189\">Wenn es um Ihre Gr\u00f6\u00dfe und H\u00e4rte geht, haben wir Sie abgedeckt!<\/strong><\/p>\n<p class=\"\" data-start=\"193\" data-end=\"338\">Mit unseren <strong data-start=\"202\" data-end=\"246\">Super Silhouette XL Tutti Frutti Kondomen<\/strong> m\u00fcssen Sie sich keine Sorgen \u00fcber eine enge Passform oder Unbehagen um Ihren perfekt gro\u00dfen Penis machen!<\/p>\n<p class=\"\" data-start=\"340\" data-end=\"687\">Diese Kondome sind f\u00fcr M\u00e4nner konzipiert, die extra Platz und Komfort ben\u00f6tigen, sodass Sie l\u00e4nger durchhalten und alles sp\u00fcren k\u00f6nnen! Aus hochwertigem Latex hergestellt, sind sie transparent, ultra-glatt und verf\u00fcgen \u00fcber gew\u00f6hnliche Schmierung f\u00fcr ein nat\u00fcrliches Gef\u00fchl. Mit einem herrlichen Tutti-Frutti-Aroma versehen, f\u00fcgen sie eine spielerische und sinnliche Note zu Ihren intimen Momenten hinzu.  <\/p>\n<p class=\"\" data-start=\"689\" data-end=\"886\">Mit einer<strong data-start=\"697\" data-end=\"747\"> XL-Gr\u00f6\u00dfe von 210 mm L\u00e4nge und 60 mm <\/strong>Breite gew\u00e4hrleisten sie eine perfekte Passform f\u00fcr verst\u00e4rktes Vergn\u00fcgen. Jede Packung enth\u00e4lt <strong data-start=\"817\" data-end=\"832\">144 Kondome<\/strong>, sodass Sie immer bereit f\u00fcr grenzenlose Leidenschaft sind. <\/p>\n<p class=\"\" data-start=\"888\" data-end=\"990\"><strong data-start=\"888\" data-end=\"988\">Jetzt hat Ihnen das Verlangen seine T\u00fcren mit Super XL Frutti Kondomen ge\u00f6ffnet \u2013 Sex wird noch besser schmecken!<\/strong><\/p>\n","protected":false},"featured_media":12288,"comment_status":"open","ping_status":"closed","template":"","meta":[],"product_brand":[],"product_cat":[8586,9885],"product_tag":[6332,6337,6350,6345,6346,6339,6348,6343,6335,6351,6349,6340,6333,6334,6352,6341,6336,6344,6347,6353,6342,6338],"class_list":{"0":"post-17923","1":"product","2":"type-product","3":"status-publish","4":"has-post-thumbnail","6":"product_cat-gleitmittel-kondome-mehr","7":"product_cat-kondome","8":"product_tag-144er-pack-kondome","9":"product_tag-aromatisierte-kondome","10":"product_tag-beste-kondome-fur-manner","11":"product_tag-comfortable-fit-condoms-de","12":"product_tag-extra-breite-kondome","13":"product_tag-extra-grose-kondome","14":"product_tag-extra-haltbare-kondome","15":"product_tag-fruchtig-duftende-kondome","16":"product_tag-hochwertige-kondome","17":"product_tag-kondome-mit-extra-raum","18":"product_tag-kondome-mit-fruchtigem-aroma","19":"product_tag-kondome-mit-naturlichem-gefuhl","20":"product_tag-langanhaltende-kondome","21":"product_tag-pamitex-kondome","22":"product_tag-pamitex-silhouette-kondomlinie","23":"product_tag-premium-latex-kondome","24":"product_tag-safer-sex","25":"product_tag-seidig-glatte-kondome","26":"product_tag-silhouette-xl-kondome","27":"product_tag-super-silhouette-xl-tutti-frutti-kondome","28":"product_tag-tutti-frutti-kondome","29":"product_tag-xl-kondome","31":"first","32":"instock","33":"sale","34":"taxable","35":"shipping-taxable","36":"purchasable","37":"product-type-simple"},"_links":{"self":[{"href":"https:\/\/huskybearpoppers.eu\/de\/wp-json\/wp\/v2\/product\/17923","targetHints":{"allow":["GET"]}}],"collection":[{"href":"https:\/\/huskybearpoppers.eu\/de\/wp-json\/wp\/v2\/product"}],"about":[{"href":"https:\/\/huskybearpoppers.eu\/de\/wp-json\/wp\/v2\/types\/product"}],"replies":[{"embeddable":true,"href":"https:\/\/huskybearpoppers.eu\/de\/wp-json\/wp\/v2\/comments?post=17923"}],"version-history":[{"count":0,"href":"https:\/\/huskybearpoppers.eu\/de\/wp-json\/wp\/v2\/product\/17923\/revisions"}],"wp:featuredmedia":[{"embeddable":true,"href":"https:\/\/huskybearpoppers.eu\/de\/wp-json\/wp\/v2\/media\/12288"}],"wp:attachment":[{"href":"https:\/\/huskybearpoppers.eu\/de\/wp-json\/wp\/v2\/media?parent=17923"}],"wp:term":[{"taxonomy":"product_brand","embeddable":true,"href":"https:\/\/huskybearpoppers.eu\/de\/wp-json\/wp\/v2\/product_brand?post=17923"},{"taxonomy":"product_cat","embeddable":true,"href":"https:\/\/huskybearpoppers.eu\/de\/wp-json\/wp\/v2\/product_cat?post=17923"},{"taxonomy":"product_tag","embeddable":true,"href":"https:\/\/huskybearpoppers.eu\/de\/wp-json\/wp\/v2\/product_tag?post=17923"}],"curies":[{"name":"wp","href":"https:\/\/api.w.org\/{rel}","templated":true}]}}