{"id":17623,"date":"2025-08-08T12:50:49","date_gmt":"2025-08-08T10:50:49","guid":{"rendered":"https:\/\/huskybearpoppers.eu\/product\/rush-butanol-poppers-24ml\/"},"modified":"2026-01-09T12:43:59","modified_gmt":"2026-01-09T10:43:59","slug":"rush-butanol-poppers-24ml","status":"publish","type":"product","link":"https:\/\/huskybearpoppers.eu\/de\/produkt\/rush-butanol-poppers-24ml\/","title":{"rendered":"Rush Butanol Poppers 24ml"},"content":{"rendered":"","protected":false},"excerpt":{"rendered":"<p><strong>Rush Butanol Poppers 24 ml von PWD\u00ae<\/strong>, das anders wirkt als herk\u00f6mmliche Formeln.<\/p>\n<p>Dieser Lederreiniger f\u00fcr Sexspielzeug bereitet Ihre Ausr\u00fcstung auf wilde Sessions vor. Einmal gereinigt und gel\u00fcftet, f\u00fchlen sich Ihre Spielzeuge fantastisch an &#8211; der gro\u00dfe Plug scheint pl\u00f6tzlich leicht zu sein, der dicke Dildo passt perfekt und Sie \u00f6ffnen sich mehr denn je. <\/p>\n<p>Suchen Sie nach einer Variante dieses Produkts? Dann schauen Sie sich <a href=\"https:\/\/huskybearpoppers.eu\/de\/?post_type=product&#038;p=23517\"><strong>Rush Butanol Poppers 25ml von Funline\u00ae an.<\/strong><\/a> <\/p>\n","protected":false},"featured_media":14207,"comment_status":"open","ping_status":"closed","template":"","meta":[],"product_brand":[],"product_cat":[1263,1394,9807,1492,1231,1459,10097,1405,1481,8577,1361,10024,10091,10077,10030,10037,10088,9849],"product_tag":[],"class_list":{"0":"post-17623","1":"product","2":"type-product","3":"status-publish","4":"has-post-thumbnail","6":"product_cat-poppers-pwd-de","7":"product_cat-5-5-ausgezeichnet-stark-poppers","8":"product_cat-aq1e-jftn-v001-xca2","9":"product_cat-grose-poppers","10":"product_cat-hersteller-poppers","11":"product_cat-pentyl-nitrit-poppers-de","12":"product_cat-poppers-fur-einsteiger","13":"product_cat-poppers-nach-formel","14":"product_cat-poppers-nach-grose","15":"product_cat-poppers-shop-de","16":"product_cat-poppers-starke-messgerat","17":"product_cat-pup-play-poppers","18":"product_cat-poppers-fur-zweisamkeit","19":"product_cat-schnelle-direkte-poppers","20":"product_cat-shoppen-nach-community","21":"product_cat-shoppen-nach-erlebnis","22":"product_cat-shoppen-nach-moment","23":"product_cat-ufi-lederreiniger","25":"first","26":"instock","27":"taxable","28":"shipping-taxable","29":"purchasable","30":"product-type-simple"},"_links":{"self":[{"href":"https:\/\/huskybearpoppers.eu\/de\/wp-json\/wp\/v2\/product\/17623","targetHints":{"allow":["GET"]}}],"collection":[{"href":"https:\/\/huskybearpoppers.eu\/de\/wp-json\/wp\/v2\/product"}],"about":[{"href":"https:\/\/huskybearpoppers.eu\/de\/wp-json\/wp\/v2\/types\/product"}],"replies":[{"embeddable":true,"href":"https:\/\/huskybearpoppers.eu\/de\/wp-json\/wp\/v2\/comments?post=17623"}],"version-history":[{"count":0,"href":"https:\/\/huskybearpoppers.eu\/de\/wp-json\/wp\/v2\/product\/17623\/revisions"}],"wp:featuredmedia":[{"embeddable":true,"href":"https:\/\/huskybearpoppers.eu\/de\/wp-json\/wp\/v2\/media\/14207"}],"wp:attachment":[{"href":"https:\/\/huskybearpoppers.eu\/de\/wp-json\/wp\/v2\/media?parent=17623"}],"wp:term":[{"taxonomy":"product_brand","embeddable":true,"href":"https:\/\/huskybearpoppers.eu\/de\/wp-json\/wp\/v2\/product_brand?post=17623"},{"taxonomy":"product_cat","embeddable":true,"href":"https:\/\/huskybearpoppers.eu\/de\/wp-json\/wp\/v2\/product_cat?post=17623"},{"taxonomy":"product_tag","embeddable":true,"href":"https:\/\/huskybearpoppers.eu\/de\/wp-json\/wp\/v2\/product_tag?post=17623"}],"curies":[{"name":"wp","href":"https:\/\/api.w.org\/{rel}","templated":true}]}}