{"id":17571,"date":"2025-08-08T12:46:39","date_gmt":"2025-08-08T10:46:39","guid":{"rendered":"https:\/\/huskybearpoppers.eu\/product\/blue-boy-poppers-25-ml\/"},"modified":"2025-12-02T10:22:24","modified_gmt":"2025-12-02T08:22:24","slug":"blue-boy-poppers-25-ml","status":"publish","type":"product","link":"https:\/\/huskybearpoppers.eu\/de\/produkt\/blue-boy-poppers-25-ml\/","title":{"rendered":"Blue Boy Poppers 25 ml"},"content":{"rendered":"","protected":false},"excerpt":{"rendered":"<p>Canadian Blue Boy liefert 25ml extra-starken Pentylnitrit-Power. Lockerrooms Lederreiniger f\u00fcr Sexspielzeug bringt diese nordamerikanische K\u00fchnheit mit. Nach dem Reinigen und Trocknen helfen dir deine Spielzeuge dabei, wild zu werden &#8211; tiefer, h\u00e4rter, l\u00e4nger als dein \u00fcblicher Wochentags-Spa\u00df.  <\/p>\n","protected":false},"featured_media":16668,"comment_status":"open","ping_status":"closed","template":"","meta":[],"product_brand":[],"product_cat":[1383,10010,10229,1492,10078,1459,10097,10096,1252,10091],"product_tag":[5907,5911,5905,5910,5912,5906,5908,3164,5913,5909],"class_list":{"0":"post-17571","1":"product","2":"type-product","3":"status-publish","4":"has-post-thumbnail","6":"product_cat-4-5-sehr-stark-poppers","7":"product_cat-bear-brotherhood-poppers","8":"product_cat-eg-951-169-0","9":"product_cat-grose-poppers","10":"product_cat-lange-gleichmasige-poppers","11":"product_cat-pentyl-nitrit-poppers-de","12":"product_cat-poppers-fur-einsteiger","13":"product_cat-poppers-fur-party-club","14":"product_cat-poppers-lockerroom-de","15":"product_cat-poppers-fur-zweisamkeit","16":"product_tag-25-ml-flasche","17":"product_tag-4-von-5-starke","18":"product_tag-blaue-poppers","19":"product_tag-blue-boy-marke","20":"product_tag-kanadische-poppers","21":"product_tag-lockerroom-poppers-de","22":"product_tag-mittlere-flasche-poppers","23":"product_tag-pentyl-poppers-de","24":"product_tag-premium-qualitat","25":"product_tag-verlangerte-sessions","27":"first","28":"instock","29":"sale","30":"taxable","31":"shipping-taxable","32":"purchasable","33":"product-type-simple"},"_links":{"self":[{"href":"https:\/\/huskybearpoppers.eu\/de\/wp-json\/wp\/v2\/product\/17571","targetHints":{"allow":["GET"]}}],"collection":[{"href":"https:\/\/huskybearpoppers.eu\/de\/wp-json\/wp\/v2\/product"}],"about":[{"href":"https:\/\/huskybearpoppers.eu\/de\/wp-json\/wp\/v2\/types\/product"}],"replies":[{"embeddable":true,"href":"https:\/\/huskybearpoppers.eu\/de\/wp-json\/wp\/v2\/comments?post=17571"}],"version-history":[{"count":0,"href":"https:\/\/huskybearpoppers.eu\/de\/wp-json\/wp\/v2\/product\/17571\/revisions"}],"wp:featuredmedia":[{"embeddable":true,"href":"https:\/\/huskybearpoppers.eu\/de\/wp-json\/wp\/v2\/media\/16668"}],"wp:attachment":[{"href":"https:\/\/huskybearpoppers.eu\/de\/wp-json\/wp\/v2\/media?parent=17571"}],"wp:term":[{"taxonomy":"product_brand","embeddable":true,"href":"https:\/\/huskybearpoppers.eu\/de\/wp-json\/wp\/v2\/product_brand?post=17571"},{"taxonomy":"product_cat","embeddable":true,"href":"https:\/\/huskybearpoppers.eu\/de\/wp-json\/wp\/v2\/product_cat?post=17571"},{"taxonomy":"product_tag","embeddable":true,"href":"https:\/\/huskybearpoppers.eu\/de\/wp-json\/wp\/v2\/product_tag?post=17571"}],"curies":[{"name":"wp","href":"https:\/\/api.w.org\/{rel}","templated":true}]}}