{"id":4889,"date":"2024-07-25T14:16:34","date_gmt":"2024-07-25T12:16:34","guid":{"rendered":"https:\/\/huskybearpoppers.eu\/diskretes-paket\/"},"modified":"2026-04-03T11:44:25","modified_gmt":"2026-04-03T09:44:25","slug":"diskretes-paket","status":"publish","type":"page","link":"https:\/\/huskybearpoppers.eu\/de\/diskretes-paket\/","title":{"rendered":"Diskretes Paket"},"content":{"rendered":"\n<p><strong>Ihr Datenschutz ist Unsere Priorit\u00e4t<\/strong><\/p>\n\n<p>Wir von Husky Bear Poppers wissen, wie wichtig Diskretion beim Kauf von poppers ist. Wir wissen, dass die Privatsph\u00e4re wichtig ist, und deshalb haben wir ein diskretes Paket entworfen, das sicherstellt, dass Ihre pers\u00f6nlichen Vorlieben vertraulich bleiben. Mit unserem diskreten Paket k\u00f6nnen Sie beruhigt einkaufen, denn Sie wissen, dass Ihre Bestellung sicher ankommt, ohne dass der Inhalt preisgegeben wird.  <\/p>\n\n<div class=\"wp-block-rank-math-toc-block\" id=\"rank-math-toc\"><h2>Table of Contents<\/h2><nav><ul><li><a href=\"#1-why-choose-our-discrete-package\">1. Warum Unser Diskretes Paket W\u00e4hlen?<\/a><\/li><li><a href=\"#2-detailed-packaging-process\">2. Detaillierter Verpackungsprozess<\/a><ul><li><a href=\"#2-1-unmarked-brown-boxes\">2.1 Unmarkierte Braune Kartons<\/a><\/li><li><a href=\"#2-2-secure-and-tamper-evident-sealing\">2.2 Sichere und Manipulationssichere Versiegelung<\/a><\/li><\/ul><\/li><li><a href=\"#3-labeling-and-privacy\">3. Etikettierung und Privatsph\u00e4re<\/a><ul><li><a href=\"#3-1-non-descriptive-shipping-labels\">3.1 Nicht-Beschreibende Versandetiketten<\/a><\/li><li><a href=\"#3-2-generic-return-address\">3.2 Generische R\u00fccksendeadresse<\/a><\/li><\/ul><\/li><li><a href=\"#4-shipping-across-europe\">4. Versand in Ganz Europa<br><\/a><ul><li><a href=\"#4-1-fast-and-reliable-delivery\">4.1 Schnelle und Zuverl\u00e4ssige Lieferung<\/a><\/li><li><a href=\"#4-2-expedited-shipping-options\">4.2 Beschleunigte Versandoptionen<\/a><\/li><li><a href=\"#4-3-wide-european-coverage\">4.3 Breite Europ\u00e4ische Abdeckung<br><\/a><\/li><li><a href=\"#4-4-shipping-partners\">4.4 Versandpartner<\/a><\/li><\/ul><\/li><li><a href=\"#5-customer-privacy-assurance\">5. Kundendatenschutzgarantie<\/a><ul><li><a href=\"#5-1-secure-payment-methods\">5.1 Sichere Zahlungsmethoden<\/a><\/li><li><a href=\"#5-2-data-protection-policies\">5.2 Datenschutzrichtlinien<\/a><\/li><\/ul><\/li><li><a href=\"#6-packaging-standards\">6. Verpackungsstandards<\/a><\/li><li><a href=\"#7-conclusion\">7. Fazit<\/a><\/li><\/ul><\/nav><\/div>\n\n<h2 class=\"wp-block-heading\" id=\"1-why-choose-our-discrete-package\">1. Warum Unser Diskretes Paket W\u00e4hlen?<\/h2>\n\n<p>Wenn Sie sich f\u00fcr Husky Bear Poppers entscheiden, entscheiden Sie sich f\u00fcr Privatsph\u00e4re, Sicherheit und Seelenfrieden. Unser diskretes Paket bietet mehrere Vorteile, um Ihre Zufriedenheit zu gew\u00e4hrleisten: <\/p>\n\n<ol class=\"wp-block-list\">\n<li><strong>Unmarkierte Verpackung:<\/strong>\n<ul class=\"wp-block-list\">\n<li><strong>Schlichte Braune Kartons:<\/strong> Alle Bestellungen werden in schlichten, unmarkierten braunen Kartons verschickt. Auf der Au\u00dfenseite befinden sich keine Logos, Firmennamen oder Produktangaben. <\/li>\n\n\n\n<li><strong>Nicht-Beschreibende Etiketten:<\/strong> Die R\u00fccksendeadresse auf dem Paket lautet &#8222;International Scalpers l.l.c.&#8220;, um sicherzustellen, dass der Inhalt vertraulich bleibt.<\/li>\n<\/ul>\n<\/li>\n\n\n\n<li><strong>Keine Angabe des Inhalts:<\/strong>\n<ul class=\"wp-block-list\">\n<li><strong>Keine Produktbeschreibungen:<\/strong> Es gibt keine Beschreibungen oder Namen der Produkte im Inneren, so dass der Datenschutz gew\u00e4hrleistet ist.<\/li>\n\n\n\n<li><strong>Allgemeine R\u00fccksendeadresse:<\/strong> Unsere R\u00fccksendeadresse ist generisch und gibt keinen Hinweis auf die Art Ihres Einkaufs.<\/li>\n<\/ul>\n<\/li>\n\n\n\n<li><strong>Sicheres Versiegeln:<\/strong>\n<ul class=\"wp-block-list\">\n<li><strong>Manipulationssichere Versiegelung:<\/strong> Wir verwenden hochwertige, f\u00e4lschungssichere Versiegelungsmethoden, um sicherzustellen, dass Ihr Paket unversehrt und unge\u00f6ffnet ankommt.<\/li>\n\n\n\n<li><strong>Schutz Vor Besch\u00e4digung:<\/strong> Jede Flasche ist sorgf\u00e4ltig verpackt und gepolstert, um Bruch oder Auslaufen w\u00e4hrend des Transports zu verhindern.<\/li>\n<\/ul>\n<\/li>\n<\/ol>\n\n<figure class=\"wp-block-gallery has-nested-images columns-3 is-cropped wp-block-gallery-1 is-layout-flex wp-block-gallery-is-layout-flex\">\n<figure class=\"wp-block-image size-large\"><img loading=\"lazy\" decoding=\"async\" width=\"576\" height=\"1024\" data-id=\"1607\" src=\"https:\/\/huskybearpoppers.eu\/wp-content\/uploads\/2024\/07\/Discreet-package-example-1-576x1024.jpg\" alt=\"\" class=\"wp-image-1607\" srcset=\"https:\/\/huskybearpoppers.eu\/wp-content\/uploads\/2024\/07\/Discreet-package-example-1-576x1024.jpg 576w, https:\/\/huskybearpoppers.eu\/wp-content\/uploads\/2024\/07\/Discreet-package-example-1-800x1422.jpg 800w, https:\/\/huskybearpoppers.eu\/wp-content\/uploads\/2024\/07\/Discreet-package-example-1-169x300.jpg 169w, https:\/\/huskybearpoppers.eu\/wp-content\/uploads\/2024\/07\/Discreet-package-example-1-768x1365.jpg 768w, https:\/\/huskybearpoppers.eu\/wp-content\/uploads\/2024\/07\/Discreet-package-example-1-864x1536.jpg 864w, https:\/\/huskybearpoppers.eu\/wp-content\/uploads\/2024\/07\/Discreet-package-example-1.jpg 900w\" sizes=\"auto, (max-width: 576px) 100vw, 576px\" \/><\/figure>\n\n\n\n<figure class=\"wp-block-image size-large\"><img loading=\"lazy\" decoding=\"async\" width=\"576\" height=\"1024\" data-id=\"1606\" src=\"https:\/\/huskybearpoppers.eu\/wp-content\/uploads\/2024\/07\/Discreet-package-example-2-576x1024.jpg\" alt=\"\" class=\"wp-image-1606\" srcset=\"https:\/\/huskybearpoppers.eu\/wp-content\/uploads\/2024\/07\/Discreet-package-example-2-576x1024.jpg 576w, https:\/\/huskybearpoppers.eu\/wp-content\/uploads\/2024\/07\/Discreet-package-example-2-800x1422.jpg 800w, https:\/\/huskybearpoppers.eu\/wp-content\/uploads\/2024\/07\/Discreet-package-example-2-169x300.jpg 169w, https:\/\/huskybearpoppers.eu\/wp-content\/uploads\/2024\/07\/Discreet-package-example-2-768x1365.jpg 768w, https:\/\/huskybearpoppers.eu\/wp-content\/uploads\/2024\/07\/Discreet-package-example-2-864x1536.jpg 864w, https:\/\/huskybearpoppers.eu\/wp-content\/uploads\/2024\/07\/Discreet-package-example-2.jpg 900w\" sizes=\"auto, (max-width: 576px) 100vw, 576px\" \/><\/figure>\n\n\n\n<figure class=\"wp-block-image size-large\"><img loading=\"lazy\" decoding=\"async\" width=\"576\" height=\"1024\" data-id=\"1605\" src=\"https:\/\/huskybearpoppers.eu\/wp-content\/uploads\/2024\/07\/Discreet-package-example-3-576x1024.jpg\" alt=\"\" class=\"wp-image-1605\" srcset=\"https:\/\/huskybearpoppers.eu\/wp-content\/uploads\/2024\/07\/Discreet-package-example-3-576x1024.jpg 576w, https:\/\/huskybearpoppers.eu\/wp-content\/uploads\/2024\/07\/Discreet-package-example-3-800x1422.jpg 800w, https:\/\/huskybearpoppers.eu\/wp-content\/uploads\/2024\/07\/Discreet-package-example-3-169x300.jpg 169w, https:\/\/huskybearpoppers.eu\/wp-content\/uploads\/2024\/07\/Discreet-package-example-3-768x1365.jpg 768w, https:\/\/huskybearpoppers.eu\/wp-content\/uploads\/2024\/07\/Discreet-package-example-3-864x1536.jpg 864w, https:\/\/huskybearpoppers.eu\/wp-content\/uploads\/2024\/07\/Discreet-package-example-3.jpg 900w\" sizes=\"auto, (max-width: 576px) 100vw, 576px\" \/><\/figure>\n<\/figure>\n\n<h2 class=\"wp-block-heading\" id=\"2-detailed-packaging-process\">2. Detaillierter Verpackungsprozess<\/h2>\n\n<p>Unser detaillierter Verpackungsprozess gew\u00e4hrleistet, dass Ihre Bestellung sicher und privat ist. Jede Bestellung wird sorgf\u00e4ltig in stabilen, braunen Kartons verpackt. Wir verwenden hochwertiges Verpackungsmaterial, um Ihre Artikel zu sichern und Sch\u00e4den w\u00e4hrend des Transports zu vermeiden. Die Verpackung ist manipulationssicher, d.h. jeder Versuch, das Paket zu \u00f6ffnen, wird bemerkt, so dass Ihre Bestellung unversehrt und vertraulich bleibt.l.   <\/p>\n\n<h3 class=\"wp-block-heading\" id=\"2-1-unmarked-brown-boxes\">2.1 Unmarkierte Braune Kartons<\/h3>\n\n<p>Wir wissen, wie wichtig Diskretion ist. Deshalb verwenden wir f\u00fcr alle unsere Sendungen schlichte, unmarkierte braune Kartons. Diese Kartons tragen keine Logos, Firmennamen oder Produktangaben auf der Au\u00dfenseite. So wird sichergestellt, dass Ihre Privatsph\u00e4re gewahrt bleibt, von dem Moment an, in dem Ihre Bestellung unser Haus verl\u00e4sst, bis sie bei Ihnen eintrifft.  <\/p>\n\n<h3 class=\"wp-block-heading\" id=\"2-2-secure-and-tamper-evident-sealing\">2.2 Sichere und Manipulationssichere Versiegelung<\/h3>\n\n<p>Um Ihre Privatsph\u00e4re und die Unversehrtheit Ihrer Bestellung weiter zu sch\u00fctzen, verwenden wir manipulationssichere Versiegelungsmethoden. Unsere Pakete sind sicher versiegelt, und jeder Versuch, sie zu \u00f6ffnen, ist offensichtlich. Dies gibt Ihnen die Gewissheit, dass Ihre Bestellung w\u00e4hrend des Versands nicht manipuliert wurde.  <\/p>\n\n<h2 class=\"wp-block-heading\" id=\"3-labeling-and-privacy\">3. Etikettierung und Privatsph\u00e4re<\/h2>\n\n<p>Wir unternehmen zus\u00e4tzliche Schritte, um Ihre Privatsph\u00e4re zu sch\u00fctzen. Der Versandaufkleber ist nicht beschreibend und enth\u00e4lt nur die notwendigen Lieferinformationen. Der Name des Absenders wird als &#8222;International Scalpers l.l.c.&#8220; angegeben, ohne jeglichen Hinweis auf Husky Bear Poppers oder die enthaltenen Produkte. Auf diese Weise bleibt Ihre Privatsph\u00e4re gewahrt, von dem Moment an, in dem Ihre Bestellung unser Haus verl\u00e4sst, bis sie bei Ihnen eintrifft.   <\/p>\n\n<figure class=\"wp-block-image size-full\"><img loading=\"lazy\" decoding=\"async\" width=\"582\" height=\"693\" src=\"https:\/\/huskybearpoppers.eu\/wp-content\/uploads\/2024\/08\/dhl-shipping-lable.png\" alt=\"\" class=\"wp-image-2990\" srcset=\"https:\/\/huskybearpoppers.eu\/wp-content\/uploads\/2024\/08\/dhl-shipping-lable.png 582w, https:\/\/huskybearpoppers.eu\/wp-content\/uploads\/2024\/08\/dhl-shipping-lable-252x300.png 252w\" sizes=\"auto, (max-width: 582px) 100vw, 582px\" \/><\/figure>\n\n<h3 class=\"wp-block-heading\" id=\"3-1-non-descriptive-shipping-labels\">3.1 Nicht-Beschreibende Versandetiketten<\/h3>\n\n<p>Unsere Versandetiketten sind so gestaltet, dass sie so diskret wie m\u00f6glich sind. Sie enthalten nur die notwendigen Lieferinformationen, wobei der Absender als &#8222;International Scalpers l.l.c.&#8220; aufgef\u00fchrt ist. Es gibt keinen Hinweis auf Husky Bear Poppers oder die Art der Produkte im Paket. So wird sichergestellt, dass Ihre Privatsph\u00e4re w\u00e4hrend des gesamten Versandvorgangs gesch\u00fctzt ist.   <\/p>\n\n<h3 class=\"wp-block-heading\" id=\"3-2-generic-return-address\">3.2 Generische R\u00fccksendeadresse<\/h3>\n\n<p>Um Ihre Privatsph\u00e4re zu sch\u00fctzen, verwenden wir auf allen unseren Paketen eine allgemeine R\u00fccksendeadresse. Diese Adresse gibt keinen Aufschluss \u00fcber die Art Ihres Kaufs und bietet somit eine zus\u00e4tzliche Ebene der Diskretion. Unabh\u00e4ngig davon, ob Ihr Paket zu Ihnen nach Hause, ins B\u00fcro oder an einen anderen Ort geliefert wird, k\u00f6nnen Sie sich darauf verlassen, dass der Inhalt vertraulich bleibt.  <\/p>\n\n<h2 class=\"wp-block-heading\" id=\"4-shipping-across-europe\">4. Versand in Ganz Europa<\/h2>\n\n<p>Wir bieten einen schnellen und zuverl\u00e4ssigen Versand in ganz Europa. Unsere Standardlieferzeiten sind kurz, und wir bieten auch Eilversandoptionen f\u00fcr diejenigen, die ihre Bestellungen schneller ben\u00f6tigen. Unabh\u00e4ngig davon, wo in Europa Sie sich befinden, k\u00f6nnen Sie erwarten, dass Ihr diskretes Paket schnell und sicher ankommt. <strong>Erfahren Sie mehr dar\u00fcber, wohin wir liefern, auf unserer Seite <a href=\"https:\/\/huskybearpoppers.eu\/de\/versandinformationen\/\">Versandinformationen<\/a>.<\/strong>  <\/p>\n\n<h3 class=\"wp-block-heading\" id=\"4-1-fast-and-reliable-delivery\">4.1 Schnelle und Zuverl\u00e4ssige Lieferung<\/h3>\n\n<p>Wir verstehen, dass Sie Ihre Produkte so schnell wie m\u00f6glich haben m\u00f6chten. Deshalb bieten wir einen schnellen und zuverl\u00e4ssigen Versand in ganz Europa. Unsere Standard-Lieferzeiten sind darauf ausgelegt, dass Ihre Bestellung schnell bei Ihnen eintrifft, ohne dass die Privatsph\u00e4re und Sicherheit Ihres diskreten Pakets beeintr\u00e4chtigt wird.  <\/p>\n\n<h3 class=\"wp-block-heading\" id=\"4-2-expedited-shipping-options\">4.2 Beschleunigte Versandoptionen<\/h3>\n\n<p>F\u00fcr diejenigen, die ihre Bestellungen noch schneller ben\u00f6tigen, bieten wir Optionen f\u00fcr einen beschleunigten Versand an. Diese Optionen sorgen daf\u00fcr, dass Ihr diskretes Paket so schnell wie m\u00f6glich bei Ihnen ankommt, w\u00e4hrend gleichzeitig ein H\u00f6chstma\u00df an Privatsph\u00e4re und Sicherheit gew\u00e4hrleistet ist. Ganz gleich, ob Sie sich f\u00fcr den Standard- oder den Expressversand entscheiden, Sie k\u00f6nnen darauf vertrauen, dass Ihre Bestellung mit Sorgfalt und Diskretion behandelt wird.  <\/p>\n\n<h3 class=\"wp-block-heading\" id=\"4-3-wide-european-coverage\">4.3 Breite Europ\u00e4ische Abdeckung<\/h3>\n\n<p>Ganz gleich, wo in Europa Sie sich befinden, Husky Bear Poppers kann Ihre Bestellung liefern. Unser Versandservice deckt eine Vielzahl von Orten auf dem gesamten Kontinent ab und sorgt daf\u00fcr, dass Ihr diskretes Paket Sie schnell und sicher erreicht. Von Gro\u00dfst\u00e4dten bis hin zu entlegenen Gebieten &#8211; wir bieten all unseren Kunden einen zuverl\u00e4ssigen Lieferservice.  <\/p>\n\n<h3 class=\"wp-block-heading\" id=\"4-4-shipping-partners\">4.4 Versandpartner<\/h3>\n\n<p>Wir arbeiten mit vertrauensw\u00fcrdigen Transportunternehmen wie DHL, GLS und DPD zusammen, um sicherzustellen, dass Ihr diskretes Paket sicher und p\u00fcnktlich zugestellt wird. Diese Spediteure sind f\u00fcr ihre Zuverl\u00e4ssigkeit und Professionalit\u00e4t bekannt und sorgen daf\u00fcr, dass Ihre Bestellung in einwandfreiem Zustand ankommt. <\/p>\n\n<figure class=\"wp-block-image size-large\"><img loading=\"lazy\" decoding=\"async\" width=\"1024\" height=\"134\" src=\"https:\/\/huskybearpoppers.eu\/wp-content\/uploads\/2024\/07\/Shipping-Partners-1024x134.jpg\" alt=\"\" class=\"wp-image-1603\" srcset=\"https:\/\/huskybearpoppers.eu\/wp-content\/uploads\/2024\/07\/Shipping-Partners-1024x134.jpg 1024w, https:\/\/huskybearpoppers.eu\/wp-content\/uploads\/2024\/07\/Shipping-Partners-1000x131.jpg 1000w, https:\/\/huskybearpoppers.eu\/wp-content\/uploads\/2024\/07\/Shipping-Partners-300x39.jpg 300w, https:\/\/huskybearpoppers.eu\/wp-content\/uploads\/2024\/07\/Shipping-Partners-768x101.jpg 768w, https:\/\/huskybearpoppers.eu\/wp-content\/uploads\/2024\/07\/Shipping-Partners-1536x202.jpg 1536w, https:\/\/huskybearpoppers.eu\/wp-content\/uploads\/2024\/07\/Shipping-Partners.jpg 1920w\" sizes=\"auto, (max-width: 1024px) 100vw, 1024px\" \/><\/figure>\n\n<h2 class=\"wp-block-heading\" id=\"5-customer-privacy-assurance\">5. Kundendatenschutzgarantie<\/h2>\n\n<p>\u00dcber die Verpackung hinaus verpflichten wir uns, Ihre Privatsph\u00e4re w\u00e4hrend des gesamten Bestellvorgangs zu sch\u00fctzen. Unsere Website verwendet sichere Zahlungsmethoden, und wir verf\u00fcgen \u00fcber strenge Datenschutzrichtlinien. Ihre pers\u00f6nlichen Daten werden stets mit \u00e4u\u00dferster Sorgfalt und Vertraulichkeit behandelt.  <\/p>\n\n<h3 class=\"wp-block-heading\" id=\"5-1-secure-payment-methods\">5.1 Sichere Zahlungsmethoden<\/h3>\n\n<p>Bei Husky Bear Poppers wissen wir, wie wichtig sichere Transaktionen sind. Wir bieten eine Reihe von sicheren Zahlungsmethoden an, um sicherzustellen, dass Ihre finanziellen Daten gesch\u00fctzt sind. Ganz gleich, ob Sie per Kreditkarte, per Nachnahme oder mit einer anderen Methode bezahlen m\u00f6chten, Sie k\u00f6nnen darauf vertrauen, dass Ihre Zahlungsdaten bei uns sicher sind.  <\/p>\n\n<h3 class=\"wp-block-heading\" id=\"5-2-data-protection-policies\">5.2 Datenschutzrichtlinien<\/h3>\n\n<p>Wir nehmen den Datenschutz ernst. Unsere Website ist mit fortschrittlichen Sicherheitsma\u00dfnahmen ausgestattet, um Ihre pers\u00f6nlichen Daten zu sch\u00fctzen. Wir halten uns an strenge Datenschutzrichtlinien und stellen sicher, dass Ihre Daten niemals ohne Ihre Zustimmung an Dritte weitergegeben werden. Ihre Privatsph\u00e4re hat f\u00fcr uns oberste Priorit\u00e4t, sowohl w\u00e4hrend als auch nach Ihrem Kauf.   <\/p>\n\n<h2 class=\"wp-block-heading\" id=\"6-packaging-standards\">6. Verpackungsstandards<\/h2>\n\n<p>Wir halten uns bei der Verpackung an die Standards der International Air Transport Association (IATA). Dadurch wird sichergestellt, dass Ihre Bestellung nicht nur diskret ist, sondern auch den internationalen Versandvorschriften entspricht. Unsere Einhaltung dieser Standards garantiert, dass Ihr diskretes Paket w\u00e4hrend des Transports sicher und verantwortungsvoll behandelt wird.  <\/p>\n\n<figure class=\"wp-block-image size-full is-resized is-style-default\"><a href=\"https:\/\/www.iata.org\/en\/publications\/manuals-standards-regulations\/\" target=\"_blank\" rel=\"noreferrer noopener\"><img loading=\"lazy\" decoding=\"async\" width=\"378\" height=\"396\" src=\"https:\/\/huskybearpoppers.eu\/wp-content\/uploads\/2024\/07\/iata-certificat.jpg\" alt=\"\" class=\"wp-image-1604\" style=\"width:161px;height:auto\" srcset=\"https:\/\/huskybearpoppers.eu\/wp-content\/uploads\/2024\/07\/iata-certificat.jpg 378w, https:\/\/huskybearpoppers.eu\/wp-content\/uploads\/2024\/07\/iata-certificat-286x300.jpg 286w\" sizes=\"auto, (max-width: 378px) 100vw, 378px\" \/><\/a><\/figure>\n\n<h2 class=\"wp-block-heading\" id=\"7-conclusion\">7. Fazit<\/h2>\n\n<p>Zusammenfassend l\u00e4sst sich sagen, dass unser diskretes Paket darauf ausgelegt ist, Ihnen ein H\u00f6chstma\u00df an Privatsph\u00e4re und Sicherheit zu bieten. Von dem Moment an, in dem Sie Ihre Bestellung aufgeben, bis zu dem Moment, in dem sie bei Ihnen eintrifft, sorgen wir daf\u00fcr, dass Ihre pers\u00f6nlichen W\u00fcnsche vertraulich bleiben. W\u00e4hlen Sie Husky Bear Poppers f\u00fcr ein zuverl\u00e4ssiges und diskretes Einkaufserlebnis.  <\/p>\n\n<p>Mit unserer diskreten Verpackung k\u00f6nnen Sie beruhigt einkaufen, denn Sie wissen, dass Ihre Privatsph\u00e4re bei jedem Schritt gesch\u00fctzt ist. Erleben Sie den Seelenfrieden, der mit unserer sicheren und diskreten Verpackung einhergeht, und genie\u00dfen Sie Ihren Einkauf ganz ohne Sorgen. <\/p>\n","protected":false},"excerpt":{"rendered":"<p>Ihr Datenschutz ist Unsere Priorit\u00e4t Wir von Husky Bear Poppers wissen, wie wichtig Diskretion beim Kauf von poppers ist. Wir wissen, dass die Privatsph\u00e4re wichtig ist, und deshalb haben wir ein diskretes Paket entworfen, das sicherstellt, dass Ihre pers\u00f6nlichen Vorlieben vertraulich bleiben. Mit unserem diskreten Paket k\u00f6nnen Sie beruhigt einkaufen, denn Sie wissen, dass Ihre [&hellip;]<\/p>\n","protected":false},"author":1,"featured_media":25768,"parent":0,"menu_order":0,"comment_status":"closed","ping_status":"closed","template":"","meta":{"footnotes":""},"class_list":["post-4889","page","type-page","status-publish","has-post-thumbnail","hentry"],"blocksy_meta":[],"_links":{"self":[{"href":"https:\/\/huskybearpoppers.eu\/de\/wp-json\/wp\/v2\/pages\/4889","targetHints":{"allow":["GET"]}}],"collection":[{"href":"https:\/\/huskybearpoppers.eu\/de\/wp-json\/wp\/v2\/pages"}],"about":[{"href":"https:\/\/huskybearpoppers.eu\/de\/wp-json\/wp\/v2\/types\/page"}],"author":[{"embeddable":true,"href":"https:\/\/huskybearpoppers.eu\/de\/wp-json\/wp\/v2\/users\/1"}],"replies":[{"embeddable":true,"href":"https:\/\/huskybearpoppers.eu\/de\/wp-json\/wp\/v2\/comments?post=4889"}],"version-history":[{"count":0,"href":"https:\/\/huskybearpoppers.eu\/de\/wp-json\/wp\/v2\/pages\/4889\/revisions"}],"wp:featuredmedia":[{"embeddable":true,"href":"https:\/\/huskybearpoppers.eu\/de\/wp-json\/wp\/v2\/media\/25768"}],"wp:attachment":[{"href":"https:\/\/huskybearpoppers.eu\/de\/wp-json\/wp\/v2\/media?parent=4889"}],"curies":[{"name":"wp","href":"https:\/\/api.w.org\/{rel}","templated":true}]}}