{"id":15812,"date":"2024-07-22T18:56:49","date_gmt":"2024-07-22T16:56:49","guid":{"rendered":"https:\/\/huskybearpoppers.eu\/bestellung-und-rueckgabe\/"},"modified":"2026-04-03T11:44:32","modified_gmt":"2026-04-03T09:44:32","slug":"bestellung-und-rueckgabe","status":"publish","type":"page","link":"https:\/\/huskybearpoppers.eu\/de\/bestellung-und-rueckgabe\/","title":{"rendered":"Bestellung und R\u00fcckgabe"},"content":{"rendered":"\n<h2 class=\"wp-block-heading\"><strong>So geben Sie eine Bestellung bei Husky Bear Poppers auf<\/strong><\/h2>\n\n<p><strong>1. Website-Bestellungen (<a href=\"https:\/\/huskybearpoppers.eu\/de\/\">huskybearpoppers.eu<\/a>):<\/strong><\/p>\n\n<ul class=\"wp-block-list\">\n<li><strong>Durchsuchen und Ausw\u00e4hlen:<\/strong> Erkunden Sie unser Produktsortiment und f\u00fcgen Sie Ihre gew\u00fcnschten Artikel durch Klicken auf &#8222;In den Warenkorb&#8220; Ihrem Warenkorb hinzu.<\/li>\n\n\n\n<li><strong>Warenkorb\u00fcbersicht:<\/strong> Passen Sie Mengen an, entfernen Sie Artikel oder wenden Sie Rabattcodes in Ihrem Warenkorb an.<\/li>\n\n\n\n<li><strong>Zur Kasse gehen: <\/strong>Klicken Sie auf &#8222;Zur Kasse gehen&#8220;, um mit Ihrer Bestellung fortzufahren.<\/li>\n\n\n\n<li><strong>Geben Sie Ihre Daten ein:<\/strong> F\u00fcllen Sie Ihre Kontakt- und Lieferdetails aus. Wenn die Rechnungsadresse abweicht, aktivieren Sie das entsprechende K\u00e4stchen. <\/li>\n\n\n\n<li><strong>Versandart w\u00e4hlen: <\/strong>Unser bevorzugter Lieferdienst wird automatisch ausgew\u00e4hlt und die Versandgeb\u00fchr wird basierend auf Ihrem Land w\u00e4hrend des Bestellvorgangs berechnet.<\/li>\n\n\n\n<li><strong>Best\u00e4tigen Sie Ihre Bestellung:<\/strong> \u00dcberpr\u00fcfen Sie Ihre Bestelldetails noch einmal und klicken Sie auf &#8222;Bestellung best\u00e4tigen&#8220;. Sie erhalten eine Best\u00e4tigungs-E-Mail. Optional k\u00f6nnen Sie unseren Newsletter f\u00fcr exklusive Angebote abonnieren.  <\/li>\n\n\n\n<li><strong>Vereinbarung:<\/strong> Mit der Bestellung stimmen Sie unseren <a href=\"https:\/\/huskybearpoppers.eu\/de\/allgemeine-geschaeftsbedingungen\/\"><strong>Allgemeinen Gesch\u00e4ftsbedingungen.<\/strong><\/a><\/li>\n<\/ul>\n\n<p>F\u00fcr detaillierte Informationen zu Versandgeb\u00fchren und Grenzwerten f\u00fcr kostenlosen <a href=\"https:\/\/huskybearpoppers.eu\/de\/versandinformationen\/\"><strong>Versand besuchen Sie unsere Versandinformationsseite.<\/strong><\/a><\/p>\n\n<p><strong>2. Bestellung per E-Mail, Social Media oder Telefon:<\/strong><\/p>\n\n<ul class=\"wp-block-list\">\n<li><strong>Senden Sie Ihre Daten:<\/strong> Geben Sie Ihren Namen, Lieferadresse, Telefonnummer und die Produkte, die Sie kaufen m\u00f6chten, an <a>info@huskybearpoppers.eu<\/a> an oder kontaktieren Sie uns \u00fcber Facebook, WhatsApp oder Instagram.<\/li>\n\n\n\n<li><strong>Erhalten Sie Unterst\u00fctzung<\/strong>: Unser Kundensupport-Team unterst\u00fctzt Sie w\u00e4hrend des gesamten Kaufprozesses.<\/li>\n<\/ul>\n\n<h3 class=\"wp-block-heading\"><strong>Ihr Widerrufsrecht<\/strong><\/h3>\n\n<ul class=\"wp-block-list\">\n<li><strong>14-t\u00e4giges Widerrufsrecht:<\/strong> Sie k\u00f6nnen Ihre Bestellung innerhalb von 14 Tagen nach Erhalt Ihres Produkts ohne Angabe von Gr\u00fcnden widerrufen. Wenn Sie nicht zufrieden sind, k\u00f6nnen Sie eine R\u00fcckerstattung oder einen Umtausch verlangen. Dies muss innerhalb der gesetzlich vorgeschriebenen 14-Tage-Frist erfolgen, die beginnt, wenn Sie oder eine von Ihnen benannte Person (au\u00dfer dem Bef\u00f6rderer) die Ware in Besitz nehmen.  <\/li>\n\n\n\n<li><strong>Bedingungen f\u00fcr R\u00fccksendungen: <\/strong>Zur\u00fcckgesendete Artikel m\u00fcssen unbesch\u00e4digt, in ihrer Originalverpackung und mit allem Zubeh\u00f6r sein. Wenn das Produkt oder die Verpackung besch\u00e4digt oder \u00fcberm\u00e4\u00dfig benutzt ist, k\u00f6nnen wir Schadenersatz f\u00fcr den Wertverlust verlangen. Sobald Sie sich f\u00fcr den Widerruf entschieden haben, verwenden Sie den Artikel nicht weiter.  <\/li>\n\n\n\n<li><strong>So benachrichtigen Sie uns:<\/strong> Senden Sie uns innerhalb von 14 Tagen nach Erhalt Ihres Produkts eine E-Mail an<a> info@huskybearpoppers.eu<\/a> mit Ihrer Bestellnummer. Geben Sie Ihren vollst\u00e4ndigen Namen und Produktnamen an. Nach der Benachrichtigung senden Sie das Paket innerhalb von 14 Tagen an unsere Adresse zur\u00fcck, einschlie\u00dflich des Europ\u00e4ischen Standard-Widerrufsformulars, das ausgedruckt, ausgef\u00fcllt, unterschrieben und mit dem Produkt gesendet werden sollte. Wir empfehlen die Verwendung eines nachverfolgbaren Versanddienstes. Die R\u00fccksendekosten tragen Sie, und wir akzeptieren keine Nachnahmesendungen.    <\/li>\n\n\n\n<li><strong>R\u00fcckerstattungen: <\/strong>Nachdem unsere Reklamationsabteilung Ihre R\u00fccksendung erhalten und gepr\u00fcft hat, senden wir Ihnen innerhalb von 14 Tagen entweder einen Ersatz oder erstatten Ihren Kauf. R\u00fcckerstattungen werden \u00fcber die urspr\u00fcnglich verwendete Zahlungsmethode abgewickelt, einschlie\u00dflich Versandgeb\u00fchren. <\/li>\n<\/ul>\n\n<p><strong>Wichtig: <\/strong>Stellen Sie sicher, dass das Produkt in unserem Gesch\u00e4ft gekauft wurde und f\u00fcr eine R\u00fcckgabe berechtigt ist. Wir sind nicht verantwortlich f\u00fcr R\u00fccksendungen von Produkten, die nicht bei uns gekauft wurden, oder f\u00fcr nicht r\u00fcckgabef\u00e4hige Artikel. <\/p>\n\n<h3 class=\"wp-block-heading\"><strong>Ausnahmen der R\u00fcckgaberichtlinie<\/strong><\/h3>\n\n<ul class=\"wp-block-list\">\n<li><strong>Hygieneprodukte:<\/strong> Ge\u00f6ffnete Flaschen von Lederreinigern und andere \u00e4hnliche Artikel, die in versiegelter Verpackung verkauft werden, k\u00f6nnen nur zur\u00fcckgegeben werden, wenn sie unge\u00f6ffnet und in ihrer originalen, unbesch\u00e4digten Verpackung sind.<\/li>\n\n\n\n<li><strong>Gemischte Produkte:<\/strong> Artikel, die mit anderen Gegenst\u00e4nden gemischt wurden (z.B. Sets), k\u00f6nnen nicht zur\u00fcckgegeben werden.<\/li>\n<\/ul>\n\n<h3 class=\"wp-block-heading\"><strong>Beschwerdebearbeitung<\/strong><\/h3>\n\n<p><strong>Probleme mit der Lieferung:<\/strong><\/p>\n\n<ul class=\"wp-block-list\">\n<li><strong>Besch\u00e4digte oder falsche Artikel:<\/strong> Wenn Ihr Produkt besch\u00e4digt ankommt oder Sie den falschen Artikel erhalten, senden Sie uns innerhalb von 48 Stunden nach Lieferung eine E-Mail an <a>info@huskybearpoppers.eu<\/a>. F\u00fcgen Sie Fotos des Pakets und der Produkte bei, um die L\u00f6sung zu beschleunigen. <\/li>\n<\/ul>\n\n<p><strong>Produktprobleme:<\/strong><\/p>\n\n<ul class=\"wp-block-list\">\n<li><strong>Fehlerhafte Produkte: <\/strong>Wenn ein Produkt nicht richtig funktioniert, kontaktieren Sie uns unter <a>info@huskybearpoppers.eu<\/a> mit einem Video, das das Problem zeigt. Wenn das Problem nicht klar ist, k\u00f6nnen wir Sie bitten, das Produkt zur Inspektion zur\u00fcckzusenden. Die R\u00fccksendekosten tragen Sie.  <\/li>\n<\/ul>\n\n<h3 class=\"wp-block-heading\"><strong>Streitbeilegung<\/strong><\/h3>\n\n<p>Wenn Sie mit unserer L\u00f6sung nicht zufrieden sind und keine Einigung erzielen k\u00f6nnen, reichen Sie Ihre Beschwerde \u00fcber die <strong>Europ\u00e4ische Streitbeilegungsplattform hier beim<\/strong> Streitbeilegungsausschuss <a href=\"http:\/\/ec.europa.eu\/consumers\/odr\/\" target=\"_blank\" rel=\"noopener\"><strong>ein<\/strong><\/a>.<\/p>\n\n<p>Nur Anspr\u00fcche, die alle Bedingungen erf\u00fcllen, werden positiv gel\u00f6st.<\/p>\n\n<p>F\u00fcr weitere Details zu unseren Bedingungen, Konditionen und anderen Richtlinien \u00fcberpr\u00fcfen Sie bitte die Links am Ende der Seite.<\/p>\n","protected":false},"excerpt":{"rendered":"<p>So geben Sie eine Bestellung bei Husky Bear Poppers auf 1. Website-Bestellungen (huskybearpoppers.eu): F\u00fcr detaillierte Informationen zu Versandgeb\u00fchren und Grenzwerten f\u00fcr kostenlosen Versand besuchen Sie unsere Versandinformationsseite. 2. Bestellung per E-Mail, Social Media oder Telefon: Ihr Widerrufsrecht Wichtig: Stellen Sie sicher, dass das Produkt in unserem Gesch\u00e4ft gekauft wurde und f\u00fcr eine R\u00fcckgabe berechtigt ist. [&hellip;]<\/p>\n","protected":false},"author":1,"featured_media":25768,"parent":0,"menu_order":0,"comment_status":"closed","ping_status":"closed","template":"","meta":{"footnotes":""},"class_list":["post-15812","page","type-page","status-publish","has-post-thumbnail","hentry"],"blocksy_meta":[],"_links":{"self":[{"href":"https:\/\/huskybearpoppers.eu\/de\/wp-json\/wp\/v2\/pages\/15812","targetHints":{"allow":["GET"]}}],"collection":[{"href":"https:\/\/huskybearpoppers.eu\/de\/wp-json\/wp\/v2\/pages"}],"about":[{"href":"https:\/\/huskybearpoppers.eu\/de\/wp-json\/wp\/v2\/types\/page"}],"author":[{"embeddable":true,"href":"https:\/\/huskybearpoppers.eu\/de\/wp-json\/wp\/v2\/users\/1"}],"replies":[{"embeddable":true,"href":"https:\/\/huskybearpoppers.eu\/de\/wp-json\/wp\/v2\/comments?post=15812"}],"version-history":[{"count":0,"href":"https:\/\/huskybearpoppers.eu\/de\/wp-json\/wp\/v2\/pages\/15812\/revisions"}],"wp:featuredmedia":[{"embeddable":true,"href":"https:\/\/huskybearpoppers.eu\/de\/wp-json\/wp\/v2\/media\/25768"}],"wp:attachment":[{"href":"https:\/\/huskybearpoppers.eu\/de\/wp-json\/wp\/v2\/media?parent=15812"}],"curies":[{"name":"wp","href":"https:\/\/api.w.org\/{rel}","templated":true}]}}