{"id":29276,"date":"2024-05-27T12:03:47","date_gmt":"2024-05-27T10:03:47","guid":{"rendered":"https:\/\/huskybearpoppers.eu\/product\/rough-animal-3x-mix-balicek-poppers\/"},"modified":"2024-05-27T12:03:47","modified_gmt":"2024-05-27T10:03:47","slug":"rough-animal-3x-mix-balicek-poppers","status":"publish","type":"product","link":"https:\/\/huskybearpoppers.eu\/cs\/produkt\/rough-animal-3x-mix-balicek-poppers\/","title":{"rendered":"Rough Animal 3x-Mix Bal\u00ed\u010dek Poppers"},"content":{"rendered":"","protected":false},"excerpt":{"rendered":"<p><strong>Rough Animal 3x-Mix Bal\u00ed\u010dek Poppers<\/strong> v\u00e1m p\u0159in\u00e1\u0161\u00ed t\u0159i pr\u00e9miov\u00e9 produkty za lep\u0161\u00ed cenu!<\/p>\n<p>Tento bal\u00ed\u010dek zahrnuje:<\/p>\n<ul>\n<li><strong>1x <a href=\"https:\/\/huskybearpoppers.eu\/cs\/produkt\/poppers-ma-pupuce-10-ml\/\">Poppers Ma Pupuce 10 ml<\/a> &#8211; Propyl Nitrite,<\/strong><\/li>\n<li><strong>1x <a href=\"https:\/\/huskybearpoppers.eu\/cs\/produkt\/poppers-dragon-strong-25ml-mega-pellet\/\">Poppers Dragon Strong 25ml Mega Pellet<\/a> &#8211; Amyl Propyl Nitrite Mix,<\/strong><\/li>\n<li><strong>1x <a href=\"https:\/\/huskybearpoppers.eu\/product\/poppers-iron-horse-10ml\/\">Poppers Iron Horse 10ml<\/a> &#8211; Pentyl Nitrite.<\/strong><\/li>\n<\/ul>\n<p>Vyu\u017eijte p\u0159\u00edle\u017eitosti k \u00faspo\u0159e a u\u017eijte si siln\u00e9 \u00fa\u010dinky t\u011bchto obl\u00edben\u00fdch poppers.<\/p>\n<p><span style=\"color: #ff0000;\">Mix bal\u00ed\u010dek se po\u010d\u00edt\u00e1 jako jeden produkt do mno\u017estevn\u00ed slevy!<\/span><\/p>\n","protected":false},"featured_media":26862,"comment_status":"open","ping_status":"closed","template":"","meta":[],"product_brand":[],"product_cat":[9854,10227,9969,1292,1281,9962],"product_tag":[11226,5568,11225,11232,11233,11231,11227,11230,11228,11229],"class_list":{"0":"post-29276","1":"product","2":"type-product","3":"status-publish","4":"has-post-thumbnail","6":"product_cat-3x-poppers-mix-balicky","7":"product_cat-es-951-169-0","8":"product_cat-h95d-qjdc-510e-g4w2","9":"product_cat-smisenymi-balicky-poppers","10":"product_cat-poppers-balicky","11":"product_cat-uqka-7jqn-t109-3x2j","12":"product_tag-bdsm-vune-do-pokoje","13":"product_tag-gay-poppers-cs","14":"product_tag-kozene-fetis-vybaveni","15":"product_tag-pig-play-fetis","16":"product_tag-potreby-na-hardcore-party","17":"product_tag-rough-animal-3x","18":"product_tag-silne-nitrity-evropa","19":"product_tag-silny-prumyslovy-cistic","20":"product_tag-sleva-pri-nakupu-vice-poppers","21":"product_tag-vybaveni-pro-puppy-play","23":"first","24":"instock","25":"sale","26":"taxable","27":"shipping-taxable","28":"purchasable","29":"product-type-simple"},"_links":{"self":[{"href":"https:\/\/huskybearpoppers.eu\/cs\/wp-json\/wp\/v2\/product\/29276","targetHints":{"allow":["GET"]}}],"collection":[{"href":"https:\/\/huskybearpoppers.eu\/cs\/wp-json\/wp\/v2\/product"}],"about":[{"href":"https:\/\/huskybearpoppers.eu\/cs\/wp-json\/wp\/v2\/types\/product"}],"replies":[{"embeddable":true,"href":"https:\/\/huskybearpoppers.eu\/cs\/wp-json\/wp\/v2\/comments?post=29276"}],"version-history":[{"count":0,"href":"https:\/\/huskybearpoppers.eu\/cs\/wp-json\/wp\/v2\/product\/29276\/revisions"}],"wp:featuredmedia":[{"embeddable":true,"href":"https:\/\/huskybearpoppers.eu\/cs\/wp-json\/wp\/v2\/media\/26862"}],"wp:attachment":[{"href":"https:\/\/huskybearpoppers.eu\/cs\/wp-json\/wp\/v2\/media?parent=29276"}],"wp:term":[{"taxonomy":"product_brand","embeddable":true,"href":"https:\/\/huskybearpoppers.eu\/cs\/wp-json\/wp\/v2\/product_brand?post=29276"},{"taxonomy":"product_cat","embeddable":true,"href":"https:\/\/huskybearpoppers.eu\/cs\/wp-json\/wp\/v2\/product_cat?post=29276"},{"taxonomy":"product_tag","embeddable":true,"href":"https:\/\/huskybearpoppers.eu\/cs\/wp-json\/wp\/v2\/product_tag?post=29276"}],"curies":[{"name":"wp","href":"https:\/\/api.w.org\/{rel}","templated":true}]}}