{"id":29262,"date":"2024-05-27T12:03:48","date_gmt":"2024-05-27T10:03:48","guid":{"rendered":"https:\/\/huskybearpoppers.eu\/product\/sin-city-3x-mix-balicek-poppers\/"},"modified":"2024-05-27T12:03:48","modified_gmt":"2024-05-27T10:03:48","slug":"sin-city-3x-mix-balicek-poppers","status":"publish","type":"product","link":"https:\/\/huskybearpoppers.eu\/cs\/produkt\/sin-city-3x-mix-balicek-poppers\/","title":{"rendered":"Sin City 3x-Mix Bal\u00ed\u010dek Poppers"},"content":{"rendered":"","protected":false},"excerpt":{"rendered":"<p><strong>\u017dhav\u00fd Sin City 3x-Mix Bal\u00ed\u010dek Poppers<\/strong> ti p\u0159in\u00e1\u0161\u00ed t\u0159i pr\u00e9miov\u00e9 produkty za lep\u0161\u00ed cenu!<\/p>\n<p>Tento bal\u00ed\u010dek zahrnuje:<\/p>\n<ul>\n<li><strong>1x <a href=\"https:\/\/huskybearpoppers.eu\/product\/poppers-highrise-extreme-formula-30ml\/\">Poppers Highrise Extreme Formula 30ml<\/a> &#8211; Pentyl Nitrite,<\/strong><\/li>\n<li><strong>1x <a href=\"https:\/\/huskybearpoppers.eu\/cs\/produkt\/poppers-highrise-vysoky-30ml\/\">Poppers Highrise Tall 30ml<\/a> &#8211; Pentyl Nitrite,<\/strong><\/li>\n<li><strong>1x <a href=\"https:\/\/huskybearpoppers.eu\/product\/poppers-highrise-city-hexyl-30ml\/\">Poppers Highrise City Hexyl 30ml<\/a> &#8211; Hexyl Nitrite.<\/strong><\/li>\n<\/ul>\n<p>Vyu\u017eijte p\u0159\u00edle\u017eitosti k \u00faspo\u0159e a u\u017eijte si siln\u00e9 \u00fa\u010dinky t\u011bchto obl\u00edben\u00fdch poppers.<\/p>\n<p><span style=\"color: #ff0000;\">Mix bal\u00ed\u010dek se po\u010d\u00edt\u00e1 jako jeden produkt do mno\u017estevn\u00ed slevy!<\/span><\/p>\n","protected":false},"featured_media":22424,"comment_status":"open","ping_status":"closed","template":"","meta":[],"product_brand":[],"product_cat":[9854,10227,1292,1281,10133],"product_tag":[11044,11175,2748,11169,11174,11172,2954,11170,11176,11171,11173],"class_list":{"0":"post-29262","1":"product","2":"type-product","3":"status-publish","4":"has-post-thumbnail","6":"product_cat-3x-poppers-mix-balicky","7":"product_cat-es-951-169-0","8":"product_cat-smisenymi-balicky-poppers","9":"product_cat-poppers-balicky","10":"product_cat-v300-a06s-k00v-g02p","11":"product_tag-3x-mix-pack","12":"product_tag-doruceni-do-evropy","13":"product_tag-husky-bear-poppers-cs","14":"product_tag-nove-poppers","15":"product_tag-silna-aroma-do-mistnosti","16":"product_tag-silna-formule","17":"product_tag-silny-poppers","18":"product_tag-sin-city-poppers","19":"product_tag-spanelske-poppers","20":"product_tag-vysoce-ucinna-aroma","21":"product_tag-zlevneny-pack-poppers","23":"first","24":"instock","25":"sale","26":"taxable","27":"shipping-taxable","28":"purchasable","29":"product-type-simple"},"_links":{"self":[{"href":"https:\/\/huskybearpoppers.eu\/cs\/wp-json\/wp\/v2\/product\/29262","targetHints":{"allow":["GET"]}}],"collection":[{"href":"https:\/\/huskybearpoppers.eu\/cs\/wp-json\/wp\/v2\/product"}],"about":[{"href":"https:\/\/huskybearpoppers.eu\/cs\/wp-json\/wp\/v2\/types\/product"}],"replies":[{"embeddable":true,"href":"https:\/\/huskybearpoppers.eu\/cs\/wp-json\/wp\/v2\/comments?post=29262"}],"version-history":[{"count":0,"href":"https:\/\/huskybearpoppers.eu\/cs\/wp-json\/wp\/v2\/product\/29262\/revisions"}],"wp:featuredmedia":[{"embeddable":true,"href":"https:\/\/huskybearpoppers.eu\/cs\/wp-json\/wp\/v2\/media\/22424"}],"wp:attachment":[{"href":"https:\/\/huskybearpoppers.eu\/cs\/wp-json\/wp\/v2\/media?parent=29262"}],"wp:term":[{"taxonomy":"product_brand","embeddable":true,"href":"https:\/\/huskybearpoppers.eu\/cs\/wp-json\/wp\/v2\/product_brand?post=29262"},{"taxonomy":"product_cat","embeddable":true,"href":"https:\/\/huskybearpoppers.eu\/cs\/wp-json\/wp\/v2\/product_cat?post=29262"},{"taxonomy":"product_tag","embeddable":true,"href":"https:\/\/huskybearpoppers.eu\/cs\/wp-json\/wp\/v2\/product_tag?post=29262"}],"curies":[{"name":"wp","href":"https:\/\/api.w.org\/{rel}","templated":true}]}}