{"id":29245,"date":"2024-05-27T12:03:48","date_gmt":"2024-05-27T10:03:48","guid":{"rendered":"https:\/\/huskybearpoppers.eu\/product\/steamy-orgy-nights-3x-mix-balicek-poppers\/"},"modified":"2024-05-27T12:03:48","modified_gmt":"2024-05-27T10:03:48","slug":"steamy-orgy-nights-3x-mix-balicek-poppers","status":"publish","type":"product","link":"https:\/\/huskybearpoppers.eu\/cs\/produkt\/steamy-orgy-nights-3x-mix-balicek-poppers\/","title":{"rendered":"Steamy Orgy Nights 3x-Mix Bal\u00ed\u010dek Poppers"},"content":{"rendered":"","protected":false},"excerpt":{"rendered":"<p><strong>Steamy Orgy Nights 3x-Mix Bal\u00ed\u010dek Poppers<\/strong> ti p\u0159in\u00e1\u0161\u00ed t\u0159i pr\u00e9miov\u00e9 produkty za lep\u0161\u00ed cenu!<\/p>\n<p>Tento bal\u00ed\u010dek zahrnuje:<\/p>\n<ul>\n<li><strong>1x <a href=\"https:\/\/huskybearpoppers.eu\/cs\/produkt\/amyl-poppers-10ml\/\">Amyl Poppers 10ml<\/a> &#8211; Amyl Nitrite,<\/strong><\/li>\n<li><strong>1x <a href=\"https:\/\/huskybearpoppers.eu\/cs\/produkt\/super-rush-black-label-poppers-24ml-nebo-25ml\/\">Super Rush Black Label Poppers 24ml<\/a> &#8211; Amyl Nitrite,<\/strong><\/li>\n<li><strong>1x <a href=\"https:\/\/huskybearpoppers.eu\/product\/bb-amyl-poppers-10ml\/\">BB Amyl Poppers 10ml<\/a> &#8211; Amyl Nitrite.<\/strong><\/li>\n<\/ul>\n<p>Vyu\u017eijte p\u0159\u00edle\u017eitosti k \u00faspo\u0159e a u\u017eijte si siln\u00e9 \u00fa\u010dinky t\u011bchto obl\u00edben\u00fdch poppers.<\/p>\n<p><span style=\"color: #ff0000;\">Mix bal\u00ed\u010dek se po\u010d\u00edt\u00e1 jako jeden produkt do mno\u017estevn\u00ed slevy!<\/span><\/p>\n","protected":false},"featured_media":22425,"comment_status":"open","ping_status":"closed","template":"","meta":[],"product_brand":[],"product_cat":[9854,9812,1292,1281],"product_tag":[11044,11119,11117,11118,11120,11114,11116,11115,11113],"class_list":{"0":"post-29245","1":"product","2":"type-product","3":"status-publish","4":"has-post-thumbnail","6":"product_cat-3x-poppers-mix-balicky","7":"product_cat-mg7t-f0q9-800v-n20t","8":"product_cat-smisenymi-balicky-poppers","9":"product_cat-poppers-balicky","10":"product_tag-3x-mix-pack","11":"product_tag-balicek-trojite-sily","12":"product_tag-hardcore-vune-do-mistnosti","13":"product_tag-oblibene-od-husky-bear","14":"product_tag-poppers-na-orgii","15":"product_tag-poppers-pro-party-intenzitu","16":"product_tag-poppers-ve-velkem-pro-evropu","17":"product_tag-steamy-orgy-3x","18":"product_tag-steamy-orgy-nights","20":"first","21":"instock","22":"sale","23":"taxable","24":"shipping-taxable","25":"purchasable","26":"product-type-simple"},"_links":{"self":[{"href":"https:\/\/huskybearpoppers.eu\/cs\/wp-json\/wp\/v2\/product\/29245","targetHints":{"allow":["GET"]}}],"collection":[{"href":"https:\/\/huskybearpoppers.eu\/cs\/wp-json\/wp\/v2\/product"}],"about":[{"href":"https:\/\/huskybearpoppers.eu\/cs\/wp-json\/wp\/v2\/types\/product"}],"replies":[{"embeddable":true,"href":"https:\/\/huskybearpoppers.eu\/cs\/wp-json\/wp\/v2\/comments?post=29245"}],"version-history":[{"count":0,"href":"https:\/\/huskybearpoppers.eu\/cs\/wp-json\/wp\/v2\/product\/29245\/revisions"}],"wp:featuredmedia":[{"embeddable":true,"href":"https:\/\/huskybearpoppers.eu\/cs\/wp-json\/wp\/v2\/media\/22425"}],"wp:attachment":[{"href":"https:\/\/huskybearpoppers.eu\/cs\/wp-json\/wp\/v2\/media?parent=29245"}],"wp:term":[{"taxonomy":"product_brand","embeddable":true,"href":"https:\/\/huskybearpoppers.eu\/cs\/wp-json\/wp\/v2\/product_brand?post=29245"},{"taxonomy":"product_cat","embeddable":true,"href":"https:\/\/huskybearpoppers.eu\/cs\/wp-json\/wp\/v2\/product_cat?post=29245"},{"taxonomy":"product_tag","embeddable":true,"href":"https:\/\/huskybearpoppers.eu\/cs\/wp-json\/wp\/v2\/product_tag?post=29245"}],"curies":[{"name":"wp","href":"https:\/\/api.w.org\/{rel}","templated":true}]}}