{"id":29228,"date":"2024-05-27T12:03:49","date_gmt":"2024-05-27T10:03:49","guid":{"rendered":"https:\/\/huskybearpoppers.eu\/product\/strong-zero-3x-mix-balicek-poppers\/"},"modified":"2024-05-27T12:03:49","modified_gmt":"2024-05-27T10:03:49","slug":"strong-zero-3x-mix-balicek-poppers","status":"publish","type":"product","link":"https:\/\/huskybearpoppers.eu\/cs\/produkt\/strong-zero-3x-mix-balicek-poppers\/","title":{"rendered":"Strong Zero 3x-Mix Bal\u00ed\u010dek Poppers"},"content":{"rendered":"","protected":false},"excerpt":{"rendered":"<p><strong>Strong Zero 3x-Mix Bal\u00ed\u010dek Poppers<\/strong> ti p\u0159in\u00e1\u0161\u00ed t\u0159i pr\u00e9miov\u00e9 produkty za lep\u0161\u00ed cenu!<br \/>\nTento bal\u00ed\u010dek zahrnuje:<\/p>\n<ul>\n<li><strong>1x <a href=\"https:\/\/huskybearpoppers.eu\/cs\/produkt\/poppers-rush-zero-25ml\/\">Poppers Rush Zero 25ml<\/a> &#8211; Amyl Propyl Mix Nitrite,<\/strong><\/li>\n<li><strong>1x <a href=\"https:\/\/huskybearpoppers.eu\/product\/poppers-rush-zero-10ml\/\">Poppers Rush Zero 10ml<\/a> &#8211; Amyl Propyl Nitrite Mix,<\/strong><\/li>\n<li><strong>1x <a href=\"https:\/\/huskybearpoppers.eu\/product\/juice-zero-poppers-25ml\/\">Juice Zero Poppers 25ml<\/a> &#8211; Amyl Propyl Nitrite Mix.<\/strong><\/li>\n<\/ul>\n<p>Vyu\u017eijte p\u0159\u00edle\u017eitosti k \u00faspo\u0159e a u\u017eijte si siln\u00e9 \u00fa\u010dinky t\u011bchto obl\u00edben\u00fdch poppers.<br \/>\n<\/p>\n<p style=\"\" color:=\"\"> Mix bal\u00ed\u010dek se po\u010d\u00edt\u00e1 jako jeden produkt do mno\u017estevn\u00ed slevy!<\/p>\n","protected":false},"featured_media":22426,"comment_status":"open","ping_status":"closed","template":"","meta":[],"product_brand":[],"product_cat":[9854,9969,1292,1281],"product_tag":[],"class_list":{"0":"post-29228","1":"product","2":"type-product","3":"status-publish","4":"has-post-thumbnail","6":"product_cat-3x-poppers-mix-balicky","7":"product_cat-h95d-qjdc-510e-g4w2","8":"product_cat-smisenymi-balicky-poppers","9":"product_cat-poppers-balicky","11":"first","12":"instock","13":"sale","14":"taxable","15":"shipping-taxable","16":"purchasable","17":"product-type-simple"},"_links":{"self":[{"href":"https:\/\/huskybearpoppers.eu\/cs\/wp-json\/wp\/v2\/product\/29228","targetHints":{"allow":["GET"]}}],"collection":[{"href":"https:\/\/huskybearpoppers.eu\/cs\/wp-json\/wp\/v2\/product"}],"about":[{"href":"https:\/\/huskybearpoppers.eu\/cs\/wp-json\/wp\/v2\/types\/product"}],"replies":[{"embeddable":true,"href":"https:\/\/huskybearpoppers.eu\/cs\/wp-json\/wp\/v2\/comments?post=29228"}],"version-history":[{"count":0,"href":"https:\/\/huskybearpoppers.eu\/cs\/wp-json\/wp\/v2\/product\/29228\/revisions"}],"wp:featuredmedia":[{"embeddable":true,"href":"https:\/\/huskybearpoppers.eu\/cs\/wp-json\/wp\/v2\/media\/22426"}],"wp:attachment":[{"href":"https:\/\/huskybearpoppers.eu\/cs\/wp-json\/wp\/v2\/media?parent=29228"}],"wp:term":[{"taxonomy":"product_brand","embeddable":true,"href":"https:\/\/huskybearpoppers.eu\/cs\/wp-json\/wp\/v2\/product_brand?post=29228"},{"taxonomy":"product_cat","embeddable":true,"href":"https:\/\/huskybearpoppers.eu\/cs\/wp-json\/wp\/v2\/product_cat?post=29228"},{"taxonomy":"product_tag","embeddable":true,"href":"https:\/\/huskybearpoppers.eu\/cs\/wp-json\/wp\/v2\/product_tag?post=29228"}],"curies":[{"name":"wp","href":"https:\/\/api.w.org\/{rel}","templated":true}]}}