{"id":29167,"date":"2024-05-27T12:03:54","date_gmt":"2024-05-27T10:03:54","guid":{"rendered":"https:\/\/huskybearpoppers.eu\/product\/unleashed-desire-3x-mix-balicek-poppers\/"},"modified":"2024-05-27T12:03:54","modified_gmt":"2024-05-27T10:03:54","slug":"unleashed-desire-3x-mix-balicek-poppers","status":"publish","type":"product","link":"https:\/\/huskybearpoppers.eu\/cs\/produkt\/unleashed-desire-3x-mix-balicek-poppers\/","title":{"rendered":"Unleashed Desire 3x-Mix Bal\u00ed\u010dek Poppers"},"content":{"rendered":"","protected":false},"excerpt":{"rendered":"<p><strong>Unleashed Desire 3x-Mix Bal\u00ed\u010dek Poppers<\/strong> ti p\u0159in\u00e1\u0161\u00ed t\u0159i pr\u00e9miov\u00e9 produkty za lep\u0161\u00ed cenu!<\/p>\n<p>Tento bal\u00ed\u010dek zahrnuje:<\/p>\n<ul>\n<li><strong>1x <a href=\"https:\/\/huskybearpoppers.eu\/cs\/produkt\/poppers-bad-boys-13-ml\/\">Poppers Bad Boys 13 ml<\/a> &#8211; Amyl Nitrite,<\/strong><\/li>\n<li><strong>1x <a href=\"https:\/\/huskybearpoppers.eu\/cs\/produkt\/kraken-poppers-25ml\/\">Kraken Poppers 25ml<\/a> &#8211; Propyl Nitrite,<\/strong><\/li>\n<li><strong>1x <a href=\"https:\/\/huskybearpoppers.eu\/cs\/produkt\/poppers-jungle-juice-supreme-steel-30ml\/\">Poppers Jungle Juice Supreme Steel 30ml<\/a> &#8211; Pentyl Nitrite.<\/strong><\/li>\n<\/ul>\n<p>Vyu\u017eijte p\u0159\u00edle\u017eitosti k \u00faspo\u0159e a u\u017eijte si siln\u00e9 \u00fa\u010dinky t\u011bchto obl\u00edben\u00fdch poppers.<\/p>\n<p><span style=\"color: #ff0000;\">Mix bal\u00ed\u010dek se po\u010d\u00edt\u00e1 jako jeden produkt do mno\u017estevn\u00ed slevy!<\/span><\/p>\n","protected":false},"featured_media":26864,"comment_status":"open","ping_status":"closed","template":"","meta":[],"product_brand":[],"product_cat":[9854,10227,9969,1292,1281,9903],"product_tag":[],"class_list":{"0":"post-29167","1":"product","2":"type-product","3":"status-publish","4":"has-post-thumbnail","6":"product_cat-3x-poppers-mix-balicky","7":"product_cat-es-951-169-0","8":"product_cat-h95d-qjdc-510e-g4w2","9":"product_cat-smisenymi-balicky-poppers","10":"product_cat-poppers-balicky","11":"product_cat-qjyt-29pr-9003-8akx","13":"first","14":"instock","15":"sale","16":"taxable","17":"shipping-taxable","18":"purchasable","19":"product-type-simple"},"_links":{"self":[{"href":"https:\/\/huskybearpoppers.eu\/cs\/wp-json\/wp\/v2\/product\/29167","targetHints":{"allow":["GET"]}}],"collection":[{"href":"https:\/\/huskybearpoppers.eu\/cs\/wp-json\/wp\/v2\/product"}],"about":[{"href":"https:\/\/huskybearpoppers.eu\/cs\/wp-json\/wp\/v2\/types\/product"}],"replies":[{"embeddable":true,"href":"https:\/\/huskybearpoppers.eu\/cs\/wp-json\/wp\/v2\/comments?post=29167"}],"version-history":[{"count":0,"href":"https:\/\/huskybearpoppers.eu\/cs\/wp-json\/wp\/v2\/product\/29167\/revisions"}],"wp:featuredmedia":[{"embeddable":true,"href":"https:\/\/huskybearpoppers.eu\/cs\/wp-json\/wp\/v2\/media\/26864"}],"wp:attachment":[{"href":"https:\/\/huskybearpoppers.eu\/cs\/wp-json\/wp\/v2\/media?parent=29167"}],"wp:term":[{"taxonomy":"product_brand","embeddable":true,"href":"https:\/\/huskybearpoppers.eu\/cs\/wp-json\/wp\/v2\/product_brand?post=29167"},{"taxonomy":"product_cat","embeddable":true,"href":"https:\/\/huskybearpoppers.eu\/cs\/wp-json\/wp\/v2\/product_cat?post=29167"},{"taxonomy":"product_tag","embeddable":true,"href":"https:\/\/huskybearpoppers.eu\/cs\/wp-json\/wp\/v2\/product_tag?post=29167"}],"curies":[{"name":"wp","href":"https:\/\/api.w.org\/{rel}","templated":true}]}}