{"id":29138,"date":"2024-05-27T12:03:55","date_gmt":"2024-05-27T10:03:55","guid":{"rendered":"https:\/\/huskybearpoppers.eu\/product\/wild-ride-mix-balicek-3x-poppers\/"},"modified":"2024-05-27T12:03:55","modified_gmt":"2024-05-27T10:03:55","slug":"wild-ride-mix-balicek-3x-poppers","status":"publish","type":"product","link":"https:\/\/huskybearpoppers.eu\/cs\/produkt\/wild-ride-mix-balicek-3x-poppers\/","title":{"rendered":"Wild Ride Mix bal\u00ed\u010dek 3x Poppers"},"content":{"rendered":"","protected":false},"excerpt":{"rendered":"<p><strong>Wild Ride Mix bal\u00ed\u010dek 3x Poppers<\/strong> p\u0159in\u00e1\u0161\u00ed t\u0159i pr\u00e9miov\u00e9 produkty za lep\u0161\u00ed cenu!<\/p>\n<p>Tento bal\u00ed\u010dek zahrnuje:<\/p>\n<ul>\n<li><strong>1x <a href=\"https:\/\/huskybearpoppers.eu\/cs\/produkt\/gold-rush-poppers-24ml-nebo-25ml\/\">Gold Rush Poppers 25ml<\/a> &#8211; Amyl Nitrite,<\/strong><\/li>\n<li><strong>1x <a href=\"https:\/\/huskybearpoppers.eu\/cs\/produkt\/poppers-gold-rush-10ml\/\">Poppers Gold Rush 10ml<\/a> &#8211; Amyl Nitrite,<\/strong><\/li>\n<li><strong>1x <a href=\"https:\/\/huskybearpoppers.eu\/cs\/produkt\/zlata-lebka-poppers-25ml\/\">Gold Skull Poppers 25ml<\/a> &#8211; Pentyl Nitrite.<\/strong><\/li>\n<\/ul>\n<p>Vyu\u017eijte p\u0159\u00edle\u017eitosti k \u00faspo\u0159e a u\u017eijte si siln\u00e9 \u00fa\u010dinky t\u011bchto obl\u00edben\u00fdch poppers.<\/p>\n<p style=\"color: #ff0000;\">Mix bal\u00ed\u010dek se po\u010d\u00edt\u00e1 jako jeden produkt do mno\u017estevn\u00ed slevy!<\/p>\n","protected":false},"featured_media":22434,"comment_status":"open","ping_status":"closed","template":"","meta":[],"product_brand":[],"product_cat":[9854,1292,1281,9903,10119],"product_tag":[],"class_list":{"0":"post-29138","1":"product","2":"type-product","3":"status-publish","4":"has-post-thumbnail","6":"product_cat-3x-poppers-mix-balicky","7":"product_cat-smisenymi-balicky-poppers","8":"product_cat-poppers-balicky","9":"product_cat-qjyt-29pr-9003-8akx","10":"product_cat-qndc-qapf-5107-awq7","12":"first","13":"instock","14":"sale","15":"taxable","16":"shipping-taxable","17":"purchasable","18":"product-type-simple"},"_links":{"self":[{"href":"https:\/\/huskybearpoppers.eu\/cs\/wp-json\/wp\/v2\/product\/29138","targetHints":{"allow":["GET"]}}],"collection":[{"href":"https:\/\/huskybearpoppers.eu\/cs\/wp-json\/wp\/v2\/product"}],"about":[{"href":"https:\/\/huskybearpoppers.eu\/cs\/wp-json\/wp\/v2\/types\/product"}],"replies":[{"embeddable":true,"href":"https:\/\/huskybearpoppers.eu\/cs\/wp-json\/wp\/v2\/comments?post=29138"}],"version-history":[{"count":0,"href":"https:\/\/huskybearpoppers.eu\/cs\/wp-json\/wp\/v2\/product\/29138\/revisions"}],"wp:featuredmedia":[{"embeddable":true,"href":"https:\/\/huskybearpoppers.eu\/cs\/wp-json\/wp\/v2\/media\/22434"}],"wp:attachment":[{"href":"https:\/\/huskybearpoppers.eu\/cs\/wp-json\/wp\/v2\/media?parent=29138"}],"wp:term":[{"taxonomy":"product_brand","embeddable":true,"href":"https:\/\/huskybearpoppers.eu\/cs\/wp-json\/wp\/v2\/product_brand?post=29138"},{"taxonomy":"product_cat","embeddable":true,"href":"https:\/\/huskybearpoppers.eu\/cs\/wp-json\/wp\/v2\/product_cat?post=29138"},{"taxonomy":"product_tag","embeddable":true,"href":"https:\/\/huskybearpoppers.eu\/cs\/wp-json\/wp\/v2\/product_tag?post=29138"}],"curies":[{"name":"wp","href":"https:\/\/api.w.org\/{rel}","templated":true}]}}