{"id":28542,"date":"2025-08-08T12:46:30","date_gmt":"2025-08-08T10:46:30","guid":{"rendered":"https:\/\/huskybearpoppers.eu\/product\/poppers-ecstasy-pop-10-ml\/"},"modified":"2025-08-08T12:46:30","modified_gmt":"2025-08-08T10:46:30","slug":"poppers-ecstasy-pop-10-ml","status":"publish","type":"product","link":"https:\/\/huskybearpoppers.eu\/cs\/produkt\/poppers-ecstasy-pop-10-ml\/","title":{"rendered":"Poppers Ecstasy Pop 10 ml"},"content":{"rendered":"","protected":false},"excerpt":{"rendered":"<p>Pop into pure bliss s 10ml perfekce. Tento \u010disti\u010d na k\u016f\u017ei pro sexu\u00e1ln\u00ed pom\u016fcky funguje rychle, proto\u017ee \u010dek\u00e1n\u00ed zab\u00edj\u00ed n\u00e1ladu. Ultra siln\u00fd amyl nitrit znamen\u00e1, \u017ee tvoje vy\u010di\u0161t\u011bn\u00e9 hra\u010dky se stanou stroji na pot\u011b\u0161en\u00ed &#8211; ka\u017ed\u00fd pohyb je \u00fa\u017easn\u00fd, ka\u017ed\u00fd centimetr \u010dist\u00e9 nebe.  <\/p>\n","protected":false},"featured_media":28541,"comment_status":"open","ping_status":"closed","template":"","meta":[],"product_brand":[],"product_cat":[1391,1424,1500,10007,10086,1239,10102,10103,10022,9903,10083],"product_tag":[5955,3220,5169,5167,4756,5957,5956,5979,5958,10653],"class_list":{"0":"post-28542","1":"product","2":"type-product","3":"status-publish","4":"has-post-thumbnail","6":"product_cat-5-5-mimoradne-silny-poppers","7":"product_cat-amyl-nitrit-poppers","8":"product_cat-male-poppers","9":"product_cat-nakupujte-podle-komunity","10":"product_cat-nakupujte-podle-prilezitosti","11":"product_cat-poppers-funline-cs","12":"product_cat-poppers-na-party-klub","13":"product_cat-poppers-pro-zacatecniky","14":"product_cat-pup-play-poppers","15":"product_cat-qjyt-29pr-9003-8akx","16":"product_cat-rychle-a-prime-poppers","17":"product_tag-5-z-5-sila","18":"product_tag-amyl-poppers-cs","19":"product_tag-cistic-kuze","20":"product_tag-francouzske-poppers","21":"product_tag-funline-poppers-cs","22":"product_tag-kapesni-poppers","23":"product_tag-lahvicka-10-ml","24":"product_tag-pokojova-aroma","25":"product_tag-vhodne-na-cesty","26":"product_tag-znacka-ecstasy-pop","28":"first","29":"instock","30":"taxable","31":"shipping-taxable","32":"purchasable","33":"product-type-simple"},"_links":{"self":[{"href":"https:\/\/huskybearpoppers.eu\/cs\/wp-json\/wp\/v2\/product\/28542","targetHints":{"allow":["GET"]}}],"collection":[{"href":"https:\/\/huskybearpoppers.eu\/cs\/wp-json\/wp\/v2\/product"}],"about":[{"href":"https:\/\/huskybearpoppers.eu\/cs\/wp-json\/wp\/v2\/types\/product"}],"replies":[{"embeddable":true,"href":"https:\/\/huskybearpoppers.eu\/cs\/wp-json\/wp\/v2\/comments?post=28542"}],"version-history":[{"count":0,"href":"https:\/\/huskybearpoppers.eu\/cs\/wp-json\/wp\/v2\/product\/28542\/revisions"}],"wp:featuredmedia":[{"embeddable":true,"href":"https:\/\/huskybearpoppers.eu\/cs\/wp-json\/wp\/v2\/media\/28541"}],"wp:attachment":[{"href":"https:\/\/huskybearpoppers.eu\/cs\/wp-json\/wp\/v2\/media?parent=28542"}],"wp:term":[{"taxonomy":"product_brand","embeddable":true,"href":"https:\/\/huskybearpoppers.eu\/cs\/wp-json\/wp\/v2\/product_brand?post=28542"},{"taxonomy":"product_cat","embeddable":true,"href":"https:\/\/huskybearpoppers.eu\/cs\/wp-json\/wp\/v2\/product_cat?post=28542"},{"taxonomy":"product_tag","embeddable":true,"href":"https:\/\/huskybearpoppers.eu\/cs\/wp-json\/wp\/v2\/product_tag?post=28542"}],"curies":[{"name":"wp","href":"https:\/\/api.w.org\/{rel}","templated":true}]}}