{"id":27437,"date":"2024-05-27T12:03:53","date_gmt":"2024-05-27T10:03:53","guid":{"rendered":"https:\/\/huskybearpoppers.eu\/product\/ultra-iron-fist-3x-mix-poppers-balicek\/"},"modified":"2024-05-27T12:03:53","modified_gmt":"2024-05-27T10:03:53","slug":"ultra-iron-fist-3x-mix-poppers-balicek","status":"publish","type":"product","link":"https:\/\/huskybearpoppers.eu\/cs\/produkt\/ultra-iron-fist-3x-mix-poppers-balicek\/","title":{"rendered":"Ultra Iron Fist 3x-Mix Poppers Bal\u00ed\u010dek"},"content":{"rendered":"","protected":false},"excerpt":{"rendered":"<p>Ultra Iron Fist 3x-Mix Poppers Bal\u00ed\u010dek ti p\u0159in\u00e1\u0161\u00ed t\u0159i pr\u00e9miov\u00e9 produkty za lep\u0161\u00ed cenu!<\/p>\n<p>Tento bal\u00ed\u010dek zahrnuje:<\/p>\n<ul>\n<li><strong>1x <a href=\"https:\/\/huskybearpoppers.eu\/cs\/produkt\/iron-fist-no-limit-butanol-poppers-24ml\/\">Iron Fist No Limit Butanol Poppers 24ml<\/a> &#8211; Pentyl Nitrit,<\/strong><\/li>\n<li><strong>1x <a href=\"https:\/\/huskybearpoppers.eu\/product\/iron-fist-black-label-poppers-24ml\/\">Iron Fist Black Label Poppers 24ml<\/a> &#8211; Pentyl Nitrit,<\/strong><\/li>\n<li><strong>1x <a href=\"https:\/\/huskybearpoppers.eu\/cs\/produkt\/iron-fist-starlight-poppers-24ml\/\">Iron Fist Starlight Poppers 24ml<\/a> &#8211; Amyl Nitrit.<\/strong><\/li>\n<\/ul>\n<p>Vyu\u017eijte p\u0159\u00edle\u017eitosti k \u00faspo\u0159e a u\u017eijte si siln\u00e9 \u00fa\u010dinky t\u011bchto obl\u00edben\u00fdch poppers.<\/p>\n<p>Mix bal\u00ed\u010dek se po\u010d\u00edt\u00e1 jako jeden produkt do mno\u017estevn\u00ed slevy!<\/p>\n","protected":false},"featured_media":22431,"comment_status":"open","ping_status":"closed","template":"","meta":[],"product_brand":[],"product_cat":[9854,9805,9812,9833],"product_tag":[3144,10469,2953,10464,2999,10460,10465,10466,10462,5171,10463,10461,5168,10468,10467],"class_list":{"0":"post-27437","1":"product","2":"type-product","3":"status-publish","4":"has-post-thumbnail","6":"product_cat-3x-poppers-mix-balicky","7":"product_cat-aq1e-jftn-v001-xca2","8":"product_cat-mg7t-f0q9-800v-n20t","9":"product_cat-u59n-jvw8-c60h-9n71","10":"product_tag-24ml-poppers-cs","11":"product_tag-3-baleni","12":"product_tag-amyl-nitrit","13":"product_tag-butyl-nitrit","14":"product_tag-iron-fist-cs","15":"product_tag-iron-fist-black-label","16":"product_tag-iron-fist-no-limit","17":"product_tag-iron-fist-starlight","18":"product_tag-mix-balicek","19":"product_tag-pentyl-nitrit","20":"product_tag-poppers-balicek","21":"product_tag-poppers-pack","22":"product_tag-premiove-poppers","23":"product_tag-slevovy-balicek","24":"product_tag-vyhodny-balicek","26":"first","27":"instock","28":"sale","29":"taxable","30":"shipping-taxable","31":"purchasable","32":"product-type-simple"},"_links":{"self":[{"href":"https:\/\/huskybearpoppers.eu\/cs\/wp-json\/wp\/v2\/product\/27437","targetHints":{"allow":["GET"]}}],"collection":[{"href":"https:\/\/huskybearpoppers.eu\/cs\/wp-json\/wp\/v2\/product"}],"about":[{"href":"https:\/\/huskybearpoppers.eu\/cs\/wp-json\/wp\/v2\/types\/product"}],"replies":[{"embeddable":true,"href":"https:\/\/huskybearpoppers.eu\/cs\/wp-json\/wp\/v2\/comments?post=27437"}],"version-history":[{"count":0,"href":"https:\/\/huskybearpoppers.eu\/cs\/wp-json\/wp\/v2\/product\/27437\/revisions"}],"wp:featuredmedia":[{"embeddable":true,"href":"https:\/\/huskybearpoppers.eu\/cs\/wp-json\/wp\/v2\/media\/22431"}],"wp:attachment":[{"href":"https:\/\/huskybearpoppers.eu\/cs\/wp-json\/wp\/v2\/media?parent=27437"}],"wp:term":[{"taxonomy":"product_brand","embeddable":true,"href":"https:\/\/huskybearpoppers.eu\/cs\/wp-json\/wp\/v2\/product_brand?post=27437"},{"taxonomy":"product_cat","embeddable":true,"href":"https:\/\/huskybearpoppers.eu\/cs\/wp-json\/wp\/v2\/product_cat?post=27437"},{"taxonomy":"product_tag","embeddable":true,"href":"https:\/\/huskybearpoppers.eu\/cs\/wp-json\/wp\/v2\/product_tag?post=27437"}],"curies":[{"name":"wp","href":"https:\/\/api.w.org\/{rel}","templated":true}]}}