{"id":26984,"date":"2025-08-08T12:46:32","date_gmt":"2025-08-08T10:46:32","guid":{"rendered":"https:\/\/huskybearpoppers.eu\/product\/play-hard-popprs-25-ml\/"},"modified":"2025-08-08T12:46:32","modified_gmt":"2025-08-08T10:46:32","slug":"play-hard-popprs-25-ml","status":"publish","type":"product","link":"https:\/\/huskybearpoppers.eu\/cs\/produkt\/play-hard-popprs-25-ml\/","title":{"rendered":"Play Hard Popprs 25 ml"},"content":{"rendered":"","protected":false},"excerpt":{"rendered":"<p>25ml pro hr\u00e1\u010de, kte\u0159\u00ed to nikdy nevzdaj\u00ed. Tahle \u010disti\u010dka na k\u016f\u017ei pro sexu\u00e1ln\u00ed hra\u010dky je pro ty, co to berou naplno. Po vy\u010di\u0161t\u011bn\u00ed hra\u010dek se p\u0159iprav na sessions, kde se testujou limity, posouvaj hranice a tvrd\u00e1 hra se stane tv\u00fdm stylem.  <\/p>\n","protected":false},"featured_media":16746,"comment_status":"open","ping_status":"closed","template":"","meta":[],"product_brand":[],"product_cat":[1391,1424,10104,10042,10015,1239,10102,9903,1489],"product_tag":[5881,5955,3220,5169,5167,4756,10282,5979,5883,5882],"class_list":{"0":"post-26984","1":"product","2":"type-product","3":"status-publish","4":"has-post-thumbnail","6":"product_cat-5-5-mimoradne-silny-poppers","7":"product_cat-amyl-nitrit-poppers","8":"product_cat-edge-and-hypno-poppers","9":"product_cat-hluboke-a-silne-poppers","10":"product_cat-leather-pride-poppers","11":"product_cat-poppers-funline-cs","12":"product_cat-poppers-na-party-klub","13":"product_cat-qjyt-29pr-9003-8akx","14":"product_cat-velky-poppers","15":"product_tag-25-ml-lahev","16":"product_tag-5-z-5-sila","17":"product_tag-amyl-poppers-cs","18":"product_tag-cistic-kuze","19":"product_tag-francouzske-poppers","20":"product_tag-funline-poppers-cs","21":"product_tag-play-hard-brand","22":"product_tag-pokojova-aroma","23":"product_tag-prodlouzene-sezeni","24":"product_tag-stredni-lahev-poppery","26":"first","27":"instock","28":"taxable","29":"shipping-taxable","30":"purchasable","31":"product-type-simple"},"_links":{"self":[{"href":"https:\/\/huskybearpoppers.eu\/cs\/wp-json\/wp\/v2\/product\/26984","targetHints":{"allow":["GET"]}}],"collection":[{"href":"https:\/\/huskybearpoppers.eu\/cs\/wp-json\/wp\/v2\/product"}],"about":[{"href":"https:\/\/huskybearpoppers.eu\/cs\/wp-json\/wp\/v2\/types\/product"}],"replies":[{"embeddable":true,"href":"https:\/\/huskybearpoppers.eu\/cs\/wp-json\/wp\/v2\/comments?post=26984"}],"version-history":[{"count":0,"href":"https:\/\/huskybearpoppers.eu\/cs\/wp-json\/wp\/v2\/product\/26984\/revisions"}],"wp:featuredmedia":[{"embeddable":true,"href":"https:\/\/huskybearpoppers.eu\/cs\/wp-json\/wp\/v2\/media\/16746"}],"wp:attachment":[{"href":"https:\/\/huskybearpoppers.eu\/cs\/wp-json\/wp\/v2\/media?parent=26984"}],"wp:term":[{"taxonomy":"product_brand","embeddable":true,"href":"https:\/\/huskybearpoppers.eu\/cs\/wp-json\/wp\/v2\/product_brand?post=26984"},{"taxonomy":"product_cat","embeddable":true,"href":"https:\/\/huskybearpoppers.eu\/cs\/wp-json\/wp\/v2\/product_cat?post=26984"},{"taxonomy":"product_tag","embeddable":true,"href":"https:\/\/huskybearpoppers.eu\/cs\/wp-json\/wp\/v2\/product_tag?post=26984"}],"curies":[{"name":"wp","href":"https:\/\/api.w.org\/{rel}","templated":true}]}}