{"id":26974,"date":"2025-08-08T12:46:32","date_gmt":"2025-08-08T10:46:32","guid":{"rendered":"https:\/\/huskybearpoppers.eu\/product\/poppers-play-hard-10-ml\/"},"modified":"2026-03-31T21:34:09","modified_gmt":"2026-03-31T19:34:09","slug":"poppers-play-hard-10-ml","status":"publish","type":"product","link":"https:\/\/huskybearpoppers.eu\/cs\/produkt\/poppers-play-hard-10-ml\/","title":{"rendered":"Poppers Play Hard 10 ml"},"content":{"rendered":"","protected":false},"excerpt":{"rendered":"<p>Hraj naplno nebo v\u016fbec &#8211; 10ml \u010dist\u00e9 intenzity. Tento \u010disti\u010d na k\u016f\u017ei pro sexu\u00e1ln\u00ed hra\u010dky sed\u00ed na tvou energii. Ultra-siln\u00fd amyl nitrit znamen\u00e1, \u017ee tvoje vy\u010di\u0161t\u011bn\u00e9 vybaven\u00ed ti pom\u016f\u017ee j\u00edt naplno &#8211; tvrd\u0161\u00ed \u00fadery, drsn\u00e1 hra, bezohledn\u00e9 sessions, co t\u011b nechaj\u00ed bez dechu.  <\/p>\n","protected":false},"featured_media":16547,"comment_status":"open","ping_status":"closed","template":"","meta":[],"product_brand":[],"product_cat":[1391,1424,10104,10042,10015,1500,1239,10102,9903],"product_tag":[5955,3220,5169,5167,4756,5957,5956,10282,5979,5958],"class_list":{"0":"post-26974","1":"product","2":"type-product","3":"status-publish","4":"has-post-thumbnail","6":"product_cat-5-5-mimoradne-silny-poppers","7":"product_cat-amyl-nitrit-poppers","8":"product_cat-edge-and-hypno-poppers","9":"product_cat-hluboke-a-silne-poppers","10":"product_cat-leather-pride-poppers","11":"product_cat-male-poppers","12":"product_cat-poppers-funline-cs","13":"product_cat-poppers-na-party-klub","14":"product_cat-qjyt-29pr-9003-8akx","15":"product_tag-5-z-5-sila","16":"product_tag-amyl-poppers-cs","17":"product_tag-cistic-kuze","18":"product_tag-francouzske-poppers","19":"product_tag-funline-poppers-cs","20":"product_tag-kapesni-poppers","21":"product_tag-lahvicka-10-ml","22":"product_tag-play-hard-brand","23":"product_tag-pokojova-aroma","24":"product_tag-vhodne-na-cesty","26":"first","27":"instock","28":"taxable","29":"shipping-taxable","30":"purchasable","31":"product-type-simple"},"_links":{"self":[{"href":"https:\/\/huskybearpoppers.eu\/cs\/wp-json\/wp\/v2\/product\/26974","targetHints":{"allow":["GET"]}}],"collection":[{"href":"https:\/\/huskybearpoppers.eu\/cs\/wp-json\/wp\/v2\/product"}],"about":[{"href":"https:\/\/huskybearpoppers.eu\/cs\/wp-json\/wp\/v2\/types\/product"}],"replies":[{"embeddable":true,"href":"https:\/\/huskybearpoppers.eu\/cs\/wp-json\/wp\/v2\/comments?post=26974"}],"version-history":[{"count":1,"href":"https:\/\/huskybearpoppers.eu\/cs\/wp-json\/wp\/v2\/product\/26974\/revisions"}],"predecessor-version":[{"id":26981,"href":"https:\/\/huskybearpoppers.eu\/cs\/wp-json\/wp\/v2\/product\/26974\/revisions\/26981"}],"wp:featuredmedia":[{"embeddable":true,"href":"https:\/\/huskybearpoppers.eu\/cs\/wp-json\/wp\/v2\/media\/16547"}],"wp:attachment":[{"href":"https:\/\/huskybearpoppers.eu\/cs\/wp-json\/wp\/v2\/media?parent=26974"}],"wp:term":[{"taxonomy":"product_brand","embeddable":true,"href":"https:\/\/huskybearpoppers.eu\/cs\/wp-json\/wp\/v2\/product_brand?post=26974"},{"taxonomy":"product_cat","embeddable":true,"href":"https:\/\/huskybearpoppers.eu\/cs\/wp-json\/wp\/v2\/product_cat?post=26974"},{"taxonomy":"product_tag","embeddable":true,"href":"https:\/\/huskybearpoppers.eu\/cs\/wp-json\/wp\/v2\/product_tag?post=26974"}],"curies":[{"name":"wp","href":"https:\/\/api.w.org\/{rel}","templated":true}]}}