{"id":26964,"date":"2025-08-08T12:46:33","date_gmt":"2025-08-08T10:46:33","guid":{"rendered":"https:\/\/huskybearpoppers.eu\/product\/poppers-top-twink-10-ml\/"},"modified":"2025-08-08T12:46:33","modified_gmt":"2025-08-08T10:46:33","slug":"poppers-top-twink-10-ml","status":"publish","type":"product","link":"https:\/\/huskybearpoppers.eu\/cs\/produkt\/poppers-top-twink-10-ml\/","title":{"rendered":"Poppers Top Twink 10 ml"},"content":{"rendered":"","protected":false},"excerpt":{"rendered":"<p>Twinkov\u00e9 naho\u0159e m\u011bn\u00ed hru s 10ml s\u00edly amylnitritu. Tento \u010disti\u010d k\u016f\u017ee na sexu\u00e1ln\u00ed hra\u010dky pom\u00e1h\u00e1 \u0161t\u00edhl\u00fdm kluk\u016fm dominovat. Ultra-siln\u00e1 formule znamen\u00e1, \u017ee tvoje vy\u010di\u0161t\u011bn\u00e9 hra\u010dky ti pom\u00e1haj\u00ed vl\u00e1dnout jako \u0161\u00e9f &#8211; hlubok\u00e9 \u00fadery, tot\u00e1ln\u00ed kontrola a v\u00fddr\u017e, kter\u00e1 v\u0161echny p\u0159ekvap\u00ed.  <\/p>\n","protected":false},"featured_media":26963,"comment_status":"open","ping_status":"closed","template":"","meta":[],"product_brand":[],"product_cat":[1391,1424,1500,1239,10103,10022,9903,10089,10083],"product_tag":[5955,3220,5169,5167,4756,5957,5956,5979,9678,5958],"class_list":{"0":"post-26964","1":"product","2":"type-product","3":"status-publish","4":"has-post-thumbnail","6":"product_cat-5-5-mimoradne-silny-poppers","7":"product_cat-amyl-nitrit-poppers","8":"product_cat-male-poppers","9":"product_cat-poppers-funline-cs","10":"product_cat-poppers-pro-zacatecniky","11":"product_cat-pup-play-poppers","12":"product_cat-qjyt-29pr-9003-8akx","13":"product_cat-poppers-na-vecer-ve-dvou","14":"product_cat-rychle-a-prime-poppers","15":"product_tag-5-z-5-sila","16":"product_tag-amyl-poppers-cs","17":"product_tag-cistic-kuze","18":"product_tag-francouzske-poppers","19":"product_tag-funline-poppers-cs","20":"product_tag-kapesni-poppers","21":"product_tag-lahvicka-10-ml","22":"product_tag-pokojova-aroma","23":"product_tag-top-twink-znamka","24":"product_tag-vhodne-na-cesty","26":"first","27":"instock","28":"taxable","29":"shipping-taxable","30":"purchasable","31":"product-type-simple"},"_links":{"self":[{"href":"https:\/\/huskybearpoppers.eu\/cs\/wp-json\/wp\/v2\/product\/26964","targetHints":{"allow":["GET"]}}],"collection":[{"href":"https:\/\/huskybearpoppers.eu\/cs\/wp-json\/wp\/v2\/product"}],"about":[{"href":"https:\/\/huskybearpoppers.eu\/cs\/wp-json\/wp\/v2\/types\/product"}],"replies":[{"embeddable":true,"href":"https:\/\/huskybearpoppers.eu\/cs\/wp-json\/wp\/v2\/comments?post=26964"}],"version-history":[{"count":0,"href":"https:\/\/huskybearpoppers.eu\/cs\/wp-json\/wp\/v2\/product\/26964\/revisions"}],"wp:featuredmedia":[{"embeddable":true,"href":"https:\/\/huskybearpoppers.eu\/cs\/wp-json\/wp\/v2\/media\/26963"}],"wp:attachment":[{"href":"https:\/\/huskybearpoppers.eu\/cs\/wp-json\/wp\/v2\/media?parent=26964"}],"wp:term":[{"taxonomy":"product_brand","embeddable":true,"href":"https:\/\/huskybearpoppers.eu\/cs\/wp-json\/wp\/v2\/product_brand?post=26964"},{"taxonomy":"product_cat","embeddable":true,"href":"https:\/\/huskybearpoppers.eu\/cs\/wp-json\/wp\/v2\/product_cat?post=26964"},{"taxonomy":"product_tag","embeddable":true,"href":"https:\/\/huskybearpoppers.eu\/cs\/wp-json\/wp\/v2\/product_tag?post=26964"}],"curies":[{"name":"wp","href":"https:\/\/api.w.org\/{rel}","templated":true}]}}