{"id":26918,"date":"2025-08-08T12:46:34","date_gmt":"2025-08-08T10:46:34","guid":{"rendered":"https:\/\/huskybearpoppers.eu\/product\/poppers-bad-boys-13-ml\/"},"modified":"2025-08-08T12:46:34","modified_gmt":"2025-08-08T10:46:34","slug":"poppers-bad-boys-13-ml","status":"publish","type":"product","link":"https:\/\/huskybearpoppers.eu\/cs\/produkt\/poppers-bad-boys-13-ml\/","title":{"rendered":"Poppers Bad Boys 13 ml"},"content":{"rendered":"","protected":false},"excerpt":{"rendered":"<p>Bad Boys se dod\u00e1vaj\u00ed ve 13ml lahvi\u010dk\u00e1ch s \u010dist\u00fdm postojem. Tento \u010disti\u010d k\u016f\u017ee na erotick\u00e9 hra\u010dky odpov\u00edd\u00e1 va\u0161\u00ed pov\u011bsti. Ultra siln\u00fd amylnitrit znamen\u00e1, \u017ee va\u0161e vy\u010di\u0161t\u011bn\u00e1 v\u00fdbava v\u00e1m pom\u016f\u017ee z\u016fstat zl\u00fd &#8211; drsn\u00e9 hr\u00e1tky, \u017e\u00e1dn\u00e9 omluvy a rozko\u0161, kter\u00e1 poru\u0161uje pravidla.  <\/p>\n","protected":false},"featured_media":16687,"comment_status":"open","ping_status":"closed","template":"","meta":[],"product_brand":[],"product_cat":[1391,1424,10008,10084,10104,1500,1239,10102,9903],"product_tag":[10253,5955,3220,5169,5167,4756,5979,10254,10255,10256],"class_list":{"0":"post-26918","1":"product","2":"type-product","3":"status-publish","4":"has-post-thumbnail","6":"product_cat-5-5-mimoradne-silny-poppers","7":"product_cat-amyl-nitrit-poppers","8":"product_cat-bear-brotherhood-poppers","9":"product_cat-dlouhotrvajici-a-stabilni-poppers","10":"product_cat-edge-and-hypno-poppers","11":"product_cat-male-poppers","12":"product_cat-poppers-funline-cs","13":"product_cat-poppers-na-party-klub","14":"product_cat-qjyt-29pr-9003-8akx","15":"product_tag-13-ml-lahvicka","16":"product_tag-5-z-5-sila","17":"product_tag-amyl-poppers-cs","18":"product_tag-cistic-kuze","19":"product_tag-francouzske-poppers","20":"product_tag-funline-poppers-cs","21":"product_tag-pokojova-aroma","22":"product_tag-unikatni-velikost-poppers","23":"product_tag-vyrobky-pro-dospele","24":"product_tag-znacka-bad-boys","26":"first","27":"instock","28":"taxable","29":"shipping-taxable","30":"purchasable","31":"product-type-simple"},"_links":{"self":[{"href":"https:\/\/huskybearpoppers.eu\/cs\/wp-json\/wp\/v2\/product\/26918","targetHints":{"allow":["GET"]}}],"collection":[{"href":"https:\/\/huskybearpoppers.eu\/cs\/wp-json\/wp\/v2\/product"}],"about":[{"href":"https:\/\/huskybearpoppers.eu\/cs\/wp-json\/wp\/v2\/types\/product"}],"replies":[{"embeddable":true,"href":"https:\/\/huskybearpoppers.eu\/cs\/wp-json\/wp\/v2\/comments?post=26918"}],"version-history":[{"count":0,"href":"https:\/\/huskybearpoppers.eu\/cs\/wp-json\/wp\/v2\/product\/26918\/revisions"}],"wp:featuredmedia":[{"embeddable":true,"href":"https:\/\/huskybearpoppers.eu\/cs\/wp-json\/wp\/v2\/media\/16687"}],"wp:attachment":[{"href":"https:\/\/huskybearpoppers.eu\/cs\/wp-json\/wp\/v2\/media?parent=26918"}],"wp:term":[{"taxonomy":"product_brand","embeddable":true,"href":"https:\/\/huskybearpoppers.eu\/cs\/wp-json\/wp\/v2\/product_brand?post=26918"},{"taxonomy":"product_cat","embeddable":true,"href":"https:\/\/huskybearpoppers.eu\/cs\/wp-json\/wp\/v2\/product_cat?post=26918"},{"taxonomy":"product_tag","embeddable":true,"href":"https:\/\/huskybearpoppers.eu\/cs\/wp-json\/wp\/v2\/product_tag?post=26918"}],"curies":[{"name":"wp","href":"https:\/\/api.w.org\/{rel}","templated":true}]}}