{"id":23514,"date":"2025-08-08T12:51:22","date_gmt":"2025-08-08T10:51:22","guid":{"rendered":"https:\/\/huskybearpoppers.eu\/?post_type=product&#038;p=23514"},"modified":"2026-01-09T13:15:48","modified_gmt":"2026-01-09T11:15:48","slug":"rush-butanol-poppers-24ml-copy","status":"publish","type":"product","link":"https:\/\/huskybearpoppers.eu\/cs\/produkt\/rush-butanol-poppers-24ml-copy\/","title":{"rendered":"Rush Butanol Poppers 25ml"},"content":{"rendered":"","protected":false},"excerpt":{"rendered":"<p><strong>Rush Butanol Poppers 25ml od Funline\u00ae, kter\u00fd<\/strong> p\u016fsob\u00ed jinak ne\u017e b\u011b\u017en\u00e9 p\u0159\u00edpravky.<\/p>\n<p>Tento \u010disti\u010d k\u016f\u017ee na erotick\u00e9 hra\u010dky p\u0159iprav\u00ed va\u0161e vybaven\u00ed na divok\u00e9 hr\u00e1tky. Po vy\u010di\u0161t\u011bn\u00ed a provzdu\u0161n\u011bn\u00ed se va\u0161e hra\u010dky budou c\u00edtit \u00fa\u017easn\u011b &#8211; velk\u00fd kol\u00edk se najednou zd\u00e1 b\u00fdt snadn\u00fd, tlust\u00e9 dildo perfektn\u011b sed\u00ed a vy se otev\u0159ete v\u00edce ne\u017e kdy jindy. <\/p>\n<p>Hled\u00e1te variantu tohoto produktu? Pak se pod\u00edvejte na <a href=\"https:\/\/huskybearpoppers.eu\/cs\/produkt\/rush-butanol-poppers-24ml\/\"><strong>Rush Butanol Poppers 24ml by PWD\u00ae Never Fake it<\/strong><\/a> <\/p>\n","protected":false},"featured_media":23132,"comment_status":"open","ping_status":"closed","template":"","meta":[],"product_brand":[9779],"product_cat":[10083,1391,1456,1239,10103,10022,10089,1489],"product_tag":[10205,10203,10204,8045,2954,5539],"class_list":{"0":"post-23514","1":"product","2":"type-product","3":"status-publish","4":"has-post-thumbnail","6":"product_brand-rush-poppers","7":"product_cat-rychle-a-prime-poppers","8":"product_cat-5-5-mimoradne-silny-poppers","9":"product_cat-pentyl-nitrit-poppers","10":"product_cat-poppers-funline-cs","11":"product_cat-poppers-pro-zacatecniky","12":"product_cat-pup-play-poppers","13":"product_cat-poppers-na-vecer-ve-dvou","14":"product_cat-velky-poppers","15":"product_tag-aroma-poppers","16":"product_tag-butanol-poppers","17":"product_tag-pepr","18":"product_tag-rush-poppers-cs","19":"product_tag-silny-poppers","20":"product_tag-velke-poppers","22":"first","23":"instock","24":"taxable","25":"shipping-taxable","26":"purchasable","27":"product-type-simple"},"_links":{"self":[{"href":"https:\/\/huskybearpoppers.eu\/cs\/wp-json\/wp\/v2\/product\/23514","targetHints":{"allow":["GET"]}}],"collection":[{"href":"https:\/\/huskybearpoppers.eu\/cs\/wp-json\/wp\/v2\/product"}],"about":[{"href":"https:\/\/huskybearpoppers.eu\/cs\/wp-json\/wp\/v2\/types\/product"}],"replies":[{"embeddable":true,"href":"https:\/\/huskybearpoppers.eu\/cs\/wp-json\/wp\/v2\/comments?post=23514"}],"version-history":[{"count":0,"href":"https:\/\/huskybearpoppers.eu\/cs\/wp-json\/wp\/v2\/product\/23514\/revisions"}],"wp:featuredmedia":[{"embeddable":true,"href":"https:\/\/huskybearpoppers.eu\/cs\/wp-json\/wp\/v2\/media\/23132"}],"wp:attachment":[{"href":"https:\/\/huskybearpoppers.eu\/cs\/wp-json\/wp\/v2\/media?parent=23514"}],"wp:term":[{"taxonomy":"product_brand","embeddable":true,"href":"https:\/\/huskybearpoppers.eu\/cs\/wp-json\/wp\/v2\/product_brand?post=23514"},{"taxonomy":"product_cat","embeddable":true,"href":"https:\/\/huskybearpoppers.eu\/cs\/wp-json\/wp\/v2\/product_cat?post=23514"},{"taxonomy":"product_tag","embeddable":true,"href":"https:\/\/huskybearpoppers.eu\/cs\/wp-json\/wp\/v2\/product_tag?post=23514"}],"curies":[{"name":"wp","href":"https:\/\/api.w.org\/{rel}","templated":true}]}}