{"id":21056,"date":"2025-08-08T12:46:34","date_gmt":"2025-08-08T10:46:34","guid":{"rendered":"https:\/\/huskybearpoppers.eu\/product\/top-twink-poppers-25-ml\/"},"modified":"2025-12-02T10:22:20","modified_gmt":"2025-12-02T08:22:20","slug":"top-twink-poppers-25-ml","status":"publish","type":"product","link":"https:\/\/huskybearpoppers.eu\/cs\/produkt\/top-twink-poppers-25-ml\/","title":{"rendered":"Top Twink Poppers 25 ml"},"content":{"rendered":"","protected":false},"excerpt":{"rendered":"<p>25 ml twink power, kter\u00fd poru\u0161uje v\u0161echna pravidla. Tento \u010disti\u010d k\u016f\u017ee pro sexu\u00e1ln\u00ed hra\u010dky d\u00e1v\u00e1 men\u0161\u00edm kluk\u016fm v\u00fdhodu. Ultra siln\u00fd amylnitrit znamen\u00e1, \u017ee po vy\u010di\u0161t\u011bn\u00ed sv\u00e9ho vybaven\u00ed jste p\u0159ipraveni dominovat komukoli \u2013 medv\u011bd\u016fm, tat\u00ednk\u016fm, v\u0161ichni se nau\u010d\u00ed, \u017ee twinkov\u00e9 to taky um\u00ed.  <\/p>\n","protected":false},"featured_media":21057,"comment_status":"open","ping_status":"closed","template":"","meta":[],"product_brand":[],"product_cat":[1391,1424,1239,10103,10022,9903,10089,10083,1489],"product_tag":[5881,5955,3220,5169,5167,4756,5979,5883,5882,9678],"class_list":{"0":"post-21056","1":"product","2":"type-product","3":"status-publish","4":"has-post-thumbnail","6":"product_cat-5-5-mimoradne-silny-poppers","7":"product_cat-amyl-nitrit-poppers","8":"product_cat-poppers-funline-cs","9":"product_cat-poppers-pro-zacatecniky","10":"product_cat-pup-play-poppers","11":"product_cat-qjyt-29pr-9003-8akx","12":"product_cat-poppers-na-vecer-ve-dvou","13":"product_cat-rychle-a-prime-poppers","14":"product_cat-velky-poppers","15":"product_tag-25-ml-lahev","16":"product_tag-5-z-5-sila","17":"product_tag-amyl-poppers-cs","18":"product_tag-cistic-kuze","19":"product_tag-francouzske-poppers","20":"product_tag-funline-poppers-cs","21":"product_tag-pokojova-aroma","22":"product_tag-prodlouzene-sezeni","23":"product_tag-stredni-lahev-poppery","24":"product_tag-top-twink-znamka","26":"first","27":"instock","28":"taxable","29":"shipping-taxable","30":"purchasable","31":"product-type-simple"},"_links":{"self":[{"href":"https:\/\/huskybearpoppers.eu\/cs\/wp-json\/wp\/v2\/product\/21056","targetHints":{"allow":["GET"]}}],"collection":[{"href":"https:\/\/huskybearpoppers.eu\/cs\/wp-json\/wp\/v2\/product"}],"about":[{"href":"https:\/\/huskybearpoppers.eu\/cs\/wp-json\/wp\/v2\/types\/product"}],"replies":[{"embeddable":true,"href":"https:\/\/huskybearpoppers.eu\/cs\/wp-json\/wp\/v2\/comments?post=21056"}],"version-history":[{"count":0,"href":"https:\/\/huskybearpoppers.eu\/cs\/wp-json\/wp\/v2\/product\/21056\/revisions"}],"wp:featuredmedia":[{"embeddable":true,"href":"https:\/\/huskybearpoppers.eu\/cs\/wp-json\/wp\/v2\/media\/21057"}],"wp:attachment":[{"href":"https:\/\/huskybearpoppers.eu\/cs\/wp-json\/wp\/v2\/media?parent=21056"}],"wp:term":[{"taxonomy":"product_brand","embeddable":true,"href":"https:\/\/huskybearpoppers.eu\/cs\/wp-json\/wp\/v2\/product_brand?post=21056"},{"taxonomy":"product_cat","embeddable":true,"href":"https:\/\/huskybearpoppers.eu\/cs\/wp-json\/wp\/v2\/product_cat?post=21056"},{"taxonomy":"product_tag","embeddable":true,"href":"https:\/\/huskybearpoppers.eu\/cs\/wp-json\/wp\/v2\/product_tag?post=21056"}],"curies":[{"name":"wp","href":"https:\/\/api.w.org\/{rel}","templated":true}]}}