{"id":20580,"date":"2023-05-31T18:47:44","date_gmt":"2023-05-31T16:47:44","guid":{"rendered":"https:\/\/huskybearpoppers.eu\/product\/rush-black-fire-poppers-10ml\/"},"modified":"2025-12-22T13:18:20","modified_gmt":"2025-12-22T11:18:20","slug":"rush-black-fire-poppers-10ml","status":"publish","type":"product","link":"https:\/\/huskybearpoppers.eu\/cs\/produkt\/rush-black-fire-poppers-10ml\/","title":{"rendered":"Rush Black Fire Poppers 10ml"},"content":{"rendered":"<h2>Vylep\u0161ete p\u00e9\u010di o k\u016f\u017ei s Rush Black Fire Poppers<\/h2>\n<p>Vstupte do vylep\u0161en\u00e9ho sv\u011bta \u010di\u0161t\u011bn\u00ed k\u016f\u017ee s Rush Black Fire Poppers 10ml. Tento pr\u00e9miov\u00fd \u010disti\u010d nen\u00ed jen v\u00fdkonn\u00fd &#8211; je navr\u017een tak, aby o\u017eivil va\u0161i rutinu \u00fadr\u017eby k\u016f\u017ee svou bezkonkuren\u010dn\u00ed \u00fa\u010dinnost\u00ed a jedine\u010dn\u00fdmi aromatick\u00fdmi vlastnostmi. Ide\u00e1ln\u00ed pro sofistikovanou \u00fadr\u017ebu, Rush Black Fire zaji\u0161\u0165uje, \u017ee va\u0161e ko\u017een\u00e9 p\u0159edm\u011bty dostanou tu nejlep\u0161\u00ed p\u00e9\u010di.  <\/p>\n<h2>Sofistikovan\u00e9 slo\u017een\u00ed pro pr\u00e9miov\u00e9 v\u00fdsledky<\/h2>\n<p>Rush Black Fire Poppers p\u0159in\u00e1\u0161\u00ed novou \u00farove\u0148 intenzity do \u010di\u0161t\u011bn\u00ed k\u016f\u017ee. Jeho 5\/5 s\u00edla pentylov\u00e9ho slo\u017een\u00ed vynik\u00e1 v o\u017eivov\u00e1n\u00ed a osv\u011b\u017eov\u00e1n\u00ed ko\u017een\u00fdch povrch\u016f, zaji\u0161\u0165uje hloubkov\u00e9 \u010di\u0161t\u011bn\u00ed, kter\u00e9 zachov\u00e1v\u00e1 integritu a vzhled va\u0161ich cenn\u00fdch p\u0159edm\u011bt\u016f. Jeho kompaktn\u00ed velikost a robustn\u00ed slo\u017een\u00ed z n\u011bj \u010din\u00ed nezbytn\u00fd dopln\u011bk pro ty, kte\u0159\u00ed vy\u017eaduj\u00ed dokonalost ve sv\u00fdch \u010distic\u00edch prost\u0159edc\u00edch.  <\/p>\n<h2>Pohodln\u00e1 a \u00fa\u010dinn\u00e1 \u00fadr\u017eba k\u016f\u017ee<\/h2>\n<p>Perfektn\u00ed pro ty, kte\u0159\u00ed jsou v pohybu, Rush Black Fire Poppers 10ml je navr\u017een s ohledem na prakti\u010dnost. Bezpe\u010dnostn\u00ed uz\u00e1v\u011br lahvi\u010dky zabra\u0148uje jak\u00e9mukoli rozlit\u00ed nebo vypa\u0159ov\u00e1n\u00ed, co\u017e zaji\u0161\u0165uje, \u017ee \u010disti\u010d z\u016fstane \u00fa\u010dinn\u00fd p\u0159i ka\u017ed\u00e9m pou\u017eit\u00ed. A\u0165 u\u017e jste doma nebo na cest\u00e1ch, tento \u010disti\u010d na k\u016f\u017ei je z\u00e1kladn\u00edm n\u00e1strojem pro efektivn\u00ed a \u00fa\u010dinnou \u00fadr\u017ebu.  <\/p>\n<h2>Za\u017eijte rozd\u00edl Rush Black Fire<\/h2>\n<p>S Rush Black Fire Poppers za\u017eijete \u010disti\u010d na k\u016f\u017ei, kter\u00fd p\u0159ekra\u010duje tradi\u010dn\u00ed o\u010dek\u00e1v\u00e1n\u00ed. Jeho vylep\u0161en\u00e9 slo\u017een\u00ed nejen \u010dist\u00ed, ale o\u017eivuje va\u0161e ko\u017een\u00e9 zbo\u017e\u00ed a p\u0159id\u00e1v\u00e1 do va\u0161\u00ed rutiny n\u00e1dech luxusu. Ide\u00e1ln\u00ed pro intimn\u00ed i rozs\u00e1hlej\u0161\u00ed \u010distic\u00ed sezen\u00ed, p\u0159in\u00e1\u0161\u00ed nov\u00fd rozm\u011br do p\u00e9\u010de o k\u016f\u017ei.  <\/p>\n<h2>Nakupujte nyn\u00ed pro vynikaj\u00edc\u00ed \u010di\u0161t\u011bn\u00ed k\u016f\u017ee<\/h2>\n<p>Vylep\u0161ete sv\u016fj re\u017eim p\u00e9\u010de o k\u016f\u017ei s Rush Black Fire Poppers 10ml, dostupn\u00e9 nyn\u00ed. Perfektn\u00ed pro nad\u0161ence i profesion\u00e1ly, tento \u010disti\u010d na k\u016f\u017ei zaji\u0161\u0165uje, \u017ee va\u0161e p\u0159edm\u011bty nejen skv\u011ble vypadaj\u00ed, ale tak\u00e9 se skv\u011ble c\u00edt\u00ed. Objednejte si dnes a p\u0159ineste dokonalost Rush Black Fire do sv\u00e9 praxe \u00fadr\u017eby k\u016f\u017ee.  <\/p>\n<p><strong>Jak pou\u017e\u00edvat Rush Poppers:<\/strong><\/p>\n<ol>\n<li><strong>Prot\u0159epte lahvi\u010dku<\/strong>\n<p>Jemn\u011b prot\u0159epte, abyste zajistili dobr\u00e9 prom\u00edch\u00e1n\u00ed obsahu.<\/li>\n<li><strong>Otev\u0159ete uz\u00e1v\u011br<\/strong>\n<p>Opatrn\u011b odstra\u0148te uz\u00e1v\u011br.<\/li>\n<li><strong>Aplikace produktu<\/strong>\n<p>Otev\u0159ete a pou\u017eijte lahvi\u010dku podle pot\u0159eby pro \u010di\u0161t\u011bn\u00ed nebo \u00fadr\u017ebu.<\/li>\n<\/ol>\n<p><strong>Bezpe\u010dnostn\u00ed pokyny<\/strong><\/p>\n<ul>\n<li><strong>Specifick\u00e9 pou\u017eit\u00ed<\/strong>\n<p>Ur\u010deno pro p\u00e9\u010di o k\u016f\u017ei a \u00fadr\u017ebu.<\/li>\n<li><strong>Tipy pro skladov\u00e1n\u00ed<\/strong>\n<p>Skladujte lahvi\u010dku na chladn\u00e9m, such\u00e9m m\u00edst\u011b, mimo dosah slune\u010dn\u00edho sv\u011btla.<\/li>\n<li><strong>Bezpe\u010dnostn\u00ed Opat\u0159en\u00ed<\/strong>\n<ul>\n<li>Uchov\u00e1vejte mimo dosah d\u011bt\u00ed a dom\u00e1c\u00edch zv\u00ed\u0159at.<\/li>\n<li>Nepolykejte ani nedovolte kontakt s poko\u017ekou.<\/li>\n<li>Pou\u017e\u00edvejte v dob\u0159e v\u011btran\u00e9m prostoru.<\/li>\n<\/ul>\n<\/li>\n<li><strong>Pokyny k pou\u017eit\u00ed<\/strong>\n<p>V\u017edy dodr\u017eujte pokyny uveden\u00e9 na lahvi\u010dce a pou\u017e\u00edvejte zodpov\u011bdn\u011b.<\/li>\n<\/ul>\n<p>Milovn\u00edci Rush Black Fire Poppers 10ml najdou <a href=\"https:\/\/huskybearpoppers.eu\/product\/rush-ultra-strong-black-poppers-10ml\/\"><strong>Rush Ultra Strong Black Poppers 10ml<\/strong><\/a> a <a href=\"https:\/\/huskybearpoppers.eu\/cs\/produkt\/rush-ultra-strong-gold-poppers-10ml\/\"><strong>Rush Ultra Strong Gold Poppers 10ml<\/strong><\/a> stejn\u011b p\u0159ita\u017eliv\u00e9.<\/p>\n","protected":false},"excerpt":{"rendered":"<p>Zdokonalte p\u00e9\u010di o k\u016f\u017ei s Rush Black Fire Poppers 10ml, vysoce \u00fa\u010dinn\u00fdm \u010disti\u010dem zn\u00e1m\u00fdm pro svou jedine\u010dnou efektivitu.<\/p>\n<p>Tato nejnov\u011bj\u0161\u00ed formulace s \u00fa\u010dinn\u00fdm pentylov\u00fdm slo\u017een\u00edm p\u0159ich\u00e1z\u00ed v kompaktn\u00ed 10ml lahvi\u010dce ide\u00e1ln\u00ed pro \u00fadr\u017ebu ko\u017een\u00fdch v\u00fdrobk\u016f na cest\u00e1ch.<\/p>\n<p>Zaji\u0161t\u011bna bezpe\u010dn\u00fdm uz\u00e1v\u011brem poskytuje konzistentn\u00ed v\u00fdkon bez jak\u00fdchkoli \u00fanik\u016f nebo ztr\u00e1ty \u00fa\u010dinnosti.<\/p>\n","protected":false},"featured_media":20581,"comment_status":"open","ping_status":"closed","template":"","meta":[],"product_brand":[9779],"product_cat":[1391,1500,1456,1270,10174],"product_tag":[9649,9650,9652,9651],"class_list":{"0":"post-20580","1":"product","2":"type-product","3":"status-publish","4":"has-post-thumbnail","6":"product_brand-rush-poppers","7":"product_cat-5-5-mimoradne-silny-poppers","8":"product_cat-male-poppers","9":"product_cat-pentyl-nitrit-poppers","10":"product_cat-poppers-push-cs","11":"product_cat-ufi-pentyl-nitrit","12":"product_tag-poppers-rush-black-fire-cs","13":"product_tag-rush-black-fire-poppers-cs","14":"product_tag-rush-black-fire-poppers-cs-2","15":"product_tag-rush-black-fire-poppers-10ml-cs","17":"first","18":"outofstock","19":"taxable","20":"shipping-taxable","21":"purchasable","22":"product-type-simple"},"_links":{"self":[{"href":"https:\/\/huskybearpoppers.eu\/cs\/wp-json\/wp\/v2\/product\/20580","targetHints":{"allow":["GET"]}}],"collection":[{"href":"https:\/\/huskybearpoppers.eu\/cs\/wp-json\/wp\/v2\/product"}],"about":[{"href":"https:\/\/huskybearpoppers.eu\/cs\/wp-json\/wp\/v2\/types\/product"}],"replies":[{"embeddable":true,"href":"https:\/\/huskybearpoppers.eu\/cs\/wp-json\/wp\/v2\/comments?post=20580"}],"version-history":[{"count":0,"href":"https:\/\/huskybearpoppers.eu\/cs\/wp-json\/wp\/v2\/product\/20580\/revisions"}],"wp:featuredmedia":[{"embeddable":true,"href":"https:\/\/huskybearpoppers.eu\/cs\/wp-json\/wp\/v2\/media\/20581"}],"wp:attachment":[{"href":"https:\/\/huskybearpoppers.eu\/cs\/wp-json\/wp\/v2\/media?parent=20580"}],"wp:term":[{"taxonomy":"product_brand","embeddable":true,"href":"https:\/\/huskybearpoppers.eu\/cs\/wp-json\/wp\/v2\/product_brand?post=20580"},{"taxonomy":"product_cat","embeddable":true,"href":"https:\/\/huskybearpoppers.eu\/cs\/wp-json\/wp\/v2\/product_cat?post=20580"},{"taxonomy":"product_tag","embeddable":true,"href":"https:\/\/huskybearpoppers.eu\/cs\/wp-json\/wp\/v2\/product_tag?post=20580"}],"curies":[{"name":"wp","href":"https:\/\/api.w.org\/{rel}","templated":true}]}}