{"id":20482,"date":"2024-06-02T20:05:20","date_gmt":"2024-06-02T18:05:20","guid":{"rendered":"https:\/\/huskybearpoppers.eu\/product\/rush-poppers-24ml-nebo-25ml\/"},"modified":"2025-12-18T14:31:35","modified_gmt":"2025-12-18T12:31:35","slug":"rush-poppers-24ml-nebo-25ml","status":"publish","type":"product","link":"https:\/\/huskybearpoppers.eu\/cs\/produkt\/rush-poppers-24ml-nebo-25ml\/","title":{"rendered":"Rush Poppers 24ml nebo 25ml"},"content":{"rendered":"<h2>Objevte pr\u00e9miovou kvalitu Rush Poppers<\/h2>\n<p>Pono\u0159te se do dokonalosti Rush Poppers, dostupn\u00fdch v praktick\u00fdch lahvi\u010dk\u00e1ch 24ml a 25ml. Tyto poppers jsou po cel\u00e9m sv\u011bt\u011b uzn\u00e1v\u00e1ny pro sv\u00e9 siln\u00e9 \u00fa\u010dinky a spolehliv\u00fd v\u00fdkon, ide\u00e1ln\u00ed pro ka\u017ed\u00e9ho, kdo chce vylep\u0161it svou \u010distic\u00ed rutinu nebo obohatit sv\u00e9 volno\u010dasov\u00e9 aktivity. <\/p>\n<h2>V\u00fdjime\u010dn\u00e9 \u010di\u0161t\u011bn\u00ed se setk\u00e1v\u00e1 s vzru\u0161uj\u00edc\u00edmi vjemy<\/h2>\n<p>Rush Poppers si upevnily svou pov\u011bst poskytov\u00e1n\u00edm siln\u00fdch v\u00fdsledk\u016f rychle a spolehliv\u011b. A\u0165 u\u017e jsou vhodn\u00e9 pro \u010di\u0161t\u011bn\u00ed ko\u017een\u00fdch p\u0159edm\u011bt\u016f nebo obohacen\u00ed va\u0161ich v\u00fdjime\u010dn\u00fdch okam\u017eik\u016f, nab\u00edzej\u00ed praktick\u00e9 \u0159e\u0161en\u00ed pro udr\u017een\u00ed kvality a p\u0159id\u00e1n\u00ed vzru\u0161en\u00ed. <\/p>\n<h2>Flexibiln\u00ed a siln\u00e9<\/h2>\n<p>Rush Poppers jsou dostupn\u00e9 ve dvou velikostech a vyhovuj\u00ed r\u016fzn\u00fdm pot\u0159eb\u00e1m, a\u0165 u\u017e hled\u00e1te rychl\u00e9 \u010di\u0161t\u011bn\u00ed nebo del\u0161\u00ed sezen\u00ed pln\u00e9 intenzity. Jejich dob\u0159e formulovan\u00fd obsah je ide\u00e1ln\u00ed pro ty, kte\u0159\u00ed oce\u0148uj\u00ed siln\u00fd a \u00fa\u010dinn\u00fd \u010disti\u010d k\u016f\u017ee, kter\u00fd z\u00e1rove\u0148 slou\u017e\u00ed k pos\u00edlen\u00ed smyslov\u00fdch z\u00e1\u017eitk\u016f. <\/p>\n<h2>Hodnota a v\u0161estrannost v ka\u017ed\u00e9 lahvi\u010dce<\/h2>\n<p>S Rush Poppers za\u017eijete to nejlep\u0161\u00ed z hlediska hodnoty i v\u0161estrannosti. Vyberte si mezi variantami 24ml nebo 25ml, kter\u00e9 nejl\u00e9pe vyhovuj\u00ed va\u0161im pot\u0159eb\u00e1m a rozpo\u010dtu, a zajist\u011bte si nejen \u00fa\u010dinn\u00e9 \u010di\u0161t\u011bn\u00ed, ale tak\u00e9 vylep\u0161en\u00ed atmosf\u00e9ry jak\u00e9hokoli setk\u00e1n\u00ed. <\/p>\n<h2>D\u016fv\u011bryhodn\u00e9 jm\u00e9no mezi poppers<\/h2>\n<p>Rush Poppers jsou obl\u00edben\u00fdm produktem od 70. let 20. stolet\u00ed a trvale poskytuj\u00ed u\u017eivatel\u016fm bezkonkuren\u010dn\u00ed aromatick\u00fd z\u00e1\u017eitek, kter\u00fd p\u0159esahuje prost\u00e9 \u010di\u0161t\u011bn\u00ed. Jejich \u0161irok\u00e9 uzn\u00e1n\u00ed je pln\u011b zaslou\u017een\u00e9, p\u0159i\u010dem\u017e ka\u017ed\u00e1 lahvi\u010dka slibuje pov\u00fd\u0161it va\u0161e z\u00e1\u017eitky z oby\u010dejn\u00fdch na mimo\u0159\u00e1dn\u00e9. <\/p>\n<h3>Jak pou\u017e\u00edvat Rush Poppers:<\/h3>\n<p><strong>1. P\u0159ed Pou\u017eit\u00edm Prot\u0159epejte &#8211; <\/strong>Jemn\u011b prot\u0159epejte lahvi\u010dku, aby se obsah d\u016fkladn\u011b prom\u00edchal.<\/p>\n<p><strong>2. Odstra\u0148te Uz\u00e1v\u011br &#8211;<\/strong> opatrn\u011b od\u0161roubujte nebo sejm\u011bte uz\u00e1v\u011br z l\u00e1hve.<\/p>\n<p><strong>3. Pou\u017eit\u00ed &#8211;<\/strong> Otev\u0159ete lahvi\u010dku a pou\u017eijte p\u0159\u00edpravek podle pot\u0159eby p\u0159i \u010di\u0161t\u011bn\u00ed nebo \u00fadr\u017eb\u011b.<\/p>\n<h3>Bezpe\u010dnostn\u00ed pokyny<\/h3>\n<p><strong>Specifick\u00e9 Pou\u017eit\u00ed &#8211; <\/strong>Tento v\u00fdrobek je ur\u010den speci\u00e1ln\u011b pro p\u00e9\u010di a \u00fadr\u017ebu ko\u017een\u00fdch p\u0159edm\u011bt\u016f.<\/p>\n<p><strong>Rady Pro Skladov\u00e1n\u00ed &#8211; <\/strong>Pro zachov\u00e1n\u00ed kvality skladujte lahvi\u010dku na chladn\u00e9m a such\u00e9m m\u00edst\u011b, mimo dosah p\u0159\u00edm\u00e9ho slune\u010dn\u00edho z\u00e1\u0159en\u00ed.<\/p>\n<p><strong>Bezpe\u010dnostn\u00ed Opat\u0159en\u00ed:<\/strong><\/p>\n<ul>\n<li>Uchov\u00e1vejte mimo dosah d\u011bt\u00ed a dom\u00e1c\u00edch zv\u00ed\u0159at.<\/li>\n<li>Obsah nepoz\u0159ete a nedovolte, aby se dostal do p\u0159\u00edm\u00e9ho kontaktu s poko\u017ekou.<\/li>\n<li>V\u00fdrobek pou\u017e\u00edvejte v dob\u0159e v\u011btran\u00e9m prostoru.<\/li>\n<\/ul>\n<p><strong>Postupujte Podle Pokyn\u016f<\/strong> \u2013 Pou\u017e\u00edvejte v\u00fdrobek zodpov\u011bdn\u011b a v\u017edy dodr\u017eujte pokyny uveden\u00e9 na lahvi\u010dce.<\/p>\n<p>Pokud je Ultra Strong Rush 30ml Poppers va\u0161\u00edm obl\u00edben\u00fdm produktem, nenechte si uj\u00edt <a href=\"https:\/\/huskybearpoppers.eu\/product\/poppers-fist-deep-formula-24ml\/\"><strong>Poppers Fist Deep Formula 24ml<\/strong><\/a> a <a href=\"https:\/\/huskybearpoppers.eu\/cs\/produkt\/poppers-amsterdam-special-25ml\/\"><strong>Poppers Amsterdam Special 25ml<\/strong><\/a>.<\/p>\n","protected":false},"excerpt":{"rendered":"<p>Rush Poppers, dostupn\u00e9 ve velikostech 24ml i 25ml, slou\u017e\u00ed jako vynikaj\u00edc\u00ed \u010disti\u010d k\u016f\u017ee a vzru\u0161uj\u00edc\u00ed dopln\u011bk va\u0161ich smyslov\u00fdch z\u00e1\u017eitk\u016f. Tyto poppers jsou po cel\u00e9m sv\u011bt\u011b proslul\u00e9 svou \u00fa\u010dinnost\u00ed a zaji\u0161\u0165uj\u00ed jak hloubkov\u00e9 \u010di\u0161t\u011bn\u00ed, tak povzbuzuj\u00edc\u00ed p\u0159\u00edval, ide\u00e1ln\u00ed pro ty, kte\u0159\u00ed si cen\u00ed v\u00fdjime\u010dn\u00e9 kvality a intenzity. <\/p>\n<p><strong>Prozkoumejte pln\u00fd potenci\u00e1l sv\u00e9ho ve\u010dera s d\u016fv\u011bryhodn\u00fdmi Rush Poppers.<\/strong><\/p>\n","protected":false},"featured_media":20483,"comment_status":"open","ping_status":"closed","template":"","meta":[],"product_brand":[9779],"product_cat":[1369,9969,10085,10007,10086,10035,9826,1239,10102,1260,1467,10022,1489],"product_tag":[9409,9408,9410,9411,8178,9412,9407],"class_list":{"0":"post-20482","1":"product","2":"type-product","3":"status-publish","4":"has-post-thumbnail","6":"product_brand-rush-poppers","7":"product_cat-3-5-silny-poppers","8":"product_cat-h95d-qjdc-510e-g4w2","9":"product_cat-jemne-a-snadne-poppers","10":"product_cat-nakupujte-podle-komunity","11":"product_cat-nakupujte-podle-prilezitosti","12":"product_cat-nakupujte-podle-zazitku","13":"product_cat-pgq5-q88v-w00q-erxd","14":"product_cat-poppers-funline-cs","15":"product_cat-poppers-na-party-klub","16":"product_cat-poppers-pwd-cs","17":"product_cat-propyl-nitrite-poppers-cs","18":"product_cat-pup-play-poppers","19":"product_cat-velky-poppers","20":"product_tag-poppers-rush-original-cs","21":"product_tag-poppers-rush-velke","22":"product_tag-poppers-rush-xl-cs","23":"product_tag-rush-originalni-poppers","24":"product_tag-rush-poppers-24ml-cs","25":"product_tag-rush-poppers-25ml-cs","26":"product_tag-velka-lahvicka-rush-poppers","28":"first","29":"instock","30":"taxable","31":"shipping-taxable","32":"purchasable","33":"product-type-variable","34":"has-default-attributes"},"_links":{"self":[{"href":"https:\/\/huskybearpoppers.eu\/cs\/wp-json\/wp\/v2\/product\/20482","targetHints":{"allow":["GET"]}}],"collection":[{"href":"https:\/\/huskybearpoppers.eu\/cs\/wp-json\/wp\/v2\/product"}],"about":[{"href":"https:\/\/huskybearpoppers.eu\/cs\/wp-json\/wp\/v2\/types\/product"}],"replies":[{"embeddable":true,"href":"https:\/\/huskybearpoppers.eu\/cs\/wp-json\/wp\/v2\/comments?post=20482"}],"version-history":[{"count":0,"href":"https:\/\/huskybearpoppers.eu\/cs\/wp-json\/wp\/v2\/product\/20482\/revisions"}],"wp:featuredmedia":[{"embeddable":true,"href":"https:\/\/huskybearpoppers.eu\/cs\/wp-json\/wp\/v2\/media\/20483"}],"wp:attachment":[{"href":"https:\/\/huskybearpoppers.eu\/cs\/wp-json\/wp\/v2\/media?parent=20482"}],"wp:term":[{"taxonomy":"product_brand","embeddable":true,"href":"https:\/\/huskybearpoppers.eu\/cs\/wp-json\/wp\/v2\/product_brand?post=20482"},{"taxonomy":"product_cat","embeddable":true,"href":"https:\/\/huskybearpoppers.eu\/cs\/wp-json\/wp\/v2\/product_cat?post=20482"},{"taxonomy":"product_tag","embeddable":true,"href":"https:\/\/huskybearpoppers.eu\/cs\/wp-json\/wp\/v2\/product_tag?post=20482"}],"curies":[{"name":"wp","href":"https:\/\/api.w.org\/{rel}","templated":true}]}}