{"id":20432,"date":"2025-09-23T12:17:35","date_gmt":"2025-09-23T10:17:35","guid":{"rendered":"https:\/\/huskybearpoppers.eu\/product\/durex-naturals-pure-lubrikant-na-vodni-bazi-100ml\/"},"modified":"2025-09-23T12:17:35","modified_gmt":"2025-09-23T10:17:35","slug":"durex-naturals-pure-lubrikant-na-vodni-bazi-100ml","status":"publish","type":"product","link":"https:\/\/huskybearpoppers.eu\/cs\/produkt\/durex-naturals-pure-lubrikant-na-vodni-bazi-100ml\/","title":{"rendered":"Durex Naturals Pure Lubrikant na Vodn\u00ed B\u00e1zi &#8211; 100ml"},"content":{"rendered":"<h2>Pro\u010d si vybrat Durex Naturals Pure Lubrikant?<\/h2>\n<p>Intimita m\u016f\u017ee b\u00fdt dokonal\u00e1 pouze tehdy, kdy\u017e se v n\u00ed c\u00edt\u00edme uvoln\u011bn\u011b. Durex Naturals Pure Lubrikant 100 ml v\u00e1m pom\u016f\u017ee u\u017e\u00edvat si bez nep\u0159\u00edjemn\u00fdch pocit\u016f \u2013 s hladk\u00fdm skluzem, v\u011bt\u0161\u00ed uvoln\u011bnost\u00ed a pocitem p\u0159irozen\u00e9 bl\u00edzkosti. <\/p>\n<h2>V\u00fdhody, kter\u00e9 poc\u00edt\u00edte<\/h2>\n<ul>\n<li>P\u0159irozen\u00e9 a p\u0159\u00edjemn\u00e9 klouz\u00e1n\u00ed \u2013 v\u00edce pohodl\u00ed b\u011bhem ka\u017ed\u00e9ho intimn\u00edho okam\u017eiku.<\/li>\n<li>\u017d\u00e1dn\u00e9 p\u0159eru\u0161ov\u00e1n\u00ed \u2013 v\u00edce \u010dasu na v\u00e1\u0161e\u0148 a hru, m\u00e9n\u011b nep\u0159\u00edjemn\u00fdch pocit\u016f.<\/li>\n<li>Uvoln\u011bn\u00e1 intimita \u2013 v\u00edce sebev\u011bdom\u00ed a d\u016fv\u011bry mezi partnery.<\/li>\n<li>Univerz\u00e1ln\u00ed pou\u017eit\u00ed \u2013 bezpe\u010dn\u00fd pro vagin\u00e1ln\u00ed, an\u00e1ln\u00ed i or\u00e1ln\u00ed intimitu.<\/li>\n<li>Kompatibiln\u00ed se v\u0161emi kondomy a hra\u010dkami \u2013 \u017e\u00e1dn\u00e1 omezen\u00ed, v\u00edce svobody.<\/li>\n<li>V\u011bt\u0161\u00ed balen\u00ed (100 ml) \u2013 praktick\u00e9 a ekonomick\u00e9 pro pravideln\u00e9 pou\u017e\u00edv\u00e1n\u00ed.<\/li>\n<\/ul>\n<h2>Jak lubrikant zlep\u0161uje v\u00e1\u0161 z\u00e1\u017eitek?<\/h2>\n<p>S n\u011bkolika kapkami lubrikantu se t\u0159en\u00ed prom\u011bn\u00ed v hladk\u00e9 a p\u0159irozen\u00e9 klouz\u00e1n\u00ed. To znamen\u00e1 v\u00edce uvoln\u011bn\u00ed, v\u00edce \u010dasu na v\u00e1\u0161e\u0148 a v\u00edce p\u0159\u00edle\u017eitost\u00ed k prozkoum\u00e1v\u00e1n\u00ed \u2013 bez obav, \u017ee by v\u00e1s nep\u0159\u00edjemn\u00fd pocit mohl vyru\u0161it. <\/p>\n<h2>Pro koho je vhodn\u00fd?<\/h2>\n<ul>\n<li>Pro p\u00e1ry, kter\u00e9 cht\u011bj\u00ed v\u00edce uvoln\u011bnou a dlouhotrvaj\u00edc\u00ed intimitu.<\/li>\n<li>Pro ty, kte\u0159\u00ed \u010dasto pou\u017e\u00edvaj\u00ed kondomy nebo hra\u010dky.<\/li>\n<li>Pro jednotlivce, kte\u0159\u00ed cht\u011bj\u00ed v\u00edce pohodl\u00ed a sebev\u011bdom\u00ed v sexualit\u011b.<\/li>\n<\/ul>\n<h2>Durex lubrikant pro p\u0159irozen\u00e9 intimn\u00ed uvoln\u011bn\u00ed<\/h2>\n<p>Durex Naturals Pure Lubrikant 100 ml zaji\u0161\u0165uje, \u017ee intimita se stane p\u0159\u00edjemn\u011bj\u0161\u00ed, jemn\u011bj\u0161\u00ed a v\u00e1\u0161niv\u011bj\u0161\u00ed. Je navr\u017een pro ka\u017ed\u00e9ho, kdo tou\u017e\u00ed po v\u011bt\u0161\u00edm pohodl\u00ed a p\u0159irozen\u00e9m pocitu v okam\u017eic\u00edch bl\u00edzkosti. <\/p>\n<h3>Speci\u00e1ln\u00ed v\u00fdhody:<\/h3>\n<ul>\n<li>Pom\u00e1h\u00e1 p\u0159i vagin\u00e1ln\u00ed suchu: P\u0159irozen\u011b hydratuje a zklid\u0148uje<\/li>\n<li>Sni\u017euje intimn\u00ed nepohodl\u00ed: Jemn\u00e9 slo\u017een\u00ed pro citliv\u00e9 oblasti<\/li>\n<li>Nezanech\u00e1v\u00e1 skvrny: Snadno se sm\u00fdv\u00e1 vodou<\/li>\n<li>Dermatologicky testov\u00e1no: Bezpe\u010dn\u00e9 pro denn\u00ed pou\u017eit\u00ed<\/li>\n<\/ul>\n<p>Upozorn\u011bn\u00ed: Nen\u00ed antikoncep\u010dn\u00ed prost\u0159edek a neobsahuje spermicidy. Zabra\u0148te kontaktu s o\u010dima, popraskanou poko\u017ekou nebo ranami. Pokud dojde k podr\u00e1\u017ed\u011bn\u00ed, p\u0159esta\u0148te pou\u017e\u00edvat. V p\u0159\u00edpad\u011b p\u0159etrv\u00e1vaj\u00edc\u00ed vagin\u00e1ln\u00ed sucha se pora\u010fte s l\u00e9ka\u0159em.   <\/p>\n","protected":false},"excerpt":{"rendered":"<p>Durex Naturals Pure lubrikant na vodn\u00ed b\u00e1zi 100 ml poskytuje hladk\u00e9 a p\u0159irozen\u00e9 klouz\u00e1n\u00ed pro v\u00edce uvoln\u011bn\u00e9 a p\u0159\u00edjemn\u00e9 intimn\u00ed chv\u00edle.<\/p>\n<p>Vhodn\u00fd pro vagin\u00e1ln\u00ed, an\u00e1ln\u00ed i or\u00e1ln\u00ed pou\u017eit\u00ed, bezpe\u010dn\u00fd s kondomy a hra\u010dkami, bez parfemace a barviv.<\/p>\n<p>Rychl\u00e9 a diskr\u00e9tn\u00ed balen\u00ed.<\/p>\n","protected":false},"featured_media":18924,"comment_status":"open","ping_status":"closed","template":"","meta":[],"product_brand":[],"product_cat":[9878,8584],"product_tag":[9212,4866,9213,9211,5257,5259,9210,9209,7084,9214,9215,5271],"class_list":{"0":"post-20432","1":"product","2":"type-product","3":"status-publish","4":"has-post-thumbnail","6":"product_cat-lubrikacni-gely","7":"product_cat-lubrikant-kondomy-a-dalsi","8":"product_tag-durex-lubrikant-cs","9":"product_tag-intimni-gel","10":"product_tag-intimni-hydratacni-gel","11":"product_tag-lubrikant-bezpecny-s-kondomy","12":"product_tag-lubrikant-na-vodni-bazi","13":"product_tag-osobni-lubrikant","14":"product_tag-prirozeny-lubrikant","15":"product_tag-produkty-pro-intimitu-paru","16":"product_tag-produkty-pro-sexualni-pohodu","17":"product_tag-sex-cs","18":"product_tag-sexualni-lubrikant","19":"product_tag-uleva-od-vaginalni-suchosti","21":"first","22":"instock","23":"taxable","24":"shipping-taxable","25":"purchasable","26":"product-type-simple"},"_links":{"self":[{"href":"https:\/\/huskybearpoppers.eu\/cs\/wp-json\/wp\/v2\/product\/20432","targetHints":{"allow":["GET"]}}],"collection":[{"href":"https:\/\/huskybearpoppers.eu\/cs\/wp-json\/wp\/v2\/product"}],"about":[{"href":"https:\/\/huskybearpoppers.eu\/cs\/wp-json\/wp\/v2\/types\/product"}],"replies":[{"embeddable":true,"href":"https:\/\/huskybearpoppers.eu\/cs\/wp-json\/wp\/v2\/comments?post=20432"}],"version-history":[{"count":0,"href":"https:\/\/huskybearpoppers.eu\/cs\/wp-json\/wp\/v2\/product\/20432\/revisions"}],"wp:featuredmedia":[{"embeddable":true,"href":"https:\/\/huskybearpoppers.eu\/cs\/wp-json\/wp\/v2\/media\/18924"}],"wp:attachment":[{"href":"https:\/\/huskybearpoppers.eu\/cs\/wp-json\/wp\/v2\/media?parent=20432"}],"wp:term":[{"taxonomy":"product_brand","embeddable":true,"href":"https:\/\/huskybearpoppers.eu\/cs\/wp-json\/wp\/v2\/product_brand?post=20432"},{"taxonomy":"product_cat","embeddable":true,"href":"https:\/\/huskybearpoppers.eu\/cs\/wp-json\/wp\/v2\/product_cat?post=20432"},{"taxonomy":"product_tag","embeddable":true,"href":"https:\/\/huskybearpoppers.eu\/cs\/wp-json\/wp\/v2\/product_tag?post=20432"}],"curies":[{"name":"wp","href":"https:\/\/api.w.org\/{rel}","templated":true}]}}