{"id":20377,"date":"2025-09-23T12:17:36","date_gmt":"2025-09-23T10:17:36","guid":{"rendered":"https:\/\/huskybearpoppers.eu\/product\/durex-vibe-ring-pro-extra-poteseni-pro-muze-a-zeny\/"},"modified":"2025-09-23T12:17:36","modified_gmt":"2025-09-23T10:17:36","slug":"durex-vibe-ring-pro-extra-poteseni-pro-muze-a-zeny","status":"publish","type":"product","link":"https:\/\/huskybearpoppers.eu\/cs\/produkt\/durex-vibe-ring-pro-extra-poteseni-pro-muze-a-zeny\/","title":{"rendered":"Durex Vibe Ring pro Extra Pot\u011b\u0161en\u00ed pro Mu\u017ee a \u017deny"},"content":{"rendered":"<h2 class=\"text-lg font-bold text-text-100 mt-1 -mb-1.5\">Za\u017eijte vylep\u0161enou intimitu s Durex Vibe Ring<\/h2>\n<p class=\"whitespace-normal break-words\">Durex Vibe Ring je inovativn\u00ed vibra\u010dn\u00ed krou\u017eek pro p\u00e1ry navr\u017een\u00fd k dosa\u017een\u00ed vz\u00e1jemn\u00e9 spokojenosti a zv\u00fd\u0161en\u00e9ho pot\u011b\u0161en\u00ed b\u011bhem intimn\u00edch chvil. Tato pr\u00e9miov\u00e1 pom\u016fcka pro dosp\u011bl\u00e9 kombinuje pokro\u010dilou vibra\u010dn\u00ed technologii s u\u017eivatelsky p\u0159\u00edv\u011btiv\u00fdm designem a vytv\u00e1\u0159\u00ed nezapomenuteln\u00e9 z\u00e1\u017eitky pro oba partnery. <\/p>\n<h3 class=\"text-lg font-bold text-text-100 mt-1 -mb-1.5\">Kl\u00ed\u010dov\u00e9 vlastnosti a v\u00fdhody<\/h3>\n<ul>\n<li class=\"whitespace-normal break-words\"><strong>Prodlou\u017een\u00e1 doba pot\u011b\u0161en\u00ed <\/strong>&#8211; Poskytuje a\u017e 20 minut nep\u0159etr\u017eit\u00fdch pulzuj\u00edc\u00edch vibrac\u00ed s p\u0159ilo\u017een\u00fdmi nevym\u011bniteln\u00fdmi bateriemi. M\u00e1 snadn\u00fd vyp\u00edna\u010d pro pohodln\u00e9 ovl\u00e1d\u00e1n\u00ed b\u011bhem intimity. <\/li>\n<li class=\"whitespace-normal break-words\"><strong>Vylep\u0161en\u00fd v\u00fdkon pro n\u011bj<\/strong> &#8211; Pru\u017en\u00fd krou\u017eek pom\u00e1h\u00e1 udr\u017eet pevn\u011bj\u0161\u00ed a d\u00e9le trvaj\u00edc\u00ed erekci podporou pr\u016ftoku krve, co\u017e umo\u017e\u0148uje prodlou\u017een\u00e9 intimn\u00ed chvilky a zlep\u0161enou v\u00fddr\u017e.<\/li>\n<li class=\"whitespace-normal break-words\"><strong>Zintenzivn\u011bn\u00e9 pocity pro ni <\/strong>&#8211; Maximalizuje stimulaci klitorisu se siln\u00fdmi pulzuj\u00edc\u00edmi pocity dokonale um\u00edst\u011bn\u00fdmi pro kontakt s partnerem b\u011bhem r\u016fzn\u00fdch intimn\u00edch poloh.<\/li>\n<li class=\"whitespace-normal break-words\"><strong>Pr\u00e9miov\u00fd materi\u00e1l a pohodl\u00ed<\/strong> &#8211; Vyroben z m\u011bkk\u00e9ho, pru\u017en\u00e9ho materi\u00e1lu, kter\u00fd poskytuje pohodln\u00e9 p\u0159ilnut\u00ed pro v\u011bt\u0161inu mu\u017e\u016f. Hladk\u00e1 textura zaji\u0161\u0165uje pohodln\u00e9 no\u0161en\u00ed po celou dobu prodlou\u017een\u00fdch setk\u00e1n\u00ed. <\/li>\n<li class=\"whitespace-normal break-words\"><strong>Vodot\u011bsn\u00fd a \u0161eptem tich\u00fd <\/strong>&#8211; Pln\u011b vodot\u011bsn\u00fd design umo\u017e\u0148uje u\u017e\u00edv\u00e1n\u00ed ve van\u011b a ve spr\u0161e, zat\u00edmco \u0161eptem tich\u00e9 fungov\u00e1n\u00ed zaji\u0161\u0165uje diskr\u00e9tnost a nep\u0159eru\u0161ovan\u00e9 pot\u011b\u0161en\u00ed.<\/li>\n<li class=\"whitespace-normal break-words\"><strong>V\u0161estrann\u00e1 kompatibilita<\/strong> &#8211; M\u016f\u017ee b\u00fdt pou\u017eit s kondomy nebo bez nich a je kompatibiln\u00ed s lubrikanty na vodn\u00ed b\u00e1zi a gely pro pot\u011b\u0161en\u00ed pro zv\u00fd\u0161en\u00e9 pohodl\u00ed a r\u016fznorod\u00e9 pocity.<\/li>\n<\/ul>\n<h2 class=\"text-lg font-bold text-text-100 mt-1 -mb-1.5\">Jak pou\u017e\u00edvat v\u00e1\u0161 Durex Vibe Ring<\/h2>\n<p><a href=\"https:\/\/huskybearpoppers.eu\/wp-content\/uploads\/2025\/09\/Durex-Vibe-Ring-V5-scaled.png\"><img loading=\"lazy\" decoding=\"async\" class=\"alignnone wp-image-19336\" src=\"https:\/\/huskybearpoppers.eu\/wp-content\/uploads\/2025\/09\/Durex-Vibe-Ring-V5-300x93.png\" alt=\"\" width=\"881\" height=\"273\" srcset=\"https:\/\/huskybearpoppers.eu\/wp-content\/uploads\/2025\/09\/Durex-Vibe-Ring-V5-300x93.png 300w, https:\/\/huskybearpoppers.eu\/wp-content\/uploads\/2025\/09\/Durex-Vibe-Ring-V5-1024x319.png 1024w, https:\/\/huskybearpoppers.eu\/wp-content\/uploads\/2025\/09\/Durex-Vibe-Ring-V5-768x239.png 768w, https:\/\/huskybearpoppers.eu\/wp-content\/uploads\/2025\/09\/Durex-Vibe-Ring-V5-1536x478.png 1536w, https:\/\/huskybearpoppers.eu\/wp-content\/uploads\/2025\/09\/Durex-Vibe-Ring-V5-2048x637.png 2048w, https:\/\/huskybearpoppers.eu\/wp-content\/uploads\/2025\/09\/Durex-Vibe-Ring-V5-1000x311.png 1000w\" sizes=\"auto, (max-width: 881px) 100vw, 881px\" \/><\/a><\/p>\n<ol class=\"[&amp;:not(:last-child)_ul]:pb-1 [&amp;:not(:last-child)_ol]:pb-1 list-decimal space-y-1.5 pl-7\">\n<li class=\"whitespace-normal break-words\"><strong>P\u0159\u00edprava <\/strong>&#8211; Pokud pou\u017e\u00edv\u00e1te kondom, nasa\u010fte si ho nejprve p\u0159ed aplikac\u00ed krou\u017eku<\/li>\n<li class=\"whitespace-normal break-words\"><strong>Um\u00edst\u011bn\u00ed <\/strong>&#8211; Nasu\u0148te krou\u017eek na z\u00e1kladnu vzty\u010den\u00e9ho penisu a um\u00edst\u011bte ho pro kontakt s klitorisem<\/li>\n<li class=\"whitespace-normal break-words\"><strong>Aktivace <\/strong>&#8211; Stiskn\u011bte tla\u010d\u00edtko nap\u00e1jen\u00ed pro spu\u0161t\u011bn\u00ed vibrac\u00ed<\/li>\n<li class=\"whitespace-normal break-words\"><strong>U\u017e\u00edv\u00e1n\u00ed &#8211;<\/strong> Za\u017eijte a\u017e 20 minut vylep\u0161en\u00e9ho pot\u011b\u0161en\u00ed pro oba partnery<\/li>\n<li class=\"whitespace-normal break-words\"><strong>P\u00e9\u010de <\/strong>&#8211; Krou\u017eek lze um\u00fdt a opakovan\u011b pou\u017e\u00edt, dokud se nevybije baterie<\/li>\n<\/ol>\n<h3 class=\"text-lg font-bold text-text-100 mt-1 -mb-1.5\">D\u016fle\u017eit\u00e9 bezpe\u010dnostn\u00ed informace<\/h3>\n<ul class=\"[&amp;:not(:last-child)_ul]:pb-1 [&amp;:not(:last-child)_ol]:pb-1 list-disc space-y-1.5 pl-7\">\n<li class=\"whitespace-normal break-words\">Pouze pro dosp\u011bl\u00e9 &#8211; uchov\u00e1vejte mimo dosah d\u011bt\u00ed<\/li>\n<li class=\"whitespace-normal break-words\">Bezpe\u010dn\u00fd pro a\u017e 20 minut nep\u0159etr\u017eit\u00e9ho pou\u017e\u00edv\u00e1n\u00ed<\/li>\n<li class=\"whitespace-normal break-words\">Nen\u00ed antikoncep\u010dn\u00ed prost\u0159edek, ale m\u016f\u017ee b\u00fdt pou\u017eit s kondomy<\/li>\n<li class=\"whitespace-normal break-words\">Baterie jsou nevym\u011bniteln\u00e9 a nelze je dob\u00edjet<\/li>\n<li class=\"whitespace-normal break-words\">Skladujte na chladn\u00e9m, such\u00e9m m\u00edst\u011b mimo p\u0159\u00edm\u00e9 slune\u010dn\u00ed z\u00e1\u0159en\u00ed<\/li>\n<\/ul>\n<h3 class=\"text-lg font-bold text-text-100 mt-1 -mb-1.5\">Specifikace produktu<\/h3>\n<ul class=\"[&amp;:not(:last-child)_ul]:pb-1 [&amp;:not(:last-child)_ol]:pb-1 list-disc space-y-1.5 pl-7\">\n<li class=\"whitespace-normal break-words\"><strong>Doba vibrace:<\/strong> A\u017e 20 minut nep\u0159etr\u017eit\u00e9ho provozu<\/li>\n<li class=\"whitespace-normal break-words\"><strong>Materi\u00e1l:<\/strong> M\u011bkk\u00fd, pru\u017en\u00fd, bezpe\u010dn\u00fd materi\u00e1l pro t\u011blo<\/li>\n<li class=\"whitespace-normal break-words\"><strong>Design:<\/strong> Rozta\u017eiteln\u00fd pro pohodln\u00e9 no\u0161en\u00ed<\/li>\n<li class=\"whitespace-normal break-words\"><strong>Zdroj nap\u00e1jen\u00ed: <\/strong>P\u0159ilo\u017een\u00e9 nevym\u011bniteln\u00e9 baterie<\/li>\n<li class=\"whitespace-normal break-words\"><strong>Funkce: <\/strong>Ovl\u00e1d\u00e1n\u00ed vyp\u00edna\u010dem<\/li>\n<li class=\"whitespace-normal break-words\"><strong>Odolnost v\u016f\u010di vod\u011b:<\/strong> Pln\u011b vodot\u011bsn\u00fd<\/li>\n<li class=\"whitespace-normal break-words\"><strong>\u00darove\u0148 hluku:<\/strong> \u0160eptem tich\u00fd provoz<\/li>\n<li class=\"whitespace-normal break-words\">Kompatibilita: Funguje s kondomy a lubrikanty na vodn\u00ed b\u00e1zi<\/li>\n<li class=\"whitespace-normal break-words\"><strong>Op\u011btovn\u00e1 pou\u017eitelnost:<\/strong> Lze nosit a\u017e \u0161estkr\u00e1t p\u0159ed vybit\u00edm baterie<\/li>\n<\/ul>\n<h2 class=\"text-lg font-bold text-text-100 mt-1 -mb-1.5\">Pro\u010d si vybrat Durex Vibe Ring?<\/h2>\n<p class=\"whitespace-normal break-words\">Durex Vibe Ring p\u0159edstavuje dokonalou rovnov\u00e1hu pot\u011b\u0161en\u00ed, pohodl\u00ed a diskr\u00e9tnosti. Jeho hladk\u00e1 textura a pohodln\u00e9 uchopen\u00ed jej \u010din\u00ed ide\u00e1ln\u00edm pro intimn\u00ed kontakt a experimentov\u00e1n\u00ed s r\u016fzn\u00fdmi \u00fahly stimulace. A\u0165 u\u017e chcete vylep\u0161it p\u0159edehru, prodlou\u017eit intimn\u00ed chvilky nebo jednodu\u0161e p\u0159idat nov\u00e9 dimenze do va\u0161eho vztahu, tento vibra\u010dn\u00ed krou\u017eek poskytuje spolehliv\u00fd v\u00fdkon p\u0159i ka\u017ed\u00e9m pou\u017eit\u00ed.  <\/p>\n<p class=\"whitespace-normal break-words\">Za\u017eijte rozd\u00edl, kter\u00fd d\u011bl\u00e1 kvalitn\u00ed zpracov\u00e1n\u00ed &#8211; vyberte si Durex Vibe Ring pro vylep\u0161enou intimitu a nezapomenuteln\u00e9 okam\u017eiky s va\u0161\u00edm partnerem.<\/p>\n","protected":false},"excerpt":{"rendered":"<p>Durex Vibe Ring je pr\u00e9miov\u00fd vibra\u010dn\u00ed krou\u017eek pro p\u00e1ry navr\u017een\u00fd ke <strong>zv\u00fd\u0161en\u00ed pot\u011b\u0161en\u00ed pro oba partnery.<\/strong><\/p>\n<p><strong>S a\u017e 20 minutami pulzuj\u00edc\u00edch vibrac\u00ed tento vodot\u011bsn\u00fd a \u0161eptem tich\u00fd krou\u017eek pom\u00e1h\u00e1 udr\u017eet pevn\u011bj\u0161\u00ed erekci a z\u00e1rove\u0148 poskytuje stimulaci klitorisu.<\/strong><\/p>\n<p>Vyroben z m\u011bkk\u00e9ho, pru\u017en\u00e9ho materi\u00e1lu pro pohodln\u00e9 p\u0159ilnut\u00ed.<\/p>\n","protected":false},"featured_media":19321,"comment_status":"open","ping_status":"closed","template":"","meta":[],"product_brand":[],"product_cat":[8591,8584],"product_tag":[9010,9005,8936,8392,9008,9009,9012,8942,8935,9011,9006,9007],"class_list":{"0":"post-20377","1":"product","2":"type-product","3":"status-publish","4":"has-post-thumbnail","6":"product_cat-krouzek-na-penis","7":"product_cat-lubrikant-kondomy-a-dalsi","8":"product_tag-doplnky-do-loznice","9":"product_tag-durex-vibe-ring-cs","10":"product_tag-klitoralni-stimulator","11":"product_tag-krouzek-na-penis","12":"product_tag-krouzek-pro-poteseni-paru","13":"product_tag-pomucky-pro-intimitu-dospelych","14":"product_tag-sexualni-pomucky-pro-dospele","15":"product_tag-sexualni-wellness","16":"product_tag-vibracni-krouzek-pro-pary-cs","17":"product_tag-vibrator-cs","18":"product_tag-vodotesny-vibrator","19":"product_tag-vylepseni-erekce","21":"first","22":"instock","23":"taxable","24":"shipping-taxable","25":"purchasable","26":"product-type-simple"},"_links":{"self":[{"href":"https:\/\/huskybearpoppers.eu\/cs\/wp-json\/wp\/v2\/product\/20377","targetHints":{"allow":["GET"]}}],"collection":[{"href":"https:\/\/huskybearpoppers.eu\/cs\/wp-json\/wp\/v2\/product"}],"about":[{"href":"https:\/\/huskybearpoppers.eu\/cs\/wp-json\/wp\/v2\/types\/product"}],"replies":[{"embeddable":true,"href":"https:\/\/huskybearpoppers.eu\/cs\/wp-json\/wp\/v2\/comments?post=20377"}],"version-history":[{"count":0,"href":"https:\/\/huskybearpoppers.eu\/cs\/wp-json\/wp\/v2\/product\/20377\/revisions"}],"wp:featuredmedia":[{"embeddable":true,"href":"https:\/\/huskybearpoppers.eu\/cs\/wp-json\/wp\/v2\/media\/19321"}],"wp:attachment":[{"href":"https:\/\/huskybearpoppers.eu\/cs\/wp-json\/wp\/v2\/media?parent=20377"}],"wp:term":[{"taxonomy":"product_brand","embeddable":true,"href":"https:\/\/huskybearpoppers.eu\/cs\/wp-json\/wp\/v2\/product_brand?post=20377"},{"taxonomy":"product_cat","embeddable":true,"href":"https:\/\/huskybearpoppers.eu\/cs\/wp-json\/wp\/v2\/product_cat?post=20377"},{"taxonomy":"product_tag","embeddable":true,"href":"https:\/\/huskybearpoppers.eu\/cs\/wp-json\/wp\/v2\/product_tag?post=20377"}],"curies":[{"name":"wp","href":"https:\/\/api.w.org\/{rel}","templated":true}]}}