{"id":19886,"date":"2023-05-31T18:47:53","date_gmt":"2023-05-31T16:47:53","guid":{"rendered":"https:\/\/huskybearpoppers.eu\/product\/super-rush-plus-poppers-25ml\/"},"modified":"2026-03-30T12:07:54","modified_gmt":"2026-03-30T10:07:54","slug":"super-rush-plus-poppers-25ml","status":"publish","type":"product","link":"https:\/\/huskybearpoppers.eu\/cs\/produkt\/super-rush-plus-poppers-25ml\/","title":{"rendered":"Super Rush Plus Poppers 25ml"},"content":{"rendered":"<h2>P\u0159edstavujeme Super Rush Plus Poppers 25ml: V\u00e1\u0161 zesilova\u010d dobrodru\u017estv\u00ed<\/h2>\n<p>Vstupte do sv\u011bta, kde je ka\u017ed\u00fd okam\u017eik zintenzivn\u011bn s Super Rush Plus Poppers 25ml. Vytvo\u0159eno pro odv\u00e1\u017en\u00e9 a dobrodru\u017en\u00e9, tento poppers nen\u00ed pouze pokojov\u00e1 v\u016fn\u011b, ale br\u00e1na k vzru\u0161uj\u00edc\u00edm z\u00e1\u017eitk\u016fm. <\/p>\n<h2>Revolu\u010dn\u011b zm\u011b\u0148te sv\u00e9 noci s Super Rush Plus<\/h2>\n<p>Super Rush Plus vynik\u00e1 sv\u00fdm slo\u017een\u00edm propyl nitritu, kter\u00fd poskytuje nesrovnatelnou intenzitu ide\u00e1ln\u00ed pro ty, kte\u0159\u00ed hledaj\u00ed v\u00edc ne\u017e jen v\u0161edn\u00ed. Inovativn\u00ed uz\u00e1v\u011br Megapellet je navr\u017een tak, aby zachoval sv\u011b\u017eest a s\u00edlu aromatu, \u010d\u00edm\u017e zaji\u0161\u0165uje, \u017ee ka\u017ed\u00fd z\u00e1\u017eitek je stejn\u011b siln\u00fd jako ten prvn\u00ed. A\u0165 u\u017e je to na ve\u010d\u00edrek, speci\u00e1ln\u00ed p\u0159\u00edle\u017eitost nebo rutinn\u00ed vylep\u0161en\u00ed, Super Rush Plus je v\u00e1\u0161 spojenec v dosahov\u00e1n\u00ed vrcholn\u00e9ho pot\u011b\u0161en\u00ed.  <\/p>\n<h2>P\u0159ijm\u011bte s\u00edlu propyl nitritu<\/h2>\n<p>Siln\u00e1 formule Super Rush Plus Poppers 25ml je speci\u00e1ln\u011b p\u0159izp\u016fsobena pro ty, kte\u0159\u00ed vy\u017eaduj\u00ed v\u00fdkonn\u00fd \u00fa\u010dinek od sv\u00fdch volno\u010dasov\u00fdch aktivit. Jeho okam\u017eit\u00e9, robustn\u00ed efekty z n\u011bj d\u011blaj\u00ed obl\u00edben\u00fd prost\u0159edek pro vylep\u0161en\u00ed atmosf\u00e9ry jak\u00e9hokoli setk\u00e1n\u00ed nebo samostatn\u00e9ho podniku. P\u0159ipraveni se pustit do noci s d\u016fv\u011brou, Super Rush Plus zaji\u0161\u0165uje, \u017ee va\u0161e z\u00e1\u017eitky jsou hluboce uspokojiv\u00e9 a dlouhotrvaj\u00edc\u00ed.  <\/p>\n<h2>Nakupujte nyn\u00ed: Super Rush Plus Poppers pro nezapomenuteln\u00e9 okam\u017eiky<\/h2>\n<p>D\u011blejte v\u00edc ne\u017e jen participujte &#8211; ovl\u00e1dn\u011bte sv\u00e9 smyslov\u00e9 z\u00e1\u017eitky s Super Rush Plus Poppers. K dispozici nyn\u00ed, tato 25ml l\u00e1hev je vybavena k tomu, aby zvl\u00e1dla va\u0161e nejn\u00e1ro\u010dn\u011bj\u0161\u00ed p\u0159\u00edle\u017eitosti s lehkost\u00ed. Zajist\u011bte si svou l\u00e1hev je\u0161t\u011b dnes a p\u0159ipojte se k \u0159ad\u00e1m t\u011bch, kte\u0159\u00ed d\u00e1vaj\u00ed p\u0159ednost sv\u00fdm dobrodru\u017estv\u00edm napln\u011bn\u00fdm nesrovnatelnou silou a stylem. Povy\u0161te sv\u016fj voln\u00fd \u010das na s\u00e9rii nezapomenuteln\u00fdch okam\u017eik\u016f s Super Rush Plus, nejvy\u0161\u0161\u00edm zesilova\u010dem pro ty, kte\u0159\u00ed \u017eij\u00ed \u017eivot naplno.   <\/p>\n<p><strong>Pokyny k pou\u017eit\u00ed Rush Poppers:<\/strong><\/p>\n<ol>\n<li><strong>Prot\u0159epat<\/strong>\n<p>Jemn\u011b prot\u0159epejte lahvi\u010dku, abyste prom\u00edchali obsah.<\/li>\n<li><strong>Odstra\u0148te Uz\u00e1v\u011br<\/strong>\n<p>Opatrn\u011b od\u0161roubujte nebo sundejte uz\u00e1v\u011br.<\/li>\n<li><strong>Aplikace<\/strong>\n<p>Otev\u0159ete lahvi\u010dku a pou\u017eijte ji pro va\u0161e \u010distic\u00ed nebo \u00fadr\u017ebov\u00e9 \u00fa\u010dely.<\/li>\n<\/ol>\n<p><strong>Bezpe\u010dnostn\u00ed pokyny<\/strong><\/p>\n<ul>\n<li><strong>\u00da\u010del<\/strong>\n<p>Navr\u017eeno v\u00fdhradn\u011b pro p\u00e9\u010di o k\u016f\u017ei.<\/li>\n<li><strong>Rady pro Skladov\u00e1n\u00ed<\/strong>\n<p>Skladujte na chladn\u00e9m, such\u00e9m m\u00edst\u011b, mimo dosah slune\u010dn\u00edho z\u00e1\u0159en\u00ed.<\/li>\n<li><strong>Bezpe\u010dnostn\u00ed Opat\u0159en\u00ed<\/strong>\n<ul>\n<li>Uchov\u00e1vejte mimo dosah d\u011bt\u00ed a zv\u00ed\u0159at.<\/li>\n<li>Nepolykejte a zabra\u0148te kontaktu s k\u016f\u017e\u00ed.<\/li>\n<li>Pou\u017e\u00edvejte v dob\u0159e v\u011btran\u00e9m prost\u0159ed\u00ed.<\/li>\n<\/ul>\n<\/li>\n<li><strong>Odpov\u011bdn\u00e9 Pou\u017eit\u00ed<\/strong>\n<p>V\u017edy dodr\u017eujte pokyny na lahvi\u010dce a pou\u017e\u00edvejte produkt odpov\u011bdn\u011b.<\/li>\n<\/ul>\n<p>Nad\u0161enci Super Rush Plus Poppers 25ml by m\u011bli prozkoumat <strong><br \/>\n  <a href=\"https:\/\/huskybearpoppers.eu\/product\/the-real-amsterdam-poppers-25ml\/\">The Real Amsterdam Poppers 25ml<\/a><br \/>\n<\/strong> a <strong><br \/>\n  <a href=\"https:\/\/huskybearpoppers.eu\/cs\/produkt\/ultra-strong-rush-30ml-poppers\/\">Ultra Strong Rush 30ml Poppers.<\/a><br \/>\n<\/strong><\/p>\n","protected":false},"excerpt":{"rendered":"<p>Objevte zv\u00fd\u0161enou intenzitu Super Rush Plus Poppers 25ml, va\u0161eho nov\u00e9ho favorita pro robustn\u00ed z\u00e1\u017eitek. Hodnoceno 4\/5 &#8211; Extra siln\u00e1 intenzita, tento \u010disti\u010d na k\u016f\u017ei na b\u00e1zi propyl nitritu je navr\u017een k zes\u00edlen\u00ed va\u0161ich \u017eiv\u00fdch ve\u010der\u016f. S inovativn\u00edm uz\u00e1v\u011brem Megapellet, Super Rush Plus zaji\u0161\u0165uje, \u017ee ka\u017ed\u00e9 pou\u017eit\u00ed je stejn\u011b \u00fa\u010dinn\u00e9 jako to posledn\u00ed.<\/p>\n<p>Ide\u00e1ln\u00ed pro ty vzru\u0161uj\u00edc\u00ed \u010distic\u00ed noci, kde posta\u010d\u00ed pouze nej\u00fa\u010dinn\u011bj\u0161\u00ed \u0159e\u0161en\u00ed, tento poppers v\u00e1s zve k pro\u017eit\u00ed konzistentn\u011b siln\u00e9ho a vytrval\u00e9ho pocitu. P\u0159ipravte se na prom\u011bnu va\u0161\u00ed \u010distic\u00ed rutiny v mimo\u0159\u00e1dn\u00e1 dobrodru\u017estv\u00ed s Super Rush Plus Poppers. <\/p>\n","protected":false},"featured_media":19887,"comment_status":"open","ping_status":"closed","template":"","meta":[],"product_brand":[9779],"product_cat":[1380,9826,1260,1467,1489],"product_tag":[8155,8156,8157],"class_list":{"0":"post-19886","1":"product","2":"type-product","3":"status-publish","4":"has-post-thumbnail","6":"product_brand-rush-poppers","7":"product_cat-4-5-velmi-silny-poppers","8":"product_cat-pgq5-q88v-w00q-erxd","9":"product_cat-poppers-pwd-cs","10":"product_cat-propyl-nitrite-poppers-cs","11":"product_cat-velky-poppers","12":"product_tag-poppers-super-rush-plus-cs","13":"product_tag-super-rush-plus-poppers-cs","14":"product_tag-super-rush-plus-poppers-25-ml-cs","16":"first","17":"outofstock","18":"taxable","19":"shipping-taxable","20":"purchasable","21":"product-type-simple"},"_links":{"self":[{"href":"https:\/\/huskybearpoppers.eu\/cs\/wp-json\/wp\/v2\/product\/19886","targetHints":{"allow":["GET"]}}],"collection":[{"href":"https:\/\/huskybearpoppers.eu\/cs\/wp-json\/wp\/v2\/product"}],"about":[{"href":"https:\/\/huskybearpoppers.eu\/cs\/wp-json\/wp\/v2\/types\/product"}],"replies":[{"embeddable":true,"href":"https:\/\/huskybearpoppers.eu\/cs\/wp-json\/wp\/v2\/comments?post=19886"}],"version-history":[{"count":0,"href":"https:\/\/huskybearpoppers.eu\/cs\/wp-json\/wp\/v2\/product\/19886\/revisions"}],"wp:featuredmedia":[{"embeddable":true,"href":"https:\/\/huskybearpoppers.eu\/cs\/wp-json\/wp\/v2\/media\/19887"}],"wp:attachment":[{"href":"https:\/\/huskybearpoppers.eu\/cs\/wp-json\/wp\/v2\/media?parent=19886"}],"wp:term":[{"taxonomy":"product_brand","embeddable":true,"href":"https:\/\/huskybearpoppers.eu\/cs\/wp-json\/wp\/v2\/product_brand?post=19886"},{"taxonomy":"product_cat","embeddable":true,"href":"https:\/\/huskybearpoppers.eu\/cs\/wp-json\/wp\/v2\/product_cat?post=19886"},{"taxonomy":"product_tag","embeddable":true,"href":"https:\/\/huskybearpoppers.eu\/cs\/wp-json\/wp\/v2\/product_tag?post=19886"}],"curies":[{"name":"wp","href":"https:\/\/api.w.org\/{rel}","templated":true}]}}