{"id":19654,"date":"2024-05-31T18:47:44","date_gmt":"2024-05-31T16:47:44","guid":{"rendered":"https:\/\/huskybearpoppers.eu\/product\/the-real-amsterdam-extra-silne-poppers-10ml\/"},"modified":"2025-12-02T10:21:20","modified_gmt":"2025-12-02T08:21:20","slug":"the-real-amsterdam-extra-silne-poppers-10ml","status":"publish","type":"product","link":"https:\/\/huskybearpoppers.eu\/cs\/produkt\/the-real-amsterdam-extra-silne-poppers-10ml\/","title":{"rendered":"The Real Amsterdam Extra Siln\u00e9 Poppers 10ml"},"content":{"rendered":"<h2>Odhalte S\u00edlu The Real Amsterdam Extra Siln\u00e9 Poppers<\/h2>\n<p>Vstupte do mocn\u00e9ho sv\u011bta The Real Amsterdam Extra Siln\u00e9 Poppers 10ml. Vyroben\u00e9 tak, aby poskytovaly autentick\u00fd amsterdamsk\u00fd z\u00e1\u017eitek, tento poppers obsahuje mimo\u0159\u00e1dn\u011b silnou formuli na b\u00e1zi pentylu. Navzdory sv\u00e9 kompaktn\u00ed velikosti m\u00e1 mohutn\u00fd \u00fa\u010dinek a nab\u00edz\u00ed rychle p\u016fsob\u00edc\u00ed a dlouhotrvaj\u00edc\u00ed efekty, kter\u00e9 jsou ide\u00e1ln\u00ed pro zlep\u0161en\u00ed volno\u010dasov\u00fdch aktivit a no\u010dn\u00edho \u017eivota.  <\/p>\n<h2>Dokonal\u00e1 P\u0159enosnost v Kapesn\u00edm Balen\u00ed<\/h2>\n<p>The Real Amsterdam Extra Siln\u00e9 Poppers jsou navr\u017eeny s ohledem na v\u00e1\u0161 dobrodru\u017en\u00fd \u017eivotn\u00ed styl. Lahvi\u010dka o objemu 10ml je diskr\u00e9tn\u00ed a ide\u00e1ln\u00ed pro pou\u017eit\u00ed na cest\u00e1ch, co\u017e zaji\u0161\u0165uje, \u017ee si s sebou m\u016f\u017eete vz\u00edt vzru\u0161uj\u00edc\u00ed n\u00e1val Amsterdamu kamkoli v\u00e1s cesta zavede. Bezpe\u010dn\u00fd uz\u00e1v\u011br zabra\u0148uje jak\u00e9mukoli \u00faniku nebo rozlit\u00ed, co\u017e z n\u00ed \u010din\u00ed spolehliv\u00e9 p\u0159\u00edslu\u0161enstv\u00ed pro jak\u00e9koli prost\u0159ed\u00ed.  <\/p>\n<h2>Za\u017eijte Nezapomenuteln\u00e9<\/h2>\n<p>Se svou v\u00fdjime\u010dnou silou a kvalitou se mal\u00e1 lahvi\u010dka The Real Amsterdam Extra Siln\u00e9 Poppers vy\u010dn\u00edv\u00e1 z davu. Tento \u010disti\u010d na k\u016f\u017ei nejen pozved\u00e1v\u00e1 va\u0161i \u010distic\u00ed rutinu, ale tak\u00e9 prom\u011b\u0148uje b\u011b\u017en\u00e9 z\u00e1\u017eitky na nezapomenuteln\u00e9 ud\u00e1losti. Jeho siln\u00e1 formule zaru\u010duje, \u017ee ka\u017ed\u00e1 aplikace je stejn\u011b \u00fa\u010dinn\u00e1 jako ta prvn\u00ed, a d\u016fsledn\u011b poskytuje vysokou \u00farove\u0148 uspokojen\u00ed.  <\/p>\n<h2>Pro\u010d Si Vybrat The Real Amsterdam Extra Siln\u00e9 Poppers?<\/h2>\n<p>V\u00fdb\u011br The Real Amsterdam Extra Siln\u00e9 Poppers znamen\u00e1 volbu produktu proslul\u00e9ho svou silou a spolehlivost\u00ed. Ide\u00e1ln\u00ed pro ty, kte\u0159\u00ed oce\u0148uj\u00ed siln\u00fd, dlouhotrvaj\u00edc\u00ed efekt ze sv\u00fdch poppers, tato mal\u00e1 lahvi\u010dka slibuje nezapomenuteln\u00fd a autentick\u00fd amsterdamsk\u00fd z\u00e1\u017eitek kdykoli a kdekoli. <\/p>\n<h2>Z\u00edskejte The Real Amsterdam Extra Siln\u00e9 Poppers Je\u0161t\u011b Dnes<\/h2>\n<p>Jste p\u0159ipraveni za\u017e\u00edt vrchol s\u00edly a p\u0159enosnosti? Zakupte si The Real Amsterdam Extra Siln\u00e9 Poppers 10ml nyn\u00ed a p\u0159idejte do sv\u00e9 sb\u00edrky kousek slavn\u00e9 amsterdamsk\u00e9 energie. Nakupujte u n\u00e1s je\u0161t\u011b dnes a objevte, pro\u010d je tento produkt nutnost\u00ed pro nad\u0161ence hledaj\u00edc\u00ed jak prakti\u010dnost, tak siln\u00e9 efekty.  <\/p>\n<p><strong>Pokyny k Pou\u017eit\u00ed Amsterdam Poppers:<\/strong><\/p>\n<ol>\n<li><strong>Prot\u0159epat<\/strong>\n<p>Jemn\u011b prot\u0159epejte lahvi\u010dku, abyste prom\u00edchali obsah.<\/li>\n<li><strong>Odstra\u0148te Uz\u00e1v\u011br<\/strong>\n<p>Opatrn\u011b od\u0161roubujte nebo sundejte uz\u00e1v\u011br.<\/li>\n<li><strong>Aplikace<\/strong>\n<p>Otev\u0159ete lahvi\u010dku a pou\u017eijte ji pro va\u0161e \u010distic\u00ed nebo \u00fadr\u017ebov\u00e9 \u00fa\u010dely.<\/li>\n<\/ol>\n<p><strong>Bezpe\u010dnostn\u00ed pokyny<\/strong><\/p>\n<ul>\n<li><strong>\u00da\u010del<\/strong>\n<p>Navr\u017eeno v\u00fdhradn\u011b pro p\u00e9\u010di o k\u016f\u017ei.<\/li>\n<li><strong>Rady pro Skladov\u00e1n\u00ed<\/strong>\n<p>Skladujte na chladn\u00e9m, such\u00e9m m\u00edst\u011b, mimo dosah slune\u010dn\u00edho z\u00e1\u0159en\u00ed.<\/li>\n<li><strong>Bezpe\u010dnostn\u00ed Opat\u0159en\u00ed<\/strong>\n<ul>\n<li>Uchov\u00e1vejte mimo dosah d\u011bt\u00ed a zv\u00ed\u0159at.<\/li>\n<li>Nepolykejte a zabra\u0148te kontaktu s k\u016f\u017e\u00ed.<\/li>\n<li>Pou\u017e\u00edvejte v dob\u0159e v\u011btran\u00e9m prost\u0159ed\u00ed.<\/li>\n<\/ul>\n<\/li>\n<li><strong>Odpov\u011bdn\u00e9 Pou\u017eit\u00ed<\/strong>\n<p>V\u017edy dodr\u017eujte pokyny na lahvi\u010dce a pou\u017e\u00edvejte produkt odpov\u011bdn\u011b.<\/li>\n<\/ul>\n<p>Pokud jsou The Real Amsterdam Extra Siln\u00e9 Poppers 10ml va\u0161\u00edm obl\u00edben\u00fdm produktem, <a href=\"https:\/\/huskybearpoppers.eu\/cs\/produkt\/original-poppers-10ml\/\"><br \/>\n  <strong>Original Poppers 10ml<\/strong><br \/>\n<\/a> a <strong><br \/>\n  <a href=\"https:\/\/huskybearpoppers.eu\/cs\/produkt\/original-pentyl-poppers-10ml\/\">Original Pentyl Poppers 10ml<\/a><br \/>\n<\/strong> nab\u00edzej\u00ed skv\u011bl\u00e9 pokra\u010dov\u00e1n\u00ed z\u00e1\u017eitku.<\/p>\n","protected":false},"excerpt":{"rendered":"<p>P\u0159ijm\u011bte s\u00edlu The Real Amsterdam Extra Siln\u00e9 Poppers 10ml, pr\u00e9miov\u00e9ho \u010disti\u010de na k\u016f\u017ei s robustn\u00ed formul\u00ed Pentyl hodnocenou 5\/5 &#8211; mimo\u0159\u00e1dn\u011b siln\u00fd d\u00edky sv\u00e9 s\u00edle. Tato kompaktn\u00ed lahvi\u010dka je ide\u00e1ln\u00ed pro ty na cest\u00e1ch a poskytuje siln\u00e9 \u010di\u0161t\u011bn\u00ed a trval\u00e9 efekty, kter\u00e9 zlep\u0161\u00ed jak\u00e9koli dobrodru\u017estv\u00ed nebo p\u0159\u00edle\u017eitost. <\/p>\n","protected":false},"featured_media":19655,"comment_status":"open","ping_status":"closed","template":"","meta":[],"product_brand":[],"product_cat":[1391,10008,10084,10227,1500,1358,10007,10086,10035,1456,1249,1402,1478,10103,8575,10089,1228],"product_tag":[7679,7680,7681],"class_list":{"0":"post-19654","1":"product","2":"type-product","3":"status-publish","4":"has-post-thumbnail","6":"product_cat-5-5-mimoradne-silny-poppers","7":"product_cat-bear-brotherhood-poppers","8":"product_cat-dlouhotrvajici-a-stabilni-poppers","9":"product_cat-es-951-169-0","10":"product_cat-male-poppers","11":"product_cat-meritko-sily-poppers","12":"product_cat-nakupujte-podle-komunity","13":"product_cat-nakupujte-podle-prilezitosti","14":"product_cat-nakupujte-podle-zazitku","15":"product_cat-pentyl-nitrit-poppers","16":"product_cat-poppers-lockerroom-cs","17":"product_cat-poppers-podle-formule","18":"product_cat-poppers-podle-velikosti","19":"product_cat-poppers-pro-zacatecniky","20":"product_cat-poppers-shop-cs","21":"product_cat-poppers-na-vecer-ve-dvou","22":"product_cat-vyrobci-poppers","23":"product_tag-the-real-amsterdam-10ml-cs","24":"product_tag-the-real-amsterdam-mala-lahvicka","25":"product_tag-the-real-amsterdam-mala-lahvicka-10ml","27":"first","28":"instock","29":"taxable","30":"shipping-taxable","31":"purchasable","32":"product-type-simple"},"_links":{"self":[{"href":"https:\/\/huskybearpoppers.eu\/cs\/wp-json\/wp\/v2\/product\/19654","targetHints":{"allow":["GET"]}}],"collection":[{"href":"https:\/\/huskybearpoppers.eu\/cs\/wp-json\/wp\/v2\/product"}],"about":[{"href":"https:\/\/huskybearpoppers.eu\/cs\/wp-json\/wp\/v2\/types\/product"}],"replies":[{"embeddable":true,"href":"https:\/\/huskybearpoppers.eu\/cs\/wp-json\/wp\/v2\/comments?post=19654"}],"version-history":[{"count":0,"href":"https:\/\/huskybearpoppers.eu\/cs\/wp-json\/wp\/v2\/product\/19654\/revisions"}],"wp:featuredmedia":[{"embeddable":true,"href":"https:\/\/huskybearpoppers.eu\/cs\/wp-json\/wp\/v2\/media\/19655"}],"wp:attachment":[{"href":"https:\/\/huskybearpoppers.eu\/cs\/wp-json\/wp\/v2\/media?parent=19654"}],"wp:term":[{"taxonomy":"product_brand","embeddable":true,"href":"https:\/\/huskybearpoppers.eu\/cs\/wp-json\/wp\/v2\/product_brand?post=19654"},{"taxonomy":"product_cat","embeddable":true,"href":"https:\/\/huskybearpoppers.eu\/cs\/wp-json\/wp\/v2\/product_cat?post=19654"},{"taxonomy":"product_tag","embeddable":true,"href":"https:\/\/huskybearpoppers.eu\/cs\/wp-json\/wp\/v2\/product_tag?post=19654"}],"curies":[{"name":"wp","href":"https:\/\/api.w.org\/{rel}","templated":true}]}}