{"id":18674,"date":"2025-04-30T22:41:29","date_gmt":"2025-04-30T20:41:29","guid":{"rendered":"https:\/\/huskybearpoppers.eu\/product\/slave-poppers-25ml\/"},"modified":"2025-12-02T10:22:10","modified_gmt":"2025-12-02T08:22:10","slug":"slave-poppers-25ml","status":"publish","type":"product","link":"https:\/\/huskybearpoppers.eu\/cs\/produkt\/slave-poppers-25ml\/","title":{"rendered":"Slave Poppers 25ml"},"content":{"rendered":"<h2>Pro ty, kdo poslouchaj\u00ed temn\u00e9 touhy, je Slave Poppers 25ml odpov\u011bd\u00ed<\/h2>\n<p><strong>Slave Poppers 25ml<\/strong> nen\u00ed jen \u010disti\u010d k\u016f\u017ee. Je to ritu\u00e1l pod\u0159\u00edzen\u00ed. Produkt vytvo\u0159en\u00fd pro ty, kdo slou\u017e\u00ed, kle\u010d\u00ed, poslouchaj\u00ed a tou\u017e\u00ed po trestu, kter\u00fd m\u016f\u017ee p\u0159in\u00e9st jen skute\u010dn\u00e1 kapitulace! <strong>Vyrobeno ve Francii<\/strong> a poh\u00e1n\u011bno \u010dist\u00fdm <strong>pentyl-nitritem<\/strong>, tento siln\u00fd 25ml \u010disti\u010d k\u016f\u017ee od<strong> Funline<\/strong> p\u0159esn\u011b v\u00ed, jak\u00e9 \u0161pinav\u00e9 fantazie skr\u00fdv\u00e1\u0161\u2014a je tu, aby je obna\u017eil.  <\/p>\n<h3>Kdy\u017e jedna lahvi\u010dka nen\u00ed jen \u010di\u0161t\u011bn\u00ed\u2026 Je to p\u0159edehra!<\/h3>\n<p>Bere\u0161 sv\u016fj opot\u0159ebovan\u00fd ko\u017een\u00fd \u0159emen. Ten, po kter\u00e9m sah\u00e1\u0161 v\u017edy. Nas\u00e1kl\u00fd minul\u00fdmi p\u0159izn\u00e1n\u00edmi, poznamenan\u00fd h\u0159\u00edchy minul\u00e9ho t\u00fddne. M\u00e1\u0161 svou lahvi\u010dku Slave Poppers a za\u010d\u00edn\u00e1\u0161 sly\u0161et hlas, kter\u00fd \u0161ept\u00e1: <em>\u201eNa kolena.\u201c<\/em>   <\/p>\n<p>Ka\u017ed\u00e1 kapka je kontrola. Ka\u017ed\u00e9 p\u0159et\u0159en\u00ed tv\u00e9 hra\u010dky je p\u0159ipom\u00ednkou: jsi tu, abys slou\u017eil. Drhne\u0161 pomalu, nech\u00e1v\u00e1\u0161 \u010disti\u010d vs\u00e1knout do k\u016f\u017ee jako trest. \u0160imr\u00e1 to. Tv\u016fj tep se zrychluje. Nejen \u010dist\u00ed\u0161. P\u0159ipravuje\u0161 se na dal\u0161\u00ed sezen\u00ed. A dnes ve\u010der to chce\u0161 drsn\u011b. Drsn\u00e9 \u010di\u0161t\u011bn\u00ed!        <\/p>\n<h3>Toto nen\u00ed svat\u00fd ritu\u00e1l, toto je \u0161pinav\u00e9 \u010di\u0161t\u011bn\u00ed<\/h3>\n<p>Pokud si mysl\u00ed\u0161, \u017ee jsi za hranic\u00ed z\u00e1chrany, pokud jsi promo\u010den\u00fd hanbou, pak t\u011b Slave Poppers mo\u017en\u00e1 nezachr\u00e1n\u00ed. Ale zajist\u00ed, \u017ee tv\u00e1 ko\u017een\u00e1 hra\u010dka bude p\u0159ipravena zvl\u00e1dnout v\u0161echno. <\/p>\n<p>P\u0159edstav si to: Ty, spoutan\u00fd. K\u016f\u017ee leskl\u00e1, \u010derstv\u011b vy\u010di\u0161t\u011bn\u00e1, zakusuj\u00edc\u00ed se do tv\u00e9 k\u016f\u017ee p\u0159i ka\u017ed\u00e9m pohybu. Tv\u016fj partner za tebou, lahvi\u010dku v ruce, d\u00e1vaj\u00edc\u00ed tv\u00e9mu obojku posledn\u00ed ot\u0159en\u00ed, ne\u017e ti jej ut\u00e1hne kolem krku.   <strong>Takto se \u010dist\u00ed k\u016f\u017ee, kdy\u017e je sou\u010d\u00e1st\u00ed tv\u00e9 identity.<\/strong><\/p>\n<p>A kdy\u017e si mysl\u00ed\u0161, \u017ee je konec \u2013 kdy\u017e tv\u00e1 hra\u010dka jisk\u0159\u00ed a dech je t\u011b\u017ek\u00fd. \u0158\u00edk\u00e1\u0161 jim, aby si lehli, ruce za z\u00e1dy. \u010cist\u00fd, p\u0159ipraven\u00fd, potrestan\u00fd. P\u0159ipraven\u00fd.   <\/p>\n<h3>Otrok povst\u00e1v\u00e1 a\u017e po pod\u0159\u00edzen\u00ed<\/h3>\n<p><strong>Slave Poppers 25ml <\/strong>je tu, aby \u010distil, ano. Ale tak\u00e9, aby ti p\u0159ipomn\u011bl: ty jsi hra\u010dka, ne majitel. Je to tich\u00fd sir\u00e9n\u00ed zp\u011bv pro ka\u017ed\u00e9ho submisivn\u00edho. Jakmile jsou tv\u00e9 hra\u010dky vyv\u011btran\u00e9 a lesknouc\u00ed se, nejsou jen p\u0159ipraven\u00e9 k pou\u017eit\u00ed. Jsou p\u0159ipraven\u00e9 k uct\u00edv\u00e1n\u00ed.    <\/p>\n<h3>Hlavn\u00ed body Slave Poppers:<\/h3>\n<ul>\n<li>25ml pr\u00e9miov\u00e9ho \u010disti\u010de k\u016f\u017ee na <strong>b\u00e1zi pentyl-nitritu<\/strong><\/li>\n<li>Vyrobeno ve Francii, navr\u017eeno <strong>Funline<\/strong><\/li>\n<li>Formulov\u00e1no pro hlubok\u00e9, intenzivn\u00ed \u010di\u0161t\u011bn\u00ed k\u016f\u017ee<\/li>\n<li>Perfektn\u00ed pro BDSM a feti\u0161 hra\u010dky<\/li>\n<li>Pouze pro \u010di\u0161t\u011bn\u00ed \u2013 v\u017edy vyv\u011btrej p\u0159ed kontaktem<\/li>\n<\/ul>\n<h3>Nech pod\u0159\u00edzen\u00ed za\u010d\u00edt se Slave Poppers!<\/h3>\n<p>Slave Poppers nen\u00ed jen n\u00e1zev. Je to role, n\u00e1lada, rozkaz. <\/p>\n<p>\u010cisti svou hra\u010dku se z\u00e1m\u011brem. Pak ji pou\u017eij, jak si tv\u00e9 touhy \u017e\u00e1daj\u00ed. <strong> Pro je\u0161t\u011b bo\u017e\u0161t\u011bj\u0161\u00ed trest prozkoumej <\/strong><\/p>\n<ul>\n<li><strong><a href=\"https:\/\/huskybearpoppers.eu\/cs\/produkt\/poppers-holy-water-24ml\/\" target=\"_blank\" rel=\"noopener\">Poppers Holy Water 24ml <\/a>\u2013 kdy\u017e je t\u0159eba h\u0159\u00edch drhnout s trochou v\u011bt\u0161\u00ed milosti!<\/strong><\/li>\n<\/ul>\n","protected":false},"excerpt":{"rendered":"<p><strong>Slave Poppers 25ml<\/strong> je siln\u00fd, vysoce <strong>intenzivn\u00ed 4\/5<\/strong> \u010disti\u010d k\u016f\u017ee vyroben\u00fd ve Francii firmou <strong>Funline<\/strong>, vytvo\u0159en\u00fd s vysoce \u010dist\u00fdm <strong>pentyl-nitritem<\/strong> pro hlubok\u00e9 a \u00fa\u010dinn\u00e9 \u010di\u0161t\u011bn\u00ed BDSM a feti\u0161 hra\u010dek. Perfektn\u00ed pro osv\u011b\u017een\u00ed tv\u00fdch ko\u017een\u00fdch hra\u010dek p\u0159ed dal\u0161\u00edm intenzivn\u00edm sezen\u00edm. Tento <strong>25ml<\/strong> \u010disti\u010d je tv\u016fj ritu\u00e1l p\u0159ed odevzd\u00e1n\u00edm. Vy\u010disti, vyv\u011btrej a poslouchej. Jedna lahvi\u010dka na jednoho otroka bez v\u00fdmluv.    <\/p>\n","protected":false},"featured_media":18675,"comment_status":"open","ping_status":"closed","template":"","meta":[],"product_brand":[],"product_cat":[1380,10008,10104,10042,10015,1456,1239,10119,1489],"product_tag":[7378,7387,7379,5327,7382,7375,7381,5594,7386,4756,7383,7389,7385,7380,7388,7384,7377,2735,7376,5724],"class_list":{"0":"post-18674","1":"product","2":"type-product","3":"status-publish","4":"has-post-thumbnail","6":"product_cat-4-5-velmi-silny-poppers","7":"product_cat-bear-brotherhood-poppers","8":"product_cat-edge-and-hypno-poppers","9":"product_cat-hluboke-a-silne-poppers","10":"product_cat-leather-pride-poppers","11":"product_cat-pentyl-nitrit-poppers","12":"product_cat-poppers-funline-cs","13":"product_cat-qndc-qapf-5107-awq7","14":"product_cat-velky-poppers","15":"product_tag-cistic-bdsm-kuze","16":"product_tag-cistic-erotickych-hracek","17":"product_tag-cistic-fetis-vybaveni","18":"product_tag-cistic-kozenych-hracek","19":"product_tag-cistic-kuze-25ml","20":"product_tag-cistic-pentyl-nitritu","21":"product_tag-cistic-pro-otroky","22":"product_tag-cistic-sexualnich-hracek","23":"product_tag-cistic-submisivniho-vybaveni","24":"product_tag-funline-poppers-cs","25":"product_tag-hluboke-cisteni-kuze","26":"product_tag-intenzivni-priprava-kuze","27":"product_tag-pece-o-bdsm-doplnky","28":"product_tag-pece-o-bdsm-hracky","29":"product_tag-poppers-francie","30":"product_tag-poppers-kozeny-ritual","31":"product_tag-poppers-slave-25ml-cs","32":"product_tag-silny-cistic-poppers","33":"product_tag-slave-poppers-cs","34":"product_tag-udrzba-kozenych-hracek","36":"first","37":"instock","38":"taxable","39":"shipping-taxable","40":"purchasable","41":"product-type-simple"},"_links":{"self":[{"href":"https:\/\/huskybearpoppers.eu\/cs\/wp-json\/wp\/v2\/product\/18674","targetHints":{"allow":["GET"]}}],"collection":[{"href":"https:\/\/huskybearpoppers.eu\/cs\/wp-json\/wp\/v2\/product"}],"about":[{"href":"https:\/\/huskybearpoppers.eu\/cs\/wp-json\/wp\/v2\/types\/product"}],"replies":[{"embeddable":true,"href":"https:\/\/huskybearpoppers.eu\/cs\/wp-json\/wp\/v2\/comments?post=18674"}],"version-history":[{"count":0,"href":"https:\/\/huskybearpoppers.eu\/cs\/wp-json\/wp\/v2\/product\/18674\/revisions"}],"wp:featuredmedia":[{"embeddable":true,"href":"https:\/\/huskybearpoppers.eu\/cs\/wp-json\/wp\/v2\/media\/18675"}],"wp:attachment":[{"href":"https:\/\/huskybearpoppers.eu\/cs\/wp-json\/wp\/v2\/media?parent=18674"}],"wp:term":[{"taxonomy":"product_brand","embeddable":true,"href":"https:\/\/huskybearpoppers.eu\/cs\/wp-json\/wp\/v2\/product_brand?post=18674"},{"taxonomy":"product_cat","embeddable":true,"href":"https:\/\/huskybearpoppers.eu\/cs\/wp-json\/wp\/v2\/product_cat?post=18674"},{"taxonomy":"product_tag","embeddable":true,"href":"https:\/\/huskybearpoppers.eu\/cs\/wp-json\/wp\/v2\/product_tag?post=18674"}],"curies":[{"name":"wp","href":"https:\/\/api.w.org\/{rel}","templated":true}]}}