{"id":18563,"date":"2024-03-21T19:01:02","date_gmt":"2024-03-21T17:01:02","guid":{"rendered":"https:\/\/huskybearpoppers.eu\/product\/pamitex-bananove-kondomy-s-prichuti-baleni-144-kusu\/"},"modified":"2025-09-08T13:12:35","modified_gmt":"2025-09-08T11:12:35","slug":"pamitex-bananove-kondomy-s-prichuti-baleni-144-kusu","status":"publish","type":"product","link":"https:\/\/huskybearpoppers.eu\/cs\/produkt\/pamitex-bananove-kondomy-s-prichuti-baleni-144-kusu\/","title":{"rendered":"Pamitex ban\u00e1nov\u00e9 kondomy s p\u0159\u00edchut\u00ed &#8211; balen\u00ed 144 kus\u016f"},"content":{"rendered":"<h2>Pamitex ban\u00e1nov\u00e9 kondomy s p\u0159\u00edchut\u00ed &#8211; balen\u00ed 144 kus\u016f<\/h2>\n<p>Nenechte si uj\u00edt n\u00e1\u0161 nej\u017e\u00e1dan\u011bj\u0161\u00ed produkt Pamitex ban\u00e1nov\u00e9 kondomy s p\u0159\u00edchut\u00ed, navr\u017een\u00e9 tak, aby dodaly ovocnou chu\u0165 va\u0161im intimn\u00edm chv\u00edl\u00edm. Toto balen\u00ed 144 kondom\u016f zaji\u0161\u0165uje, \u017ee budete p\u0159ipraveni na nespo\u010det p\u0159\u00edjemn\u00fdch setk\u00e1n\u00ed, zat\u00edmco si u\u017e\u00edv\u00e1te exotickou esenci ban\u00e1nu. <\/p>\n<h3>Pro\u010d si vybrat Pamitex ban\u00e1nov\u00e9 kondomy s p\u0159\u00edchut\u00ed?<\/h3>\n<p>Kdy\u017e jde o intimitu, bezpe\u010dnost a pot\u011b\u0161en\u00ed jdou ruku v ruce. Pamitex ban\u00e1nov\u00e9 kondomy s p\u0159\u00edchut\u00ed nab\u00edzej\u00ed oboj\u00ed: <\/p>\n<ul>\n<li><strong>Dod\u00e1v\u00e1 chu\u0165 va\u0161emu pot\u011b\u0161en\u00ed: <\/strong>Ban\u00e1nov\u00e1 p\u0159\u00edchu\u0165 p\u0159id\u00e1v\u00e1 z\u00e1bavn\u00fd a chutn\u00fd prvek do va\u0161ich intimn\u00edch chvil.<\/li>\n<li><strong>Spolehliv\u00e1 ochrana<\/strong>: Vyroben\u00e9 z vysoce kvalitn\u00edho p\u0159\u00edrodn\u00edho latexu, tyto kondomy poskytuj\u00ed \u00fa\u010dinnou ochranu proti sexu\u00e1ln\u011b p\u0159enosn\u00fdm infekc\u00edm (STI) a necht\u011bn\u00e9mu t\u011bhotenstv\u00ed.<\/li>\n<li><strong>Pohodln\u00e9 sednut\u00ed: <\/strong>Se st\u0159edn\u00ed velikost\u00ed, d\u00e9lkou 200 mm a \u0161\u00ed\u0159kou 53 mm jsou navr\u017eeny tak, aby pohodln\u011b sed\u011bly a umo\u017e\u0148ovaly p\u0159irozen\u00fd pohyb.<\/li>\n<li><strong>Dlouh\u00e1 trvanlivost: <\/strong>S <strong>trvanlivost\u00ed a\u017e 4 roky si m\u016f\u017eete<\/strong> b\u00fdt jisti jejich odolnost\u00ed a p\u0159ipravenost\u00ed kdykoli p\u0159ijde ta spr\u00e1vn\u00e1 chv\u00edle.<\/li>\n<li><strong>Certifikovan\u00e1 kvalita:<\/strong> Tyto kondomy jsou<strong> schv\u00e1leny CE 0120 a FDA<\/strong>, co\u017e zaji\u0161\u0165uje, \u017ee spl\u0148uj\u00ed vysok\u00e9 standardy bezpe\u010dnosti a kvality.<\/li>\n<\/ul>\n<h2><strong data-start=\"116\" data-end=\"152\">Pro\u010d si vybrat na\u0161e balen\u00ed 144 kondom\u016f?<\/strong><\/h2>\n<ul>\n<li data-start=\"527\" data-end=\"554\"><strong data-start=\"527\" data-end=\"552\">Stejn\u00e1 kvalita jako Durex:<\/strong> Z\u00edsk\u00e1te stejn\u011b kvalitn\u00ed kondomy s na\u0161\u00edm produktem, jen za mnohem lep\u0161\u00ed cenu.<\/li>\n<\/ul>\n<ul>\n<li data-start=\"649\" data-end=\"666\"><strong data-start=\"649\" data-end=\"664\">Pohodl\u00ed: <\/strong>Nen\u00ed t\u0159eba kupovat m\u011bs\u00ed\u010dn\u011b \u2013 ro\u010dn\u00ed z\u00e1soba v\u0161e v jednom balen\u00ed!<\/li>\n<\/ul>\n<p class=\"\" data-start=\"731\" data-end=\"780\"><strong data-start=\"731\" data-end=\"780\">U\u0161et\u0159ete pen\u00edze, u\u017e\u00edvejte si kvalitu a nikdy nez\u016fsta\u0148te bez z\u00e1sob!<\/strong><\/p>\n<h3>Diskr\u00e9tn\u00ed a bezpe\u010dn\u00e9 balen\u00ed<\/h3>\n<p>Va\u0161e soukrom\u00ed je na\u0161\u00ed prioritou. Kdy\u017e si objedn\u00e1te Pamitex ban\u00e1nov\u00e9 kondomy s p\u0159\u00edchut\u00ed, doraz\u00ed ve 100% diskr\u00e9tn\u00edm balen\u00ed, tak\u017ee se m\u016f\u017eete p\u0159i sv\u00e9m n\u00e1kupu c\u00edtit sebejist\u011b a bezpe\u010dn\u011b. <\/p>\n<h3>Pozor na pad\u011blky produkt\u016f Pamitex ban\u00e1nov\u00e9 kondomy s p\u0159\u00edchut\u00ed<\/h3>\n<p>Je d\u016fle\u017eit\u00e9 b\u00fdt opatrn\u00fd p\u0159i n\u00e1kupu kondom\u016f, proto\u017ee na trhu jsou pad\u011blan\u00fd produkty. S Pamitex si m\u016f\u017eete b\u00fdt jisti, \u017ee dost\u00e1v\u00e1te skute\u010dn\u00fd produkt, co\u017e zaji\u0161\u0165uje va\u0161i bezpe\u010dnost a spokojenost. <\/p>\n<h3>Neomezen\u00e9 mo\u017enosti s ban\u00e1nov\u00fdmi kondomy s p\u0159\u00edchut\u00ed<\/h3>\n<p>Pokud ban\u00e1n nen\u00ed va\u0161\u00ed preferovanou p\u0159\u00edchut\u00ed nebo chcete n\u011bco zm\u011bnit, zva\u017ete vyzkou\u0161en\u00ed <a href=\"https:\/\/huskybearpoppers.eu\/cs\/produkt\/silhouette-jahody-kondomy-144-kusu\/\">Silhouette jahodov\u00fdch kondom\u016f &#8211; balen\u00ed 144 kus\u016f<\/a>. Tato drz\u00e1 jahodov\u00e1 p\u0159\u00edchu\u0165 v\u017edy chce b\u00fdt hv\u011bzdou show a nab\u00edz\u00ed jin\u00fd, ale stejn\u011b p\u0159\u00edjemn\u00fd z\u00e1\u017eitek. <\/p>\n","protected":false},"excerpt":{"rendered":"<p>Pozvedn\u011bte sv\u00e9 intimn\u00ed chv\u00edle s <strong>Pamitex ban\u00e1nov\u00fdmi kondomy s p\u0159\u00edchut\u00ed.<\/strong><\/p>\n<p><strong>Vyroben\u00e9 z pr\u00e9miov\u00e9ho latexu<\/strong>, tyto hladk\u00e9, pr\u016fhledn\u00e9 kondomy nab\u00edzej\u00ed n\u00e1dhernou <strong>ban\u00e1novou p\u0159\u00edchu\u0165<\/strong>, kter\u00e1 dod\u00e1 hrav\u00fd prvek do va\u0161eho z\u00e1\u017eitku.<\/p>\n<p>Ka\u017ed\u00fd kondom m\u011b\u0159\u00ed <strong>200 mm na d\u00e9lku a 53 mm na \u0161\u00ed\u0159ku<\/strong>, co\u017e zaji\u0161\u0165uje pohodln\u00e9 sednut\u00ed.<\/p>\n<p>S velkorys\u00fdm <strong>balen\u00edm 144 kus\u016f<\/strong> jste v\u017edy p\u0159ipraveni na spont\u00e1nn\u00ed z\u00e1bavu. Nav\u00edc na\u0161e diskr\u00e9tn\u00ed balen\u00ed zaji\u0161\u0165uje va\u0161e soukrom\u00ed. <\/p>\n<p><strong>Vyberte si Pamitex pro sladk\u00fd a uspokojiv\u00fd z\u00e1\u017eitek.<\/strong><\/p>\n","protected":false},"featured_media":18564,"comment_status":"open","ping_status":"closed","template":"","meta":[],"product_brand":[],"product_cat":[9877,8584],"product_tag":[7077,7075,7073,6938,7087,7078,7086,6288,7082,7088,7076,7072,7083,7081,7074,6924,7085,6293,6290,7080,7079,7084,7071],"class_list":{"0":"post-18563","1":"product","2":"type-product","3":"status-publish","4":"has-post-thumbnail","6":"product_cat-kondomy","7":"product_cat-lubrikant-kondomy-a-dalsi","8":"product_tag-bananove-kondomy","9":"product_tag-bananove-kondomy-s-prichuti","10":"product_tag-bezpecne-kondomy","11":"product_tag-ce-certifikovane-kondomy","12":"product_tag-exoticke-kondomy","13":"product_tag-hladke-kondomy","14":"product_tag-kondomove-variabilni-baleni","15":"product_tag-kondomy-baleni-144-kusu","16":"product_tag-kondomy-s-dlouhou-trvanlivosti","17":"product_tag-kondomy-s-realnym-pocitem","18":"product_tag-kondomy-schvalene-fda","19":"product_tag-kondomy-stredni-velikosti","20":"product_tag-kondomy-v-diskretnim-baleni","21":"product_tag-kondomy-ve-velkem","22":"product_tag-kondomy-z-prirodniho-latexu","23":"product_tag-latexove-kondomy","24":"product_tag-ochrana-s-prichuti","25":"product_tag-ochucene-kondomy","26":"product_tag-pamitex-kondomy","27":"product_tag-premiove-kondomy","28":"product_tag-produkty-pro-bezpecny-sex","29":"product_tag-produkty-pro-sexualni-pohodu","30":"product_tag-pruhledne-kondomy","32":"first","33":"instock","34":"taxable","35":"shipping-taxable","36":"purchasable","37":"product-type-simple"},"_links":{"self":[{"href":"https:\/\/huskybearpoppers.eu\/cs\/wp-json\/wp\/v2\/product\/18563","targetHints":{"allow":["GET"]}}],"collection":[{"href":"https:\/\/huskybearpoppers.eu\/cs\/wp-json\/wp\/v2\/product"}],"about":[{"href":"https:\/\/huskybearpoppers.eu\/cs\/wp-json\/wp\/v2\/types\/product"}],"replies":[{"embeddable":true,"href":"https:\/\/huskybearpoppers.eu\/cs\/wp-json\/wp\/v2\/comments?post=18563"}],"version-history":[{"count":0,"href":"https:\/\/huskybearpoppers.eu\/cs\/wp-json\/wp\/v2\/product\/18563\/revisions"}],"wp:featuredmedia":[{"embeddable":true,"href":"https:\/\/huskybearpoppers.eu\/cs\/wp-json\/wp\/v2\/media\/18564"}],"wp:attachment":[{"href":"https:\/\/huskybearpoppers.eu\/cs\/wp-json\/wp\/v2\/media?parent=18563"}],"wp:term":[{"taxonomy":"product_brand","embeddable":true,"href":"https:\/\/huskybearpoppers.eu\/cs\/wp-json\/wp\/v2\/product_brand?post=18563"},{"taxonomy":"product_cat","embeddable":true,"href":"https:\/\/huskybearpoppers.eu\/cs\/wp-json\/wp\/v2\/product_cat?post=18563"},{"taxonomy":"product_tag","embeddable":true,"href":"https:\/\/huskybearpoppers.eu\/cs\/wp-json\/wp\/v2\/product_tag?post=18563"}],"curies":[{"name":"wp","href":"https:\/\/api.w.org\/{rel}","templated":true}]}}