{"id":18555,"date":"2024-03-21T19:01:02","date_gmt":"2024-03-21T17:01:02","guid":{"rendered":"https:\/\/huskybearpoppers.eu\/product\/pamitex-prirozene-kondomy-144-kusu\/"},"modified":"2026-04-29T16:16:01","modified_gmt":"2026-04-29T14:16:01","slug":"pamitex-prirozene-kondomy-144-kusu","status":"publish","type":"product","link":"https:\/\/huskybearpoppers.eu\/cs\/produkt\/pamitex-prirozene-kondomy-144-kusu\/","title":{"rendered":"Pamitex P\u0159irozen\u00e9 Kondomy \u2013 144 kus\u016f"},"content":{"rendered":"<h2>Pamitex P\u0159irozen\u00e9 Kondomy &#8211; 144 kus\u016f: Skute\u010dn\u00fd Pot\u011b\u0161en\u00ed, P\u0159irozen\u011b<\/h2>\n<p>P\u0159irozen\u00e9. Pohodln\u00e9, tak\u017ee se m\u016f\u017ee\u0161 jen uvolnit a naj\u00edt sv\u016fj rytmus. <strong>Pamitex P\u0159irozen\u00e9 Kondomy &#8211; 144 kus\u016f<\/strong> jsou pro lidi, kte\u0159\u00ed cht\u011bj\u00ed skute\u010dn\u00fd sex bez p\u0159\u00eddavk\u016f. \u017d\u00e1dn\u00e9 um\u011bl\u00e9 p\u0159\u00edchut\u011b. \u017d\u00e1dn\u00e9 divn\u00e9 v\u016fn\u011b. \u017d\u00e1dn\u00e9 p\u0159ehnan\u00e9 kecy. Jen <strong>p\u0159irozen\u00e9 kondomy<\/strong>, kter\u00e9 jsou p\u0159\u00edjemn\u00e9, z\u016fst\u00e1vaj\u00ed pevn\u00e9 a dr\u017e\u00ed v\u011bci v bezpe\u010d\u00ed\u2014poka\u017ed\u00e9.     <\/p>\n<p>Vyroben\u00e9 ze <strong>100% p\u0159\u00edrodn\u00edho latexu<\/strong> a <strong>certifikovan\u00e9 CE 0120<\/strong>, tyto kondomy spl\u0148uj\u00ed v\u0161echny po\u017eadavky na pohodl\u00ed, bezpe\u010dnost a jednoduchost. Jsou tich\u00fdm hrdinou tv\u00e9ho ve\u010dera\u2014nebo r\u00e1na, nebo poledn\u00ed pauzy. Cokoliv t\u011b bav\u00ed.  <\/p>\n<p>Ka\u017ed\u00fd kondom je <strong>\u0161irok\u00fd 53 mm<\/strong> a <strong>dlouh\u00fd 200 mm<\/strong>, co\u017e z n\u011bj d\u011bl\u00e1 skv\u011blou st\u0159edn\u00ed velikost. <strong>Hladk\u00e1 textura<\/strong> p\u0159id\u00e1v\u00e1 trochu extra skluzu, d\u00edky \u010demu\u017e se v\u0161echno c\u00edt\u00ed bl\u00ed\u017e, tepleji a v\u00edc re\u00e1ln\u011b. \u017d\u00e1dn\u00fd siln\u00fd z\u00e1pach gumy nebo divn\u00e1 p\u0159\u00edchu\u0165, kter\u00e1 by ti pokazila moment\u2014jen ty, tv\u016fj partner a spousta spojen\u00ed.  <\/p>\n<p>A se <strong>144 kondomy<\/strong> v jedn\u00e9 krabici jsi p\u0159ipraven\u00fd na dlouhou cestu. \u017d\u00e1dn\u00e9 trapn\u00e9 b\u011bhy do l\u00e9k\u00e1rny na posledn\u00ed chv\u00edli. \u017d\u00e1dn\u00e9 \u0161et\u0159en\u00ed. \u017d\u00e1dn\u00e9 p\u0159eru\u0161en\u00ed. Jen popadni, nato\u010d a je\u010f.    <\/p>\n<h3>Co d\u011bl\u00e1 tyto p\u0159irozen\u00e9 kondomy jin\u00e9?<\/h3>\n<ul>\n<li><strong>P\u0159irozen\u00fd pocit<\/strong>: \u017d\u00e1dn\u00e9 p\u0159\u00edsady. Jen pr\u00e9miov\u00fd latex a hladk\u00e1 j\u00edzda. <\/li>\n<li><strong>Bez aroma &amp; bez p\u0159\u00edchuti<\/strong>: Tvoje t\u011blo, tvoje pravidla\u2014\u017e\u00e1dn\u00e9 rozpt\u00fdlen\u00ed.<\/li>\n<li><strong>D\u016fv\u011bryhodn\u00e1 bezpe\u010dnost<\/strong>: Certifikov\u00e1no CE 0120 podle evropsk\u00fdch standard\u016f.<\/li>\n<li><strong>St\u0159edn\u00ed velikost<\/strong>: \u0161\u00ed\u0159ka 53mm a d\u00e9lka 200mm pro pohodln\u00e9 uchopen\u00ed.<\/li>\n<li><strong>Balen\u00ed v bulk<\/strong>: 144 kondom\u016f, proto\u017ee v\u00edc je v\u00edc.<\/li>\n<\/ul>\n<p>Tyto <strong>p\u0159irozen\u00e9 kondomy<\/strong> jsou takov\u00e9, na kter\u00e9 zapomene\u0161, \u017ee je m\u00e1\u0161\u2014co\u017e je p\u0159esn\u011b to, co chce\u0161, ne? Jsou m\u011bkk\u00e9, p\u0159il\u00e9hav\u00e9 a bezpe\u010dn\u00e9, ani\u017e by byly t\u011bsn\u00e9. Latex je dostate\u010dn\u011b pevn\u00fd, aby t\u011b udr\u017eel v bezpe\u010d\u00ed, ale dostate\u010dn\u011b tenk\u00fd, aby to z\u016fstalo \u017ehav\u00e9. Taky se snadno rozbaluj\u00ed (\u017e\u00e1dn\u00e9 trapn\u00e9 \u0161m\u00e1tr\u00e1n\u00ed) a netlesknou jako levn\u00e9.   <\/p>\n<p>Pokud jsi typ, kter\u00fd nesn\u00e1\u0161\u00ed siln\u00e9 pachy nebo syntetick\u00e9 svinstvo, jsi na spr\u00e1vn\u00e9m m\u00edst\u011b. <strong>Pamitex P\u0159irozen\u00e9 Kondomy<\/strong> jdou dovnit\u0159 \u010dist\u00e9 a z\u016fst\u00e1vaj\u00ed \u010dist\u00e9. To znamen\u00e1 v\u00edc \u010dasu soust\u0159edit se na pot\u011b\u0161en\u00ed\u2014a m\u00ed\u0148 \u010dasu \u010d\u00edst slo\u017een\u00ed nebo se strachovat z podr\u00e1\u017ed\u011bn\u00ed. <\/p>\n<h3>Pro\u010d si vybrat balen\u00ed 144 kus\u016f?<\/h3>\n<ul>\n<li>Skv\u011bl\u00e1 hodnota &#8211; u\u0161et\u0159\u00ed\u0161 hodn\u011b n\u00e1kupem ve velk\u00e9m<\/li>\n<li>Z\u016fstane\u0161 vybaven\u00fd pro ka\u017ed\u00fd p\u0159ekvapiv\u00fd moment<\/li>\n<li>Perfektn\u00ed pro p\u00e1ry, prof\u00edky nebo dobrodru\u017en\u00e9 pr\u016fzkumn\u00edky<\/li>\n<\/ul>\n<p>A\u0165 u\u017e jsi v n\u011b\u010dem v\u00e1\u017en\u00e9m nebo jen zkoum\u00e1\u0161, co je venku, toto balen\u00ed pokryje v\u0161echny tvoje pot\u0159eby. Nech si ho v no\u010dn\u00edm stolku, v p\u0159ihr\u00e1dce auta nebo v cestovn\u00ed ta\u0161ce. Nikdy nev\u00ed\u0161, kdy p\u0159\u00edle\u017eitost zaklepe, a te\u010f\u2014bude\u0161 v\u017edycky p\u0159ipraven\u00fd!  <\/p>\n<p><strong>M\u00e1\u0161 r\u00e1d BAN\u00c1NY?<\/strong> Vyzkou\u0161ej <strong><a href=\"https:\/\/huskybearpoppers.eu\/cs\/produkt\/pamitex-bananove-kondomy-s-prichuti-baleni-144-kusu\/\">Pamitex Kondomy s P\u0159\u00edchut\u00ed Ban\u00e1nu &#8211; 144 kus\u016f<\/a><\/strong>, kter\u00e9 p\u0159ich\u00e1zej\u00ed se sladkou ban\u00e1novou p\u0159\u00edchut\u00ed a nab\u00edzej\u00ed stejnou hladkou texturu a latexov\u00fd materi\u00e1l pro pohodl\u00ed a ochranu jako na\u0161e p\u0159irozen\u00e1 \u0159ada. Je to skv\u011bl\u00e1 volba, pokud hled\u00e1\u0161 n\u011bco trochu z\u00e1bavn\u011bj\u0161\u00edho ve sv\u00e9 intimit\u011b! <\/p>\n","protected":false},"excerpt":{"rendered":"<p><strong>Pamitex P\u0159irozen\u00e9 Kondomy &#8211; 144 kus\u016f<\/strong> dod\u00e1vaj\u00ed skute\u010dn\u00e9 pot\u011b\u0161en\u00ed s nulov\u00fdm rozpt\u00fdlen\u00edm. Vyroben\u00e9 z <strong>p\u0159\u00edrodn\u00edho latexu<\/strong>, tyto kondomy jsou <strong>bez aroma<\/strong>, <strong>bez p\u0159\u00edchuti<\/strong> a <strong>certifikovan\u00e9 CE 0120<\/strong>. <strong>Hladk\u00e1 textura<\/strong> sklouz\u00e1v\u00e1 p\u0159irozen\u011b pro pocit bl\u00edzko k poko\u017ece. Ka\u017ed\u00fd kondom m\u011b\u0159\u00ed <strong>200 mm<\/strong> na d\u00e9lku a <strong>53 mm<\/strong> na \u0161\u00ed\u0159ku &#8211; perfektn\u011b st\u0159edn\u00ed. S <strong>balen\u00edm 144 kondom\u016f<\/strong> ti nikdy nedojdou. A\u0165 u\u017e je to divok\u00e1 noc nebo pomal\u00e9 p\u00e1len\u00ed, tohle je tvoje volba pro bezpe\u010dnou, p\u0159irozenou z\u00e1bavu, kter\u00e1 ti nepokaz\u00ed n\u00e1ladu.     <\/p>\n","protected":false},"featured_media":18556,"comment_status":"open","ping_status":"closed","template":"","meta":[],"product_brand":[],"product_cat":[9877,8584],"product_tag":[6928,6938,6289,6931,6934,6288,6926,6925,6942,6933,6927,6935,6929,6932,6937,6941,6924,6936,6939,6940,6923,6922,6930],"class_list":{"0":"post-18555","1":"product","2":"type-product","3":"status-publish","4":"has-post-thumbnail","6":"product_cat-kondomy","7":"product_cat-lubrikant-kondomy-a-dalsi","8":"product_tag-bezpecna-intimita","9":"product_tag-ce-certifikovane-kondomy","10":"product_tag-dlouhotrvajici-kondomy","11":"product_tag-hedvabne-kondomy","12":"product_tag-intimni-ochrana","13":"product_tag-kondomy-baleni-144-kusu","14":"product_tag-kondomy-bez-prichuti","15":"product_tag-kondomy-bez-vune","16":"product_tag-kondomy-pro-klid-mysli","17":"product_tag-kondomy-pro-pary","18":"product_tag-kondomy-s-hladkou-texturou","19":"product_tag-kondomy-s-prirozenym-pocitem-cs","20":"product_tag-kondomy-s-prirozenym-strihem","21":"product_tag-kondomy-ve-velkem-baleni","22":"product_tag-kondomy-znacky-pamitex","23":"product_tag-latexova-ochrana","24":"product_tag-latexove-kondomy","25":"product_tag-nejlepsi-kondomy-pro-bezpecnost","26":"product_tag-nezbytnosti-intimity","27":"product_tag-ochrana-a-poteseni","28":"product_tag-pamitex-prirozene-kondomy","29":"product_tag-pamitex-prirozene-kondomy-144-kusu","30":"product_tag-pohodlne-kondomy","32":"first","33":"instock","34":"sale","35":"taxable","36":"shipping-taxable","37":"purchasable","38":"product-type-simple"},"_links":{"self":[{"href":"https:\/\/huskybearpoppers.eu\/cs\/wp-json\/wp\/v2\/product\/18555","targetHints":{"allow":["GET"]}}],"collection":[{"href":"https:\/\/huskybearpoppers.eu\/cs\/wp-json\/wp\/v2\/product"}],"about":[{"href":"https:\/\/huskybearpoppers.eu\/cs\/wp-json\/wp\/v2\/types\/product"}],"replies":[{"embeddable":true,"href":"https:\/\/huskybearpoppers.eu\/cs\/wp-json\/wp\/v2\/comments?post=18555"}],"version-history":[{"count":0,"href":"https:\/\/huskybearpoppers.eu\/cs\/wp-json\/wp\/v2\/product\/18555\/revisions"}],"wp:featuredmedia":[{"embeddable":true,"href":"https:\/\/huskybearpoppers.eu\/cs\/wp-json\/wp\/v2\/media\/18556"}],"wp:attachment":[{"href":"https:\/\/huskybearpoppers.eu\/cs\/wp-json\/wp\/v2\/media?parent=18555"}],"wp:term":[{"taxonomy":"product_brand","embeddable":true,"href":"https:\/\/huskybearpoppers.eu\/cs\/wp-json\/wp\/v2\/product_brand?post=18555"},{"taxonomy":"product_cat","embeddable":true,"href":"https:\/\/huskybearpoppers.eu\/cs\/wp-json\/wp\/v2\/product_cat?post=18555"},{"taxonomy":"product_tag","embeddable":true,"href":"https:\/\/huskybearpoppers.eu\/cs\/wp-json\/wp\/v2\/product_tag?post=18555"}],"curies":[{"name":"wp","href":"https:\/\/api.w.org\/{rel}","templated":true}]}}