{"id":18329,"date":"2024-11-11T13:43:23","date_gmt":"2024-11-11T11:43:23","guid":{"rendered":"https:\/\/huskybearpoppers.eu\/product\/novy-amsterdam-poppers-10ml\/"},"modified":"2025-12-02T10:21:46","modified_gmt":"2025-12-02T08:21:46","slug":"novy-amsterdam-poppers-10ml","status":"publish","type":"product","link":"https:\/\/huskybearpoppers.eu\/cs\/produkt\/novy-amsterdam-poppers-10ml\/","title":{"rendered":"Nov\u00fd Amsterdam Poppers 10ml"},"content":{"rendered":"<h2><strong>P\u0159edstavujeme Nov\u00fd Amsterdam Poppers 10ml: \u010cisti\u010d pro Skute\u010dn\u011b Vzru\u0161uj\u00edc\u00ed Z\u00e1\u017eitek<\/strong><\/h2>\n<p>Kdy\u017e se jedn\u00e1 o vylep\u0161en\u00ed okam\u017eiku, Nov\u00fd Amsterdam Poppers 10ml je ve sv\u00e9 vlastn\u00ed lize. Vyroben\u00fd spole\u010dnost\u00ed PWD\u00ae a napln\u011bn\u00fd pokro\u010dilou formul\u00ed amyl nitritu, tento pr\u00e9miov\u00fd \u010disti\u010d na k\u016f\u017ei je navr\u017een tak, aby povznesl va\u0161e smysly, stimuloval relaxaci a zanechal v\u00e1s s pocitem svobody a nespoutanosti. <\/p>\n<p>Vyroben\u00fd v Lucembursku podle nejvy\u0161\u0161\u00edch evropsk\u00fdch standard\u016f, ka\u017ed\u00e1 lahvi\u010dka poskytuje koncentrovanou s\u00edlu (hodnoceno 4\/5), kter\u00e1 zaji\u0161\u0165uje spolehliv\u00fd a p\u016fsobiv\u00fd z\u00e1\u017eitek.<\/p>\n<h2><strong>Pro\u010d Si Vybrat Nov\u00fd Amsterdam Poppers 10ml?<\/strong><\/h2>\n<p>S Nov\u00fd Amsterdam Poppers , si nepo\u0159izujete pouze \u010disti\u010d k\u016f\u017ee, ale pono\u0159\u00edte se do sv\u011bta intenzivn\u00edch pocit\u016f:<\/p>\n<ul>\n<li><strong><em>Nov\u00fd Vzorec, Stejn\u00fd Duch<\/em>:<\/strong> Vychutnejte si ikonickou s\u00edlu v\u016fn\u00ed inspirovan\u00fdch Amsterdam se sv\u011b\u017e\u00edm n\u00e1dechem. Ozna\u010den\u00ed &#8222;New Distilation&#8220; na ka\u017ed\u00e9 lahvi\u010dce znamen\u00e1 vylep\u0161en\u00e9 slo\u017een\u00ed pro konzistentn\u00ed a vysoce kvalitn\u00ed v\u00fdsledky. <\/li>\n<li><strong><em>Vyrobeno Odborn\u00edky<\/em>:<\/strong> Vyrobeno spole\u010dnost\u00ed PWD\u00ae, zna\u010dkou, kter\u00e9 d\u016fv\u011b\u0159uj\u00ed nad\u0161enci po cel\u00e9m sv\u011bt\u011b. Ka\u017ed\u00e1 lahvi\u010dka Nov\u00fd Amsterdam Poppers nese des\u00edtky let zku\u0161enost\u00ed s vytv\u00e1\u0159en\u00edm pr\u00e9miov\u00fdch receptur, kter\u00e9 funguj\u00ed. <\/li>\n<li><strong><em>Okam\u017eit\u00e9 \u00da\u010dinky<\/em>:<\/strong> Sta\u010d\u00ed otev\u0159\u00edt lahvi\u010dku a vdechnout nosem osv\u011b\u017euj\u00edc\u00ed p\u00e1ru. B\u011bhem n\u011bkolika sekund poc\u00edt\u00edte vlnu uvoln\u011bn\u00ed a povzbuzen\u00ed, kter\u00e1 trv\u00e1 a\u017e 2 minuty a je ide\u00e1ln\u00ed pro navozen\u00ed dobr\u00e9 n\u00e1lady. <\/li>\n<\/ul>\n<h3><strong>Vlastnosti Produktu<\/strong><\/h3>\n<ul>\n<li><strong>Objem:<\/strong> 10ml lahvi\u010dka &#8211; p\u0159enosn\u00e1, kompaktn\u00ed a pohodln\u00e1.<\/li>\n<li><strong>S\u00edla:<\/strong> Hodnocen\u00ed: 4\/5 za m\u00edrn\u00fd, ale p\u016fsobiv\u00fd z\u00e1\u017eitek.<\/li>\n<li><strong>Vzorec:<\/strong> Obsahuje amyl nitrit, kter\u00fd je zn\u00e1m\u00fd sv\u00fdmi rychl\u00fdmi \u00fa\u010dinky.<\/li>\n<li><strong>Vyrobeno V:<\/strong> Lucembursko, podle p\u0159\u00edsn\u00fdch Evropsk\u00fdch norem kvality.<\/li>\n<li><strong>Pocit:<\/strong> Podporuje relaxaci, zlep\u0161uje smysly a zlep\u0161uje n\u00e1ladu.<\/li>\n<\/ul>\n<h3><strong>Jak Pou\u017e\u00edvat Nov\u00fd Amsterdam Poppers 10ml<\/strong><\/h3>\n<p><strong>1. <em>P\u0159\u00edprava<\/em>:<\/strong> Ujist\u011bte se, \u017ee jste v dob\u0159e v\u011btran\u00e9m prostoru a m\u00e1te lahvi\u010dku po ruce.<\/p>\n<p><strong>2. <em>Otev\u0159ete lahvi\u010dku<\/em>:<\/strong> Odstra\u0148te v\u00ed\u010dko a uvoln\u011bte silnou v\u016fni \u010disti\u010de na k\u016f\u017ei.<\/p>\n<p><strong>3.<em> Jemn\u011b vdechn\u011bte:<\/em><\/strong> Dr\u017ete lahvi\u010dku bl\u00edzko, lehce vdechn\u011bte aroma a poc\u00edt\u00edte \u00fa\u010dinky t\u00e9m\u011b\u0159 okam\u017eit\u011b.<\/p>\n<p><strong>4. <em>U\u017e\u00edvejte si pocit<\/em><\/strong>: Poc\u00edt\u00edte hlubok\u00fd, stimuluj\u00edc\u00ed dopad, kter\u00fd m\u016f\u017ee trvat a\u017e 2 minuty a poskytne v\u00e1m sv\u011b\u017e\u00ed, povznesen\u00e1 n\u00e1lada.<\/p>\n<h3><strong>Ide\u00e1ln\u00ed Pro<\/strong><\/h3>\n<p>A\u0165 u\u017e se uvol\u0148ujete po dlouh\u00e9m dni nebo hled\u00e1te vylep\u0161en\u00fd z\u00e1\u017eitek, Nov\u00fd Amsterdam Poppers 10ml je v\u0161estrann\u00e1 volba.<\/p>\n<p>Tento \u010disti\u010d je perfektn\u00ed pro intimn\u00ed chv\u00edle, hlubokou relaxaci nebo spole\u010densk\u00e9 prost\u0159ed\u00ed. Stimuluj\u00edc\u00edho, osvobozuj\u00edc\u00edho \u00fa\u010dinku Nov\u00e9ho Amsterdam Poppers m\u016f\u017eete u\u017e\u00edvat sami nebo s p\u0159\u00e1teli. <\/p>\n<h2><strong>Pro\u010d Se V\u00e1m Bude L\u00edbit Nov\u00fd Amsterdam Poppers<\/strong><\/h2>\n<p>Nov\u00fd Amsterdam Poppers je vytvo\u0159en pro ty, kte\u0159\u00ed oce\u0148uj\u00ed kvalitu, konzistenci a intenzitu ve sv\u00fdch \u010disti\u010d\u00edch na k\u016f\u017ei. Se svou modernizovanou formul\u00ed nab\u00edz\u00ed osv\u011b\u017een\u00fd pohled na klasickou obl\u00edbenou volbu. <\/p>\n<p>PWD\u00ae zde vytvo\u0159ila n\u011bco v\u00fdjime\u010dn\u00e9ho &#8211; ka\u017ed\u00e9 pou\u017eit\u00ed v\u00e1s p\u0159ibl\u00ed\u017e\u00ed k hlub\u0161\u00edmu pocitu svobody, co\u017e \u010din\u00ed tento produkt vynikaj\u00edc\u00edm dopl\u0148kem va\u0161\u00ed sb\u00edrky.<\/p>\n<p>Tento produkt se skv\u011ble kombinuje s dal\u0161\u00edmi obl\u00edben\u00fdmi mo\u017enostmi, jako je nap\u0159. <strong><a href=\"https:\/\/huskybearpoppers.eu\/product\/poppers-amsterdam-special-10ml\/\">Poppers Amsterdam Special 10ml<\/a> <\/strong>a <strong><a href=\"https:\/\/huskybearpoppers.eu\/cs\/produkt\/the-real-amsterdam-extra-silne-poppers-10ml\/\">The Real Amsterdam Extra Strong Poppers 10ml,<\/a> z nich\u017e ka\u017ed\u00fd<\/strong> nab\u00edz\u00ed jedine\u010dn\u00fd z\u00e1\u017eitek pro ka\u017edou n\u00e1ladu nebo p\u0159\u00edle\u017eitost.<\/p>\n<h3><strong>N\u00e1\u0161 Slib Kvality<\/strong><\/h3>\n<p>Ve spole\u010dnosti Husky Bear Poppers se zavazujeme p\u0159in\u00e1\u0161et v\u00e1m ty nejlep\u0161\u00ed produkty. Ka\u017ed\u00e1 lahvi\u010dka Nov\u00e9ho Amsterdam Poppers 10ml je zpracov\u00e1na s p\u00e9\u010d\u00ed, aby dorazila \u010derstv\u00e1 a \u00fa\u010dinn\u00e1. <\/p>\n<p>A\u0165 u\u017e jste v oblasti poppers nov\u00e1\u010dek nebo zku\u0161en\u00fd nad\u0161enec, v\u0161imnete si rozd\u00edlu v kvalit\u011b.<\/p>\n","protected":false},"excerpt":{"rendered":"<p>Amsterdam Poppers 10ml nab\u00edz\u00ed vzru\u0161uj\u00edc\u00ed z\u00e1\u017eitek s odv\u00e1\u017enou, aktualizovanou formul\u00ed vytvo\u0159enou spole\u010dnost\u00ed PWD\u00ae.<\/p>\n<p>Tento \u010disti\u010d k\u016f\u017ee, <strong>zn\u00e1m\u00fd pro sv\u016fj amylnitritov\u00fd<\/strong> z\u00e1klad, je <strong>navr\u017een tak, aby povzn\u00e1\u0161el pocity a prohluboval relaxaci<\/strong>, d\u00edky \u010demu\u017e je obl\u00edben\u00fd mezi nad\u0161enci.<\/p>\n<p>Ka\u017ed\u00e1 lahvi\u010dka poskytuje stimuluj\u00edc\u00ed, nespoutan\u00fd <strong>pocit s \u00fa\u010dinky, kter\u00e9 lze poc\u00edtit t\u00e9m\u011b\u0159 okam\u017eit\u011b a trvaj\u00ed a\u017e 2 minuty <\/strong>.<\/p>\n<p>The New Amsterdam Poppers je vyroben v Lucembursku s p\u0159\u00edsn\u00fdmi standardy kvality a kombinuje evropsk\u00e9 \u0159emesln\u00e9 zpracov\u00e1n\u00ed s intenzivn\u00edm, osv\u011b\u017euj\u00edc\u00edm povznesen\u00edm.<\/p>\n","protected":false},"featured_media":18331,"comment_status":"open","ping_status":"closed","template":"","meta":[],"product_brand":[9780],"product_cat":[1260,1380,1424,10008,10085,1500,9812,10102,10103,10022,10089],"product_tag":[2065,2063,2057,2072,2062,2068,2069,2073,2066,2071,2061,2074,2070,2058,2059,2067,2064,2075,2060],"class_list":{"0":"post-18329","1":"product","2":"type-product","3":"status-publish","4":"has-post-thumbnail","6":"product_brand-amsterdam-poppers","7":"product_cat-poppers-pwd-cs","8":"product_cat-4-5-velmi-silny-poppers","9":"product_cat-amyl-nitrit-poppers","10":"product_cat-bear-brotherhood-poppers","11":"product_cat-jemne-a-snadne-poppers","12":"product_cat-male-poppers","13":"product_cat-mg7t-f0q9-800v-n20t","14":"product_cat-poppers-na-party-klub","15":"product_cat-poppers-pro-zacatecniky","16":"product_cat-pup-play-poppers","17":"product_cat-poppers-na-vecer-ve-dvou","18":"product_tag-amsterdam-poppers-10ml-cs","19":"product_tag-amsterdam-vzorec-poppers","20":"product_tag-amyl-nitrit-cistic","21":"product_tag-cerstve-poppers-online","22":"product_tag-cistic-kuze-pro-sexualni-hracky","23":"product_tag-cistic-s-intenzivni-vuni","24":"product_tag-cistic-smyslovych-vjemu","25":"product_tag-diskretni-cistic-kuze","26":"product_tag-evropske-poppers-10ml","27":"product_tag-husky-bear-poppers-exclusive-cs","28":"product_tag-novy-amsterdam-poppers-10ml","29":"product_tag-poppers-pro-relaxaci","30":"product_tag-poppers-vyrabene-v-lucembursku","31":"product_tag-premiovy-cistic-kuze","32":"product_tag-pwd-poppers-cs","33":"product_tag-rychle-pusobici-poppers","34":"product_tag-silny-cistic-kuze","35":"product_tag-stimulujici-cistic-kuze","36":"product_tag-vysoke-sily-poppers","38":"first","39":"instock","40":"taxable","41":"shipping-taxable","42":"purchasable","43":"product-type-simple"},"_links":{"self":[{"href":"https:\/\/huskybearpoppers.eu\/cs\/wp-json\/wp\/v2\/product\/18329","targetHints":{"allow":["GET"]}}],"collection":[{"href":"https:\/\/huskybearpoppers.eu\/cs\/wp-json\/wp\/v2\/product"}],"about":[{"href":"https:\/\/huskybearpoppers.eu\/cs\/wp-json\/wp\/v2\/types\/product"}],"replies":[{"embeddable":true,"href":"https:\/\/huskybearpoppers.eu\/cs\/wp-json\/wp\/v2\/comments?post=18329"}],"version-history":[{"count":0,"href":"https:\/\/huskybearpoppers.eu\/cs\/wp-json\/wp\/v2\/product\/18329\/revisions"}],"wp:featuredmedia":[{"embeddable":true,"href":"https:\/\/huskybearpoppers.eu\/cs\/wp-json\/wp\/v2\/media\/18331"}],"wp:attachment":[{"href":"https:\/\/huskybearpoppers.eu\/cs\/wp-json\/wp\/v2\/media?parent=18329"}],"wp:term":[{"taxonomy":"product_brand","embeddable":true,"href":"https:\/\/huskybearpoppers.eu\/cs\/wp-json\/wp\/v2\/product_brand?post=18329"},{"taxonomy":"product_cat","embeddable":true,"href":"https:\/\/huskybearpoppers.eu\/cs\/wp-json\/wp\/v2\/product_cat?post=18329"},{"taxonomy":"product_tag","embeddable":true,"href":"https:\/\/huskybearpoppers.eu\/cs\/wp-json\/wp\/v2\/product_tag?post=18329"}],"curies":[{"name":"wp","href":"https:\/\/api.w.org\/{rel}","templated":true}]}}